{"id":116073,"date":"2022-06-13T12:26:38","date_gmt":"2022-06-13T10:26:38","guid":{"rendered":"https:\/\/europeancourt.org\/s%c9%99n%c9%99dl%c9%99r\/"},"modified":"2024-06-25T16:39:21","modified_gmt":"2024-06-25T14:39:21","slug":"s%c9%99n%c9%99dl%c9%99r","status":"publish","type":"page","link":"https:\/\/europeancourt.org\/az\/s%c9%99n%c9%99dl%c9%99r\/","title":{"rendered":"S\u0259n\u0259dl\u0259r"},"content":{"rendered":"<ul>\n<li><a href=\"https:\/\/europeancourt.org\/az\/s%c9%99n%c9%99dl%c9%99r\/avropa-%c5%9furasi\/\" title=\"Avropa \u015euras\u0131\">Avropa \u015euras\u0131<\/a><\/li>\n<ul>\n<li><a href=\"https:\/\/europeancourt.org\/az\/s%c9%99n%c9%99dl%c9%99r\/avropa-%c5%9furasi\/avropa-insan-h%c3%bcquqlari-konvensiyasi\/\" title=\"\u0130nsan h\u00fcquqlar\u0131n\u0131n v\u0259 \u0259sas azadl\u0131qlar\u0131n m\u00fcdafi\u0259si haqq\u0131nda Konvensiyas\u0131\">\u0130nsan h\u00fcquqlar\u0131n\u0131n v\u0259 \u0259sas azadl\u0131qlar\u0131n m\u00fcdafi\u0259si haqq\u0131nda Konvensiyas\u0131<\/a><\/li>\n<ul>\n<li><a href=\"https:\/\/europeancourt.org\/az\/s%c9%99n%c9%99dl%c9%99r\/avropa-%c5%9furasi\/avropa-insan-h%c3%bcquqlari-konvensiyasi\/1sayl%c4%b1-protokol\/\" title=\"\u018flav\u0259 protokol \u0130nsan h\u00fcquqlar\u0131n\u0131n v\u0259 \u0259sas azadl\u0131qlar\u0131n m\u00fcdafi\u0259si haqq\u0131nda Konvensiyaya dair Protokol\">\u018flav\u0259 protokol \u0130nsan h\u00fcquqlar\u0131n\u0131n v\u0259 \u0259sas azadl\u0131qlar\u0131n m\u00fcdafi\u0259si haqq\u0131nda Konvensiyaya dair Protokol<\/a><\/li>\n<li><a href=\"https:\/\/europeancourt.org\/az\/s%c9%99n%c9%99dl%c9%99r\/avropa-%c5%9furasi\/avropa-insan-h%c3%bcquqlari-konvensiyasi\/4sayl%c4%b1-protokol\/\" title=\"\u0130nsan h\u00fcquqlar\u0131n\u0131n v\u0259 \u0259sas azadl\u0131qlar\u0131n m\u00fcdafi\u0259si haqq\u0131nda Konvensiyaya dair 4 sayl\u0131 Protokol\">\u0130nsan h\u00fcquqlar\u0131n\u0131n v\u0259 \u0259sas azadl\u0131qlar\u0131n m\u00fcdafi\u0259si haqq\u0131nda Konvensiyaya dair 4 sayl\u0131 Protokol<\/a><\/li>\n<li><a href=\"https:\/\/europeancourt.org\/az\/s%c9%99n%c9%99dl%c9%99r\/avropa-%c5%9furasi\/avropa-insan-h%c3%bcquqlari-konvensiyasi\/6sayl%c4%b1-protokol\/\" title=\"\u0130nsan h\u00fcquqlar\u0131n\u0131n v\u0259 \u0259sas azadl\u0131qlar\u0131n m\u00fcdafi\u0259si haqq\u0131nda Konvensiyaya dair 6 sayl\u0131 Protokol\">\u0130nsan h\u00fcquqlar\u0131n\u0131n v\u0259 \u0259sas azadl\u0131qlar\u0131n m\u00fcdafi\u0259si haqq\u0131nda Konvensiyaya dair 6 sayl\u0131 Protokol<\/a><\/li>\n<li><a href=\"https:\/\/europeancourt.org\/az\/s%c9%99n%c9%99dl%c9%99r\/avropa-%c5%9furasi\/avropa-insan-h%c3%bcquqlari-konvensiyasi\/7sayl%c4%b1-protokol\/\" title=\"\u0130nsan h\u00fcquqlar\u0131n\u0131n v\u0259 \u0259sas azadl\u0131qlar\u0131n m\u00fcdafi\u0259si haqq\u0131nda Konvensiyaya dair 7 sayl\u0131 Protokol\">\u0130nsan h\u00fcquqlar\u0131n\u0131n v\u0259 \u0259sas azadl\u0131qlar\u0131n m\u00fcdafi\u0259si haqq\u0131nda Konvensiyaya dair 7 sayl\u0131 Protokol<\/a><\/li>\n<li><a href=\"https:\/\/europeancourt.org\/az\/s%c9%99n%c9%99dl%c9%99r\/avropa-%c5%9furasi\/avropa-insan-h%c3%bcquqlari-konvensiyasi\/12sayl%c4%b1-protokol\/\" title=\"\u0130nsan h\u00fcquqlar\u0131n\u0131n v\u0259 \u0259sas azadl\u0131qlar\u0131n m\u00fcdafi\u0259si haqq\u0131nda Konvensiyaya dair 12 sayl\u0131 Protokol\">\u0130nsan h\u00fcquqlar\u0131n\u0131n v\u0259 \u0259sas azadl\u0131qlar\u0131n m\u00fcdafi\u0259si haqq\u0131nda Konvensiyaya dair 12 sayl\u0131 Protokol<\/a><\/li>\n<li><a href=\"https:\/\/europeancourt.org\/az\/s%c9%99n%c9%99dl%c9%99r\/avropa-%c5%9furasi\/avropa-insan-h%c3%bcquqlari-konvensiyasi\/13sayl%c4%b1-protokol\/\" title=\"\u0130nsan h\u00fcquqlar\u0131n\u0131n v\u0259 \u0259sas azadl\u0131qlar\u0131n m\u00fcdafi\u0259si haqq\u0131nda Konvensiyaya dair 13 sayl\u0131 Protokol\">\u0130nsan h\u00fcquqlar\u0131n\u0131n v\u0259 \u0259sas azadl\u0131qlar\u0131n m\u00fcdafi\u0259si haqq\u0131nda Konvensiyaya dair 13 sayl\u0131 Protokol<\/a><\/li>\n<li><a href=\"https:\/\/europeancourt.org\/az\/s%c9%99n%c9%99dl%c9%99r\/avropa-%c5%9furasi\/avropa-insan-h%c3%bcquqlari-konvensiyasi\/16sayl%c4%b1-protokol\/\" title=\"\u0130nsan h\u00fcquqlar\u0131n\u0131n v\u0259 \u0259sas azadl\u0131qlar\u0131n m\u00fcdafi\u0259si haqq\u0131nda Konvensiyaya dair 16 sayl\u0131 Protokol\">\u0130nsan h\u00fcquqlar\u0131n\u0131n v\u0259 \u0259sas azadl\u0131qlar\u0131n m\u00fcdafi\u0259si haqq\u0131nda Konvensiyaya dair 16 sayl\u0131 Protokol<\/a><\/li>\n<\/ul>\n<li><a href=\"https:\/\/europeancourt.org\/az\/s%c9%99n%c9%99dl%c9%99r\/avropa-%c5%9furasi\/aihm\/\" title=\"Avropa \u0130nsan H\u00fcquqlar\u0131 M\u0259hk\u0259m\u0259si\">Avropa \u0130nsan H\u00fcquqlar\u0131 M\u0259hk\u0259m\u0259si<\/a><\/li>\n<ul>\n<li><a href=\"https:\/\/europeancourt.org\/az\/s%c9%99n%c9%99dl%c9%99r\/avropa-%c5%9furasi\/aihm\/qaydalari-qayda-47\/\" title=\"Avropa \u0130nsan H\u00fcquqlar\u0131 M\u0259hk\u0259m\u0259sinin Qaydalar\u0131n\u0131n 47-ci qaydas\u0131\">M\u0259hk\u0259m\u0259 Qaydalar\u0131 \u2013 Qayda 47<\/a><\/li>\n<li><a href=\"https:\/\/europeancourt.org\/en\/documents\/council-of-europe\/echr\/practice-directions-institution-of-proceedings\/\" title=\"M\u0259hk\u0259m\u0259y\u0259 \u015eikay\u0259t Verilm\u0259 Qaydalar\u0131 \u2013 Praktik T\u0259limat\">M\u0259hk\u0259m\u0259y\u0259 \u015eikay\u0259t Verilm\u0259 Qaydalar\u0131 \u2013 Praktik T\u0259limat<\/a><\/li>\n<li><a href=\"https:\/\/europeancourt.org\/az\/s%c9%99n%c9%99dl%c9%99r\/avropa-%c5%9furasi\/aihm\/%c9%99riz%c9%99-formasi\/\" title=\"Avropa \u0130nsan H\u00fcquqlar\u0131 M\u0259hk\u0259m\u0259sin\u0259 \u018friz\u0259 formas\u0131\">\u018friz\u0259 formas\u0131<\/a><\/li>\n<ul>\n<li><a href=\"https:\/\/europeancourt.org\/az\/s%c9%99n%c9%99dl%c9%99r\/avropa-%c5%9furasi\/aihm\/%c9%99riz%c9%99-formasi\/doldurulmas%c4%b1-qaydalar%c4%b1\/\" title=\"\u018friz\u0259 formas\u0131n\u0131n doldurulmas\u0131 qaydalar\u0131\">\u018friz\u0259 formas\u0131n\u0131n doldurulmas\u0131 qaydalar\u0131<\/a><\/li>\n<\/ul>\n<li><a href=\"https:\/\/europeancourt.org\/az\/s%c9%99n%c9%99dl%c9%99r\/avropa-%c5%9furasi\/aihm\/v%c9%99kal%c9%99tnam%c9%99-formas%c4%b1\/\" title=\"Avropa \u0130nsan H\u00fcquqlar\u0131 M\u0259hk\u0259m\u0259si \u00fc\u00e7\u00fcn V\u0259kal\u0259tnam\u0259 Formas\u0131\">V\u0259kal\u0259tnam\u0259 Formas\u0131<\/a><\/li>\n<li><a href=\"https:\/\/europeancourt.org\/downloads\/az\/AIHM_har_bir_arizacinin_lazimi_malumatlarini_aks_etdiran_cadval_AZE.XLSX\" title=\"Avropa \u0130nsan H\u00fcquqlar\u0131 M\u0259hk\u0259m\u0259sind\u0259 h\u0259r bir \u0259riz\u0259\u00e7inin laz\u0131mi m\u0259lumatlar\u0131n\u0131 \u0259ks etdir\u0259n c\u0259dv\u0259l\">Qrup \u0259riz\u0259l\u0259r v\u0259 \u00e7oxsayl\u0131 \u0259r\u0131z\u0259\u00e7il\u0259r<\/a><\/li>\n<\/ul><\/ul><\/ul> ","protected":false},"excerpt":{"rendered":"Avropa \u015euras\u0131 \u0130nsan h\u00fcquqlar\u0131n\u0131n v\u0259 \u0259sas azadl\u0131qlar\u0131n m\u00fcdafi\u0259si haqq\u0131nda Konvensiyas\u0131 \u018flav\u0259 protokol \u0130nsan h\u00fcquqlar\u0131n\u0131n v\u0259 \u0259sas azadl\u0131qlar\u0131n m\u00fcdafi\u0259si haqq\u0131nda Konvensiyaya dair Protokol \u0130nsan h\u00fcquqlar\u0131n\u0131n v\u0259 \u0259sas azadl\u0131qlar\u0131n m\u00fcdafi\u0259si haqq\u0131nda Konvensiyaya dair 4 sayl\u0131 Protokol&#46;&#46;&#46;","protected":false},"author":1,"featured_media":210027,"parent":0,"menu_order":0,"comment_status":"closed","ping_status":"closed","template":"","meta":{"footnotes":""},"categories":[],"tags":[],"class_list":["post-116073","page","type-page","status-publish","has-post-thumbnail","hentry"],"_links":{"self":[{"href":"https:\/\/europeancourt.org\/az\/wp-json\/wp\/v2\/pages\/116073","targetHints":{"allow":["GET"]}}],"collection":[{"href":"https:\/\/europeancourt.org\/az\/wp-json\/wp\/v2\/pages"}],"about":[{"href":"https:\/\/europeancourt.org\/az\/wp-json\/wp\/v2\/types\/page"}],"author":[{"embeddable":true,"href":"https:\/\/europeancourt.org\/az\/wp-json\/wp\/v2\/users\/1"}],"replies":[{"embeddable":true,"href":"https:\/\/europeancourt.org\/az\/wp-json\/wp\/v2\/comments?post=116073"}],"version-history":[{"count":0,"href":"https:\/\/europeancourt.org\/az\/wp-json\/wp\/v2\/pages\/116073\/revisions"}],"wp:featuredmedia":[{"embeddable":true,"href":"https:\/\/europeancourt.org\/az\/wp-json\/wp\/v2\/media\/210027"}],"wp:attachment":[{"href":"https:\/\/europeancourt.org\/az\/wp-json\/wp\/v2\/media?parent=116073"}],"wp:term":[{"taxonomy":"category","embeddable":true,"href":"https:\/\/europeancourt.org\/az\/wp-json\/wp\/v2\/categories?post=116073"},{"taxonomy":"post_tag","embeddable":true,"href":"https:\/\/europeancourt.org\/az\/wp-json\/wp\/v2\/tags?post=116073"}],"curies":[{"name":"wp","href":"https:\/\/api.w.org\/{rel}","templated":true}]}}