{"id":176215,"date":"2022-06-28T15:55:16","date_gmt":"2022-06-28T13:55:16","guid":{"rendered":"https:\/\/europeancourt.org\/s%c9%99n%c9%99dl%c9%99r\/avropa-%c5%9furasi\/aihm\/%c9%99riz%c9%99-formasi\/"},"modified":"2026-04-29T13:57:10","modified_gmt":"2026-04-29T11:57:10","slug":"%c9%99riz%c9%99-formasi","status":"publish","type":"page","link":"https:\/\/europeancourt.org\/az\/s%c9%99n%c9%99dl%c9%99r\/avropa-%c5%9furasi\/aihm\/%c9%99riz%c9%99-formasi\/","title":{"rendered":"Avropa \u0130nsan H\u00fcquqlar\u0131 M\u0259hk\u0259m\u0259sin\u0259 \u018friz\u0259 formas\u0131"},"content":{"rendered":"<p>Bu forma yaln\u0131z Adobe Reader 9 proqram\u0131nda v\u0259 ya bu proqram\u0131n daha yuxar\u0131 versiyalarlda Windows v\u0259 Mac OS X \u0259m\u0259liyyat sisteml\u0259rind\u0259 a\u00e7\u0131l\u0131r. Adobe Reader proqram\u0131n\u0131n kompyuterinizd\u0259 qura\u015fd\u0131r\u0131lmas\u0131n\u0131 t\u0259min edin (proqram\u0131 <a href=\"https:\/\/get.adobe.com\/reader\/\" title=\"Adobe Reader\" target=\"_blank\" rel=\"noopener\">www.adobe.com sayt\u0131ndan y\u00fckl\u0259y\u0259 bil\u0259rsiniz<\/a>).<\/p>\n<ul>\n<li>Forman\u0131 kompyuterinizd\u0259 se\u00e7diyiniz b\u00f6lm\u0259d\u0259 yadda\u015fda saxlay\u0131n.<\/li>\n<li>Se\u00e7diyiniz b\u00f6lm\u0259d\u0259 yadda\u015fda saxlad\u0131\u011f\u0131n\u0131z forman\u0131 Adobe Reader proqram\u0131nda a\u00e7\u0131n.<\/li>\n<li>Forman\u0131 doldurun v\u0259 yadda\u015fda saxlay\u0131n.<\/li>\n<li>Forman\u0131 doldurduqdan sonra onu \u00e7ap edin, imzalay\u0131n v\u0259 M\u0259hk\u0259m\u0259y\u0259 po\u00e7tla g\u00f6nd\u0259rin.<\/li>\n<\/ul>\n<p>Bu \u0259riz\u0259 formas\u0131 \u015fikay\u0259tinizin A\u0130HM t\u0259r\u0259find\u0259n q\u0259bul edilm\u0259m\u0259sin\u0259 s\u0259b\u0259b ola bil\u0259n tipik s\u0259hvl\u0259rd\u0259n birin\u0259 yol verm\u0259m\u0259y\u0259 k\u00f6m\u0259k ed\u0259c\u0259k. <a title=\"Doldurulmu\u015f A\u0130HM \u0259riz\u0259 formas\u0131n\u0131n yoxlan\u0131lmas\u0131\" href=\"https:\/\/europeancourt.org\/az\/xidm%c9%99tl%c9%99r\/aihm\/doldurulmu%c5%9f-aihm-%c9%99riz%c9%99-formas%c4%b1n%c4%b1n-yoxlan%c4%b1lmas%c4%b1\/\" target=\"_blank\" rel=\"noopener\">Forman\u0131 A\u0130HM-\u0259 g\u00f6nd\u0259rm\u0259zd\u0259n \u0259vv\u0259l onu dig\u0259r s\u0259hvl\u0259r \u00fczr\u0259 d\u0259 yoxlama\u011f\u0131m\u0131 xahi\u015f ed\u0259 bil\u0259rsiniz.<\/a><\/p>\n<p style=\"text-align:center\"><a title=\"Avropa \u0130nsan H\u00fcquqlar\u0131 M\u0259hk\u0259m\u0259sin\u0259 \u018friz\u0259 formas\u0131\" href=\"https:\/\/europeancourt.org\/downloads\/az\/Avropa_Insan_Huquqlari_Mahkamasina_Ariza_formasi_AZE_2022-2.PDF\" class=\"extlinkoff mybrightbutton red\" download=\"\">Y\u00fckl\u0259 <i class=\"fas fa-download\"><\/i><\/a><\/p>\n<iframe class=\"wonderplugin-pdf-iframe\" src=\"https:\/\/europeancourt.org\/wp-content\/plugins\/wonderplugin-pdf-embed\/pdfjs\/web\/viewer.html?v=2&disabledownload=1&disableprint=1&disabledoc=1&disableopenfile=1&externallinktarget=2&file=https:\/\/europeancourt.org\/noindex\/AppF_AZE_2022-2.pdf\" title=\"Avropa \u0130nsan H\u00fcquqlar\u0131 M\u0259hk\u0259m\u0259sin\u0259 \u018friz\u0259 formas\u0131\" width=\"100%\" height=\"900px\" style=\"border:0\"><\/iframe>\n","protected":false},"excerpt":{"rendered":"Bu forma yaln\u0131z Adobe Reader 9 proqram\u0131nda v\u0259 ya bu proqram\u0131n daha yuxar\u0131 versiyalarlda Windows v\u0259 Mac OS X \u0259m\u0259liyyat sisteml\u0259rind\u0259 a\u00e7\u0131l\u0131r. Adobe Reader proqram\u0131n\u0131n kompyuterinizd\u0259 qura\u015fd\u0131r\u0131lmas\u0131n\u0131 t\u0259min edin (proqram\u0131 www.adobe.com sayt\u0131ndan y\u00fckl\u0259y\u0259 bil\u0259rsiniz).&#46;&#46;&#46;","protected":false},"author":1,"featured_media":191909,"parent":147344,"menu_order":0,"comment_status":"closed","ping_status":"closed","template":"","meta":{"footnotes":""},"categories":[],"tags":[],"class_list":["post-176215","page","type-page","status-publish","has-post-thumbnail","hentry"],"_links":{"self":[{"href":"https:\/\/europeancourt.org\/az\/wp-json\/wp\/v2\/pages\/176215","targetHints":{"allow":["GET"]}}],"collection":[{"href":"https:\/\/europeancourt.org\/az\/wp-json\/wp\/v2\/pages"}],"about":[{"href":"https:\/\/europeancourt.org\/az\/wp-json\/wp\/v2\/types\/page"}],"author":[{"embeddable":true,"href":"https:\/\/europeancourt.org\/az\/wp-json\/wp\/v2\/users\/1"}],"replies":[{"embeddable":true,"href":"https:\/\/europeancourt.org\/az\/wp-json\/wp\/v2\/comments?post=176215"}],"version-history":[{"count":2,"href":"https:\/\/europeancourt.org\/az\/wp-json\/wp\/v2\/pages\/176215\/revisions"}],"predecessor-version":[{"id":226414,"href":"https:\/\/europeancourt.org\/az\/wp-json\/wp\/v2\/pages\/176215\/revisions\/226414"}],"up":[{"embeddable":true,"href":"https:\/\/europeancourt.org\/az\/wp-json\/wp\/v2\/pages\/147344"}],"wp:featuredmedia":[{"embeddable":true,"href":"https:\/\/europeancourt.org\/az\/wp-json\/wp\/v2\/media\/191909"}],"wp:attachment":[{"href":"https:\/\/europeancourt.org\/az\/wp-json\/wp\/v2\/media?parent=176215"}],"wp:term":[{"taxonomy":"category","embeddable":true,"href":"https:\/\/europeancourt.org\/az\/wp-json\/wp\/v2\/categories?post=176215"},{"taxonomy":"post_tag","embeddable":true,"href":"https:\/\/europeancourt.org\/az\/wp-json\/wp\/v2\/tags?post=176215"}],"curies":[{"name":"wp","href":"https:\/\/api.w.org\/{rel}","templated":true}]}}