{"id":177027,"date":"2022-07-03T16:50:48","date_gmt":"2022-07-03T14:50:48","guid":{"rendered":"https:\/\/europeancourt.org\/s%c9%99n%c9%99dl%c9%99r\/avropa-%c5%9furasi\/aihm\/v%c9%99kal%c9%99tnam%c9%99-formas%c4%b1\/"},"modified":"2024-06-10T23:57:44","modified_gmt":"2024-06-10T21:57:44","slug":"v%c9%99kal%c9%99tnam%c9%99-formas%c4%b1","status":"publish","type":"page","link":"https:\/\/europeancourt.org\/az\/s%c9%99n%c9%99dl%c9%99r\/avropa-%c5%9furasi\/aihm\/v%c9%99kal%c9%99tnam%c9%99-formas%c4%b1\/","title":{"rendered":"Avropa \u0130nsan H\u00fcquqlar\u0131 M\u0259hk\u0259m\u0259si \u00fc\u00e7\u00fcn V\u0259kal\u0259tnam\u0259 Formas\u0131"},"content":{"rendered":"<p>Bu forma yaln\u0131z Adobe Reader 9 proqram\u0131nda v\u0259 ya bu proqram\u0131n daha yuxar\u0131 versiyalarlda Windows v\u0259 Mac OS X \u0259m\u0259liyyat sisteml\u0259rind\u0259 a\u00e7\u0131l\u0131r. Adobe Reader proqram\u0131n\u0131n kompyuterinizd\u0259 qura\u015fd\u0131r\u0131lmas\u0131n\u0131 t\u0259min edin (proqram\u0131 <a href=\"https:\/\/get.adobe.com\/reader\/\" title=\"Adobe Reader\" target=\"_blank\" rel=\"noopener\">www.adobe.com sayt\u0131ndan y\u00fckl\u0259y\u0259 bil\u0259rsiniz<\/a>).<\/p>\n<ul>\n<li>Forman\u0131 kompyuterinizd\u0259 se\u00e7diyiniz b\u00f6lm\u0259d\u0259 yadda\u015fda saxlay\u0131n.<\/li>\n<li>Se\u00e7diyiniz b\u00f6lm\u0259d\u0259 yadda\u015fda saxlad\u0131\u011f\u0131n\u0131z forman\u0131 Adobe Reader proqram\u0131nda a\u00e7\u0131n.<\/li>\n<li>Forman\u0131 doldurun v\u0259 yadda\u015fda saxlay\u0131n.<\/li>\n<li>Forman\u0131 doldurduqdan sonra onu \u00e7ap edin, imzalay\u0131n v\u0259 M\u0259hk\u0259m\u0259y\u0259 po\u00e7tla g\u00f6nd\u0259rin.<\/li>\n<\/ul>\n<p style=\"text-align: center;\"><a title=\"Avropa \u0130nsan H\u00fcquqlar\u0131 M\u0259hk\u0259m\u0259si \u00fc\u00e7\u00fcn V\u0259kal\u0259tnam\u0259 Formas\u0131\" href=\"https:\/\/europeancourt.org\/downloads\/az\/Avropa_Insan_Huquqlari_Mahkamasi_ucun_Vakalatnama_formasi_AZE_2021-1.PDF\" class=\"extlinkoff mybrightbutton red\" download=\"\">Y\u00fckl\u0259 <i class=\"fas fa-download\"><\/i><\/a><\/p>\n<iframe class=\"wonderplugin-pdf-iframe\" src=\"https:\/\/europeancourt.org\/wp-content\/plugins\/wonderplugin-pdf-embed\/pdfjs\/web\/viewer.html?v=2&disabledownload=1&disableprint=1&disabledoc=1&disableopenfile=1&externallinktarget=2&file=https:\/\/europeancourt.org\/noindex\/AuthF_AZE_2021-1.pdf\" title=\"Avropa \u0130nsan H\u00fcquqlar\u0131 M\u0259hk\u0259m\u0259si \u00fc\u00e7\u00fcn V\u0259kal\u0259tnam\u0259 Formas\u0131\" width=\"100%\" height=\"900px\" style=\"border:0;\"><\/iframe>","protected":false},"excerpt":{"rendered":"Bu forma yaln\u0131z Adobe Reader 9 proqram\u0131nda v\u0259 ya bu proqram\u0131n daha yuxar\u0131 versiyalarlda Windows v\u0259 Mac OS X \u0259m\u0259liyyat sisteml\u0259rind\u0259 a\u00e7\u0131l\u0131r. Adobe Reader proqram\u0131n\u0131n kompyuterinizd\u0259 qura\u015fd\u0131r\u0131lmas\u0131n\u0131 t\u0259min edin (proqram\u0131 www.adobe.com sayt\u0131ndan y\u00fckl\u0259y\u0259 bil\u0259rsiniz).&#46;&#46;&#46;","protected":false},"author":1,"featured_media":191796,"parent":147344,"menu_order":0,"comment_status":"closed","ping_status":"closed","template":"","meta":{"footnotes":""},"categories":[],"tags":[],"class_list":["post-177027","page","type-page","status-publish","has-post-thumbnail","hentry"],"_links":{"self":[{"href":"https:\/\/europeancourt.org\/az\/wp-json\/wp\/v2\/pages\/177027","targetHints":{"allow":["GET"]}}],"collection":[{"href":"https:\/\/europeancourt.org\/az\/wp-json\/wp\/v2\/pages"}],"about":[{"href":"https:\/\/europeancourt.org\/az\/wp-json\/wp\/v2\/types\/page"}],"author":[{"embeddable":true,"href":"https:\/\/europeancourt.org\/az\/wp-json\/wp\/v2\/users\/1"}],"replies":[{"embeddable":true,"href":"https:\/\/europeancourt.org\/az\/wp-json\/wp\/v2\/comments?post=177027"}],"version-history":[{"count":0,"href":"https:\/\/europeancourt.org\/az\/wp-json\/wp\/v2\/pages\/177027\/revisions"}],"up":[{"embeddable":true,"href":"https:\/\/europeancourt.org\/az\/wp-json\/wp\/v2\/pages\/147344"}],"wp:featuredmedia":[{"embeddable":true,"href":"https:\/\/europeancourt.org\/az\/wp-json\/wp\/v2\/media\/191796"}],"wp:attachment":[{"href":"https:\/\/europeancourt.org\/az\/wp-json\/wp\/v2\/media?parent=177027"}],"wp:term":[{"taxonomy":"category","embeddable":true,"href":"https:\/\/europeancourt.org\/az\/wp-json\/wp\/v2\/categories?post=177027"},{"taxonomy":"post_tag","embeddable":true,"href":"https:\/\/europeancourt.org\/az\/wp-json\/wp\/v2\/tags?post=177027"}],"curies":[{"name":"wp","href":"https:\/\/api.w.org\/{rel}","templated":true}]}}