{"id":222158,"date":"2024-01-08T15:08:10","date_gmt":"2024-01-08T14:08:10","guid":{"rendered":"https:\/\/europeancourt.org\/xidm%c9%99tl%c9%99r\/"},"modified":"2025-10-02T23:00:44","modified_gmt":"2025-10-02T23:00:44","slug":"xidm%c9%99tl%c9%99r","status":"publish","type":"page","link":"https:\/\/europeancourt.org\/az\/xidm%c9%99tl%c9%99r\/","title":{"rendered":"Xidm\u0259tl\u0259r"},"content":{"rendered":"<ul>\r\n\t<li><a href=\"https:\/\/europeancourt.org\/az\/xidm%c9%99tl%c9%99r\/aihm\/\" title=\"A\u0130HM\">A\u0130HM<\/a><\/li>\r\n<ul>\r\n\t\t<li><a href=\"https:\/\/europeancourt.org\/en\/services\/echr\/preparing-applications\/\" title=\"A\u0130HM-\u0259 \u0259riz\u0259l\u0259rin haz\u0131rlanmas\u0131\">A\u0130HM-\u0259 \u0259riz\u0259l\u0259rin haz\u0131rlanmas\u0131<\/a><\/li>\r\n\r\n\t<li><a href=\"https:\/\/europeancourt.org\/en\/services\/echr\/checking-filled-in-applications\/\" title=\"Doldurulmu\u015f A\u0130HM \u0259riz\u0259 formas\u0131n\u0131n yoxlan\u0131lmas\u0131\">Doldurulmu\u015f A\u0130HM \u0259riz\u0259 formas\u0131n\u0131n yoxlan\u0131lmas\u0131<\/a><\/li>\r\n\r\n\t<li><a href=\"https:\/\/europeancourt.org\/en\/services\/echr\/representing-applicants\/\" title=\"A\u0130HM qar\u015f\u0131s\u0131nda \u015fikay\u0259t\u00e7il\u0259ri t\u0259msil etm\u0259k\">A\u0130HM qar\u015f\u0131s\u0131nda \u015fikay\u0259t\u00e7il\u0259ri t\u0259msil etm\u0259k<\/a><\/li>\r\n\r\n\t<li><a href=\"https:\/\/europeancourt.org\/en\/services\/echr\/translating-applications-into-english\/\" title=\"A\u0130HM-\u0259 \u0259riz\u0259l\u0259rin ingilisc\u0259 t\u0259rc\u00fcm\u0259si\">A\u0130HM-\u0259 \u0259riz\u0259l\u0259rin ingilisc\u0259 t\u0259rc\u00fcm\u0259si<\/a><\/li>\r\n\r\n\t<li><a href=\"https:\/\/europeancourt.org\/az\/xidm%c9%99tl%c9%99r\/aihm\/%c9%99riz%c9%99-n%c3%b6mr%c9%99sini-qeydiyyat%c4%b1n%c4%b1-v%c9%99-ya-q%c9%99rar%c4%b1n%c4%b1-tap%c4%b1n\/\" title=\"A\u0130HM \u0259riz\u0259 n\u00f6mr\u0259sini, qeydiyyat\u0131n\u0131 v\u0259 ya q\u0259rar\u0131n\u0131 tap\u0131n\">A\u0130HM \u0259riz\u0259 n\u00f6mr\u0259sini, qeydiyyat\u0131n\u0131 v\u0259 ya q\u0259rar\u0131n\u0131 tap\u0131n<\/a><\/li>\r\n\r\n\t<li><a href=\"https:\/\/europeancourt.org\/en\/legal-advice-and-contacts\/\" title=\"H\u00fcquqi m\u0259sl\u0259h\u0259t v\u0259 \u0259laq\u0259l\u0259r\">H\u00fcquqi m\u0259sl\u0259h\u0259t v\u0259 \u0259laq\u0259l\u0259r<\/a><\/li>\r\n<\/ul>\r\n<\/ul>\r\n","protected":false},"excerpt":{"rendered":"A\u0130HM A\u0130HM-\u0259 \u0259riz\u0259l\u0259rin haz\u0131rlanmas\u0131 Doldurulmu\u015f A\u0130HM \u0259riz\u0259 formas\u0131n\u0131n yoxlan\u0131lmas\u0131 A\u0130HM qar\u015f\u0131s\u0131nda \u015fikay\u0259t\u00e7il\u0259ri t\u0259msil etm\u0259k A\u0130HM-\u0259 \u0259riz\u0259l\u0259rin ingilisc\u0259 t\u0259rc\u00fcm\u0259si A\u0130HM \u0259riz\u0259 n\u00f6mr\u0259sini, qeydiyyat\u0131n\u0131 v\u0259 ya q\u0259rar\u0131n\u0131 tap\u0131n H\u00fcquqi m\u0259sl\u0259h\u0259t v\u0259 \u0259laq\u0259l\u0259r","protected":false},"author":1,"featured_media":222415,"parent":0,"menu_order":0,"comment_status":"closed","ping_status":"closed","template":"","meta":{"footnotes":""},"categories":[],"tags":[],"class_list":["post-222158","page","type-page","status-publish","has-post-thumbnail","hentry"],"_links":{"self":[{"href":"https:\/\/europeancourt.org\/az\/wp-json\/wp\/v2\/pages\/222158","targetHints":{"allow":["GET"]}}],"collection":[{"href":"https:\/\/europeancourt.org\/az\/wp-json\/wp\/v2\/pages"}],"about":[{"href":"https:\/\/europeancourt.org\/az\/wp-json\/wp\/v2\/types\/page"}],"author":[{"embeddable":true,"href":"https:\/\/europeancourt.org\/az\/wp-json\/wp\/v2\/users\/1"}],"replies":[{"embeddable":true,"href":"https:\/\/europeancourt.org\/az\/wp-json\/wp\/v2\/comments?post=222158"}],"version-history":[{"count":3,"href":"https:\/\/europeancourt.org\/az\/wp-json\/wp\/v2\/pages\/222158\/revisions"}],"predecessor-version":[{"id":222416,"href":"https:\/\/europeancourt.org\/az\/wp-json\/wp\/v2\/pages\/222158\/revisions\/222416"}],"wp:featuredmedia":[{"embeddable":true,"href":"https:\/\/europeancourt.org\/az\/wp-json\/wp\/v2\/media\/222415"}],"wp:attachment":[{"href":"https:\/\/europeancourt.org\/az\/wp-json\/wp\/v2\/media?parent=222158"}],"wp:term":[{"taxonomy":"category","embeddable":true,"href":"https:\/\/europeancourt.org\/az\/wp-json\/wp\/v2\/categories?post=222158"},{"taxonomy":"post_tag","embeddable":true,"href":"https:\/\/europeancourt.org\/az\/wp-json\/wp\/v2\/tags?post=222158"}],"curies":[{"name":"wp","href":"https:\/\/api.w.org\/{rel}","templated":true}]}}