{"id":223354,"date":"2021-10-07T00:26:31","date_gmt":"2021-10-06T22:26:31","guid":{"rendered":"https:\/\/europeancourt.org\/?page_id=223354"},"modified":"2025-11-29T10:57:54","modified_gmt":"2025-11-29T09:57:54","slug":"%c9%99riz%c9%99-n%c3%b6mr%c9%99sini-qeydiyyat%c4%b1n%c4%b1-v%c9%99-ya-q%c9%99rar%c4%b1n%c4%b1-tap%c4%b1n","status":"publish","type":"page","link":"https:\/\/europeancourt.org\/az\/xidm%c9%99tl%c9%99r\/aihm\/%c9%99riz%c9%99-n%c3%b6mr%c9%99sini-qeydiyyat%c4%b1n%c4%b1-v%c9%99-ya-q%c9%99rar%c4%b1n%c4%b1-tap%c4%b1n\/","title":{"rendered":"A\u0130HM \u0259riz\u0259 n\u00f6mr\u0259sini, qeydiyyat\u0131n\u0131 v\u0259 ya q\u0259rar\u0131n\u0131 tap\u0131n"},"content":{"rendered":"<div class=\"mywpcf7cf myshow myhide\">S\u00f6z\u00fcged\u0259n \u0259riz\u0259nin n\u00f6mr\u0259sini bilirsinizmi?<\/div>\r\n<div class=\"mywpcf7cf myshow myhide\">\r\n  <span class=\"mymultyradiobutton blue\">\r\n    <span class=\"wpcf7-list-item wpcf7\">\r\n      <label><input type=\"radio\"><span class=\"wpcf7-list-item-label\">B\u0259li<\/span><\/label>\r\n    <\/span>\r\n  <\/span>\r\n  <span class=\"mymultyradiobutton blue\">\r\n    <span class=\"wpcf7-list-item wpcf7\">\r\n      <label><input type=\"radio\"><span class=\"wpcf7-list-item-label\">Xeyr<\/span><\/label>\r\n    <\/span>\r\n  <\/span>\r\n<\/div>\r\n<div class=\"mywpcf7cf-blueleft myshow myhide\">\r\n  <span class=\"mycustomsummary\">\u018friz\u0259 n\u00f6mr\u0259si n\u0259dir?<\/span>\r\n  <span class=\"mycustomdetails\">\r\n    <span class=\"vlist\">\r\n      <span class=\"vitem\">\u018friz\u0259 n\u00f6mr\u0259si qeydiyyata al\u0131nm\u0131\u015f \u0259riz\u0259 bar\u0259d\u0259 A\u0130HM-d\u0259n g\u0259l\u0259n ist\u0259nil\u0259n m\u0259ktubda \u201c\u018friz\u0259 \u2116\u201d s\u00f6zl\u0259rind\u0259n sonra v\u0259 \u0259riz\u0259nin ad\u0131ndan (\u201ci\u015fin ad\u0131ndan\u201d) \u0259vv\u0259l g\u00f6st\u0259rilir. Yaz\u0131\u015fmada ingilisc\u0259 \u201cApplication no.\u201d, frans\u0131zca \u201cRequ\u00eate n\u00b0\u201d yaz\u0131l\u0131r.<\/span>\r\n      <span class=\"vitem\">\u018friz\u0259 n\u00f6mr\u0259sinin format\u0131: N\u00d6MR\u018f\/\u0130L, m\u0259s\u0259l\u0259n, 123\/14. Yaln\u0131z r\u0259q\u0259ml\u0259r v\u0259 sa\u011fa meyilli k\u0259sr x\u0259tti: \u201c\/\u201d, bo\u015fluq olmadan.<\/span>\r\n      <span class=\"vitem\">A\u0130HM-in \u201c\u0259riz\u0259 formas\u0131 t\u0259l\u0259bl\u0259r\u0259 cavab vermir\u201d m\u0259zmunlu m\u0259ktubunda eyni formatda g\u00f6st\u0259ril\u0259n n\u00f6mr\u0259 \u0259riz\u0259 n\u00f6mr\u0259si deyil. Bu n\u00f6mr\u0259 yaln\u0131z A\u0130HM t\u0259l\u0259bl\u0259r\u0259 cavab ver\u0259n yeni \u0259riz\u0259 formas\u0131n\u0131 ald\u0131qdan v\u0259 \u0259riz\u0259ni qeydiyyata ald\u0131qdan sonra \u0259riz\u0259 n\u00f6mr\u0259si ola bil\u0259r. Bel\u0259 m\u0259ktubda \u0259riz\u0259nin ad\u0131 g\u00f6st\u0259rilmir (\u00e7\u00fcnki \u0259riz\u0259 qeydiyyata al\u0131nmay\u0131b) v\u0259 ad\u0259t\u0259n ECHR-Axxx6 kodu g\u00f6st\u0259rilir; burada \u201cxxx\u201d m\u0259ktubun dilini bildirir. Bu kodun alt\u0131nda b\u0259z\u0259n bel\u0259 yaz\u0131l\u0131r: \u201cOur Ref.\u201d<\/span>\r\n    <\/span>\r\n  <\/span>\r\n<\/div>\r\n<div class=\"mywpcf7cf myshow myhide mywpcf7cf-utility\">\r\n  <div class=\"mybutton red not-in-text-button is-disabled\" aria-disabled=\"true\">Yenid\u0259n ba\u015fla<\/div>\r\n  <a class=\"mybutton red not-in-text-button\" href=\"mailto:oleg.anishchik@europeancourt.org?subject=A\u0130HM \u0259riz\u0259 n\u00f6mr\u0259sini, qeydiyyat\u0131n\u0131 v\u0259 ya q\u0259rar\u0131n\u0131 tap\u0131n: x\u0259ta&#038;body=X\u0259ta t\u0259sviri: \">X\u0259tan\u0131 bildir<\/a>\r\n<\/div>\r\n<div id=\"ajax_content\"><\/div>","protected":false},"excerpt":{"rendered":"S\u00f6z\u00fcged\u0259n \u0259riz\u0259nin n\u00f6mr\u0259sini bilirsinizmi? B\u0259li Xeyr \u018friz\u0259 n\u00f6mr\u0259si n\u0259dir? \u018friz\u0259 n\u00f6mr\u0259si qeydiyyata al\u0131nm\u0131\u015f \u0259riz\u0259 bar\u0259d\u0259 A\u0130HM-d\u0259n g\u0259l\u0259n ist\u0259nil\u0259n m\u0259ktubda \u201c\u018friz\u0259 \u2116\u201d s\u00f6zl\u0259rind\u0259n sonra v\u0259 \u0259riz\u0259nin ad\u0131ndan (\u201ci\u015fin ad\u0131ndan\u201d) \u0259vv\u0259l g\u00f6st\u0259rilir. Yaz\u0131\u015fmada ingilisc\u0259 \u201cApplication no.\u201d,&#46;&#46;&#46;","protected":false},"author":1,"featured_media":223375,"parent":222202,"menu_order":0,"comment_status":"closed","ping_status":"closed","template":"","meta":{"footnotes":""},"categories":[],"tags":[],"class_list":["post-223354","page","type-page","status-publish","has-post-thumbnail","hentry"],"_links":{"self":[{"href":"https:\/\/europeancourt.org\/az\/wp-json\/wp\/v2\/pages\/223354","targetHints":{"allow":["GET"]}}],"collection":[{"href":"https:\/\/europeancourt.org\/az\/wp-json\/wp\/v2\/pages"}],"about":[{"href":"https:\/\/europeancourt.org\/az\/wp-json\/wp\/v2\/types\/page"}],"author":[{"embeddable":true,"href":"https:\/\/europeancourt.org\/az\/wp-json\/wp\/v2\/users\/1"}],"replies":[{"embeddable":true,"href":"https:\/\/europeancourt.org\/az\/wp-json\/wp\/v2\/comments?post=223354"}],"version-history":[{"count":1,"href":"https:\/\/europeancourt.org\/az\/wp-json\/wp\/v2\/pages\/223354\/revisions"}],"predecessor-version":[{"id":223356,"href":"https:\/\/europeancourt.org\/az\/wp-json\/wp\/v2\/pages\/223354\/revisions\/223356"}],"up":[{"embeddable":true,"href":"https:\/\/europeancourt.org\/az\/wp-json\/wp\/v2\/pages\/222202"}],"wp:featuredmedia":[{"embeddable":true,"href":"https:\/\/europeancourt.org\/az\/wp-json\/wp\/v2\/media\/223375"}],"wp:attachment":[{"href":"https:\/\/europeancourt.org\/az\/wp-json\/wp\/v2\/media?parent=223354"}],"wp:term":[{"taxonomy":"category","embeddable":true,"href":"https:\/\/europeancourt.org\/az\/wp-json\/wp\/v2\/categories?post=223354"},{"taxonomy":"post_tag","embeddable":true,"href":"https:\/\/europeancourt.org\/az\/wp-json\/wp\/v2\/tags?post=223354"}],"curies":[{"name":"wp","href":"https:\/\/api.w.org\/{rel}","templated":true}]}}