{"id":225189,"date":"2026-04-26T14:47:47","date_gmt":"2026-04-26T12:47:47","guid":{"rendered":"https:\/\/europeancourt.org\/xidm%c9%99tl%c9%99r\/aihm\/a%c4%b0hm-%c9%99-%c9%99riz%c9%99l%c9%99rin-haz%c4%b1rlanmas%c4%b1\/"},"modified":"2026-04-26T16:55:34","modified_gmt":"2026-04-26T14:55:34","slug":"a%c4%b0hm-%c9%99-%c9%99riz%c9%99l%c9%99rin-haz%c4%b1rlanmas%c4%b1","status":"publish","type":"page","link":"https:\/\/europeancourt.org\/az\/xidm%c9%99tl%c9%99r\/aihm\/a%c4%b0hm-%c9%99-%c9%99riz%c9%99l%c9%99rin-haz%c4%b1rlanmas%c4%b1\/","title":{"rendered":"A\u0130HM-\u0259 \u0259riz\u0259l\u0259rin haz\u0131rlanmas\u0131"},"content":{"rendered":"<div id=\"ec-preparation-page\" class=\"ec-service-page ec-service-preparation\" data-service=\"preparation\">\n<div class=\"ec-service-screen ec-service-screen-1\">\n<div class=\"mywpcf7cf myshow myhide\">A\u0130HM-\u0259 \u015fikay\u0259tin haz\u0131rlanmas\u0131n\u0131n qiym\u0259ti bu i\u015f\u0259 n\u0259 q\u0259d\u0259r vaxt laz\u0131m olaca\u011f\u0131ndan as\u0131l\u0131d\u0131r. Qiym\u0259t aral\u0131\u011f\u0131 \u00e7ox geni\u015fdir: i\u015f iki-\u00fc\u00e7 saat \u00e7\u0259kdikd\u0259 bir ne\u00e7\u0259 y\u00fcz avrodan, onlarla saat t\u0259l\u0259b olunduqda 10 min avro v\u0259 daha \u00e7ox m\u0259bl\u0259\u011f\u0259d\u0259k. Bu vaxt s\u0259n\u0259dl\u0259ri \u00f6yr\u0259nm\u0259k, \u0259sas faktlar\u0131 ay\u0131rmaq, h\u0259r potensial pozuntu iddias\u0131 \u00fczr\u0259 i\u015fin mahiyy\u0259ti v\u0259 q\u0259buledil\u0259nlik bax\u0131m\u0131ndan A\u0130HM-in aktual t\u0259cr\u00fcb\u0259sini tap\u0131b t\u0259hlil etm\u0259k, bunun \u0259sas\u0131nda pozuntu iddialar\u0131n\u0131 formala\u015fd\u0131rmaq, h\u0259r iddia edil\u0259n pozuntunu v\u0259 onun \u00fczr\u0259 q\u0259buledil\u0259nlik meyarlar\u0131na \u0259m\u0259l olunmas\u0131n\u0131 \u0259sasland\u0131rmaq, sonra is\u0259 b\u00fct\u00fcn bunlar\u0131 \u0259riz\u0259 formas\u0131nda q\u0131sa, ayd\u0131n v\u0259 ziddiyy\u0259tsiz \u015f\u0259kild\u0259 ifad\u0259 etm\u0259k \u00fc\u00e7\u00fcn laz\u0131md\u0131r.<\/div>\n<div class=\"mywpcf7cf myshow myhide\">Sizin i\u015finizd\u0259 n\u0259 q\u0259d\u0259r vaxt t\u0259l\u0259b olunaca\u011f\u0131n\u0131 v\u0259 buna uy\u011fun olaraq \u015fikay\u0259tin haz\u0131rlanmas\u0131n\u0131n ne\u00e7\u0259y\u0259 ba\u015fa g\u0259l\u0259c\u0259yini yaln\u0131z s\u0259n\u0259dl\u0259r\u0259 \u0259sas\u0259n m\u00fc\u0259yy\u0259n ed\u0259 bil\u0259r\u0259m. \u015eikay\u0259t etdiyiniz b\u00fct\u00fcn q\u0259rarlar\u0131, \u015fikay\u0259tiniz\u0259 s\u0259b\u0259b olan t\u0259dbirl\u0259ri \u0259ks etdir\u0259n dig\u0259r s\u0259n\u0259dl\u0259ri, bu \u015fikay\u0259tl\u0259rin mahiyy\u0259ti \u00fczr\u0259 milli hakimiyy\u0259t orqanlar\u0131na, o c\u00fcml\u0259d\u0259n m\u0259hk\u0259m\u0259l\u0259r\u0259 etdiyiniz b\u00fct\u00fcn m\u00fcraci\u0259tl\u0259ri v\u0259 h\u0259min m\u00fcraci\u0259tl\u0259r \u00fczr\u0259 b\u00fct\u00fcn q\u0259rarlar\u0131 t\u0259qdim edin. \u0130\u015f materiallar\u0131n\u0131n ham\u0131s\u0131 art\u0131q elektron formadad\u0131rsa, onlar\u0131 bir d\u0259f\u0259y\u0259 tam \u015f\u0259kild\u0259 g\u00f6nd\u0259rm\u0259yiniz daha yax\u015f\u0131d\u0131r. Laz\u0131m oldu\u011fundan art\u0131q s\u0259n\u0259d g\u00f6nd\u0259r\u0259c\u0259yinizd\u0259n v\u0259 ya n\u0259yis\u0259 \u0259lav\u0259 etm\u0259y\u0259c\u0259yinizd\u0259n narahat olmay\u0131n: g\u00f6nd\u0259rdikl\u0259rinizi \u00f6yr\u0259ndikd\u0259n sonra \u0259lav\u0259 s\u0259n\u0259dl\u0259r\u0259 ehtiyac yaranarsa, onlar\u0131 sizd\u0259n ist\u0259y\u0259c\u0259y\u0259m.<\/div>\n<div class=\"mywpcf7cf myshow myhide\">Ad\u0259t\u0259n \u015fikay\u0259tin haz\u0131rlanmas\u0131n\u0131n qiym\u0259ti il\u0259 ba\u011fl\u0131 sor\u011fuya b\u00fct\u00fcn laz\u0131mi s\u0259n\u0259dl\u0259ri v\u0259 m\u0259lumatlar\u0131 ald\u0131qdan sonra bir h\u0259ft\u0259 \u0259rzind\u0259 cavab verir\u0259m. A\u0130HM-\u0259 m\u00fcraci\u0259t m\u00fcdd\u0259ti yax\u0131n g\u00fcnl\u0259rd\u0259 bitirs\u0259, m\u0259n\u0259 yaz\u0131n v\u0259 sor\u011funuzu t\u0259cili qaydada n\u0259z\u0259rd\u0259n ke\u00e7ir\u0259 bilib-bilm\u0259y\u0259c\u0259yimi soru\u015fun. Bel\u0259 m\u0259ktuba 24 saat \u0259rzind\u0259 cavab ver\u0259c\u0259yim\u0259 s\u00f6z verir\u0259m. \u0130mkan\u0131m oldu\u011funu t\u0259sdiql\u0259s\u0259m v\u0259 siz laz\u0131mi s\u0259n\u0259dl\u0259ri v\u0259 m\u0259lumatlar\u0131 d\u0259rhal t\u0259qdim ets\u0259niz, sor\u011fu \u00fczr\u0259 n\u0259tic\u0259mi n\u00f6vb\u0259ti 48 saat \u0259rzind\u0259 bildirm\u0259y\u0259 s\u00f6z verir\u0259m.<\/div>\n<div class=\"mywpcf7cf myshow myhide\">A\u0130HM-\u0259 m\u00fcraci\u0259tin h\u00fcquqi c\u0259h\u0259td\u0259n \u0259sasland\u0131r\u0131la bil\u0259n perspektivl\u0259ri oldu\u011fu q\u0259na\u0259tin\u0259 g\u0259ls\u0259m, ir\u0259li s\u00fcrm\u0259yin m\u0259nas\u0131 olan pozuntu iddialar\u0131n\u0131 n\u0259z\u0259r\u0259 alaraq \u015fikay\u0259tin haz\u0131rlanmas\u0131n\u0131n d\u0259qiq qiym\u0259tini siz\u0259 bildir\u0259c\u0259y\u0259m v\u0259 hans\u0131 m\u0259s\u0259l\u0259l\u0259r \u00fczr\u0259 \u015fikay\u0259t etm\u0259yin m\u0259nas\u0131z oldu\u011funu \u00e7ox q\u0131sa izah ed\u0259c\u0259y\u0259m. Eyni zamanda siz\u0259 \u015fikay\u0259tin haz\u0131rlanmas\u0131 bar\u0259d\u0259 m\u00fcqavil\u0259 g\u00f6nd\u0259r\u0259c\u0259y\u0259m. Xidm\u0259t haqq\u0131n\u0131 \u0130sve\u00e7r\u0259d\u0259ki hesab\u0131ma bank k\u00f6\u00e7\u00fcrm\u0259si il\u0259 v\u0259 ya \u00f6d\u0259ni\u015f \u00f6lk\u0259sind\u0259n as\u0131l\u0131 olaraq ba\u015fqa \u00fcsulla \u00f6d\u0259m\u0259k olar. \u015eikay\u0259tin haz\u0131rlanma m\u00fcdd\u0259ti h\u0259r halda onu A\u0130HM-\u0259 m\u00fcraci\u0259t m\u00fcdd\u0259tin\u0259 \u0259m\u0259l etm\u0259kl\u0259 g\u00f6nd\u0259rm\u0259y\u0259 imkan ver\u0259c\u0259k. \u0130\u015fin n\u0259tic\u0259sind\u0259 siz e-po\u00e7tla doldurulmu\u015f \u0259riz\u0259 formas\u0131n\u0131, ona \u0259lav\u0259 olunacaq s\u0259n\u0259dl\u0259ri v\u0259 bunlar\u0131n ham\u0131s\u0131n\u0131 nec\u0259 d\u00fczg\u00fcn \u00e7ap etm\u0259k, imzalamaq v\u0259 A\u0130HM-\u0259 g\u00f6nd\u0259rm\u0259k bar\u0259d\u0259 izahlar\u0131 alacaqs\u0131n\u0131z. A\u0130HM-d\u0259 t\u0259msil\u00e7ilik v\u0259 i\u015f \u00fczr\u0259 h\u0259r hans\u0131 sonrak\u0131 f\u0259aliyy\u0259t \u015fikay\u0259tin haz\u0131rlanmas\u0131n\u0131n qiym\u0259tin\u0259 daxil deyil. \u018fg\u0259r A\u0130HM-\u0259 m\u00fcraci\u0259tin bel\u0259 perspektivl\u0259ri olmad\u0131\u011f\u0131 q\u0259na\u0259tin\u0259 g\u0259ls\u0259m, siz\u0259 yaln\u0131z bunu bildir\u0259c\u0259y\u0259m.<\/div>\n<div class=\"mywpcf7cf myshow myhide\">A\u015fa\u011f\u0131dak\u0131 fikirl\u0259rd\u0259n h\u0259r hans\u0131 birin\u0259 tam \u0259minsinizs\u0259, bu xidm\u0259t a\u00e7\u0131q-a\u015fkar sizin \u00fc\u00e7\u00fcn deyil:<\/div>\n<ul class=\"myshow myhide ec-service-blocker-list\"><li><label><input type=\"checkbox\" class=\"ec-service-blocker\" \/><span>M\u0259nim art\u0131q doldurulmu\u015f \u0259riz\u0259 formam var v\u0259 m\u0259n\u0259 yaln\u0131z onun s\u0259hvl\u0259r\u0259 g\u00f6r\u0259 yoxlanmas\u0131 laz\u0131md\u0131r.<\/span><\/label><\/li>\n<li><label><input type=\"checkbox\" class=\"ec-service-blocker\" \/><span>M\u0259n i\u015f \u00fczr\u0259 b\u00fct\u00fcn laz\u0131mi s\u0259n\u0259dl\u0259ri t\u0259qdim etm\u0259y\u0259 haz\u0131r deyil\u0259m.<\/span><\/label><\/li>\n<li><label><input type=\"checkbox\" class=\"ec-service-blocker\" \/><span>A\u0130HM-\u0259 m\u00fcraci\u0259ti h\u00fcquqi c\u0259h\u0259td\u0259n \u0259sasland\u0131rmaq m\u00fcmk\u00fcn g\u00f6r\u00fcnm\u0259s\u0259 bel\u0259, h\u0259r pozuntu iddiam \u00fczr\u0259 \u0259trafl\u0131 izah alma\u011f\u0131 g\u00f6zl\u0259yir\u0259m.<\/span><\/label><\/li>\n<li><label><input type=\"checkbox\" class=\"ec-service-blocker\" \/><span>A\u0130HM-\u0259 m\u00fcraci\u0259ti h\u00fcquqi c\u0259h\u0259td\u0259n \u0259sasland\u0131rmaq m\u00fcmk\u00fcn g\u00f6r\u00fcnm\u0259s\u0259 bel\u0259, \u015fikay\u0259tin haz\u0131rlanaca\u011f\u0131n\u0131 g\u00f6zl\u0259yir\u0259m.<\/span><\/label><\/li>\n<li><label><input type=\"checkbox\" class=\"ec-service-blocker\" \/><span>Pozuntu iddialar\u0131m\u0131n say\u0131 v\u0259 i\u015f \u00fczr\u0259 art\u0131q malik oldu\u011fum s\u0259n\u0259dl\u0259rin h\u0259cmi n\u0259z\u0259r\u0259 al\u0131nanda m\u0259n\u0259 ayd\u0131nd\u0131r ki, \u015fikay\u0259tin haz\u0131rlanmas\u0131 \u00fc\u00e7\u00fcn \u00f6d\u0259m\u0259y\u0259 haz\u0131r oldu\u011fumdan xeyli \u00e7ox vaxt laz\u0131m g\u0259l\u0259c\u0259k.<\/span><\/label><\/li>\n<li><label><input type=\"checkbox\" class=\"ec-service-blocker\" \/><span>M\u0259n A\u0130HM-in b\u00fct\u00fcn t\u0259l\u0259bl\u0259rin\u0259 uy\u011fun olaraq \u0259riz\u0259 formas\u0131n\u0131 \u00f6z\u00fcm doldura, orada h\u0259r pozuntu \u00fczr\u0259 \u0259sas faktlar\u0131, pozuntu iddialar\u0131n\u0131 v\u0259 q\u0259buledil\u0259nlik meyarlar\u0131na \u0259m\u0259l olunmas\u0131 bar\u0259d\u0259 m\u0259lumat\u0131 i\u015f materiallar\u0131na v\u0259 i\u015fim\u0259 t\u0259tbiq olunan A\u0130HM-in aktual t\u0259cr\u00fcb\u0259sin\u0259 tam uy\u011fun \u015f\u0259kild\u0259 ifad\u0259 ed\u0259 bil\u0259r\u0259m.<\/span><\/label><\/li><\/ul>\n<div class=\"mywpcf7cf myshow myhide\"><button type=\"button\" class=\"mybutton blue\" id=\"load_ajax_form\" data-ec-service-load=\"preparation\" data-blocked-message=\"Bu fikirl\u0259rd\u0259n h\u0259r hans\u0131 biri i\u015far\u0259l\u0259nibs\u0259, davam etm\u0259k m\u00fcmk\u00fcn deyil. \u0130\u015far\u0259 s\u0259hv\u0259n qoyulubsa, onu g\u00f6t\u00fcr\u00fcn.\">S\u0259n\u0259dl\u0259ri t\u0259qdim etm\u0259k<\/button><\/div>\n<div class=\"mywpcf7cf myshow myhide\"><a class=\"mybutton blue not-in-text-button\" href=\"mailto:oleg.anishchik@europeancourt.org?subject=\u015e\u0259rtl\u0259ri d\u0259qiql\u0259\u015fdirm\u0259k ist\u0259rdim\">\u015e\u0259rtl\u0259ri d\u0259qiql\u0259\u015fdirm\u0259k ist\u0259rdim<\/a><\/div>\n<div id=\"ec-service-load-status\" class=\"ec-service-load-status\" aria-live=\"polite\"><\/div>\n<\/div>\n<div id=\"ajax_content\"><\/div>\n<\/div>\n<script>\n(function(){\n  if (window.ecServiceBlockerGuardReady) return;\n  window.ecServiceBlockerGuardReady = true;\n  document.addEventListener('click', function(event) {\n    var button = event.target && event.target.closest ? event.target.closest('[data-ec-service-load]') : null;\n    if (!button) return;\n    var root = button.closest('.ec-service-page');\n    if (!root || !root.querySelector('.ec-service-blocker:checked')) return;\n    event.preventDefault();\n    event.stopPropagation();\n    if (event.stopImmediatePropagation) event.stopImmediatePropagation();\n    var status = root.querySelector('.ec-service-load-status');\n    if (status) status.textContent = button.getAttribute('data-blocked-message') || '';\n  }, true);\n})();\n<\/script>","protected":false},"excerpt":{"rendered":"A\u0130HM-\u0259 \u015fikay\u0259tin haz\u0131rlanmas\u0131n\u0131n qiym\u0259ti bu i\u015f\u0259 n\u0259 q\u0259d\u0259r vaxt laz\u0131m olaca\u011f\u0131ndan as\u0131l\u0131d\u0131r. Qiym\u0259t aral\u0131\u011f\u0131 \u00e7ox geni\u015fdir: i\u015f iki-\u00fc\u00e7 saat \u00e7\u0259kdikd\u0259 bir ne\u00e7\u0259 y\u00fcz avrodan, onlarla saat t\u0259l\u0259b olunduqda 10 min avro v\u0259 daha \u00e7ox&#46;&#46;&#46;","protected":false},"author":0,"featured_media":0,"parent":222202,"menu_order":0,"comment_status":"closed","ping_status":"closed","template":"","meta":{"footnotes":""},"categories":[],"tags":[],"class_list":["post-225189","page","type-page","status-publish","hentry"],"_links":{"self":[{"href":"https:\/\/europeancourt.org\/az\/wp-json\/wp\/v2\/pages\/225189","targetHints":{"allow":["GET"]}}],"collection":[{"href":"https:\/\/europeancourt.org\/az\/wp-json\/wp\/v2\/pages"}],"about":[{"href":"https:\/\/europeancourt.org\/az\/wp-json\/wp\/v2\/types\/page"}],"replies":[{"embeddable":true,"href":"https:\/\/europeancourt.org\/az\/wp-json\/wp\/v2\/comments?post=225189"}],"version-history":[{"count":1,"href":"https:\/\/europeancourt.org\/az\/wp-json\/wp\/v2\/pages\/225189\/revisions"}],"predecessor-version":[{"id":225555,"href":"https:\/\/europeancourt.org\/az\/wp-json\/wp\/v2\/pages\/225189\/revisions\/225555"}],"up":[{"embeddable":true,"href":"https:\/\/europeancourt.org\/az\/wp-json\/wp\/v2\/pages\/222202"}],"wp:attachment":[{"href":"https:\/\/europeancourt.org\/az\/wp-json\/wp\/v2\/media?parent=225189"}],"wp:term":[{"taxonomy":"category","embeddable":true,"href":"https:\/\/europeancourt.org\/az\/wp-json\/wp\/v2\/categories?post=225189"},{"taxonomy":"post_tag","embeddable":true,"href":"https:\/\/europeancourt.org\/az\/wp-json\/wp\/v2\/tags?post=225189"}],"curies":[{"name":"wp","href":"https:\/\/api.w.org\/{rel}","templated":true}]}}