{"id":225193,"date":"2026-04-26T14:48:47","date_gmt":"2026-04-26T12:48:47","guid":{"rendered":"https:\/\/europeancourt.org\/xidm%c9%99tl%c9%99r\/aihm\/a%c4%b0hm-qar%c5%9f%c4%b1s%c4%b1nda-%c5%9fikay%c9%99t%c3%a7il%c9%99ri-t%c9%99msil-etm%c9%99k\/"},"modified":"2026-04-26T16:55:35","modified_gmt":"2026-04-26T14:55:35","slug":"a%c4%b0hm-qar%c5%9f%c4%b1s%c4%b1nda-%c5%9fikay%c9%99t%c3%a7il%c9%99ri-t%c9%99msil-etm%c9%99k","status":"publish","type":"page","link":"https:\/\/europeancourt.org\/az\/xidm%c9%99tl%c9%99r\/aihm\/a%c4%b0hm-qar%c5%9f%c4%b1s%c4%b1nda-%c5%9fikay%c9%99t%c3%a7il%c9%99ri-t%c9%99msil-etm%c9%99k\/","title":{"rendered":"A\u0130HM qar\u015f\u0131s\u0131nda \u015fikay\u0259t\u00e7il\u0259ri t\u0259msil etm\u0259k"},"content":{"rendered":"<div id=\"ec-representation-page\" class=\"ec-service-page ec-service-representation\" data-service=\"representation\">\n<div class=\"ec-service-screen ec-service-screen-1\">\n<div class=\"mywpcf7cf myshow myhide\">Bu xidm\u0259t yaln\u0131z A\u0130HM-in \u015fikay\u0259t bar\u0259d\u0259 cavabdeh H\u00f6kum\u0259t\u0259 bildiri\u015f verdiyi v\u0259 \u0259riz\u0259\u00e7id\u0259n yaz\u0131l\u0131 \u015f\u0259rhl\u0259r t\u0259qdim etm\u0259yi t\u0259l\u0259b etdiyi \u015fikay\u0259tl\u0259r \u00fc\u00e7\u00fcn n\u0259z\u0259rd\u0259 tutulur.<\/div>\n<div class=\"mywpcf7cf myshow myhide\">A\u0130HM-d\u0259 t\u0259msil\u00e7iliyin qiym\u0259ti A\u0130HM-in suallar\u0131na cavablar\u0131n, cavabdeh H\u00f6kum\u0259tin d\u0259lill\u0259rin\u0259 etirazlar\u0131n, laz\u0131m g\u0259ldikd\u0259 faktlara dair d\u0259qiql\u0259\u015fdirm\u0259l\u0259rin v\u0259 \u0259v\u0259zin \u0259dal\u0259tli \u00f6d\u0259nilm\u0259si t\u0259l\u0259bl\u0259rinin haz\u0131rlanmas\u0131na s\u0259rf olunacaq vaxtdan as\u0131l\u0131d\u0131r. Qiym\u0259t aral\u0131\u011f\u0131 \u00e7ox geni\u015fdir: i\u015f iki-\u00fc\u00e7 saat \u00e7\u0259kdikd\u0259 bir ne\u00e7\u0259 y\u00fcz avrodan, onlarla saat t\u0259l\u0259b olunduqda 10 min avro v\u0259 daha \u00e7ox m\u0259bl\u0259\u011f\u0259d\u0259k.<\/div>\n<div class=\"mywpcf7cf myshow myhide\">Sizin i\u015finizd\u0259 n\u0259 q\u0259d\u0259r vaxt t\u0259l\u0259b olunaca\u011f\u0131n\u0131 v\u0259 buna uy\u011fun olaraq t\u0259msil\u00e7iliyin ne\u00e7\u0259y\u0259 ba\u015fa g\u0259l\u0259c\u0259yini yaln\u0131z s\u0259n\u0259dl\u0259r\u0259 \u0259sas\u0259n m\u00fc\u0259yy\u0259n ed\u0259 bil\u0259r\u0259m. \u015eikay\u0259ti b\u00fct\u00fcn \u0259lav\u0259l\u0259ri il\u0259 birlikd\u0259, h\u0259min \u015fikay\u0259t \u00fczr\u0259 A\u0130HM-\u0259 \u0259lav\u0259 olaraq g\u00f6nd\u0259ril\u0259n b\u00fct\u00fcn materiallar\u0131 v\u0259 A\u0130HM-d\u0259n al\u0131nan b\u00fct\u00fcn s\u0259n\u0259dl\u0259ri t\u0259qdim edin. \u018flav\u0259 s\u0259n\u0259dl\u0259r\u0259 ehtiyac\u0131m olarsa, onlar\u0131 sizd\u0259n ist\u0259y\u0259c\u0259y\u0259m.<\/div>\n<div class=\"mywpcf7cf myshow myhide\">Ad\u0259t\u0259n A\u0130HM-d\u0259 t\u0259msil\u00e7iliyin qiym\u0259ti il\u0259 ba\u011fl\u0131 sor\u011fuya b\u00fct\u00fcn laz\u0131mi s\u0259n\u0259dl\u0259ri v\u0259 m\u0259lumatlar\u0131 ald\u0131qdan sonra bir h\u0259ft\u0259 \u0259rzind\u0259 cavab verir\u0259m. A\u0130HM-in yaz\u0131l\u0131 \u015f\u0259rhl\u0259rin v\u0259 ya dig\u0259r materiallar\u0131n t\u0259qdim edilm\u0259si \u00fc\u00e7\u00fcn m\u00fc\u0259yy\u0259n etdiyi m\u00fcdd\u0259t yax\u0131n g\u00fcnl\u0259rd\u0259 bitirs\u0259, m\u0259n\u0259 yaz\u0131n v\u0259 sor\u011funuzu t\u0259cili qaydada n\u0259z\u0259rd\u0259n ke\u00e7ir\u0259 bilib-bilm\u0259y\u0259c\u0259yimi soru\u015fun. Bel\u0259 m\u0259ktuba 24 saat \u0259rzind\u0259 cavab ver\u0259c\u0259yim\u0259 s\u00f6z verir\u0259m. \u0130mkan\u0131m oldu\u011funu t\u0259sdiql\u0259s\u0259m v\u0259 siz laz\u0131mi s\u0259n\u0259dl\u0259ri v\u0259 m\u0259lumatlar\u0131 d\u0259rhal t\u0259qdim ets\u0259niz, sor\u011fu \u00fczr\u0259 n\u0259tic\u0259mi n\u00f6vb\u0259ti 48 saat \u0259rzind\u0259 bildirm\u0259y\u0259 s\u00f6z verir\u0259m.<\/div>\n<div class=\"mywpcf7cf myshow myhide\">Xidm\u0259tin qiym\u0259tini bildir\u0259n m\u0259ktubla birlikd\u0259, vaxt itirm\u0259m\u0259k \u00fc\u00e7\u00fcn, siz\u0259 m\u00fcqavil\u0259ni v\u0259 A\u0130HM-d\u0259 t\u0259msil\u00e7ilik \u00fc\u00e7\u00fcn doldurulmu\u015f v\u0259kal\u0259tnam\u0259 formas\u0131n\u0131 da g\u00f6nd\u0259r\u0259c\u0259y\u0259m. V\u0259kal\u0259tnam\u0259ni \u00e7ap edib imzalamaq v\u0259 Fransadak\u0131 \u00fcnvan\u0131ma po\u00e7tla ka\u011f\u0131z n\u00fcsx\u0259d\u0259 g\u00f6nd\u0259rm\u0259k laz\u0131m olacaq. Xidm\u0259t haqq\u0131n\u0131 A\u0130HM-\u0259 t\u0259qdim edil\u0259c\u0259k s\u0259n\u0259dl\u0259r haz\u0131rland\u0131qdan sonra \u0130sve\u00e7r\u0259d\u0259ki hesab\u0131ma bank k\u00f6\u00e7\u00fcrm\u0259si il\u0259 v\u0259 ya \u00f6d\u0259ni\u015f \u00f6lk\u0259sind\u0259n as\u0131l\u0131 olaraq ba\u015fqa \u00fcsulla \u00f6d\u0259m\u0259k olar. Amma bunu s\u0259n\u0259dl\u0259r A\u0130HM-\u0259 g\u00f6nd\u0259rilm\u0259zd\u0259n \u0259vv\u0259l etm\u0259k daha yax\u015f\u0131d\u0131r: bel\u0259 olduqda \u0259v\u0259zin \u0259dal\u0259tli \u00f6d\u0259nilm\u0259si t\u0259l\u0259bl\u0259rin\u0259 \u00f6d\u0259ni\u015fi t\u0259sdiq ed\u0259n s\u0259n\u0259di \u0259lav\u0259 etm\u0259k v\u0259 \u0259riz\u0259\u00e7inin M\u0259hk\u0259m\u0259d\u0259 t\u0259msil edilm\u0259si \u00fc\u00e7\u00fcn art\u0131q \u00e7\u0259kilmi\u015f x\u0259rcl\u0259rin \u00f6d\u0259nilm\u0259si t\u0259l\u0259bini \u0259sasland\u0131rmaq xeyli asan olur.<\/div>\n<div class=\"mywpcf7cf myshow myhide\">A\u015fa\u011f\u0131dak\u0131 fikirl\u0259rd\u0259n h\u0259r hans\u0131 birin\u0259 tam \u0259minsinizs\u0259, bu xidm\u0259t a\u00e7\u0131q-a\u015fkar sizin \u00fc\u00e7\u00fcn deyil:<\/div>\n<ul class=\"myshow myhide ec-service-blocker-list\"><li><label><input type=\"checkbox\" class=\"ec-service-blocker\" \/><span>A\u0130HM \u015fikay\u0259tim bar\u0259d\u0259 cavabdeh H\u00f6kum\u0259t\u0259 h\u0259l\u0259 bildiri\u015f verm\u0259yib v\u0259 ya bildiri\u015f verib, lakin m\u0259nd\u0259n yaz\u0131l\u0131 \u015f\u0259rhl\u0259r t\u0259l\u0259b etm\u0259yib.<\/span><\/label><\/li>\n<li><label><input type=\"checkbox\" class=\"ec-service-blocker\" \/><span>M\u0259n b\u00fct\u00fcn laz\u0131mi s\u0259n\u0259dl\u0259ri t\u0259qdim etm\u0259y\u0259 haz\u0131r deyil\u0259m.<\/span><\/label><\/li>\n<li><label><input type=\"checkbox\" class=\"ec-service-blocker\" \/><span>M\u0259n v\u0259kal\u0259tnam\u0259 il\u0259 m\u0259\u015f\u011ful olma\u011fa v\u0259 onu po\u00e7tla ka\u011f\u0131z n\u00fcsx\u0259d\u0259 g\u00f6nd\u0259rm\u0259y\u0259 haz\u0131r deyil\u0259m.<\/span><\/label><\/li>\n<li><label><input type=\"checkbox\" class=\"ec-service-blocker\" \/><span>\u0130\u015fin gedi\u015find\u0259 d\u0259qiql\u0259\u015fdirici suallara cavab verm\u0259y\u0259 v\u0259 laz\u0131m g\u0259ldikd\u0259 \u0259lav\u0259 s\u0259n\u0259dl\u0259r t\u0259qdim etm\u0259y\u0259 haz\u0131r deyil\u0259m.<\/span><\/label><\/li><\/ul>\n<div class=\"mywpcf7cf myshow myhide\"><button type=\"button\" class=\"mybutton blue\" id=\"load_ajax_form\" data-ec-service-load=\"representation\" data-blocked-message=\"Bu fikirl\u0259rd\u0259n h\u0259r hans\u0131 biri i\u015far\u0259l\u0259nibs\u0259, davam etm\u0259k m\u00fcmk\u00fcn deyil. \u0130\u015far\u0259 s\u0259hv\u0259n qoyulubsa, onu g\u00f6t\u00fcr\u00fcn.\">S\u0259n\u0259dl\u0259ri t\u0259qdim etm\u0259k<\/button><\/div>\n<div class=\"mywpcf7cf myshow myhide\"><a class=\"mybutton blue not-in-text-button\" href=\"mailto:oleg.anishchik@europeancourt.org?subject=\u015e\u0259rtl\u0259ri d\u0259qiql\u0259\u015fdirm\u0259k ist\u0259rdim\">\u015e\u0259rtl\u0259ri d\u0259qiql\u0259\u015fdirm\u0259k ist\u0259rdim<\/a><\/div>\n<div id=\"ec-service-load-status\" class=\"ec-service-load-status\" aria-live=\"polite\"><\/div>\n<\/div>\n<div id=\"ajax_content\"><\/div>\n<\/div>\n<script>\n(function(){\n  if (window.ecServiceBlockerGuardReady) return;\n  window.ecServiceBlockerGuardReady = true;\n  document.addEventListener('click', function(event) {\n    var button = event.target && event.target.closest ? event.target.closest('[data-ec-service-load]') : null;\n    if (!button) return;\n    var root = button.closest('.ec-service-page');\n    if (!root || !root.querySelector('.ec-service-blocker:checked')) return;\n    event.preventDefault();\n    event.stopPropagation();\n    if (event.stopImmediatePropagation) event.stopImmediatePropagation();\n    var status = root.querySelector('.ec-service-load-status');\n    if (status) status.textContent = button.getAttribute('data-blocked-message') || '';\n  }, true);\n})();\n<\/script>","protected":false},"excerpt":{"rendered":"Bu xidm\u0259t yaln\u0131z A\u0130HM-in \u015fikay\u0259t bar\u0259d\u0259 cavabdeh H\u00f6kum\u0259t\u0259 bildiri\u015f verdiyi v\u0259 \u0259riz\u0259\u00e7id\u0259n yaz\u0131l\u0131 \u015f\u0259rhl\u0259r t\u0259qdim etm\u0259yi t\u0259l\u0259b etdiyi \u015fikay\u0259tl\u0259r \u00fc\u00e7\u00fcn n\u0259z\u0259rd\u0259 tutulur. A\u0130HM-d\u0259 t\u0259msil\u00e7iliyin qiym\u0259ti A\u0130HM-in suallar\u0131na cavablar\u0131n, cavabdeh H\u00f6kum\u0259tin d\u0259lill\u0259rin\u0259 etirazlar\u0131n, laz\u0131m g\u0259ldikd\u0259&#46;&#46;&#46;","protected":false},"author":0,"featured_media":0,"parent":222202,"menu_order":0,"comment_status":"closed","ping_status":"closed","template":"","meta":{"footnotes":""},"categories":[],"tags":[],"class_list":["post-225193","page","type-page","status-publish","hentry"],"_links":{"self":[{"href":"https:\/\/europeancourt.org\/az\/wp-json\/wp\/v2\/pages\/225193","targetHints":{"allow":["GET"]}}],"collection":[{"href":"https:\/\/europeancourt.org\/az\/wp-json\/wp\/v2\/pages"}],"about":[{"href":"https:\/\/europeancourt.org\/az\/wp-json\/wp\/v2\/types\/page"}],"replies":[{"embeddable":true,"href":"https:\/\/europeancourt.org\/az\/wp-json\/wp\/v2\/comments?post=225193"}],"version-history":[{"count":1,"href":"https:\/\/europeancourt.org\/az\/wp-json\/wp\/v2\/pages\/225193\/revisions"}],"predecessor-version":[{"id":225556,"href":"https:\/\/europeancourt.org\/az\/wp-json\/wp\/v2\/pages\/225193\/revisions\/225556"}],"up":[{"embeddable":true,"href":"https:\/\/europeancourt.org\/az\/wp-json\/wp\/v2\/pages\/222202"}],"wp:attachment":[{"href":"https:\/\/europeancourt.org\/az\/wp-json\/wp\/v2\/media?parent=225193"}],"wp:term":[{"taxonomy":"category","embeddable":true,"href":"https:\/\/europeancourt.org\/az\/wp-json\/wp\/v2\/categories?post=225193"},{"taxonomy":"post_tag","embeddable":true,"href":"https:\/\/europeancourt.org\/az\/wp-json\/wp\/v2\/tags?post=225193"}],"curies":[{"name":"wp","href":"https:\/\/api.w.org\/{rel}","templated":true}]}}