{"id":225195,"date":"2026-04-26T14:48:59","date_gmt":"2026-04-26T12:48:59","guid":{"rendered":"https:\/\/europeancourt.org\/h%c3%bcquqi-m%c9%99sl%c9%99h%c9%99t-v%c9%99-%c9%99laq%c9%99l%c9%99r\/"},"modified":"2026-04-26T16:55:45","modified_gmt":"2026-04-26T14:55:45","slug":"h%c3%bcquqi-m%c9%99sl%c9%99h%c9%99t-v%c9%99-%c9%99laq%c9%99l%c9%99r","status":"publish","type":"page","link":"https:\/\/europeancourt.org\/az\/h%c3%bcquqi-m%c9%99sl%c9%99h%c9%99t-v%c9%99-%c9%99laq%c9%99l%c9%99r\/","title":{"rendered":"H\u00fcquqi m\u0259sl\u0259h\u0259t v\u0259 \u0259laq\u0259l\u0259r"},"content":{"rendered":"<div class=\"mywpcf7cf myshow myhide\">M\u0259n\u0259 laz\u0131md\u0131r:<\/div>\n\n<div class=\"myshow myhide\"><span class=\"wpcf7-radio\"><span class=\"wpcf7-list-item\"><label><span class=\"wpcf7-list-item-label\">A\u0130HM-\u0259 \u015fikay\u0259t haz\u0131rlamaq<\/span><\/label><\/span><\/span><\/div>\n\n<div class=\"myshow myhide\"><span class=\"wpcf7-radio\"><span class=\"wpcf7-list-item\"><label><span class=\"wpcf7-list-item-label\">A\u0130HM-\u0259 g\u00f6nd\u0259rm\u0259zd\u0259n \u0259vv\u0259l \u0259riz\u0259 formas\u0131n\u0131 s\u0259hvl\u0259r\u0259 g\u00f6r\u0259 yoxlatmaq<\/span><\/label><\/span><\/span><\/div>\n\n<div class=\"myshow myhide\"><span class=\"wpcf7-radio\"><span class=\"wpcf7-list-item\"><label><span class=\"wpcf7-list-item-label\">A\u0130HM \u015fikay\u0259t bar\u0259d\u0259 cavabdeh H\u00f6kum\u0259t\u0259 bildiri\u015f verdikd\u0259n sonra \u0259riz\u0259\u00e7inin maraqlar\u0131n\u0131n t\u0259msil edilm\u0259si<\/span><\/label><\/span><\/span><\/div>\n\n<div class=\"myshow myhide\"><span class=\"wpcf7-radio\"><span class=\"wpcf7-list-item\"><label><span class=\"wpcf7-list-item-label\">A\u0130HM-d\u0259 \u015fikay\u0259tin taleyini \u00f6yr\u0259nm\u0259k<\/span><\/label><\/span><\/span><\/div>\n\n<div class=\"myshow myhide\"><span class=\"wpcf7-radio\"><span class=\"wpcf7-list-item\"><label><span class=\"wpcf7-list-item-label\">A\u0130HM-in \u0259riz\u0259 formas\u0131n\u0131 y\u00fckl\u0259m\u0259k<\/span><\/label><\/span><\/span><\/div>\n\n<div class=\"myshow myhide\"><span class=\"wpcf7-radio\"><span class=\"wpcf7-list-item\"><label><span class=\"wpcf7-list-item-label\">konsultasiya sor\u011fusu g\u00f6nd\u0259rm\u0259k<\/span><\/label><\/span><\/span><\/div>\n\n<div class=\"myshow myhide\"><span class=\"wpcf7-radio\"><span class=\"wpcf7-list-item\"><label><span class=\"wpcf7-list-item-label\">\u0259laq\u0259 m\u0259lumatlar\u0131n\u0131 g\u00f6st\u0259rm\u0259k<\/span><\/label><\/span><\/span><\/div>\n<div id=\"ajax_content\"><\/div>","protected":false},"excerpt":{"rendered":"M\u0259n\u0259 laz\u0131md\u0131r: A\u0130HM-\u0259 \u015fikay\u0259t haz\u0131rlamaq A\u0130HM-\u0259 g\u00f6nd\u0259rm\u0259zd\u0259n \u0259vv\u0259l \u0259riz\u0259 formas\u0131n\u0131 s\u0259hvl\u0259r\u0259 g\u00f6r\u0259 yoxlatmaq A\u0130HM \u015fikay\u0259t bar\u0259d\u0259 cavabdeh H\u00f6kum\u0259t\u0259 bildiri\u015f verdikd\u0259n sonra \u0259riz\u0259\u00e7inin maraqlar\u0131n\u0131n t\u0259msil edilm\u0259si A\u0130HM-d\u0259 \u015fikay\u0259tin taleyini \u00f6yr\u0259nm\u0259k A\u0130HM-in \u0259riz\u0259 formas\u0131n\u0131 y\u00fckl\u0259m\u0259k konsultasiya&#46;&#46;&#46;","protected":false},"author":0,"featured_media":0,"parent":0,"menu_order":0,"comment_status":"closed","ping_status":"closed","template":"","meta":{"footnotes":""},"categories":[],"tags":[],"class_list":["post-225195","page","type-page","status-publish","hentry"],"_links":{"self":[{"href":"https:\/\/europeancourt.org\/az\/wp-json\/wp\/v2\/pages\/225195","targetHints":{"allow":["GET"]}}],"collection":[{"href":"https:\/\/europeancourt.org\/az\/wp-json\/wp\/v2\/pages"}],"about":[{"href":"https:\/\/europeancourt.org\/az\/wp-json\/wp\/v2\/types\/page"}],"replies":[{"embeddable":true,"href":"https:\/\/europeancourt.org\/az\/wp-json\/wp\/v2\/comments?post=225195"}],"version-history":[{"count":3,"href":"https:\/\/europeancourt.org\/az\/wp-json\/wp\/v2\/pages\/225195\/revisions"}],"predecessor-version":[{"id":225557,"href":"https:\/\/europeancourt.org\/az\/wp-json\/wp\/v2\/pages\/225195\/revisions\/225557"}],"wp:attachment":[{"href":"https:\/\/europeancourt.org\/az\/wp-json\/wp\/v2\/media?parent=225195"}],"wp:term":[{"taxonomy":"category","embeddable":true,"href":"https:\/\/europeancourt.org\/az\/wp-json\/wp\/v2\/categories?post=225195"},{"taxonomy":"post_tag","embeddable":true,"href":"https:\/\/europeancourt.org\/az\/wp-json\/wp\/v2\/tags?post=225195"}],"curies":[{"name":"wp","href":"https:\/\/api.w.org\/{rel}","templated":true}]}}