{"id":116074,"date":"2022-06-13T12:26:38","date_gmt":"2022-06-13T10:26:38","guid":{"rendered":"https:\/\/europeancourt.org\/dokumenti\/"},"modified":"2024-11-24T14:56:13","modified_gmt":"2024-11-24T13:56:13","slug":"dokumenti","status":"publish","type":"page","link":"https:\/\/europeancourt.org\/bs\/dokumenti\/","title":{"rendered":"Dokumenti"},"content":{"rendered":"<ul>\r\n<li><a href=\"https:\/\/europeancourt.org\/bs\/dokumenti\/vije%c4%87e-evrope\/\" title=\"Vije\u0107e Evrope\">Vije\u0107e Evrope<\/a><\/li>\r\n<ul>\r\n<li><a href=\"https:\/\/europeancourt.org\/bs\/dokumenti\/vije%c4%87e-evrope\/evropska-konvencija-o-ljudskim-pravima\/\" title=\"Konvencija o za\u0161titi ljudskih prava i osnovnih sloboda\">Konvencija o za\u0161titi ljudskih prava i osnovnih sloboda<\/a><\/li>\r\n<ul>\r\n<li><a href=\"https:\/\/europeancourt.org\/bs\/dokumenti\/vije%c4%87e-evrope\/evropska-konvencija-o-ljudskim-pravima\/protokol-br1\/\" title=\"Protokol uz Konvenciju o za\u0161titi ljudskih prava i osnovnih sloboda\">Protokol uz Konvenciju o za\u0161titi ljudskih prava i osnovnih sloboda<\/a><\/li>\r\n<li><a href=\"https:\/\/europeancourt.org\/bs\/dokumenti\/vije%c4%87e-evrope\/evropska-konvencija-o-ljudskim-pravima\/protokol-br4\/\" title=\"Protokol br. 4. uz Konvenciju o za\u0161titi ljudskih prava i osnovnih sloboda\">Protokol br. 4. uz Konvenciju o za\u0161titi ljudskih prava i osnovnih sloboda<\/a><\/li>\r\n<li><a href=\"https:\/\/europeancourt.org\/bs\/dokumenti\/vije%c4%87e-evrope\/evropska-konvencija-o-ljudskim-pravima\/protokol-br6\/\" title=\"Protokol br. 6. uz Konvenciju o za\u0161titi ljudskih prava i osnovnih sloboda\">Protokol br. 6. uz Konvenciju o za\u0161titi ljudskih prava i osnovnih sloboda<\/a><\/li>\r\n<li><a href=\"https:\/\/europeancourt.org\/bs\/dokumenti\/vije%c4%87e-evrope\/evropska-konvencija-o-ljudskim-pravima\/protokol-br7\/\" title=\"Protokol br. 7. uz Konvenciju o za\u0161titi ljudskih prava i osnovnih sloboda\">Protokol br. 7. uz Konvenciju o za\u0161titi ljudskih prava i osnovnih sloboda<\/a><\/li>\r\n<li><a href=\"https:\/\/europeancourt.org\/bs\/dokumenti\/vije%c4%87e-evrope\/evropska-konvencija-o-ljudskim-pravima\/protokol-br12\/\" title=\"Protokol br. 12. uz Konvenciju o za\u0161titi ljudskih prava i osnovnih sloboda\">Protokol br. 12. uz Konvenciju o za\u0161titi ljudskih prava i osnovnih sloboda<\/a><\/li>\r\n<li><a href=\"https:\/\/europeancourt.org\/bs\/dokumenti\/vije%c4%87e-evrope\/evropska-konvencija-o-ljudskim-pravima\/protokol-br13\/\" title=\"Protokol br. 13. uz Konvenciju o za\u0161titi ljudskih prava i osnovnih sloboda\">Protokol br. 13. uz Konvenciju o za\u0161titi ljudskih prava i osnovnih sloboda<\/a><\/li>\r\n<li><a href=\"https:\/\/europeancourt.org\/bs\/dokumenti\/vije%c4%87e-evrope\/evropska-konvencija-o-ljudskim-pravima\/protokol-br16\/\" title=\"Protokol br. 16. uz Konvenciju o za\u0161titi ljudskih prava i osnovnih sloboda\">Protokol br. 16. uz Konvenciju o za\u0161titi ljudskih prava i osnovnih sloboda<\/a><\/li>\r\n<\/ul>\r\n<li><a href=\"https:\/\/europeancourt.org\/bs\/dokumenti\/vije%c4%87e-evrope\/esljp\/\" title=\"Evropski sud za ljudska prava\">Evropski sud za ljudska prava<\/a><\/li>\r\n<ul>\r\n<li><a href=\"https:\/\/europeancourt.org\/bs\/dokumenti\/vije%c4%87e-evrope\/esljp\/pravila-pravilo-47\/\" title=\"Pravilo 47. Pravila Evropskog suda za ljudska prava\">Pravila Suda \u2013 Pravilo 47<\/a><\/li>\r\n<li><a href=\"https:\/\/europeancourt.org\/en\/documents\/council-of-europe\/echr\/practice-directions-institution-of-proceedings\/\" title=\"O pokretanju postupka \u2013 Prakti\u010dno uputstvo\">O pokretanju postupka \u2013 Prakti\u010dno uputstvo<\/a><\/li>\r\n<li><a href=\"https:\/\/europeancourt.org\/bs\/dokumenti\/vije%c4%87e-evrope\/esljp\/obrazac-predstavke\/\" title=\"Obrazac predstavke Evropskom sudu za ljudska prava\">Obrazac predstavke<\/a><\/li>\r\n<ul>\r\n<li><a href=\"https:\/\/europeancourt.org\/bs\/dokumenti\/vije%c4%87e-evrope\/esljp\/obrazac-predstavke\/uputstvo-za-popunjavanje\/\" title=\"Uputstvo za popunjavanje obrasca predstavke\">Uputstvo za popunjavanje obrasca predstavke<\/a><\/li>\r\n<\/ul>\r\n<li><a href=\"https:\/\/europeancourt.org\/bs\/dokumenti\/vije%c4%87e-evrope\/esljp\/punomo%c4%87\/\" title=\"Punomo\u0107 za Evropski sud za ljudska prava\">Punomo\u0107<\/a><\/li>\r\n<li><a href=\"https:\/\/europeancourt.org\/downloads\/bs\/Tabelu_u_kojoj_navodi_trazene_identifikacione_podatke_za_svakog_podnositelja_predstavke_pred_ESLJP_BOS.XLSX\" title=\"Tabelu u kojoj navodi tra\u017eene identifikacione podatke za svakog podnositelja predstavke pred Evropskim sudom za ljudska prava\">Dodatak za ve\u0107i broj podnositelja<\/a><\/li>\r\n<\/ul><\/ul><\/ul> ","protected":false},"excerpt":{"rendered":"Vije\u0107e Evrope Konvencija o za\u0161titi ljudskih prava i osnovnih sloboda Protokol uz Konvenciju o za\u0161titi ljudskih prava i osnovnih sloboda Protokol br. 4. uz Konvenciju o za\u0161titi ljudskih prava i osnovnih sloboda Protokol br.&#46;&#46;&#46;","protected":false},"author":1,"featured_media":222325,"parent":0,"menu_order":0,"comment_status":"closed","ping_status":"closed","template":"","meta":{"footnotes":""},"categories":[],"tags":[],"class_list":["post-116074","page","type-page","status-publish","has-post-thumbnail","hentry"],"_links":{"self":[{"href":"https:\/\/europeancourt.org\/bs\/wp-json\/wp\/v2\/pages\/116074","targetHints":{"allow":["GET"]}}],"collection":[{"href":"https:\/\/europeancourt.org\/bs\/wp-json\/wp\/v2\/pages"}],"about":[{"href":"https:\/\/europeancourt.org\/bs\/wp-json\/wp\/v2\/types\/page"}],"author":[{"embeddable":true,"href":"https:\/\/europeancourt.org\/bs\/wp-json\/wp\/v2\/users\/1"}],"replies":[{"embeddable":true,"href":"https:\/\/europeancourt.org\/bs\/wp-json\/wp\/v2\/comments?post=116074"}],"version-history":[{"count":1,"href":"https:\/\/europeancourt.org\/bs\/wp-json\/wp\/v2\/pages\/116074\/revisions"}],"predecessor-version":[{"id":222324,"href":"https:\/\/europeancourt.org\/bs\/wp-json\/wp\/v2\/pages\/116074\/revisions\/222324"}],"wp:featuredmedia":[{"embeddable":true,"href":"https:\/\/europeancourt.org\/bs\/wp-json\/wp\/v2\/media\/222325"}],"wp:attachment":[{"href":"https:\/\/europeancourt.org\/bs\/wp-json\/wp\/v2\/media?parent=116074"}],"wp:term":[{"taxonomy":"category","embeddable":true,"href":"https:\/\/europeancourt.org\/bs\/wp-json\/wp\/v2\/categories?post=116074"},{"taxonomy":"post_tag","embeddable":true,"href":"https:\/\/europeancourt.org\/bs\/wp-json\/wp\/v2\/tags?post=116074"}],"curies":[{"name":"wp","href":"https:\/\/api.w.org\/{rel}","templated":true}]}}