{"id":147346,"date":"2022-06-23T10:51:39","date_gmt":"2022-06-23T08:51:39","guid":{"rendered":"https:\/\/europeancourt.org\/dokumenti\/vije%c4%87e-evrope\/esljp\/"},"modified":"2024-06-25T16:13:44","modified_gmt":"2024-06-25T14:13:44","slug":"esljp","status":"publish","type":"page","link":"https:\/\/europeancourt.org\/bs\/dokumenti\/vije%c4%87e-evrope\/esljp\/","title":{"rendered":"ESLJP"},"content":{"rendered":"<ul> \n<li><a href=\"https:\/\/europeancourt.org\/bs\/dokumenti\/vije%c4%87e-evrope\/esljp\/pravila-pravilo-47\/\" title=\"Pravilo 47. Pravila Evropskog suda za ljudska prava\">Pravila Suda \u2013 Pravilo 47<\/a><\/li>\n<li><a href=\"https:\/\/europeancourt.org\/en\/documents\/council-of-europe\/echr\/practice-directions-institution-of-proceedings\/\" title=\"O pokretanju postupka \u2013 Prakti\u010dno uputstvo\">O pokretanju postupka \u2013 Prakti\u010dno uputstvo<\/a><\/li>\n<li><a href=\"https:\/\/europeancourt.org\/bs\/dokumenti\/vije%c4%87e-evrope\/esljp\/obrazac-predstavke\/\" title=\"Obrazac predstavke Evropskom sudu za ljudska prava\">Obrazac predstavke<\/a><\/li>\n<ul>\n<li><a href=\"https:\/\/europeancourt.org\/bs\/dokumenti\/vije%c4%87e-evrope\/esljp\/obrazac-predstavke\/uputstvo-za-popunjavanje\/\" title=\"Uputstvo za popunjavanje obrasca predstavke\">Uputstvo za popunjavanje obrasca predstavke<\/a><\/li>\n<\/ul>\n<li><a href=\"https:\/\/europeancourt.org\/bs\/dokumenti\/vije%c4%87e-evrope\/esljp\/punomo%c4%87\/\" title=\"Punomo\u0107 za Evropski sud za ljudska prava\">Punomo\u0107<\/a><\/li>\n<li><a href=\"https:\/\/europeancourt.org\/downloads\/bs\/Tabelu_u_kojoj_navodi_trazene_identifikacione_podatke_za_svakog_podnositelja_predstavke_pred_ESLJP_BOS.XLSX\" title=\"Tabelu u kojoj navodi tra\u017eene identifikacione podatke za svakog podnositelja predstavke pred Evropskim sudom za ljudska prava\">Dodatak za ve\u0107i broj podnositelja<\/a><\/li>\n<\/ul>","protected":false},"excerpt":{"rendered":"Pravila Suda \u2013 Pravilo 47 O pokretanju postupka \u2013 Prakti\u010dno uputstvo Obrazac predstavke Uputstvo za popunjavanje obrasca predstavke Punomo\u0107 Dodatak za ve\u0107i broj podnositelja","protected":false},"author":1,"featured_media":192016,"parent":116099,"menu_order":0,"comment_status":"closed","ping_status":"closed","template":"","meta":{"footnotes":""},"categories":[],"tags":[],"class_list":["post-147346","page","type-page","status-publish","has-post-thumbnail","hentry"],"_links":{"self":[{"href":"https:\/\/europeancourt.org\/bs\/wp-json\/wp\/v2\/pages\/147346","targetHints":{"allow":["GET"]}}],"collection":[{"href":"https:\/\/europeancourt.org\/bs\/wp-json\/wp\/v2\/pages"}],"about":[{"href":"https:\/\/europeancourt.org\/bs\/wp-json\/wp\/v2\/types\/page"}],"author":[{"embeddable":true,"href":"https:\/\/europeancourt.org\/bs\/wp-json\/wp\/v2\/users\/1"}],"replies":[{"embeddable":true,"href":"https:\/\/europeancourt.org\/bs\/wp-json\/wp\/v2\/comments?post=147346"}],"version-history":[{"count":0,"href":"https:\/\/europeancourt.org\/bs\/wp-json\/wp\/v2\/pages\/147346\/revisions"}],"up":[{"embeddable":true,"href":"https:\/\/europeancourt.org\/bs\/wp-json\/wp\/v2\/pages\/116099"}],"wp:featuredmedia":[{"embeddable":true,"href":"https:\/\/europeancourt.org\/bs\/wp-json\/wp\/v2\/media\/192016"}],"wp:attachment":[{"href":"https:\/\/europeancourt.org\/bs\/wp-json\/wp\/v2\/media?parent=147346"}],"wp:term":[{"taxonomy":"category","embeddable":true,"href":"https:\/\/europeancourt.org\/bs\/wp-json\/wp\/v2\/categories?post=147346"},{"taxonomy":"post_tag","embeddable":true,"href":"https:\/\/europeancourt.org\/bs\/wp-json\/wp\/v2\/tags?post=147346"}],"curies":[{"name":"wp","href":"https:\/\/api.w.org\/{rel}","templated":true}]}}