{"id":147417,"date":"2022-07-02T14:27:20","date_gmt":"2022-07-02T12:27:20","guid":{"rendered":"https:\/\/europeancourt.org\/dokumenti\/vije%c4%87e-evrope\/esljp\/pravila-pravilo-47\/"},"modified":"2025-10-05T12:00:15","modified_gmt":"2025-10-05T12:00:15","slug":"pravila-pravilo-47","status":"publish","type":"page","link":"https:\/\/europeancourt.org\/bs\/dokumenti\/vije%c4%87e-evrope\/esljp\/pravila-pravilo-47\/","title":{"rendered":"Pravila Suda \u2013 Pravilo 47"},"content":{"rendered":"<h2 style=\"text-align: center;\">Pravila Suda<\/h2>\n<p><strong>Pravilo 47<a class=\"paddingleft2px\" title=\"Prema izmjenama usvojenim od strane Suda 17. juna i 8. jula 2002, zatim 11. decembra 2007, 22. septembra 2008, 6. maja 2013, 1. juna i 5. oktobra 2015, i 18. januara 2024. godine.\" href=\"#fn1\"><sup style=\"cursor:help\">1<\/sup><\/a> \u2013 Sadr\u017eaj pojedina\u010dne predstavke<\/strong><\/p>\n<p>1. Svaka predstavka podnijeta na osnovu <a title=\"\u010clan 34. Konvencije o za\u0161titi ljudskih prava i osnovnih sloboda\" href=\"https:\/\/europeancourt.org\/bs\/dokumenti\/vije%c4%87e-evrope\/evropska-konvencija-o-ljudskim-pravima\/#%C4%8Dlan-34\">\u010dlana 34. Konvencije<\/a>, sastavlja se na <a href=\"https:\/\/europeancourt.org\/bs\/dokumenti\/vije%c4%87e-evrope\/esljp\/obrazac-predstavke\/\" title=\"Obrazac predstavke Evropskom sudu za ljudska prava\">obrascu predstavke<\/a> koji obezbje\u0111uje Sekretarijat, osim ako Sud ne odlu\u010di druga\u010dije. Ona treba sadr\u017eavati sve potrebne informacije u relevantnim dijelovima predstavke i uklju\u010duje sljede\u0107e:<\/p>\n<p style=\"padding-left: 40px;\">(a) ime, datum ro\u0111enja, dr\u017eavljanstvo i adresu podnositelja predstavke, a ukoliko je podnositelj predstavke pravno lice, puni naziv, datum osnivanja ili registracije, zvani\u010dni identifikacioni broj (ukoliko postoji) i zvani\u010dnu adresu;<\/p>\n<p style=\"padding-left: 40px;\">(b) ime, adresu, brojeve telefona i faksa, te e-mail adresu eventualnog zastupnika;<\/p>\n<p style=\"padding-left: 40px;\">(c) ukoliko podnositelj predstavke ima zastupnika, datum i originalni potpis podnositelja kao i originalni potpis zastupnika koji time daje saglasnost da zastupa podnositelja predstavke, se moraju nalaziti u okviru odjeljka za punomo\u0107 na obrascu predstavke. Sud mo\u017ee prihvatiti kopije potpisa ili druge obrasce punomo\u0107i koji su va\u017ee\u0107i u doma\u0107em zakonodavstvu ugovornih strana ako se uvjerljivo obrazlo\u017ei neispunjenje ovog zahtjeva i u razumnom roku dostavi obrazac punomo\u0107i Suda sa originalnim potpisima;<\/p>\n<p style=\"padding-left: 40px;\">(d) naziv ugovorne strane\/strana protiv koje\/kojih se predstavka podnosi;<\/p>\n<p style=\"padding-left: 40px;\">(e) sa\u017eetu i \u010ditku izjavu o \u010dinjenicama;<\/p>\n<p style=\"padding-left: 40px;\">(f) sa\u017eetu i \u010ditku izjavu o navodnom kr\u0161enju Konvencije s odgovaraju\u0107im obrazlo\u017eenjem; i<\/p>\n<p style=\"padding-left: 40px;\">(g) sa\u017eetu i \u010ditku izjavu o ispunjenju uslova prihvatljivosti utvr\u0111enih <a title=\"\u010clan 35. Konvencije o za\u0161titi ljudskih prava i osnovnih sloboda\" href=\"https:\/\/europeancourt.org\/bs\/dokumenti\/vije%c4%87e-evrope\/evropska-konvencija-o-ljudskim-pravima\/#%C4%8Dlan-35\">\u010dlanom 35. stav 1. Konvencije<\/a>.<\/p>\n<p>2.<\/p>\n<p style=\"padding-left: 40px;\">(a) Sve informacije navedene u stavu 1. (e) do (g) u odgovaraju\u0107em dijelu predstavke bi trebale biti dovoljne Sudu da mo\u017ee odrediti prirodu i predmet predstavke bez uvida u druga dokumenta.<\/p>\n<p style=\"padding-left: 40px;\">(b) Me\u0111utim, podnositelj predstavke mo\u017ee dopuniti informacije dodatnim detaljima o \u010dinjenicama, navodnom kr\u0161enju Konvencije i relevantnim argumentima koje \u0107e prilo\u017eiti uz obrazac predstavke. Ovi prilozi ne smiju biti du\u017ei od 20 strana.<\/p>\n<p>3.1. Podnositelj predstavke ili zastupnik podnositelja predstavke treba potpisati obrazac predstavke, a uz njega se prila\u017eu i: <\/p>\n<p style=\"padding-left: 40px;\">(a) kopije dokumenata koji se odnose na o\u017ealbene odluke (sudske ili kakve druge);<\/p>\n<p style=\"padding-left: 40px;\">(b) kopije dokumenata i odluka koje pokazuju da se podnositelj predstavke pridr\u017eavao pravila o iscrpljivanju doma\u0107ih pravnih lijekova kao i po\u0161tovanju roka propisanim <a title=\"\u010clan 35. Konvencije o za\u0161titi ljudskih prava i osnovnih sloboda\" href=\"https:\/\/europeancourt.org\/bs\/dokumenti\/vije%c4%87e-evrope\/evropska-konvencija-o-ljudskim-pravima\/#%C4%8Dlan-35\">\u010dlanom 35. stav 1. Konvencije<\/a>;<\/p>\n<p style=\"padding-left: 40px;\">(c) ukoliko postoje, kopije dokumenata koje se odnose na sve druge procedure me\u0111unarodne istrage ili poravnanja;<\/p>\n<p style=\"padding-left: 40px;\">(d) ukoliko je podnositelj predstavke pravno lice, prema Pravilu 47. stav 1. (a), dokument ili dokumenta koja pokazuju da je osoba koja podnosi predstavku ovla\u0161tena da zastupa podnositelja.<\/p>\n<p>3.2. Dokumenti koji se prila\u017eu moraju biti poredani hronolo\u0161ki po datumu, pravilno numerisani i jasno ozna\u010deni.<\/p>\n<p>4. Podnositelji predstavke koji ne \u017eele da njihov identitet bude dostupan javnosti, moraju to izri\u010dito nazna\u010diti, te navesti razloge za odstupanje od standardne procedure o slobodnom pristupu informacijama u postupku pred Sudom. Sud odlu\u010duje da li \u0107e prihvatiti ovaj zahtjev, a to mo\u017ee u\u010diniti i po slu\u017ebenoj du\u017enosti.<\/p>\n<p>5.1. Neispunjenje uslova navedenih u stavovima 1. do 3. ovog Pravila \u0107e imati za posljedicu da Sud odbije razmatranje predstavke, osim u sljede\u0107im slu\u010dajevima:<\/p>\n<p style=\"padding-left: 40px;\">(a) ako podnositelj predstavke dostavi odgovaraju\u0107e obja\u0161njenje za odstupanje od pravila;<\/p>\n<p style=\"padding-left: 40px;\">(b) ako se predstavka odnosi na zahtjev za privremenu mjeru;<\/p>\n<p style=\"padding-left: 40px;\">(c) ako Sud sam ili na zahtjev podnositelja predstavke odlu\u010di druga\u010dije.<\/p>\n<p>5.2. Sud svakako mo\u017ee tra\u017eiti od podnositelja predstavke da u okviru odre\u0111enog vremenskog roka dostavi informacije ili dokumente u bilo kojoj formi ili na bilo koji na\u010din koji se mo\u017ee smatrati odgovaraju\u0107im.<\/p>\n<p>6.<\/p>\n<p style=\"padding-left: 40px;\">(a) Datumom podno\u0161enja predstavke, za potrebe <a title=\"\u010clan 35. Konvencije o za\u0161titi ljudskih prava i osnovnih sloboda\" href=\"https:\/\/europeancourt.org\/bs\/dokumenti\/vije%c4%87e-evrope\/evropska-konvencija-o-ljudskim-pravima\/#%C4%8Dlan-35\">\u010dlana 35. stava 1. Konvencije<\/a>, smatra se dan kada je obrazac predstavke koji ispunjava sve zahtjeve ovog Pravila poslat Sudu. Za datum po\u0161iljke uzima se datum sa po\u0161tanskog \u017eiga.<\/p>\n<p style=\"padding-left: 40px;\">(b) Me\u0111utim, ukoliko to smatra opravdanim, Sud mo\u017ee odlu\u010diti da se neki drugi datum smatra datumom podno\u0161enja predstavke.<\/p>\n<p>7. Podnositelji moraju obavje\u0161tavati Sud o svakoj promjeni adrese i o svim za predstavku relevantnim okolnostima.<\/p>\n__________\n<p id=\"fn1\"><sup>1<\/sup> Prema izmjenama usvojenim od strane Suda 17. juna i 8. jula 2002, zatim 11. decembra 2007, 22. septembra 2008, 6. maja 2013, 1. juna i 5. oktobra 2015, i 18. januara 2024. godine.<\/p>","protected":false},"excerpt":{"rendered":"Pravila Suda Pravilo 471 \u2013 Sadr\u017eaj pojedina\u010dne predstavke 1. Svaka predstavka podnijeta na osnovu \u010dlana 34. Konvencije, sastavlja se na obrascu predstavke koji obezbje\u0111uje Sekretarijat, osim ako Sud ne odlu\u010di druga\u010dije. Ona treba sadr\u017eavati&#46;&#46;&#46;","protected":false},"author":1,"featured_media":188901,"parent":147346,"menu_order":0,"comment_status":"closed","ping_status":"closed","template":"","meta":{"footnotes":""},"categories":[],"tags":[],"class_list":["post-147417","page","type-page","status-publish","has-post-thumbnail","hentry"],"_links":{"self":[{"href":"https:\/\/europeancourt.org\/bs\/wp-json\/wp\/v2\/pages\/147417","targetHints":{"allow":["GET"]}}],"collection":[{"href":"https:\/\/europeancourt.org\/bs\/wp-json\/wp\/v2\/pages"}],"about":[{"href":"https:\/\/europeancourt.org\/bs\/wp-json\/wp\/v2\/types\/page"}],"author":[{"embeddable":true,"href":"https:\/\/europeancourt.org\/bs\/wp-json\/wp\/v2\/users\/1"}],"replies":[{"embeddable":true,"href":"https:\/\/europeancourt.org\/bs\/wp-json\/wp\/v2\/comments?post=147417"}],"version-history":[{"count":0,"href":"https:\/\/europeancourt.org\/bs\/wp-json\/wp\/v2\/pages\/147417\/revisions"}],"up":[{"embeddable":true,"href":"https:\/\/europeancourt.org\/bs\/wp-json\/wp\/v2\/pages\/147346"}],"wp:featuredmedia":[{"embeddable":true,"href":"https:\/\/europeancourt.org\/bs\/wp-json\/wp\/v2\/media\/188901"}],"wp:attachment":[{"href":"https:\/\/europeancourt.org\/bs\/wp-json\/wp\/v2\/media?parent=147417"}],"wp:term":[{"taxonomy":"category","embeddable":true,"href":"https:\/\/europeancourt.org\/bs\/wp-json\/wp\/v2\/categories?post=147417"},{"taxonomy":"post_tag","embeddable":true,"href":"https:\/\/europeancourt.org\/bs\/wp-json\/wp\/v2\/tags?post=147417"}],"curies":[{"name":"wp","href":"https:\/\/api.w.org\/{rel}","templated":true}]}}