{"id":176216,"date":"2022-06-28T15:55:16","date_gmt":"2022-06-28T13:55:16","guid":{"rendered":"https:\/\/europeancourt.org\/dokumenti\/vije%c4%87e-evrope\/esljp\/obrazac-predstavke\/"},"modified":"2024-06-10T23:41:59","modified_gmt":"2024-06-10T21:41:59","slug":"obrazac-predstavke","status":"publish","type":"page","link":"https:\/\/europeancourt.org\/bs\/dokumenti\/vije%c4%87e-evrope\/esljp\/obrazac-predstavke\/","title":{"rendered":"Obrazac predstavke Evropskom sudu za ljudska prava"},"content":{"rendered":"<p>Obrazac predstavke mo\u017eete ispravno koristiti samo ukoliko na va\u0161em ra\u010dunaru postoji program Adobe Reader 9 ili njegove novije verzije, podr\u017eane isklju\u010divo Windows i Mac OS X operativnim sistemima. Molimo vas da provjerite da li na va\u0161em ra\u010dunaru imate instaliran program Adobe Reader (preuzimanje je <a href=\"https:\/\/get.adobe.com\/reader\/\" title=\"Adobe Reader\" target=\"_blank\" rel=\"noopener\">dostupno na www.adobe.com<\/a>).<\/p>\n<ul>\n<li>Sa\u010duvajte obrazac na va\u0161em ra\u010dunaru na izabranom mjestu.<\/li>\n<li>Otvorite sa\u010duvanu kopiju obrasca u Adobe Reader verziji.<\/li>\n<li>Popunite obrazac i sa\u010duvajte ga.<\/li>\n<li>Od\u0161tampajte popunjeni obrazac, potpi\u0161ite ga i po\u0161aljite Sudu putem redovne po\u0161te.<\/li>\n<\/ul>\n<p style=\"text-align:center\"><a title=\"Obrazac predstavke Evropskom sudu za ljudska prava\" href=\"https:\/\/europeancourt.org\/downloads\/bs\/Obrazac_predstavke_sudu_za_ljudska_prava_BOS_2022-2.PDF\" class=\"extlinkoff mybrightbutton red\" download=\"\">Skinuti <i class=\"fas fa-download\"><\/i><\/a><\/p>\n<iframe class=\"wonderplugin-pdf-iframe\" src=\"https:\/\/europeancourt.org\/wp-content\/plugins\/wonderplugin-pdf-embed\/pdfjs\/web\/viewer.html?v=2&disabledownload=1&disableprint=1&disabledoc=1&disableopenfile=1&externallinktarget=2&file=https:\/\/europeancourt.org\/noindex\/AppF_BOS_2022-2.pdf\" title=\"Obrazac predstavke Evropskom sudu za ljudska prava\" width=\"100%\" height=\"900px\" style=\"border:0\"><\/iframe>\n","protected":false},"excerpt":{"rendered":"Obrazac predstavke mo\u017eete ispravno koristiti samo ukoliko na va\u0161em ra\u010dunaru postoji program Adobe Reader 9 ili njegove novije verzije, podr\u017eane isklju\u010divo Windows i Mac OS X operativnim sistemima. Molimo vas da provjerite da li&#46;&#46;&#46;","protected":false},"author":1,"featured_media":191913,"parent":147346,"menu_order":0,"comment_status":"closed","ping_status":"closed","template":"","meta":{"footnotes":""},"categories":[],"tags":[],"class_list":["post-176216","page","type-page","status-publish","has-post-thumbnail","hentry"],"_links":{"self":[{"href":"https:\/\/europeancourt.org\/bs\/wp-json\/wp\/v2\/pages\/176216","targetHints":{"allow":["GET"]}}],"collection":[{"href":"https:\/\/europeancourt.org\/bs\/wp-json\/wp\/v2\/pages"}],"about":[{"href":"https:\/\/europeancourt.org\/bs\/wp-json\/wp\/v2\/types\/page"}],"author":[{"embeddable":true,"href":"https:\/\/europeancourt.org\/bs\/wp-json\/wp\/v2\/users\/1"}],"replies":[{"embeddable":true,"href":"https:\/\/europeancourt.org\/bs\/wp-json\/wp\/v2\/comments?post=176216"}],"version-history":[{"count":0,"href":"https:\/\/europeancourt.org\/bs\/wp-json\/wp\/v2\/pages\/176216\/revisions"}],"up":[{"embeddable":true,"href":"https:\/\/europeancourt.org\/bs\/wp-json\/wp\/v2\/pages\/147346"}],"wp:featuredmedia":[{"embeddable":true,"href":"https:\/\/europeancourt.org\/bs\/wp-json\/wp\/v2\/media\/191913"}],"wp:attachment":[{"href":"https:\/\/europeancourt.org\/bs\/wp-json\/wp\/v2\/media?parent=176216"}],"wp:term":[{"taxonomy":"category","embeddable":true,"href":"https:\/\/europeancourt.org\/bs\/wp-json\/wp\/v2\/categories?post=176216"},{"taxonomy":"post_tag","embeddable":true,"href":"https:\/\/europeancourt.org\/bs\/wp-json\/wp\/v2\/tags?post=176216"}],"curies":[{"name":"wp","href":"https:\/\/api.w.org\/{rel}","templated":true}]}}