{"id":223358,"date":"2021-10-07T00:26:31","date_gmt":"2021-10-06T22:26:31","guid":{"rendered":"https:\/\/europeancourt.org\/?page_id=223358"},"modified":"2025-11-29T10:56:16","modified_gmt":"2025-11-29T09:56:16","slug":"prona%c4%87i-broj-predstavke-registraciju-ili-odluku","status":"publish","type":"page","link":"https:\/\/europeancourt.org\/bs\/usluge\/esljp\/prona%c4%87i-broj-predstavke-registraciju-ili-odluku\/","title":{"rendered":"Prona\u0107i broj predstavke ESLJP-a, registraciju ili odluku"},"content":{"rendered":"<div class=\"mywpcf7cf myshow myhide\">Znate li broj predstavke o kojoj je rije\u010d?<\/div>\r\n<div class=\"mywpcf7cf myshow myhide\">\r\n  <span class=\"mymultyradiobutton blue\">\r\n    <span class=\"wpcf7-list-item wpcf7\">\r\n      <label><input type=\"radio\"><span class=\"wpcf7-list-item-label\">Da<\/span><\/label>\r\n    <\/span>\r\n  <\/span>\r\n  <span class=\"mymultyradiobutton blue\">\r\n    <span class=\"wpcf7-list-item wpcf7\">\r\n      <label><input type=\"radio\"><span class=\"wpcf7-list-item-label\">Ne<\/span><\/label>\r\n    <\/span>\r\n  <\/span>\r\n<\/div>\r\n<div class=\"mywpcf7cf-blueleft myshow myhide\">\r\n  <span class=\"mycustomsummary\">\u0160ta je broj predstavke?<\/span>\r\n  <span class=\"mycustomdetails\">\r\n    <span class=\"vlist\">\r\n      <span class=\"vitem\">Broj predstavke navodi se u svakom pismu iz ESLJP-a za predstavku koja je registrovana, odmah nakon rije\u010di \u201eBroj predmeta\u201d i prije naziva predmeta. U korespondenciji na engleskom pi\u0161e \u201eApplication no.\u201d, na francuskom pi\u0161e \u201eRequ\u00eate n\u00b0\u201d.<\/span>\r\n      <span class=\"vitem\">Format broja predstavke: BROJ\/GODINA, npr. 123\/14. Samo cifre i kosa crta nagnuta udesno: \u201e\/\u201d, bez razmaka.<\/span>\r\n      <span class=\"vitem\">Broj istog formata u pismu ESLJP-a o neuskla\u0111enosti obrasca predstavke sa zahtjevima nije broj predstavke. Taj broj mo\u017ee postati broj predstavke tek nakon \u0161to ESLJP primi novi obrazac predstavke koji ispunjava zahtjeve i registruje predstavku. U takvom pismu ne navodi se naziv predmeta jer predstavka nije registrovana, a obi\u010dno se navodi kod ECHR-Axxx6, gdje \u201exxx\u201d ozna\u010dava jezik pisma.<\/span>\r\n    <\/span>\r\n  <\/span>\r\n<\/div>\r\n<div class=\"mywpcf7cf myshow myhide mywpcf7cf-utility\">\r\n  <div class=\"mybutton red not-in-text-button is-disabled\" aria-disabled=\"true\">Po\u010dni ispo\u010detka<\/div>\r\n  <a class=\"mybutton red not-in-text-button\" href=\"mailto:oleg.anishchik@europeancourt.org?subject=Prona\u0107i broj predstavke ESLJP-a, registraciju ili odluku: gre\u0161ka&#038;body=Opis gre\u0161ke: \">Prijavi gre\u0161ku<\/a>\r\n<\/div>\r\n<div id=\"ajax_content\"><\/div>","protected":false},"excerpt":{"rendered":"Znate li broj predstavke o kojoj je rije\u010d? Da Ne \u0160ta je broj predstavke? Broj predstavke navodi se u svakom pismu iz ESLJP-a za predstavku koja je registrovana, odmah nakon rije\u010di \u201eBroj predmeta\u201d i&#46;&#46;&#46;","protected":false},"author":1,"featured_media":223374,"parent":222203,"menu_order":0,"comment_status":"closed","ping_status":"closed","template":"","meta":{"footnotes":""},"categories":[],"tags":[],"class_list":["post-223358","page","type-page","status-publish","has-post-thumbnail","hentry"],"_links":{"self":[{"href":"https:\/\/europeancourt.org\/bs\/wp-json\/wp\/v2\/pages\/223358","targetHints":{"allow":["GET"]}}],"collection":[{"href":"https:\/\/europeancourt.org\/bs\/wp-json\/wp\/v2\/pages"}],"about":[{"href":"https:\/\/europeancourt.org\/bs\/wp-json\/wp\/v2\/types\/page"}],"author":[{"embeddable":true,"href":"https:\/\/europeancourt.org\/bs\/wp-json\/wp\/v2\/users\/1"}],"replies":[{"embeddable":true,"href":"https:\/\/europeancourt.org\/bs\/wp-json\/wp\/v2\/comments?post=223358"}],"version-history":[{"count":1,"href":"https:\/\/europeancourt.org\/bs\/wp-json\/wp\/v2\/pages\/223358\/revisions"}],"predecessor-version":[{"id":223360,"href":"https:\/\/europeancourt.org\/bs\/wp-json\/wp\/v2\/pages\/223358\/revisions\/223360"}],"up":[{"embeddable":true,"href":"https:\/\/europeancourt.org\/bs\/wp-json\/wp\/v2\/pages\/222203"}],"wp:featuredmedia":[{"embeddable":true,"href":"https:\/\/europeancourt.org\/bs\/wp-json\/wp\/v2\/media\/223374"}],"wp:attachment":[{"href":"https:\/\/europeancourt.org\/bs\/wp-json\/wp\/v2\/media?parent=223358"}],"wp:term":[{"taxonomy":"category","embeddable":true,"href":"https:\/\/europeancourt.org\/bs\/wp-json\/wp\/v2\/categories?post=223358"},{"taxonomy":"post_tag","embeddable":true,"href":"https:\/\/europeancourt.org\/bs\/wp-json\/wp\/v2\/tags?post=223358"}],"curies":[{"name":"wp","href":"https:\/\/api.w.org\/{rel}","templated":true}]}}