{"id":225205,"date":"2026-04-26T14:47:47","date_gmt":"2026-04-26T12:47:47","guid":{"rendered":"https:\/\/europeancourt.org\/usluge\/esljp\/priprema-predstavk%d0%b5-esljp-u\/"},"modified":"2026-04-26T16:56:43","modified_gmt":"2026-04-26T14:56:43","slug":"priprema-predstavk%d0%b5-esljp-u","status":"publish","type":"page","link":"https:\/\/europeancourt.org\/bs\/usluge\/esljp\/priprema-predstavk%d0%b5-esljp-u\/","title":{"rendered":"Priprema predstavk\u0435 ESLJP-u"},"content":{"rendered":"<div id=\"ec-preparation-page\" class=\"ec-service-page ec-service-preparation\" data-service=\"preparation\">\n<div class=\"ec-service-screen ec-service-screen-1\">\n<div class=\"mywpcf7cf myshow myhide\">Cijena pripreme predstavke za ESLJP zavisi od vremena potrebnog za taj posao. Raspon je vrlo \u0161irok: od nekoliko stotina eura, kada se sve mo\u017ee zavr\u0161iti za dva-tri sata, do 10.000 eura i vi\u0161e, kada su potrebne desetine sati. To vrijeme je potrebno za prou\u010davanje dokumenata, izdvajanje klju\u010dnih \u010dinjenica, odabir i analizu cjelokupne aktuelne prakse ESLJP-a o osnovanosti i prihvatljivosti u odnosu na svaku mogu\u0107u pritu\u017ebu, formulisanje samih pritu\u017ebi na toj osnovi, obrazlaganje svakog navodnog kr\u0161enja i ispunjenosti uslova prihvatljivosti za svaku pritu\u017ebu te, na kraju, za kratko i jasno izlaganje svega toga u obrascu predstavke, bez protivrje\u010dnosti.<\/div>\n<div class=\"mywpcf7cf myshow myhide\">Koliko \u0107e vremena biti potrebno ba\u0161 u va\u0161em slu\u010daju i, prema tome, koliko \u0107e ko\u0161tati priprema predstavke, mogu odrediti samo na osnovu dokumenata. Dostavite sve odluke na koje se \u017eelite \u017ealiti i druge dokumente u kojima su navedene mjere na koje se \u017eelite \u017ealiti, sve podneske upu\u0107ene doma\u0107im organima vlasti, uklju\u010duju\u0107i sudove, u kojima su te pritu\u017ebe su\u0161tinski iznesene, kao i sve odluke po tim podnescima. Ako ve\u0107 imate sve materijale predmeta u elektronskom obliku, najbolje je da ih dostavite sve odjednom. Ne brinite ako po\u0161aljete i suvi\u0161ne dokumente ili ako ne\u0161to ne prilo\u017eite: ako mi nakon pregleda onoga \u0161to ste poslali budu potrebni dodatni dokumenti, zatra\u017eit \u0107u ih od vas.<\/div>\n<div class=\"mywpcf7cf myshow myhide\">Na zahtjev za cijenu pripreme predstavke obi\u010dno odgovaram u roku od jedne sedmice nakon \u0161to dobijem sve potrebne dokumente i informacije. Ako rok za obra\u0107anje ESLJP-u isti\u010de u narednim danima, pi\u0161ite mi i pitajte mogu li va\u0161 zahtjev razmotriti hitno. Obe\u0107avam da \u0107u na takvu poruku odgovoriti u roku od 24 sata. Ako potvrdim da mogu i ako odmah dostavite potrebne dokumente i informacije, obe\u0107avam da \u0107u svoj zaklju\u010dak o cijeni saop\u0107iti u narednih 48 sati.<\/div>\n<div class=\"mywpcf7cf myshow myhide\">Ako zaklju\u010dim da postoje razumni izgledi za obra\u0107anje ESLJP-u, saop\u0107it \u0107u vam ta\u010dnu cijenu pripreme predstavke, uzimaju\u0107i u obzir pritu\u017ebe koje ima smisla iznijeti, a vrlo kratko \u0107u navesti na \u0161ta se nema smisla \u017ealiti. Istovremeno \u0107u vam poslati ugovor za pripremu predstavke. Uslugu mo\u017eete platiti bankovnim transferom na moj ra\u010dun u \u0160vicarskoj ili drugim na\u010dinima, zavisno od zemlje iz koje se pla\u0107a. Rok za pripremu predstavke uvijek \u0107e biti takav da se predstavka mo\u017ee podnijeti ESLJP-u u okviru roka za obra\u0107anje. Po zavr\u0161etku rada e-po\u0161tom \u0107ete dobiti popunjen obrazac predstavke, priloge pripremljene za slanje i obja\u0161njenja kako sve to pravilno od\u0161tampati, potpisati i poslati ESLJP-u. Zastupanje pred ESLJP-om i svaki drugi rad na predmetu nisu uklju\u010deni u cijenu pripreme predstavke. Ako zaklju\u010dim da ne postoje razumni izgledi za obra\u0107anje ESLJP-u, saop\u0107it \u0107u vam samo to.<\/div>\n<div class=\"mywpcf7cf myshow myhide\">Ova usluga o\u010digledno nije za vas ako se na vas odnosi bilo koja od sljede\u0107ih tvrdnji:<\/div>\n<ul class=\"myshow myhide ec-service-blocker-list\"><li><label><input type=\"checkbox\" class=\"ec-service-blocker\" \/><span>Ve\u0107 imam popunjen obrazac predstavke i treba mi samo provjera gre\u0161aka.<\/span><\/label><\/li>\n<li><label><input type=\"checkbox\" class=\"ec-service-blocker\" \/><span>Nisam spreman\/spremna dostaviti sve potrebne dokumente u predmetu.<\/span><\/label><\/li>\n<li><label><input type=\"checkbox\" class=\"ec-service-blocker\" \/><span>O\u010dekujem da dobijem detaljna obja\u0161njenja za svaku svoju pritu\u017ebu, \u010dak i ako za nju ne budu postojali razumni izgledi za obra\u0107anje ESLJP-u.<\/span><\/label><\/li>\n<li><label><input type=\"checkbox\" class=\"ec-service-blocker\" \/><span>Ra\u010dunam na to da \u0107e predstavka biti pripremljena \u010dak i ako ne budu postojali razumni izgledi za obra\u0107anje ESLJP-u.<\/span><\/label><\/li>\n<li><label><input type=\"checkbox\" class=\"ec-service-blocker\" \/><span>Po broju svojih pritu\u017ebi i obimu dokumenata koje ve\u0107 imam u predmetu o\u010digledno mi je da \u0107e za pripremu predstavke biti potrebno znatno vi\u0161e vremena nego \u0161to sam spreman\/spremna platiti.<\/span><\/label><\/li>\n<li><label><input type=\"checkbox\" class=\"ec-service-blocker\" \/><span>Mogu samostalno popuniti obrazac predstavke u skladu sa svim zahtjevima ESLJP-a i u njemu izlo\u017eiti sve klju\u010dne \u010dinjenice, navodna kr\u0161enja i informacije o ispunjenju uslova prihvatljivosti za svako od njih, u potpunom skladu s materijalima predmeta i aktuelnom praksom ESLJP-a primjenjivom na moj predmet.<\/span><\/label><\/li><\/ul>\n<div class=\"mywpcf7cf myshow myhide\"><button type=\"button\" class=\"mybutton blue\" id=\"load_ajax_form\" data-ec-service-load=\"preparation\" data-blocked-message=\"Dok je ozna\u010dena bilo koja od ovih tvrdnji, ne\u0107ete mo\u0107i nastaviti. Ako ste neku tvrdnju ozna\u010dili slu\u010dajno, uklonite oznaku.\">Dostavite dokumente<\/button><\/div>\n<div class=\"mywpcf7cf myshow myhide\"><a class=\"mybutton blue not-in-text-button\" href=\"mailto:oleg.anishchik@europeancourt.org?subject=\u017delim razjasniti uslove\">\u017delim razjasniti uslove<\/a><\/div>\n<div id=\"ec-service-load-status\" class=\"ec-service-load-status\" aria-live=\"polite\"><\/div>\n<\/div>\n<div id=\"ajax_content\"><\/div>\n<\/div>\n<script>\n(function(){\n  if (window.ecServiceBlockerGuardReady) return;\n  window.ecServiceBlockerGuardReady = true;\n  document.addEventListener('click', function(event) {\n    var button = event.target && event.target.closest ? event.target.closest('[data-ec-service-load]') : null;\n    if (!button) return;\n    var root = button.closest('.ec-service-page');\n    if (!root || !root.querySelector('.ec-service-blocker:checked')) return;\n    event.preventDefault();\n    event.stopPropagation();\n    if (event.stopImmediatePropagation) event.stopImmediatePropagation();\n    var status = root.querySelector('.ec-service-load-status');\n    if (status) status.textContent = button.getAttribute('data-blocked-message') || '';\n  }, true);\n})();\n<\/script>","protected":false},"excerpt":{"rendered":"Cijena pripreme predstavke za ESLJP zavisi od vremena potrebnog za taj posao. Raspon je vrlo \u0161irok: od nekoliko stotina eura, kada se sve mo\u017ee zavr\u0161iti za dva-tri sata, do 10.000 eura i vi\u0161e, kada&#46;&#46;&#46;","protected":false},"author":0,"featured_media":0,"parent":222203,"menu_order":0,"comment_status":"closed","ping_status":"closed","template":"","meta":{"footnotes":""},"categories":[],"tags":[],"class_list":["post-225205","page","type-page","status-publish","hentry"],"_links":{"self":[{"href":"https:\/\/europeancourt.org\/bs\/wp-json\/wp\/v2\/pages\/225205","targetHints":{"allow":["GET"]}}],"collection":[{"href":"https:\/\/europeancourt.org\/bs\/wp-json\/wp\/v2\/pages"}],"about":[{"href":"https:\/\/europeancourt.org\/bs\/wp-json\/wp\/v2\/types\/page"}],"replies":[{"embeddable":true,"href":"https:\/\/europeancourt.org\/bs\/wp-json\/wp\/v2\/comments?post=225205"}],"version-history":[{"count":1,"href":"https:\/\/europeancourt.org\/bs\/wp-json\/wp\/v2\/pages\/225205\/revisions"}],"predecessor-version":[{"id":225561,"href":"https:\/\/europeancourt.org\/bs\/wp-json\/wp\/v2\/pages\/225205\/revisions\/225561"}],"up":[{"embeddable":true,"href":"https:\/\/europeancourt.org\/bs\/wp-json\/wp\/v2\/pages\/222203"}],"wp:attachment":[{"href":"https:\/\/europeancourt.org\/bs\/wp-json\/wp\/v2\/media?parent=225205"}],"wp:term":[{"taxonomy":"category","embeddable":true,"href":"https:\/\/europeancourt.org\/bs\/wp-json\/wp\/v2\/categories?post=225205"},{"taxonomy":"post_tag","embeddable":true,"href":"https:\/\/europeancourt.org\/bs\/wp-json\/wp\/v2\/tags?post=225205"}],"curies":[{"name":"wp","href":"https:\/\/api.w.org\/{rel}","templated":true}]}}