{"id":225209,"date":"2026-04-26T14:48:47","date_gmt":"2026-04-26T12:48:47","guid":{"rendered":"https:\/\/europeancourt.org\/usluge\/esljp\/zastupljenost-podnosilaca-predstavk%d0%b5-pred-esljp\/"},"modified":"2026-04-26T16:56:44","modified_gmt":"2026-04-26T14:56:44","slug":"zastupljenost-podnosilaca-predstavk%d0%b5-pred-esljp","status":"publish","type":"page","link":"https:\/\/europeancourt.org\/bs\/usluge\/esljp\/zastupljenost-podnosilaca-predstavk%d0%b5-pred-esljp\/","title":{"rendered":"Zastupljenost podnosilaca predstavk\u0435 pred ESLJP"},"content":{"rendered":"<div id=\"ec-representation-page\" class=\"ec-service-page ec-service-representation\" data-service=\"representation\">\n<div class=\"ec-service-screen ec-service-screen-1\">\n<div class=\"mywpcf7cf myshow myhide\">Ova usluga dostupna je samo za predstavke o kojima je ESLJP ve\u0107 obavijestio vladu tu\u017eene dr\u017eave i u kojima je podnositelju predstavke saop\u0107io da treba dostaviti pismena izja\u0161njenja.<\/div>\n<div class=\"mywpcf7cf myshow myhide\">Cijena zastupanja pred ESLJP-om zavisi od toga koliko \u0107e vremena biti potrebno za pripremu odgovora na pitanja ESLJP-a, osporavanje navoda vlade tu\u017eene dr\u017eave i, po potrebi, poja\u0161njenja \u010dinjenica i pripremu zahtjeva za pravi\u010dno zadovoljenje. Raspon je vrlo \u0161irok: od nekoliko stotina eura kada se sve mo\u017ee zavr\u0161iti za dva-tri sata, do 10.000 eura i vi\u0161e kada su potrebne desetine sati.<\/div>\n<div class=\"mywpcf7cf myshow myhide\">Koliko \u0107e vremena biti potrebno ba\u0161 u va\u0161em slu\u010daju i, prema tome, koliko \u0107e ko\u0161tati zastupanje, mogu odrediti samo na osnovu dokumenata. Dostavite predstavku sa svim prilozima, kao i sve \u0161to je dodatno poslano ESLJP-u u vezi s njom i sve \u0161to ste primili od ESLJP-a. Ako mi budu potrebni dodatni dokumenti, zatra\u017eit \u0107u ih od vas.<\/div>\n<div class=\"mywpcf7cf myshow myhide\">Na zahtjev za cijenu zastupanja pred ESLJP-om obi\u010dno odgovaram u roku od jedne sedmice nakon \u0161to dobijem sve potrebne dokumente i informacije. Ako rok koji je ESLJP odredio za dostavljanje pismenih izja\u0161njenja ili drugih materijala isti\u010de u narednim danima, pi\u0161ite mi i pitajte mogu li va\u0161 zahtjev razmotriti hitno. Obe\u0107avam da \u0107u na takvu poruku odgovoriti u roku od 24 sata. Ako potvrdim da mogu i ako odmah dostavite potrebne dokumente i informacije, obe\u0107avam da \u0107u svoj zaklju\u010dak o cijeni saop\u0107iti u narednih 48 sati.<\/div>\n<div class=\"mywpcf7cf myshow myhide\">Zajedno s obavje\u0161tenjem o cijeni usluge, da se ne gubi vrijeme, poslat \u0107u vam ugovor i popunjen obrazac punomo\u0107i za zastupanje pred ESLJP-om. Punomo\u0107 \u0107ete morati od\u0161tampati, potpisati i u papirnom obliku poslati po\u0161tom na moju adresu u Francuskoj. Uslugu mo\u017eete platiti bankovnim transferom na moj ra\u010dun u \u0160vicarskoj ili drugim na\u010dinima, zavisno od zemlje iz koje se pla\u0107a, nakon \u0161to pripremim dokumente za ESLJP. Ipak, bolje je platiti prije slanja dokumenata ESLJP-u, kako bi se uz zahtjeve za pravi\u010dno zadovoljenje mogao prilo\u017eiti dokaz o pla\u0107anju: tada je znatno lak\u0161e obrazlo\u017eiti zahtjev za naknadu ve\u0107 nastalih tro\u0161kova zastupanja podnositelja predstavke pred Sudom.<\/div>\n<div class=\"mywpcf7cf myshow myhide\">Ova usluga o\u010digledno nije za vas ako se na vas odnosi bilo koja od sljede\u0107ih tvrdnji:<\/div>\n<ul class=\"myshow myhide ec-service-blocker-list\"><li><label><input type=\"checkbox\" class=\"ec-service-blocker\" \/><span>ESLJP jo\u0161 nije obavijestio vladu tu\u017eene dr\u017eave o mojoj predstavci ili je to u\u010dinio bez zahtjeva za pismena izja\u0161njenja.<\/span><\/label><\/li>\n<li><label><input type=\"checkbox\" class=\"ec-service-blocker\" \/><span>Nisam spreman\/spremna dostaviti sve potrebne dokumente.<\/span><\/label><\/li>\n<li><label><input type=\"checkbox\" class=\"ec-service-blocker\" \/><span>Nisam spreman\/spremna od\u0161tampati, potpisati i po\u0161tom poslati punomo\u0107 u papirnom obliku.<\/span><\/label><\/li>\n<li><label><input type=\"checkbox\" class=\"ec-service-blocker\" \/><span>Nisam spreman\/spremna tokom rada odgovarati na dodatna pitanja i dostavljati dodatne dokumente ako budu potrebni.<\/span><\/label><\/li><\/ul>\n<div class=\"mywpcf7cf myshow myhide\"><button type=\"button\" class=\"mybutton blue\" id=\"load_ajax_form\" data-ec-service-load=\"representation\" data-blocked-message=\"Dok je ozna\u010dena bilo koja od ovih tvrdnji, ne\u0107ete mo\u0107i nastaviti. Ako ste neku tvrdnju ozna\u010dili slu\u010dajno, uklonite oznaku.\">Dostavite dokumente<\/button><\/div>\n<div class=\"mywpcf7cf myshow myhide\"><a class=\"mybutton blue not-in-text-button\" href=\"mailto:oleg.anishchik@europeancourt.org?subject=\u017delim razjasniti uslove\">\u017delim razjasniti uslove<\/a><\/div>\n<div id=\"ec-service-load-status\" class=\"ec-service-load-status\" aria-live=\"polite\"><\/div>\n<\/div>\n<div id=\"ajax_content\"><\/div>\n<\/div>\n<script>\n(function(){\n  if (window.ecServiceBlockerGuardReady) return;\n  window.ecServiceBlockerGuardReady = true;\n  document.addEventListener('click', function(event) {\n    var button = event.target && event.target.closest ? event.target.closest('[data-ec-service-load]') : null;\n    if (!button) return;\n    var root = button.closest('.ec-service-page');\n    if (!root || !root.querySelector('.ec-service-blocker:checked')) return;\n    event.preventDefault();\n    event.stopPropagation();\n    if (event.stopImmediatePropagation) event.stopImmediatePropagation();\n    var status = root.querySelector('.ec-service-load-status');\n    if (status) status.textContent = button.getAttribute('data-blocked-message') || '';\n  }, true);\n})();\n<\/script>","protected":false},"excerpt":{"rendered":"Ova usluga dostupna je samo za predstavke o kojima je ESLJP ve\u0107 obavijestio vladu tu\u017eene dr\u017eave i u kojima je podnositelju predstavke saop\u0107io da treba dostaviti pismena izja\u0161njenja. Cijena zastupanja pred ESLJP-om zavisi od&#46;&#46;&#46;","protected":false},"author":0,"featured_media":0,"parent":222203,"menu_order":0,"comment_status":"closed","ping_status":"closed","template":"","meta":{"footnotes":""},"categories":[],"tags":[],"class_list":["post-225209","page","type-page","status-publish","hentry"],"_links":{"self":[{"href":"https:\/\/europeancourt.org\/bs\/wp-json\/wp\/v2\/pages\/225209","targetHints":{"allow":["GET"]}}],"collection":[{"href":"https:\/\/europeancourt.org\/bs\/wp-json\/wp\/v2\/pages"}],"about":[{"href":"https:\/\/europeancourt.org\/bs\/wp-json\/wp\/v2\/types\/page"}],"replies":[{"embeddable":true,"href":"https:\/\/europeancourt.org\/bs\/wp-json\/wp\/v2\/comments?post=225209"}],"version-history":[{"count":1,"href":"https:\/\/europeancourt.org\/bs\/wp-json\/wp\/v2\/pages\/225209\/revisions"}],"predecessor-version":[{"id":225562,"href":"https:\/\/europeancourt.org\/bs\/wp-json\/wp\/v2\/pages\/225209\/revisions\/225562"}],"up":[{"embeddable":true,"href":"https:\/\/europeancourt.org\/bs\/wp-json\/wp\/v2\/pages\/222203"}],"wp:attachment":[{"href":"https:\/\/europeancourt.org\/bs\/wp-json\/wp\/v2\/media?parent=225209"}],"wp:term":[{"taxonomy":"category","embeddable":true,"href":"https:\/\/europeancourt.org\/bs\/wp-json\/wp\/v2\/categories?post=225209"},{"taxonomy":"post_tag","embeddable":true,"href":"https:\/\/europeancourt.org\/bs\/wp-json\/wp\/v2\/tags?post=225209"}],"curies":[{"name":"wp","href":"https:\/\/api.w.org\/{rel}","templated":true}]}}