{"id":225211,"date":"2026-04-26T14:48:59","date_gmt":"2026-04-26T12:48:59","guid":{"rendered":"https:\/\/europeancourt.org\/pravne-konsultacije-i-kontakti\/"},"modified":"2026-04-26T16:56:54","modified_gmt":"2026-04-26T14:56:54","slug":"pravne-konsultacije-i-kontakti","status":"publish","type":"page","link":"https:\/\/europeancourt.org\/bs\/pravne-konsultacije-i-kontakti\/","title":{"rendered":"Pravne konsultacije i kontakti"},"content":{"rendered":"<div class=\"mywpcf7cf myshow myhide\">Treba mi:<\/div>\n\n<div class=\"myshow myhide\"><span class=\"wpcf7-radio\"><span class=\"wpcf7-list-item\"><label><span class=\"wpcf7-list-item-label\">pripremiti predstavku za ESLJP<\/span><\/label><\/span><\/span><\/div>\n\n<div class=\"myshow myhide\"><span class=\"wpcf7-radio\"><span class=\"wpcf7-list-item\"><label><span class=\"wpcf7-list-item-label\">provjeriti ima li gre\u0161aka u obrascu predstavke prije slanja ESLJP-u<\/span><\/label><\/span><\/span><\/div>\n\n<div class=\"myshow myhide\"><span class=\"wpcf7-radio\"><span class=\"wpcf7-list-item\"><label><span class=\"wpcf7-list-item-label\">zastupanje podnositelja predstavke pred ESLJP-om nakon \u0161to je ESLJP obavijestio vladu tu\u017eene dr\u017eave o predstavci<\/span><\/label><\/span><\/span><\/div>\n\n<div class=\"myshow myhide\"><span class=\"wpcf7-radio\"><span class=\"wpcf7-list-item\"><label><span class=\"wpcf7-list-item-label\">saznati \u0161ta se desilo s predstavkom pred ESLJP-om<\/span><\/label><\/span><\/span><\/div>\n\n<div class=\"myshow myhide\"><span class=\"wpcf7-radio\"><span class=\"wpcf7-list-item\"><label><span class=\"wpcf7-list-item-label\">preuzeti obrazac predstavke za ESLJP<\/span><\/label><\/span><\/span><\/div>\n\n<div class=\"myshow myhide\"><span class=\"wpcf7-radio\"><span class=\"wpcf7-list-item\"><label><span class=\"wpcf7-list-item-label\">zatra\u017eiti konsultaciju<\/span><\/label><\/span><\/span><\/div>\n\n<div class=\"myshow myhide\"><span class=\"wpcf7-radio\"><span class=\"wpcf7-list-item\"><label><span class=\"wpcf7-list-item-label\">prikazati kontaktne podatke<\/span><\/label><\/span><\/span><\/div>\n<div id=\"ajax_content\"><\/div>","protected":false},"excerpt":{"rendered":"Treba mi: pripremiti predstavku za ESLJP provjeriti ima li gre\u0161aka u obrascu predstavke prije slanja ESLJP-u zastupanje podnositelja predstavke pred ESLJP-om nakon \u0161to je ESLJP obavijestio vladu tu\u017eene dr\u017eave o predstavci saznati \u0161ta se&#46;&#46;&#46;","protected":false},"author":0,"featured_media":0,"parent":0,"menu_order":0,"comment_status":"closed","ping_status":"closed","template":"","meta":{"footnotes":""},"categories":[],"tags":[],"class_list":["post-225211","page","type-page","status-publish","hentry"],"_links":{"self":[{"href":"https:\/\/europeancourt.org\/bs\/wp-json\/wp\/v2\/pages\/225211","targetHints":{"allow":["GET"]}}],"collection":[{"href":"https:\/\/europeancourt.org\/bs\/wp-json\/wp\/v2\/pages"}],"about":[{"href":"https:\/\/europeancourt.org\/bs\/wp-json\/wp\/v2\/types\/page"}],"replies":[{"embeddable":true,"href":"https:\/\/europeancourt.org\/bs\/wp-json\/wp\/v2\/comments?post=225211"}],"version-history":[{"count":3,"href":"https:\/\/europeancourt.org\/bs\/wp-json\/wp\/v2\/pages\/225211\/revisions"}],"predecessor-version":[{"id":225563,"href":"https:\/\/europeancourt.org\/bs\/wp-json\/wp\/v2\/pages\/225211\/revisions\/225563"}],"wp:attachment":[{"href":"https:\/\/europeancourt.org\/bs\/wp-json\/wp\/v2\/media?parent=225211"}],"wp:term":[{"taxonomy":"category","embeddable":true,"href":"https:\/\/europeancourt.org\/bs\/wp-json\/wp\/v2\/categories?post=225211"},{"taxonomy":"post_tag","embeddable":true,"href":"https:\/\/europeancourt.org\/bs\/wp-json\/wp\/v2\/tags?post=225211"}],"curies":[{"name":"wp","href":"https:\/\/api.w.org\/{rel}","templated":true}]}}