{"id":147351,"date":"2022-06-23T10:51:39","date_gmt":"2022-06-23T08:51:39","guid":{"rendered":"https:\/\/europeancourt.org\/en\/documents\/consell-deuropa\/tedh\/"},"modified":"2024-06-25T16:13:43","modified_gmt":"2024-06-25T14:13:43","slug":"tedh","status":"publish","type":"page","link":"https:\/\/europeancourt.org\/ca\/documents\/consell-deuropa\/tedh\/","title":{"rendered":"TEDH"},"content":{"rendered":"<ul> \n<li><a href=\"https:\/\/europeancourt.org\/ca\/documents\/consell-deuropa\/tedh\/reglament-article-47\/\" title=\"Article 47 del Reglament del Tribunal Europeu de Drets Humans\">Reglament del Tribunal \u2013 Article 47<\/a><\/li>\n<li><a href=\"https:\/\/europeancourt.org\/en\/documents\/council-of-europe\/echr\/practice-directions-institution-of-proceedings\/\" title=\"Introducci\u00f3 de la inst\u00e0ncia \u2013 Instrucci\u00f3 pr\u00e0ctica\">Introducci\u00f3 de la inst\u00e0ncia \u2013 Instrucci\u00f3 pr\u00e0ctica<\/a><\/li>\n<li><a href=\"https:\/\/europeancourt.org\/ca\/documents\/consell-deuropa\/tedh\/formulari-de-demanda\/\" title=\"Formulari de demanda al Tribunal Europeu de Drets Humans\">Formulari de demanda<\/a><\/li>\n<ul>\n<li><a href=\"https:\/\/europeancourt.org\/ca\/documents\/consell-deuropa\/tedh\/formulari-de-demanda\/com-omplir\/\" title=\"Com omplir el formulari de demanda\">Com omplir el formulari de demanda<\/a><\/li>\n<\/ul>\n<li><a href=\"https:\/\/europeancourt.org\/ca\/documents\/consell-deuropa\/tedh\/formulari-de-poder\/\" title=\"Formulari de poder per al Tribunal Europeu de Drets Humans\">Formulari de poder<\/a><\/li>\n<li><a href=\"https:\/\/europeancourt.org\/downloads\/ca\/Taulell_recapitulatiu_amb_els_noms_i_les_dades_de_cada_demandant_davant_el_TEDH_CAT.XLSX\" title=\"Taulell recapitulatiu amb els noms i les dades de cada demandant davant el Tribunal Europeu de Drets Humans\">Taula que s&#8217;utilitzar\u00e0 per als casos presentats per diversos demandants<\/a><\/li>\n<\/ul>","protected":false},"excerpt":{"rendered":"Reglament del Tribunal \u2013 Article 47 Introducci\u00f3 de la inst\u00e0ncia \u2013 Instrucci\u00f3 pr\u00e0ctica Formulari de demanda Com omplir el formulari de demanda Formulari de poder Taula que s&#8217;utilitzar\u00e0 per als casos presentats per diversos&#46;&#46;&#46;","protected":false},"author":1,"featured_media":192046,"parent":116100,"menu_order":0,"comment_status":"closed","ping_status":"closed","template":"","meta":{"footnotes":""},"categories":[],"tags":[],"class_list":["post-147351","page","type-page","status-publish","has-post-thumbnail","hentry"],"_links":{"self":[{"href":"https:\/\/europeancourt.org\/ca\/wp-json\/wp\/v2\/pages\/147351","targetHints":{"allow":["GET"]}}],"collection":[{"href":"https:\/\/europeancourt.org\/ca\/wp-json\/wp\/v2\/pages"}],"about":[{"href":"https:\/\/europeancourt.org\/ca\/wp-json\/wp\/v2\/types\/page"}],"author":[{"embeddable":true,"href":"https:\/\/europeancourt.org\/ca\/wp-json\/wp\/v2\/users\/1"}],"replies":[{"embeddable":true,"href":"https:\/\/europeancourt.org\/ca\/wp-json\/wp\/v2\/comments?post=147351"}],"version-history":[{"count":0,"href":"https:\/\/europeancourt.org\/ca\/wp-json\/wp\/v2\/pages\/147351\/revisions"}],"up":[{"embeddable":true,"href":"https:\/\/europeancourt.org\/ca\/wp-json\/wp\/v2\/pages\/116100"}],"wp:featuredmedia":[{"embeddable":true,"href":"https:\/\/europeancourt.org\/ca\/wp-json\/wp\/v2\/media\/192046"}],"wp:attachment":[{"href":"https:\/\/europeancourt.org\/ca\/wp-json\/wp\/v2\/media?parent=147351"}],"wp:term":[{"taxonomy":"category","embeddable":true,"href":"https:\/\/europeancourt.org\/ca\/wp-json\/wp\/v2\/categories?post=147351"},{"taxonomy":"post_tag","embeddable":true,"href":"https:\/\/europeancourt.org\/ca\/wp-json\/wp\/v2\/tags?post=147351"}],"curies":[{"name":"wp","href":"https:\/\/api.w.org\/{rel}","templated":true}]}}