{"id":147463,"date":"2022-07-02T14:27:20","date_gmt":"2022-07-02T12:27:20","guid":{"rendered":"https:\/\/europeancourt.org\/en\/documents\/consell-deuropa\/tedh\/reglament-article-47\/"},"modified":"2025-10-05T12:00:15","modified_gmt":"2025-10-05T12:00:15","slug":"reglament-article-47","status":"publish","type":"page","link":"https:\/\/europeancourt.org\/ca\/documents\/consell-deuropa\/tedh\/reglament-article-47\/","title":{"rendered":"Reglament del Tribunal \u2013 Article 47"},"content":{"rendered":"<h2 style=\"text-align: center;\">Reglament del Tribunal<\/h2>\n<p><strong>Article 47<a class=\"paddingleft2px\" title=\"Modificat pel Tribunal els dies 17 de juny i 8 de juliol de 2002, 11 de desembre de 2007, 22 de setembre de 2008, 6 de maig de 2013, 1 de juny i 5 d\u2019octubre de 2015 i 18 de gener de 2024.\" href=\"#fn1\"><sup style=\"cursor:help\">1<\/sup><\/a> \u2013 Contingut d\u2019una demanda indivi<\/strong><\/p>\n<p>1. Les demandes presentades en virtut de l\u2019<a title=\"Article 34 del Conveni per a la Salvaguarda dels Drets Humans i de les Llibertats Fonamentals\" href=\"https:\/\/europeancourt.org\/ca\/documents\/consell-deuropa\/conveni-europeu-de-drets-humans\/#article-34\">article 34 del Conveni<\/a> es presenten mitjan\u00e7ant el <a href=\"https:\/\/europeancourt.org\/ca\/documents\/consell-deuropa\/tedh\/formulari-de-demanda\/\" title=\"Formulari de demanda al Tribunal Europeu de Drets Humans\">formulari<\/a> que proporciona la Secretaria, tret que el Tribunal ho disposi altrament. La demanda ha d\u2019incloure totes les informacions so\u0140licitades a les seccions pertinents del formulari, i ha d\u2019indicar:<\/p>\n<p style=\"padding-left: 40px;\">a) el nom, la data de naixement, la nacionalitat i l\u2019adre\u00e7a del demandant, i quan el demandant sigui una persona jur\u00eddica, el nom complert, la data de constituci\u00f3 o de registre, el n\u00famero oficial de registre (si escau) i l\u2019adre\u00e7a oficial d\u2019aquesta;<\/p>\n<p style=\"padding-left: 40px;\">b) si escau, el nom, l\u2019adre\u00e7a, els n\u00fameros de tel\u00e8fon i de fax i l\u2019adre\u00e7a de correu electr\u00f2nic del seu representant;<\/p>\n<p style=\"padding-left: 40px;\">c) en cas que el demandant tingui un representant, la data i la signatura original del demandant en el requadre del formulari de demanda reservat per al poder; la signatura original del representant mostrant que ha acceptat d\u2019actuar en nom del demandant tamb\u00e9 ha de figurar en el requadre reservat per al poder; el Tribunal pot acceptar c\u00f2pia de les signatures o qualsevol altre document d\u2019apoderament v\u00e0lid segons el dret intern de les Parts contractants si es donen motius imperiosos que impedeixin el compliment d\u2019aquests requisits i si el formulari de poder facilitat pel Tribunal, amb les signatures originals, es tramet al Tribunal en un termini raonable;<\/p>\n<p style=\"padding-left: 40px;\">d) la Part o les Parts contractants contra les quals s\u2019interposa la demanda;<\/p>\n<p style=\"padding-left: 40px;\">e) un resum clar i conc\u00eds dels fets;<\/p>\n<p style=\"padding-left: 40px;\">f) una exposici\u00f3 clara i concisa de la violaci\u00f3 o de les violacions a\u0140legades del Conveni i dels arguments pertinents; i<\/p>\n<p style=\"padding-left: 40px;\">g) una exposici\u00f3 clara i concisa que demostri que el demandant ha complert amb les condicions d\u2019admissibilitat enunciades a l\u2019<a title=\"Article 35 del Conveni per a la Salvaguarda dels Drets Humans i de les Llibertats Fonamentals\" href=\"https:\/\/europeancourt.org\/ca\/documents\/consell-deuropa\/conveni-europeu-de-drets-humans\/#article-35\">article 35 \u00a7 1 del Conveni<\/a>.<\/p>\n<p>2.<\/p>\n<p style=\"padding-left: 40px;\">a) Tota la informaci\u00f3 esmentada en els apartats e) a g) del par\u00e0graf 1 d\u2019aquest article ha de constar a la secci\u00f3 pertinent del formulari de demanda, i ha de ser suficient per permetre al Tribunal de determinar, sense necessitat de consultar altres documents, la naturalesa i l\u2019objecte de la demanda.<\/p>\n<p style=\"padding-left: 40px;\">b) El demandant pot completar aquesta informaci\u00f3 adjuntant al formulari de demanda un document d\u2019una extensi\u00f3 m\u00e0xima de 20 p\u00e0gines que exposi m\u00e9s detalladament els fets, les vulneracions a\u0140legades del Conveni i els arguments pertinents.<\/p>\n<p>3.1. El formulari de demanda ha d\u2019estar signat pel demandant o pel seu representant, i ha d\u2019anar acompanyat de: <\/p>\n<p style=\"padding-left: 40px;\">a) c\u00f2pies dels documents relatius a les decisions o a les mesures denunciades, de naturalesa judicial o altres;<\/p>\n<p style=\"padding-left: 40px;\">b) c\u00f2pies dels documents i de les decisions que demostrin que el demandant ha esgotat les vies de recurs internes i ha respectat el termini previst a l\u2019<a title=\"Article 35 del Conveni per a la Salvaguarda dels Drets Humans i de les Llibertats Fonamentals\" href=\"https:\/\/europeancourt.org\/ca\/documents\/consell-deuropa\/conveni-europeu-de-drets-humans\/#article-35\">article 35 \u00a7 1 del Conveni<\/a>;<\/p>\n<p style=\"padding-left: 40px;\">c) si escau, c\u00f2pies dels documents relatius a qualsevol altre procediment internacional d\u2019investigaci\u00f3 o d\u2019arranjament;<\/p>\n<p style=\"padding-left: 40px;\">d) en cas que el demandant sigui una persona jur\u00eddica, tal i com est\u00e0 previst a l\u2019apartat 1 a) del present article, el(s) document(s) demostrant que l\u2019individu que introdueix la demanda t\u00e9 qualitat per representar el demandant o beneficia d\u2019un poder a aquest efecte.<\/p>\n<p>3.2. Els documents presentats per sustentar la demanda han de constar en una llista ordenada cronol\u00f2gicament, numerats, i ser clarament identificats.<\/p>\n<p>4. El demandant que no desitgi que la seva identitat sigui revelada ha d\u2019indicar-ho i justificar-ne els motius que permetin una derogaci\u00f3 de la regla ordin\u00e0ria de publicitat del procediment davant del Tribunal. Aquest pot autoritzar l\u2019anonimat o acordar-lo d\u2019ofici.<\/p>\n<p>5.1. En cas que la demanda no compleixi els requisits enumerats en els par\u00e0grafs 1 a 3 d\u2019aquest article, la demanda no ser\u00e0 examinada pel Tribunal, a menys que:<\/p>\n<p style=\"padding-left: 40px;\">a) el demandant presenti una justificaci\u00f3 satisfact\u00f2ria del dit incompliment;<\/p>\n<p style=\"padding-left: 40px;\">b) la demanda es refereixi a una petici\u00f3 de mesura provisional;<\/p>\n<p style=\"padding-left: 40px;\">c) el Tribunal decideixi altrament, d\u2019ofici o a petici\u00f3 del demandant.<\/p>\n<p>5.2. El Tribunal pot en tot cas so\u0140licitar a un demandant que presenti, en un termini determinat, qualsevol informaci\u00f3 o document necessaris, en la forma o de la manera que estimi apropiades.<\/p>\n<p>6.<\/p>\n<p style=\"padding-left: 40px;\">a) Als efectes de l\u2019<a title=\"Article 35 del Conveni per a la Salvaguarda dels Drets Humans i de les Llibertats Fonamentals\" href=\"https:\/\/europeancourt.org\/ca\/documents\/consell-deuropa\/conveni-europeu-de-drets-humans\/#article-35\">article 35 \u00a7 1 del Conveni<\/a>, es considera que la data d\u2019introducci\u00f3 de la demanda \u00e9s la data en la que s\u2019envia al Tribunal un formulari de demanda que compleixi els requisits enumerats en aquest article. El segell de correus en d\u00f3na fe.<\/p>\n<p style=\"padding-left: 40px;\">b) No obstant, si ho considera justificat, el Tribunal pot considerar una altra data.<\/p>\n<p>7. El demandant ha de comunicar al Tribunal qualsevol canvi d\u2019adre\u00e7a i qualsevol fet rellevant per a l\u2019examen de la seva demanda.<\/p>\n__________\n<p id=\"fn1\"><sup>1<\/sup> Modificat pel Tribunal els dies 17 de juny i 8 de juliol de 2002, 11 de desembre de 2007, 22 de setembre de 2008, 6 de maig de 2013, 1 de juny i 5 d\u2019octubre de 2015 i 18 de gener de 2024.<\/p>","protected":false},"excerpt":{"rendered":"Reglament del Tribunal Article 471 \u2013 Contingut d\u2019una demanda indivi 1. Les demandes presentades en virtut de l\u2019article 34 del Conveni es presenten mitjan\u00e7ant el formulari que proporciona la Secretaria, tret que el Tribunal&#46;&#46;&#46;","protected":false},"author":1,"featured_media":209958,"parent":147351,"menu_order":0,"comment_status":"closed","ping_status":"closed","template":"","meta":{"footnotes":""},"categories":[],"tags":[],"class_list":["post-147463","page","type-page","status-publish","has-post-thumbnail","hentry"],"_links":{"self":[{"href":"https:\/\/europeancourt.org\/ca\/wp-json\/wp\/v2\/pages\/147463","targetHints":{"allow":["GET"]}}],"collection":[{"href":"https:\/\/europeancourt.org\/ca\/wp-json\/wp\/v2\/pages"}],"about":[{"href":"https:\/\/europeancourt.org\/ca\/wp-json\/wp\/v2\/types\/page"}],"author":[{"embeddable":true,"href":"https:\/\/europeancourt.org\/ca\/wp-json\/wp\/v2\/users\/1"}],"replies":[{"embeddable":true,"href":"https:\/\/europeancourt.org\/ca\/wp-json\/wp\/v2\/comments?post=147463"}],"version-history":[{"count":0,"href":"https:\/\/europeancourt.org\/ca\/wp-json\/wp\/v2\/pages\/147463\/revisions"}],"up":[{"embeddable":true,"href":"https:\/\/europeancourt.org\/ca\/wp-json\/wp\/v2\/pages\/147351"}],"wp:featuredmedia":[{"embeddable":true,"href":"https:\/\/europeancourt.org\/ca\/wp-json\/wp\/v2\/media\/209958"}],"wp:attachment":[{"href":"https:\/\/europeancourt.org\/ca\/wp-json\/wp\/v2\/media?parent=147463"}],"wp:term":[{"taxonomy":"category","embeddable":true,"href":"https:\/\/europeancourt.org\/ca\/wp-json\/wp\/v2\/categories?post=147463"},{"taxonomy":"post_tag","embeddable":true,"href":"https:\/\/europeancourt.org\/ca\/wp-json\/wp\/v2\/tags?post=147463"}],"curies":[{"name":"wp","href":"https:\/\/api.w.org\/{rel}","templated":true}]}}