{"id":176219,"date":"2022-06-28T15:55:16","date_gmt":"2022-06-28T13:55:16","guid":{"rendered":"https:\/\/europeancourt.org\/en\/documents\/consell-deuropa\/tedh\/formulari-de-demanda\/"},"modified":"2024-06-10T23:41:27","modified_gmt":"2024-06-10T21:41:27","slug":"formulari-de-demanda","status":"publish","type":"page","link":"https:\/\/europeancourt.org\/ca\/documents\/consell-deuropa\/tedh\/formulari-de-demanda\/","title":{"rendered":"Formulari de demanda al Tribunal Europeu de Drets Humans"},"content":{"rendered":"<p>Aquest formulari nom\u00e9s funcionar\u00e0 correctament amb la versi\u00f3 d\u2019 Adobe Reader 9 o b\u00e9 amb versions posteriors i a trav\u00e9s dels sistemes operatius de Windows i Mac OS X. Asseguri\u2019 s de tenir Adobe Reader instal\u00b7lat en el seu ordinador (desc\u00e0rrega <a href=\"https:\/\/get.adobe.com\/reader\/\" title=\"Adobe Reader\" target=\"_blank\" rel=\"noopener\">disponible a www.adobe.com<\/a>).<\/p>\n<ul>\n<li>Guardi el formulari localment en el seu ordinador.<\/li>\n<li>Obri la c\u00f2pia del formulari que hagi guardat localment amb Adobe Reader.<\/li>\n<li>Ompli el formulari i guardi\u2019l.<\/li>\n<li>Una vegada omplert, imprimeixi, firmi i envii el formulari per correu postal al Tribunal.<\/li>\n<\/ul>\n<p style=\"text-align:center\"><a title=\"Formulari de demanda al Tribunal Europeu de Drets Humans\" href=\"https:\/\/europeancourt.org\/downloads\/ca\/Formulari_de_demanda_al_Tribunal_Europeu_de_Drets_Humans_CAT_2022-2.PDF\" class=\"extlinkoff mybrightbutton red\" download=\"\">Descarregar <i class=\"fas fa-download\"><\/i><\/a><\/p>\n<iframe class=\"wonderplugin-pdf-iframe\" src=\"https:\/\/europeancourt.org\/wp-content\/plugins\/wonderplugin-pdf-embed\/pdfjs\/web\/viewer.html?v=2&disabledownload=1&disableprint=1&disabledoc=1&disableopenfile=1&externallinktarget=2&file=https:\/\/europeancourt.org\/noindex\/AppF_CAT_2022-2.pdf\" title=\"Formulari de demanda al Tribunal Europeu de Drets Humans\" width=\"100%\" height=\"900px\" style=\"border:0\"><\/iframe>\n","protected":false},"excerpt":{"rendered":"Aquest formulari nom\u00e9s funcionar\u00e0 correctament amb la versi\u00f3 d\u2019 Adobe Reader 9 o b\u00e9 amb versions posteriors i a trav\u00e9s dels sistemes operatius de Windows i Mac OS X. Asseguri\u2019 s de tenir Adobe&#46;&#46;&#46;","protected":false},"author":1,"featured_media":191917,"parent":147351,"menu_order":0,"comment_status":"closed","ping_status":"closed","template":"","meta":{"footnotes":""},"categories":[],"tags":[],"class_list":["post-176219","page","type-page","status-publish","has-post-thumbnail","hentry"],"_links":{"self":[{"href":"https:\/\/europeancourt.org\/ca\/wp-json\/wp\/v2\/pages\/176219","targetHints":{"allow":["GET"]}}],"collection":[{"href":"https:\/\/europeancourt.org\/ca\/wp-json\/wp\/v2\/pages"}],"about":[{"href":"https:\/\/europeancourt.org\/ca\/wp-json\/wp\/v2\/types\/page"}],"author":[{"embeddable":true,"href":"https:\/\/europeancourt.org\/ca\/wp-json\/wp\/v2\/users\/1"}],"replies":[{"embeddable":true,"href":"https:\/\/europeancourt.org\/ca\/wp-json\/wp\/v2\/comments?post=176219"}],"version-history":[{"count":0,"href":"https:\/\/europeancourt.org\/ca\/wp-json\/wp\/v2\/pages\/176219\/revisions"}],"up":[{"embeddable":true,"href":"https:\/\/europeancourt.org\/ca\/wp-json\/wp\/v2\/pages\/147351"}],"wp:featuredmedia":[{"embeddable":true,"href":"https:\/\/europeancourt.org\/ca\/wp-json\/wp\/v2\/media\/191917"}],"wp:attachment":[{"href":"https:\/\/europeancourt.org\/ca\/wp-json\/wp\/v2\/media?parent=176219"}],"wp:term":[{"taxonomy":"category","embeddable":true,"href":"https:\/\/europeancourt.org\/ca\/wp-json\/wp\/v2\/categories?post=176219"},{"taxonomy":"post_tag","embeddable":true,"href":"https:\/\/europeancourt.org\/ca\/wp-json\/wp\/v2\/tags?post=176219"}],"curies":[{"name":"wp","href":"https:\/\/api.w.org\/{rel}","templated":true}]}}