{"id":222161,"date":"2024-01-08T15:08:10","date_gmt":"2024-01-08T14:08:10","guid":{"rendered":"https:\/\/europeancourt.org\/serveis\/"},"modified":"2025-10-02T23:00:49","modified_gmt":"2025-10-02T23:00:49","slug":"serveis","status":"publish","type":"page","link":"https:\/\/europeancourt.org\/ca\/serveis\/","title":{"rendered":"Serveis"},"content":{"rendered":"<ul>\r\n\t<li><a href=\"https:\/\/europeancourt.org\/ca\/serveis\/tedh\/\" title=\"TEDH\">TEDH<\/a><\/li>\r\n<ul>\r\n\t\t<li><a href=\"https:\/\/europeancourt.org\/en\/services\/echr\/preparing-applications\/\" title=\"Preparaci\u00f3 de demandes al TEDH\">Preparaci\u00f3 de demandes al TEDH<\/a><\/li>\r\n\r\n\t<li><a href=\"https:\/\/europeancourt.org\/en\/services\/echr\/checking-filled-in-applications\/\" title=\"Verificaci\u00f3 dels formularis de demanda al TEDH omplerts\">Verificaci\u00f3 dels formularis de demanda al TEDH omplerts<\/a><\/li>\r\n\r\n\t<li><a href=\"https:\/\/europeancourt.org\/en\/services\/echr\/representing-applicants\/\" title=\"Representaci\u00f3 de demandants davant el TEDH\">Representaci\u00f3 de demandants davant el TEDH<\/a><\/li>\r\n\r\n\t<li><a href=\"https:\/\/europeancourt.org\/en\/services\/echr\/translating-applications-into-english\/\" title=\"Traducci\u00f3 de les demandes al TEDH a l'angl\u00e8s\">Traducci\u00f3 de les demandes al TEDH a l&#8217;angl\u00e8s<\/a><\/li>\r\n\r\n\t<li><a href=\"https:\/\/europeancourt.org\/ca\/serveis\/tedh\/troba-n%c3%bamero-de-demanda-admissi%c3%b3-o-sent%c3%a8ncia\/\" title=\"Troba n\u00famero de demanda del TEDH, admissi\u00f3 o sent\u00e8ncia\">Troba n\u00famero de demanda del TEDH, admissi\u00f3 o sent\u00e8ncia<\/a><\/li>\r\n\r\n\t<li><a href=\"https:\/\/europeancourt.org\/en\/legal-advice-and-contacts\/\" title=\"Assessorament jur\u00eddic i contactes\">Assessorament jur\u00eddic i contactes<\/a><\/li>\r\n<\/ul>\r\n<\/ul>\r\n","protected":false},"excerpt":{"rendered":"TEDH Preparaci\u00f3 de demandes al TEDH Verificaci\u00f3 dels formularis de demanda al TEDH omplerts Representaci\u00f3 de demandants davant el TEDH Traducci\u00f3 de les demandes al TEDH a l&#8217;angl\u00e8s Troba n\u00famero de demanda del TEDH,&#46;&#46;&#46;","protected":false},"author":1,"featured_media":222417,"parent":0,"menu_order":0,"comment_status":"closed","ping_status":"closed","template":"","meta":{"footnotes":""},"categories":[],"tags":[],"class_list":["post-222161","page","type-page","status-publish","has-post-thumbnail","hentry"],"_links":{"self":[{"href":"https:\/\/europeancourt.org\/ca\/wp-json\/wp\/v2\/pages\/222161","targetHints":{"allow":["GET"]}}],"collection":[{"href":"https:\/\/europeancourt.org\/ca\/wp-json\/wp\/v2\/pages"}],"about":[{"href":"https:\/\/europeancourt.org\/ca\/wp-json\/wp\/v2\/types\/page"}],"author":[{"embeddable":true,"href":"https:\/\/europeancourt.org\/ca\/wp-json\/wp\/v2\/users\/1"}],"replies":[{"embeddable":true,"href":"https:\/\/europeancourt.org\/ca\/wp-json\/wp\/v2\/comments?post=222161"}],"version-history":[{"count":3,"href":"https:\/\/europeancourt.org\/ca\/wp-json\/wp\/v2\/pages\/222161\/revisions"}],"predecessor-version":[{"id":222328,"href":"https:\/\/europeancourt.org\/ca\/wp-json\/wp\/v2\/pages\/222161\/revisions\/222328"}],"wp:featuredmedia":[{"embeddable":true,"href":"https:\/\/europeancourt.org\/ca\/wp-json\/wp\/v2\/media\/222417"}],"wp:attachment":[{"href":"https:\/\/europeancourt.org\/ca\/wp-json\/wp\/v2\/media?parent=222161"}],"wp:term":[{"taxonomy":"category","embeddable":true,"href":"https:\/\/europeancourt.org\/ca\/wp-json\/wp\/v2\/categories?post=222161"},{"taxonomy":"post_tag","embeddable":true,"href":"https:\/\/europeancourt.org\/ca\/wp-json\/wp\/v2\/tags?post=222161"}],"curies":[{"name":"wp","href":"https:\/\/api.w.org\/{rel}","templated":true}]}}