{"id":223364,"date":"2021-10-07T00:26:31","date_gmt":"2021-10-06T22:26:31","guid":{"rendered":"https:\/\/europeancourt.org\/?page_id=223364"},"modified":"2025-11-29T10:51:09","modified_gmt":"2025-11-29T09:51:09","slug":"troba-n%c3%bamero-de-demanda-admissi%c3%b3-o-sent%c3%a8ncia","status":"publish","type":"page","link":"https:\/\/europeancourt.org\/ca\/serveis\/tedh\/troba-n%c3%bamero-de-demanda-admissi%c3%b3-o-sent%c3%a8ncia\/","title":{"rendered":"Troba n\u00famero de demanda del TEDH, admissi\u00f3 o sent\u00e8ncia"},"content":{"rendered":"<div class=\"mywpcf7cf myshow myhide\">Sap el n\u00famero de la demanda en q\u00fcesti\u00f3?<\/div>\r\n<div class=\"mywpcf7cf myshow myhide\">\r\n  <span class=\"mymultyradiobutton blue\">\r\n    <span class=\"wpcf7-list-item wpcf7\">\r\n      <label><input type=\"radio\"><span class=\"wpcf7-list-item-label\">S\u00ed<\/span><\/label>\r\n    <\/span>\r\n  <\/span>\r\n  <span class=\"mymultyradiobutton blue\">\r\n    <span class=\"wpcf7-list-item wpcf7\">\r\n      <label><input type=\"radio\"><span class=\"wpcf7-list-item-label\">No<\/span><\/label>\r\n    <\/span>\r\n  <\/span>\r\n<\/div>\r\n<div class=\"mywpcf7cf-blueleft myshow myhide\">\r\n  <span class=\"mycustomsummary\">Qu\u00e8 vol dir n\u00famero de demanda?<\/span>\r\n  <span class=\"mycustomdetails\">\r\n    <span class=\"vlist\">\r\n      <span class=\"vitem\">El n\u00famero de demanda consta a qualsevol carta del TEDH sobre una demanda que ha estat registrada, immediatament despr\u00e9s de \u00abDemanda N\u00ba\u00bb i abans del t\u00edtol de la demanda. A la correspond\u00e8ncia en angl\u00e8s s\u2019escriu \u00abApplication no.\u00bb i en franc\u00e8s s\u2019escriu \u00abRequ\u00eate n\u00b0\u00bb.<\/span>\r\n      <span class=\"vitem\">El format del n\u00famero de demanda: N\u00daMERO\/ANY, p. ex. 123\/14. Nom\u00e9s xifres i una barra inclinada cap a la dreta \u00ab\/\u00bb, sense espais.<\/span>\r\n      <span class=\"vitem\">Un n\u00famero amb el mateix format en una carta del TEDH en qu\u00e8 s\u2019indica que el formulari de demanda no compleix els requisits no \u00e9s un n\u00famero de demanda. Aquest n\u00famero nom\u00e9s pot esdevenir el n\u00famero de la demanda despr\u00e9s que el TEDH rebi un nou formulari de demanda que compleixi els requisits i registri la demanda. En aquesta carta no s\u2019hi indica el t\u00edtol de la demanda perqu\u00e8 la demanda no est\u00e0 registrada i normalment s\u2019indica el codi ECHR-Axxx6, on \u00abxxx\u00bb designa la llengua de la carta.<\/span>\r\n    <\/span>\r\n  <\/span>\r\n<\/div>\r\n<div class=\"mywpcf7cf myshow myhide mywpcf7cf-utility\">\r\n  <div class=\"mybutton red not-in-text-button is-disabled\" aria-disabled=\"true\">Torna a comen\u00e7ar<\/div>\r\n  <a class=\"mybutton red not-in-text-button\" href=\"mailto:oleg.anishchik@europeancourt.org?subject=Trobar n\u00famero de demanda del TEDH, admissi\u00f3 o sent\u00e8ncia: error&#038;body=Descripci\u00f3 de l\u2019error: \">Informa d\u2019un error<\/a>\r\n<\/div>\r\n<div id=\"ajax_content\"><\/div>","protected":false},"excerpt":{"rendered":"Sap el n\u00famero de la demanda en q\u00fcesti\u00f3? S\u00ed No Qu\u00e8 vol dir n\u00famero de demanda? El n\u00famero de demanda consta a qualsevol carta del TEDH sobre una demanda que ha estat registrada, immediatament&#46;&#46;&#46;","protected":false},"author":1,"featured_media":223365,"parent":222205,"menu_order":0,"comment_status":"closed","ping_status":"closed","template":"","meta":{"footnotes":""},"categories":[],"tags":[],"class_list":["post-223364","page","type-page","status-publish","has-post-thumbnail","hentry"],"_links":{"self":[{"href":"https:\/\/europeancourt.org\/ca\/wp-json\/wp\/v2\/pages\/223364","targetHints":{"allow":["GET"]}}],"collection":[{"href":"https:\/\/europeancourt.org\/ca\/wp-json\/wp\/v2\/pages"}],"about":[{"href":"https:\/\/europeancourt.org\/ca\/wp-json\/wp\/v2\/types\/page"}],"author":[{"embeddable":true,"href":"https:\/\/europeancourt.org\/ca\/wp-json\/wp\/v2\/users\/1"}],"replies":[{"embeddable":true,"href":"https:\/\/europeancourt.org\/ca\/wp-json\/wp\/v2\/comments?post=223364"}],"version-history":[{"count":1,"href":"https:\/\/europeancourt.org\/ca\/wp-json\/wp\/v2\/pages\/223364\/revisions"}],"predecessor-version":[{"id":223366,"href":"https:\/\/europeancourt.org\/ca\/wp-json\/wp\/v2\/pages\/223364\/revisions\/223366"}],"up":[{"embeddable":true,"href":"https:\/\/europeancourt.org\/ca\/wp-json\/wp\/v2\/pages\/222205"}],"wp:featuredmedia":[{"embeddable":true,"href":"https:\/\/europeancourt.org\/ca\/wp-json\/wp\/v2\/media\/223365"}],"wp:attachment":[{"href":"https:\/\/europeancourt.org\/ca\/wp-json\/wp\/v2\/media?parent=223364"}],"wp:term":[{"taxonomy":"category","embeddable":true,"href":"https:\/\/europeancourt.org\/ca\/wp-json\/wp\/v2\/categories?post=223364"},{"taxonomy":"post_tag","embeddable":true,"href":"https:\/\/europeancourt.org\/ca\/wp-json\/wp\/v2\/tags?post=223364"}],"curies":[{"name":"wp","href":"https:\/\/api.w.org\/{rel}","templated":true}]}}