{"id":225213,"date":"2026-04-26T21:34:04","date_gmt":"2026-04-26T19:34:04","guid":{"rendered":"https:\/\/europeancourt.org\/serveis\/tedh\/preparaci%c3%b3-de-demandes-al-tedh\/"},"modified":"2026-04-27T13:04:29","modified_gmt":"2026-04-27T11:04:29","slug":"preparaci%c3%b3-de-demandes-al-tedh","status":"publish","type":"page","link":"https:\/\/europeancourt.org\/ca\/serveis\/tedh\/preparaci%c3%b3-de-demandes-al-tedh\/","title":{"rendered":"Preparaci\u00f3 de demandes al TEDH"},"content":{"rendered":"<div id=\"ec-preparation-page\" class=\"ec-service-page ec-service-preparation\" data-service=\"preparation\"\n  data-ec-service-page-id=\"225213\"\n  data-ec-service-form-id=\"225214\"\n  data-ec-service-lang=\"ca\"\n  data-ec-service-docs-message=\"Adjunteu els documents com a fitxers o inseriu un enlla\u00e7 als documents en qualsevol servei d\u2019emmagatzematge al n\u00favol.\"\n  data-ec-service-submit-message=\"Per enviar la sol\u00b7licitud, adjunteu els documents o inseriu-hi un enlla\u00e7, responeu les preguntes obligat\u00f2ries i ompliu els camps que apareguin.\"\n  data-ec-service-email-message=\"Ompliu aquest camp.\"\n  data-ec-service-invalid-url-message=\"Corregiu l\u2019enlla\u00e7.\"\n  data-ec-service-load-error=\"Error.\">\n<div class=\"ec-service-screen ec-service-screen-1\">\n<div class=\"mywpcf7cf myshow myhide\">El cost de preparar una demanda al TEDH dep\u00e8n del temps que calgui dedicar a aquesta feina. La forquilla \u00e9s molt \u00e0mplia: des d\u2019uns quants centenars d\u2019euros, quan n\u2019hi ha prou amb dues o tres hores, fins a 10.000 euros o m\u00e9s, quan cal dedicar-hi desenes d\u2019hores. Aquest temps \u00e9s necessari per estudiar els documents, identificar els fets clau, seleccionar i analitzar tota la jurisprud\u00e8ncia actual del TEDH sobre el fons i l\u2019admissibilitat en relaci\u00f3 amb cada greuge potencial, formular els greuges a partir d\u2019aquesta an\u00e0lisi, fonamentar cada violaci\u00f3 al\u00b7legada i el compliment de les condicions d\u2019admissibilitat corresponents, i exposar-ho despr\u00e9s al formulari de demanda de manera breu, clara i coherent.<\/div>\n<div class=\"mywpcf7cf myshow myhide\">El temps que caldr\u00e0 en el vostre cas i, per tant, el cost de preparar la demanda, nom\u00e9s els puc determinar examinant els documents. Envieu-me totes les decisions contra les quals tingueu greuges, altres documents que reflecteixin les mesures que voleu impugnar, tots els escrits adre\u00e7ats a les autoritats nacionals, inclosos els tribunals, en qu\u00e8 aquests greuges s\u2019hagin plantejat en subst\u00e0ncia, i totes les decisions dictades arran d\u2019aquests escrits. Si ja teniu tots els materials de l\u2019expedient en format electr\u00f2nic, \u00e9s millor enviar-los tots d\u2019entrada. No us preocupeu si envieu documents de m\u00e9s o si no adjunteu algun document: si, despr\u00e9s d\u2019estudiar el que m\u2019h\u00e0giu enviat, necessito documents addicionals, us els demanar\u00e9.<\/div>\n<div class=\"mywpcf7cf myshow myhide\">Normalment responc a una sol\u00b7licitud de pressupost per preparar una demanda en el termini d\u2019una setmana des que rebo tots els documents i tota la informaci\u00f3 necessaris. Si el termini per presentar la demanda al TEDH s\u2019acaba en els propers dies, escriviu-me i pregunteu-me si puc examinar la vostra sol\u00b7licitud amb urg\u00e8ncia. Em comprometo a respondre aquest missatge en el termini de 24 hores. Si confirmo que puc fer-ho i envieu immediatament els documents i la informaci\u00f3 necessaris, em comprometo a comunicar-vos la meva resposta a la sol\u00b7licitud en les 48 hores seg\u00fcents.<\/div>\n<div class=\"mywpcf7cf myshow myhide\">Si arribo a la conclusi\u00f3 que hi ha perspectives raonables de presentar una demanda al TEDH, us comunicar\u00e9 el cost exacte de preparar la demanda tenint en compte els greuges que t\u00e9 sentit plantejar, i us indicar\u00e9 molt breument quins greuges no t\u00e9 sentit plantejar. Al mateix temps, us enviar\u00e9 el contracte per a la preparaci\u00f3 de la demanda. Podeu pagar el servei per transfer\u00e8ncia banc\u00e0ria al meu compte a Su\u00efssa o per altres mitjans, segons el pa\u00eds des d\u2019on es faci el pagament. El termini de preparaci\u00f3 de la demanda sempre permetr\u00e0 presentar-la al TEDH dins del termini aplicable. Un cop acabada la feina, rebreu per correu electr\u00f2nic el formulari de demanda emplenat, els annexos preparats i les explicacions sobre com imprimir-ho, signar-ho i enviar-ho correctament al TEDH. La representaci\u00f3 davant el TEDH i qualsevol altra feina sobre el cas no estan incloses en el cost de preparar la demanda. Si arribo a la conclusi\u00f3 que no hi ha perspectives raonables de presentar una demanda al TEDH, nom\u00e9s us ho comunicar\u00e9.<\/div>\n<div class=\"mywpcf7cf myshow myhide\">Aquest servei no \u00e9s adequat per a vosaltres si, en el vostre cas, \u00e9s certa alguna d\u2019aquestes afirmacions:<\/div>\n<ul class=\"myshow myhide ec-service-blocker-list\"><li><label><input type=\"checkbox\" class=\"ec-service-blocker\" \/><span>Ja tinc un formulari de demanda emplenat i nom\u00e9s necessito que es revisi per detectar-hi errors.<\/span><\/label><\/li>\n<li><label><input type=\"checkbox\" class=\"ec-service-blocker\" \/><span>No estic disposat a presentar tots els documents necessaris del cas.<\/span><\/label><\/li>\n<li><label><input type=\"checkbox\" class=\"ec-service-blocker\" \/><span>Espero rebre explicacions detallades sobre cadascun dels meus greuges, encara que, respecte d\u2019un greuge concret, no hi hagi perspectives raonables de presentar una demanda al TEDH.<\/span><\/label><\/li>\n<li><label><input type=\"checkbox\" class=\"ec-service-blocker\" \/><span>Espero que la demanda es prepari encara que no hi hagi perspectives raonables de presentar una demanda al TEDH.<\/span><\/label><\/li>\n<li><label><input type=\"checkbox\" class=\"ec-service-blocker\" \/><span>Pel nombre dels meus greuges i pel volum de documents que ja tinc sobre el cas, em resulta evident que preparar la demanda requerir\u00e0 molt m\u00e9s temps del que estic disposat a pagar.<\/span><\/label><\/li>\n<li><label><input type=\"checkbox\" class=\"ec-service-blocker\" \/><span>Puc emplenar pel meu compte el formulari de demanda d\u2019acord amb tots els requisits del TEDH, exposar-hi tots els fets clau, les violacions i la informaci\u00f3 sobre el compliment de les condicions d\u2019admissibilitat respecte de cada violaci\u00f3, i fer-ho amb plena fidelitat als materials del cas i a la jurisprud\u00e8ncia actual del TEDH aplicable al meu cas.<\/span><\/label><\/li><\/ul>\n<div class=\"checking-load-wrap ec-service-load-wrap\"><div class=\"checking-load-button-row ec-service-load-button-row\"><button type=\"button\" class=\"mybutton blue ec-service-load-button\" id=\"load_ajax_form\" data-ec-service-load=\"preparation\" data-ec-service-form-id=\"225214\" data-blocked-message=\"Mentre tingueu marcada alguna d\u2019aquestes afirmacions, no podreu continuar. Si l\u2019heu marcada per error, desmarqueu-la.\">Presentar documents<\/button><\/div>\n<div id=\"ec-service-load-status\" class=\"checking-load-status ec-service-load-status\" role=\"status\" aria-live=\"polite\"><\/div><\/div>\n<div class=\"mywpcf7cf myshow myhide\"><a class=\"mybutton blue not-in-text-button\" href=\"mailto:oleg.anishchik@europeancourt.org?subject=Voldria%20aclarir%20les%20condicions\">Voldria aclarir les condicions<\/a><\/div>\n<div class=\"mywpcf7cf mywpcf7cf-utility ec-service-utility-row\"><div class=\"mybutton red not-in-text-button is-disabled\" aria-disabled=\"true\">Torna a comen\u00e7ar<\/div><div class=\"mybutton red not-in-text-button\" onclick=\"window.location.href='mailto:oleg.anishchik@europeancourt.org?subject=Preparaci%C3%B3%20de%20demandes%20al%20TEDH%3A%20error&amp;body=Descripci%C3%B3%20de%20l%E2%80%99error%3A';\">Informa d\u2019un error<\/div><\/div>\n<\/div>\n<div class=\"ec-service-form-shell\"><div id=\"ajax_content\" class=\"ec-service-ajax-content\" data-loaded=\"0\"><\/div><\/div>\n<\/div>\n<script>\n(function(){\n  if (window.ecServicePageRuntimeReady) return;\n  window.ecServicePageRuntimeReady = true;\n\n  function trim(value) {\n    return String(value || '').replace(\/^\\s+|\\s+$\/g, '');\n  }\n\n  function clearNode(node) {\n    if (!node) return;\n    while (node.firstChild) node.removeChild(node.firstChild);\n  }\n\n  function renderStatus(node, message) {\n    if (!node) return;\n    clearNode(node);\n    if (!message) return;\n    var tip = document.createElement('span');\n    tip.className = 'wpcf7-not-valid-tip';\n    tip.textContent = message;\n    node.appendChild(tip);\n  }\n\n  function ajaxUrl() {\n    if (window.wpcf7cf_global_settings) {\n      if (window.wpcf7cf_global_settings.ajaxurl) {\n        return window.wpcf7cf_global_settings.ajaxurl;\n      }\n    }\n    if (window.ajaxurl) return window.ajaxurl;\n    return '\/wp-admin\/admin-ajax.php';\n  }\n\n  function pageRoot(node) {\n    if (!node) return null;\n    return node.closest ? node.closest('.ec-service-page') : null;\n  }\n\n  function loadStatus(root) {\n    return root ? root.querySelector('.ec-service-load-status') : null;\n  }\n\n  function submitStatus(root) {\n    if (!root) return null;\n    var submit = root.querySelector('#ajax_content .wpcf7-submit');\n    if (!submit) return null;\n    var node = root.querySelector('#ajax_content .ec-service-submit-status');\n    if (!node) {\n      node = document.createElement('div');\n      node.className = 'ec-service-submit-status';\n      node.setAttribute('role', 'status');\n      node.setAttribute('aria-live', 'polite');\n      submit.insertAdjacentElement('afterend', node);\n    }\n    return node;\n  }\n\n  function isLoaded(root) {\n    if (!root) return false;\n    var target = root.querySelector('#ajax_content');\n    if (!target) return false;\n    return target.getAttribute('data-loaded') === '1';\n  }\n\n  function syncBlockers(root) {\n    if (!root || isLoaded(root)) return;\n    var button = root.querySelector('[data-ec-service-load]');\n    if (!button || button.getAttribute('aria-busy') === 'true') return;\n    var blocked = !!root.querySelector('.ec-service-blocker:checked');\n    button.disabled = false;\n    button.setAttribute('data-soft-disabled', blocked ? '1' : '0');\n    button.classList.toggle('is-soft-disabled', blocked);\n    if (!blocked) renderStatus(loadStatus(root), '');\n  }\n\n  function scrollToNode(node) {\n    if (!node || !node.getBoundingClientRect) return;\n    var offset = 50;\n    var adminBar = document.getElementById('wpadminbar');\n    if (adminBar) {\n      if (window.getComputedStyle(adminBar).position === 'fixed') {\n        offset += adminBar.offsetHeight || 0;\n      }\n    }\n    var top = node.getBoundingClientRect().top + window.pageYOffset - offset;\n    window.scrollTo({ top: Math.max(top, 0), behavior: 'smooth' });\n  }\n\n  function initCf7(target) {\n    if (!target) return;\n    var form = target.querySelector('.wpcf7-form');\n    if (!form) return;\n    if (window.wpcf7) {\n      if (typeof window.wpcf7.init === 'function') {\n        try { window.wpcf7.init(form); } catch (error) {}\n      }\n    }\n    if (window.jQuery) {\n      if (window.wpcf7cf) {\n        if (typeof window.wpcf7cf.initForm === 'function') {\n          try { window.wpcf7cf.initForm(window.jQuery(form)); } catch (error) {}\n        }\n      }\n    }\n  }\n\n  function hasFiles(root) {\n    if (!root) return false;\n    var input = root.querySelector('#ajax_content input[name=\"multifile-applicationformfiles[]\"]');\n    if (!input) return false;\n    if (!input.files) return false;\n    return !!input.files.length;\n  }\n\n  function hasDocsLink(root) {\n    if (!root) return false;\n    var input = root.querySelector('#ajax_content input[name=\"url-documents-link\"]');\n    if (!input) return false;\n    var value = trim(input.value);\n    if (!value) return false;\n    if (typeof input.checkValidity === 'function') return input.checkValidity();\n    return true;\n  }\n\n  function docsLinkInvalid(root) {\n    if (!root) return false;\n    var input = root.querySelector('#ajax_content input[name=\"url-documents-link\"]');\n    if (!input) return false;\n    if (!trim(input.value)) return false;\n    if (typeof input.checkValidity !== 'function') return false;\n    return !input.checkValidity();\n  }\n\n  function emailOk(root) {\n    if (!root) return false;\n    var input = root.querySelector('#ajax_content input[name=\"your-email\"]');\n    if (!input) return true;\n    var value = trim(input.value);\n    if (!value) return false;\n    if (typeof input.checkValidity === 'function') return input.checkValidity();\n    return \/^[^\\s@]+@[^\\s@]+\\.[^\\s@]+$\/.test(value);\n  }\n\n  function isVisible(node) {\n    if (!node) return false;\n    var current = node;\n    while (current) {\n      if (current === document.documentElement) break;\n      if (current.nodeType === 1) {\n        if (current.hidden) return false;\n        if (current.classList) {\n          if (current.classList.contains('wpcf7cf-hidden')) return false;\n        }\n        if (current.getAttribute) {\n          if (current.getAttribute('aria-hidden') === 'true') return false;\n        }\n        if (window.getComputedStyle(current).display === 'none') return false;\n      }\n      current = current.parentNode;\n    }\n    return true;\n  }\n\n  function radioGroupOk(root, name) {\n    var items = root ? root.querySelectorAll('#ajax_content input[name=\"' + name + '\"]') : [];\n    if (!items.length) return true;\n    for (var i = 0; i < items.length; i += 1) {\n      if (items[i].checked) return true;\n    }\n    return false;\n  }\n\n  function visibleTextOk(root, name) {\n    if (!root) return true;\n    var node = root.querySelector('#ajax_content [name=\"' + name + '\"]');\n    if (!node || !isVisible(node)) return true;\n    return !!trim(node.value);\n  }\n\n  function answersOk(root) {\n    if (!root || root.getAttribute('data-service') !== 'preparation') return true;\n    if (!radioGroupOk(root, 'prep-claims-scope')) return false;\n    if (!radioGroupOk(root, 'prep-low-chance')) return false;\n    if (!radioGroupOk(root, 'prep-essential-results')) return false;\n    if (!visibleTextOk(root, 'prep-listed-claims-text')) return false;\n    if (!visibleTextOk(root, 'prep-low-chance-claims-text')) return false;\n    if (!visibleTextOk(root, 'prep-essential-results-details')) return false;\n    return true;\n  }\n\n  function markAttention(root, on) {\n    ['input[name=\"multifile-applicationformfiles[]\"]', 'input[name=\"url-documents-link\"]', 'input[name=\"your-email\"]', 'textarea[name=\"prep-listed-claims-text\"]', 'textarea[name=\"prep-low-chance-claims-text\"]', 'textarea[name=\"prep-essential-results-details\"]'].forEach(function(selector) {\n      var node = root ? root.querySelector('#ajax_content ' + selector) : null;\n      if (!node) return;\n      node.classList.toggle('ec-service-needs-attention', !!on);\n      if (on) node.setAttribute('aria-invalid', 'true');\n      else node.removeAttribute('aria-invalid');\n    });\n    ['prep-claims-scope', 'prep-low-chance', 'prep-essential-results'].forEach(function(name) {\n      var wrap = root ? root.querySelector('#ajax_content .wpcf7-form-control-wrap[data-name=\"' + name + '\"]') : null;\n      if (!wrap) return;\n      wrap.classList.toggle('ec-service-needs-attention', !!on);\n    });\n  }\n\n  function formReady(root) {\n    if (!(hasFiles(root) || hasDocsLink(root))) return false;\n    if (!answersOk(root)) return false;\n    return emailOk(root);\n  }\n\n  function syncSubmit(root) {\n    if (!root) return;\n    var submit = root.querySelector('#ajax_content .wpcf7-submit');\n    if (!submit) return;\n    var ready = formReady(root);\n    submit.disabled = false;\n    submit.setAttribute('data-soft-disabled', ready ? '0' : '1');\n    submit.classList.toggle('is-soft-disabled', !ready);\n    if (ready) {\n      renderStatus(submitStatus(root), '');\n      markAttention(root, false);\n    }\n  }\n\n  function missingMessage(root) {\n    if (docsLinkInvalid(root)) {\n      return root.getAttribute('data-ec-service-invalid-url-message') || '';\n    }\n    if (!(hasFiles(root) || hasDocsLink(root)) || !answersOk(root)) {\n      return root.getAttribute('data-ec-service-submit-message') || root.getAttribute('data-ec-service-docs-message') || '';\n    }\n    if (!emailOk(root)) {\n      return root.getAttribute('data-ec-service-email-message') || '';\n    }\n    return '';\n  }\n\n  function blockSubmit(event, root) {\n    if (formReady(root)) return false;\n    event.preventDefault();\n    event.stopPropagation();\n    if (event.stopImmediatePropagation) event.stopImmediatePropagation();\n    markAttention(root, true);\n    renderStatus(submitStatus(root), missingMessage(root));\n    return true;\n  }\n\n  function setupLoadedForm(root) {\n    syncSubmit(root);\n  }\n\n  function loadForm(root, button) {\n    if (!root || !button || root.__ecServiceLoading) return;\n    var target = root.querySelector('#ajax_content');\n    if (!target) return;\n    var formId = root.getAttribute('data-ec-service-form-id') || button.getAttribute('data-ec-service-form-id') || '';\n    var pageId = root.getAttribute('data-ec-service-page-id') || '';\n    var service = root.getAttribute('data-service') || button.getAttribute('data-ec-service-load') || '';\n    var lang = root.getAttribute('data-ec-service-lang') || '';\n    if (!formId || !pageId || !service) {\n      renderStatus(loadStatus(root), root.getAttribute('data-ec-service-load-error') || '');\n      return;\n    }\n    root.__ecServiceLoading = true;\n    root.classList.add('is-form-loading');\n    button.setAttribute('aria-busy', 'true');\n    renderStatus(loadStatus(root), '');\n    var body = new URLSearchParams();\n    body.set('action', 'load_form_ec_service');\n    body.set('service', service);\n    body.set('page_id', pageId);\n    body.set('form_id', formId);\n    body.set('lang', lang);\n    window.fetch(ajaxUrl(), {\n      method: 'POST',\n      credentials: 'same-origin',\n      headers: {'Content-Type': 'application\/x-www-form-urlencoded; charset=UTF-8'},\n      body: body.toString()\n    }).then(function(response) {\n      if (!response.ok) throw new Error('ajax_' + response.status);\n      return response.text();\n    }).then(function(html) {\n      if (!trim(html)) throw new Error('empty_response');\n      target.innerHTML = html;\n      target.setAttribute('data-loaded', '1');\n      root.classList.add('is-form-open');\n      initCf7(target);\n      setupLoadedForm(root);\n      scrollToNode(target);\n    }).catch(function() {\n      renderStatus(loadStatus(root), root.getAttribute('data-ec-service-load-error') || '');\n    }).then(function() {\n      root.__ecServiceLoading = false;\n      root.classList.remove('is-form-loading');\n      button.removeAttribute('aria-busy');\n      syncBlockers(root);\n    });\n  }\n\n  window.ecServiceStartOver = function(event) {\n    var root = pageRoot(event ? event.target : null);\n    if (!root) return;\n    if (event) {\n      event.preventDefault();\n      event.stopPropagation();\n    }\n    var target = root.querySelector('#ajax_content');\n    if (target) {\n      target.innerHTML = '';\n      target.setAttribute('data-loaded', '0');\n    }\n    root.querySelectorAll('.ec-service-blocker').forEach(function(node) { node.checked = false; });\n    root.classList.remove('is-form-open', 'is-form-loading');\n    renderStatus(loadStatus(root), '');\n    syncBlockers(root);\n    scrollToNode(root);\n  };\n\n  document.addEventListener('click', function(event) {\n    var button = null;\n    if (event.target) {\n      if (event.target.closest) {\n        button = event.target.closest('[data-ec-service-load]');\n      }\n    }\n    if (!button) return;\n    var root = pageRoot(button);\n    if (!root) return;\n    event.preventDefault();\n    event.stopPropagation();\n    if (event.stopImmediatePropagation) event.stopImmediatePropagation();\n    if (root.querySelector('.ec-service-blocker:checked')) {\n      renderStatus(loadStatus(root), button.getAttribute('data-blocked-message') || '');\n      syncBlockers(root);\n      return;\n    }\n    loadForm(root, button);\n  }, true);\n\n  document.addEventListener('click', function(event) {\n    var submit = null;\n    if (event.target) {\n      if (event.target.closest) {\n        submit = event.target.closest('.ec-service-page #ajax_content .wpcf7-submit');\n      }\n    }\n    if (!submit) return;\n    blockSubmit(event, pageRoot(submit));\n  }, true);\n\n  document.addEventListener('submit', function(event) {\n    var form = event.target;\n    if (!form || !form.closest) return;\n    var root = form.closest('.ec-service-page');\n    if (root) blockSubmit(event, root);\n  }, true);\n\n  document.addEventListener('change', function(event) {\n    var root = pageRoot(event.target);\n    if (!root) return;\n    if (event.target.matches('.ec-service-blocker')) syncBlockers(root);\n    syncSubmit(root);\n  }, true);\n\n  document.addEventListener('input', function(event) {\n    var root = pageRoot(event.target);\n    if (root) syncSubmit(root);\n  }, true);\n\n  document.querySelectorAll('.ec-service-page').forEach(syncBlockers);\n})();\n<\/script>","protected":false},"excerpt":{"rendered":"El cost de preparar una demanda al TEDH dep\u00e8n del temps que calgui dedicar a aquesta feina. La forquilla \u00e9s molt \u00e0mplia: des d\u2019uns quants centenars d\u2019euros, quan n\u2019hi ha prou amb dues o&#46;&#46;&#46;","protected":false},"author":0,"featured_media":226135,"parent":222205,"menu_order":0,"comment_status":"closed","ping_status":"closed","template":"","meta":{"footnotes":""},"categories":[],"tags":[],"class_list":["post-225213","page","type-page","status-publish","has-post-thumbnail","hentry"],"_links":{"self":[{"href":"https:\/\/europeancourt.org\/ca\/wp-json\/wp\/v2\/pages\/225213","targetHints":{"allow":["GET"]}}],"collection":[{"href":"https:\/\/europeancourt.org\/ca\/wp-json\/wp\/v2\/pages"}],"about":[{"href":"https:\/\/europeancourt.org\/ca\/wp-json\/wp\/v2\/types\/page"}],"replies":[{"embeddable":true,"href":"https:\/\/europeancourt.org\/ca\/wp-json\/wp\/v2\/comments?post=225213"}],"version-history":[{"count":4,"href":"https:\/\/europeancourt.org\/ca\/wp-json\/wp\/v2\/pages\/225213\/revisions"}],"predecessor-version":[{"id":225946,"href":"https:\/\/europeancourt.org\/ca\/wp-json\/wp\/v2\/pages\/225213\/revisions\/225946"}],"up":[{"embeddable":true,"href":"https:\/\/europeancourt.org\/ca\/wp-json\/wp\/v2\/pages\/222205"}],"wp:featuredmedia":[{"embeddable":true,"href":"https:\/\/europeancourt.org\/ca\/wp-json\/wp\/v2\/media\/226135"}],"wp:attachment":[{"href":"https:\/\/europeancourt.org\/ca\/wp-json\/wp\/v2\/media?parent=225213"}],"wp:term":[{"taxonomy":"category","embeddable":true,"href":"https:\/\/europeancourt.org\/ca\/wp-json\/wp\/v2\/categories?post=225213"},{"taxonomy":"post_tag","embeddable":true,"href":"https:\/\/europeancourt.org\/ca\/wp-json\/wp\/v2\/tags?post=225213"}],"curies":[{"name":"wp","href":"https:\/\/api.w.org\/{rel}","templated":true}]}}