{"id":225219,"date":"2026-04-26T14:48:59","date_gmt":"2026-04-26T12:48:59","guid":{"rendered":"https:\/\/europeancourt.org\/assessorament-jur%c3%addic-i-contactes\/"},"modified":"2026-04-26T16:57:06","modified_gmt":"2026-04-26T14:57:06","slug":"assessorament-jur%c3%addic-i-contactes","status":"publish","type":"page","link":"https:\/\/europeancourt.org\/ca\/assessorament-jur%c3%addic-i-contactes\/","title":{"rendered":"Assessorament jur\u00eddic i contactes"},"content":{"rendered":"<div class=\"mywpcf7cf myshow myhide\">Necessito:<\/div>\n\n<div class=\"myshow myhide\"><span class=\"wpcf7-radio\"><span class=\"wpcf7-list-item\"><label><span class=\"wpcf7-list-item-label\">preparar una demanda al TEDH<\/span><\/label><\/span><\/span><\/div>\n\n<div class=\"myshow myhide\"><span class=\"wpcf7-radio\"><span class=\"wpcf7-list-item\"><label><span class=\"wpcf7-list-item-label\">revisar el formulari de demanda per detectar-hi errors abans d\u2019enviar-lo al TEDH<\/span><\/label><\/span><\/span><\/div>\n\n<div class=\"myshow myhide\"><span class=\"wpcf7-radio\"><span class=\"wpcf7-list-item\"><label><span class=\"wpcf7-list-item-label\">representaci\u00f3 dels interessos del demandant davant el TEDH despr\u00e9s de la comunicaci\u00f3 de la demanda<\/span><\/label><\/span><\/span><\/div>\n\n<div class=\"myshow myhide\"><span class=\"wpcf7-radio\"><span class=\"wpcf7-list-item\"><label><span class=\"wpcf7-list-item-label\">con\u00e8ixer l\u2019estat d\u2019una demanda al TEDH<\/span><\/label><\/span><\/span><\/div>\n\n<div class=\"myshow myhide\"><span class=\"wpcf7-radio\"><span class=\"wpcf7-list-item\"><label><span class=\"wpcf7-list-item-label\">descarregar el formulari de demanda al TEDH<\/span><\/label><\/span><\/span><\/div>\n\n<div class=\"myshow myhide\"><span class=\"wpcf7-radio\"><span class=\"wpcf7-list-item\"><label><span class=\"wpcf7-list-item-label\">sol\u00b7licitar una consulta<\/span><\/label><\/span><\/span><\/div>\n\n<div class=\"myshow myhide\"><span class=\"wpcf7-radio\"><span class=\"wpcf7-list-item\"><label><span class=\"wpcf7-list-item-label\">mostrar les dades de contacte<\/span><\/label><\/span><\/span><\/div>\n<div id=\"ajax_content\"><\/div>","protected":false},"excerpt":{"rendered":"Necessito: preparar una demanda al TEDH revisar el formulari de demanda per detectar-hi errors abans d\u2019enviar-lo al TEDH representaci\u00f3 dels interessos del demandant davant el TEDH despr\u00e9s de la comunicaci\u00f3 de la demanda con\u00e8ixer&#46;&#46;&#46;","protected":false},"author":0,"featured_media":0,"parent":0,"menu_order":0,"comment_status":"closed","ping_status":"closed","template":"","meta":{"footnotes":""},"categories":[],"tags":[],"class_list":["post-225219","page","type-page","status-publish","hentry"],"_links":{"self":[{"href":"https:\/\/europeancourt.org\/ca\/wp-json\/wp\/v2\/pages\/225219","targetHints":{"allow":["GET"]}}],"collection":[{"href":"https:\/\/europeancourt.org\/ca\/wp-json\/wp\/v2\/pages"}],"about":[{"href":"https:\/\/europeancourt.org\/ca\/wp-json\/wp\/v2\/types\/page"}],"replies":[{"embeddable":true,"href":"https:\/\/europeancourt.org\/ca\/wp-json\/wp\/v2\/comments?post=225219"}],"version-history":[{"count":3,"href":"https:\/\/europeancourt.org\/ca\/wp-json\/wp\/v2\/pages\/225219\/revisions"}],"predecessor-version":[{"id":225566,"href":"https:\/\/europeancourt.org\/ca\/wp-json\/wp\/v2\/pages\/225219\/revisions\/225566"}],"wp:attachment":[{"href":"https:\/\/europeancourt.org\/ca\/wp-json\/wp\/v2\/media?parent=225219"}],"wp:term":[{"taxonomy":"category","embeddable":true,"href":"https:\/\/europeancourt.org\/ca\/wp-json\/wp\/v2\/categories?post=225219"},{"taxonomy":"post_tag","embeddable":true,"href":"https:\/\/europeancourt.org\/ca\/wp-json\/wp\/v2\/tags?post=225219"}],"curies":[{"name":"wp","href":"https:\/\/api.w.org\/{rel}","templated":true}]}}