{"id":40664,"date":"2022-04-29T20:07:30","date_gmt":"2022-04-29T18:07:30","guid":{"rendered":"https:\/\/europeancourt.org\/tribunal-europeu-de-drets-humans\/"},"modified":"2025-10-05T12:00:15","modified_gmt":"2025-10-05T12:00:15","slug":"tribunal-europeu-de-drets-humans","status":"publish","type":"page","link":"https:\/\/europeancourt.org\/ca\/","title":{"rendered":"Oleg Anixtxik, representant davant TEDH, ONU-DHC, Interpol-CCF"},"content":{"rendered":"<p>El Tribunal Europeu de Drets Humans (TEDH) \u00e9s un \u00f2rgan judicial internacional amb seu a Estrasburg. Nom\u00e9s pot examinar greuges de persones f\u00edsiques, organitzacions i societats que es considerin v\u00edctimes d\u2019una violaci\u00f3 de drets protegits pel Conveni europeu de drets humans.<\/p> \n<p>El <a title=\"Conveni per a la Salvaguarda dels Drets Humans i de les Llibertats Fonamentals\" href=\"https:\/\/europeancourt.org\/ca\/documents\/consell-deuropa\/conveni-europeu-de-drets-humans\/\">Conveni Europeu de Drets Humans<\/a> \u00e9s un tractat internacional pel qual un gran nombre d\u2019Estats europeus s\u2019han comprom\u00e8s a protegir determinats drets fonamentals. Aquests drets es troben recollits en el text del Conveni i dels seus Protocols n\u00fam. <a title=\"Protocol addicional al Conveni per a la Salvaguarda dels Drets Humans i de les Llibertats Fonamentals\" href=\"https:\/\/europeancourt.org\/ca\/documents\/consell-deuropa\/conveni-europeu-de-drets-humans\/protocol-n%c3%bam1\/\">1<\/a>, <a title=\"Protocol n\u00fam. 4 al Conveni per a la Salvaguarda dels Drets Humans i de les Llibertats Fonamentals\" href=\"https:\/\/europeancourt.org\/ca\/documents\/consell-deuropa\/conveni-europeu-de-drets-humans\/protocol-n%c3%bam4\/\">4<\/a>, <a title=\"Protocol n\u00fam. 6 al Conveni per a la Salvaguarda dels Drets Humans i de les Llibertats Fonamentals\" href=\"https:\/\/europeancourt.org\/ca\/documents\/consell-deuropa\/conveni-europeu-de-drets-humans\/protocol-n%c3%bam6\/\">6<\/a>, <a title=\"Protocol n\u00fam. 7 al Conveni per a la Salvaguarda dels Drets Humans i de les Llibertats Fonamentals\" href=\"https:\/\/europeancourt.org\/ca\/documents\/consell-deuropa\/conveni-europeu-de-drets-humans\/protocol-n%c3%bam7\/\">7<\/a>, <a title=\"Protocol n\u00fam. 12 al Conveni per a la Salvaguarda dels Drets Humans i de les Llibertats Fonamentals\" href=\"https:\/\/europeancourt.org\/ca\/documents\/consell-deuropa\/conveni-europeu-de-drets-humans\/protocol-n%c3%bam12\/\">12<\/a> i <a title=\"Protocol n\u00fam. 13 al Conveni per a la Salvaguarda dels Drets Humans i de les Llibertats Fonamentals\" href=\"https:\/\/europeancourt.org\/ca\/documents\/consell-deuropa\/conveni-europeu-de-drets-humans\/protocol-n%c3%bam13\/\">13<\/a>, ratificats per alguns dels Estats.<\/p>\n<p>El Tribunal aplica el Conveni Europeu de Drets Humans. La seva missi\u00f3 \u00e9s comprovar que els estats respecten els drets i les garanties previstos pel Conveni. Per aix\u00f2, els individus o, ocasionalment, els estats, han de presentar una queixa (anomenada \u00abdemanda\u00bb) al Tribunal. Quan el Tribunal constata la violaci\u00f3 d\u2019un o m\u00e9s d\u2019aquests drets o garanties per part d\u2019un estat membre, dicta sent\u00e8ncia. La sent\u00e8ncia \u00e9s vinculant i, per tant, el pa\u00eds afectat est\u00e0 obligat a executar-la.<\/p>\n<p>No esteu obligats a tenir la nacionalitat d\u2019un dels <a title=\"Estats membres del Consell d\u2019Europa\" href=\"https:\/\/europeancourt.org\/ca\/documents\/consell-deuropa\/conveni-europeu-de-drets-humans\/#ratificaci%C3%B3\">pa\u00efsos membres del Consell d\u2019Europa<\/a>. Nom\u00e9s cal que la violaci\u00f3 motiu de la queixa hagi estat comesa per un dels estats sotmesos a la seva jurisdicci\u00f3, que, generalment, correspon al seu territori. L\u2019acte o els actes impugnats han d\u2019emanar d\u2019una autoritat p\u00fablica d\u2019aquest o aquests estat(s) com, per exemple, un tribunal o una administraci\u00f3 p\u00fablica. El Tribunal no pot ocupar-se de demandes dirigides contra particulars o institucions privades com, per exemple, societats mercantils.  Heu de ser v\u00edctima directa i personal de la violaci\u00f3 denunciada. No podeu presentar una queixa per una llei o un acte que, en termes generals, considereu, per exemple, injust, ni tampoc podeu presentar una queixa en nom d\u2019altres persones (llevat que aquestes persones estiguin clarament identificades i en sigueu el representant oficial).   No podeu queixar-vos de la violaci\u00f3 d\u2019un altre instrument jur\u00eddic que no sigui el Conveni Europeu de Drets Humans com, per exemple, la Declaraci\u00f3 Universal dels Drets Humans o la Carta dels Drets Fonamentals.<\/p>\n<p>Heu d\u2019exhaurir necess\u00e0riament tots els recursos que puguin posar remei a la situaci\u00f3 que ha motivat la queixa (normalment, es tracta de presentar una demanda al tribunal competent, seguida d\u2019una apel\u00b7laci\u00f3 i, fins i tot, presentar un recurs a una inst\u00e0ncia judicial superior, com el Tribunal Suprem o el Tribunal Constitucional, en cas que n\u2019hi hagi). Heu de tenir en compte que la simple presentaci\u00f3 del recurs no \u00e9s suficient i que heu d\u2019explicar realment en els recursos el motiu de la queixa (\u00e9s a dir, esmentar quines violacions del Conveni motiven la queixa). A comptar a partir de la data de la notificaci\u00f3 de la decisi\u00f3 final interna (en general, la data de la decisi\u00f3 o sent\u00e8ncia de la m\u00e0xima inst\u00e0ncia judicial del pa\u00eds), nom\u00e9s disposeu d\u2019un termini de quatre mesos per presentar la demanda al Tribunal.    Tant el <a title=\"Formulari de demanda al Tribunal Europeu de Drets Humans\" href=\"https:\/\/europeancourt.org\/ca\/documents\/consell-deuropa\/tedh\/formulari-de-demanda\/\">formulari de demanda<\/a> com totes les informacions i els documents necessaris s\u2019han d\u2019enviar al Tribunal, com a molt tard, l\u2019\u00faltim dia del termini de quatre mesos. <a title=\"Comprovaci\u00f3 d\u2019un formulari de demanda \u2013 Tribunal europeu de drets humans\" href=\"https:\/\/europeancourt.org\/en\/services\/echr\/checking-filled-in-applications\/\">Comproveu<\/a> que aquesta inclou totes les informacions i els documents necessaris.<\/p>\n<p>El Tribunal no pot examinar qualsevol tipus de greuge. La seva compet\u00e8ncia es troba limitada per les condicions d\u2019admissibilitat previstes en el Conveni, les quals defineixen qui pot adre\u00e7ar-se al Tribunal, quan i sobre quina mat\u00e8ria. M\u00e9s del 90% de les demandes examinades pel Tribunal s\u00f3n declarades inadmissibles. Comproveu que els vostres greuges responen a les condicions d\u2019admissibilitat. Si desitgeu m\u00e9s informaci\u00f3 sobre aquests requisits, podeu <a title=\"Consultes d\u2019un advocat \u2013 Tribunal europeu de drets humans\" href=\"https:\/\/europeancourt.org\/en\/legal-advice-and-contacts\/\">adre\u00e7ar-vos a un advocat<\/a>.<\/p>\n<p>L\u2019estudi del vostre cas \u00e9s gratu\u00eft. Nom\u00e9s haureu de fer-vos c\u00e0rrec de les vostres despeses (com els honoraris del vostre advocat o les despeses d\u2019investigaci\u00f3 o correspond\u00e8ncia). El Tribunal no us pot ajudar a pagar un <a title=\"Preparaci\u00f3 de demandes al Tribunal Europeu de Drets Humans\" href=\"https:\/\/europeancourt.org\/en\/services\/echr\/preparing-applications\/\">advocat per a la redacci\u00f3 de la vostra demanda<\/a>. Si b\u00e9 a l\u2019inici del procediment no heu de comptar amb la <a title=\"Representaci\u00f3 \u2013 Tribunal europeu de drets humans\" href=\"https:\/\/europeancourt.org\/en\/services\/echr\/representing-applicants\/\">representaci\u00f3 d\u2019un advocat<\/a>, la seva pres\u00e8ncia esdev\u00e9 necess\u00e0ria si la vostra demanda es notifica al govern.<\/p>\n<p>Si el Tribunal constata que s\u2019ha produ\u00eft una violaci\u00f3, us pot atorgar una \u00absatisfacci\u00f3 equitable\u00bb, que consisteix en una compensaci\u00f3 econ\u00f2mica de determinats perjudicis. El Tribunal tamb\u00e9 pot exigir a l\u2019estat afectat que us reemborsi les despeses en qu\u00e8 heu hagut d\u2019inc\u00f3rrer per fer valer els vostres drets.<\/p>","protected":false},"excerpt":{"rendered":"El Tribunal Europeu de Drets Humans (TEDH) \u00e9s un \u00f2rgan judicial internacional amb seu a Estrasburg. Nom\u00e9s pot examinar greuges de persones f\u00edsiques, organitzacions i societats que es considerin v\u00edctimes d\u2019una violaci\u00f3 de drets&#46;&#46;&#46;","protected":false},"author":1,"featured_media":208859,"parent":0,"menu_order":0,"comment_status":"closed","ping_status":"closed","template":"","meta":{"footnotes":""},"categories":[],"tags":[],"class_list":["post-40664","page","type-page","status-publish","has-post-thumbnail","hentry"],"_links":{"self":[{"href":"https:\/\/europeancourt.org\/ca\/wp-json\/wp\/v2\/pages\/40664","targetHints":{"allow":["GET"]}}],"collection":[{"href":"https:\/\/europeancourt.org\/ca\/wp-json\/wp\/v2\/pages"}],"about":[{"href":"https:\/\/europeancourt.org\/ca\/wp-json\/wp\/v2\/types\/page"}],"author":[{"embeddable":true,"href":"https:\/\/europeancourt.org\/ca\/wp-json\/wp\/v2\/users\/1"}],"replies":[{"embeddable":true,"href":"https:\/\/europeancourt.org\/ca\/wp-json\/wp\/v2\/comments?post=40664"}],"version-history":[{"count":0,"href":"https:\/\/europeancourt.org\/ca\/wp-json\/wp\/v2\/pages\/40664\/revisions"}],"wp:featuredmedia":[{"embeddable":true,"href":"https:\/\/europeancourt.org\/ca\/wp-json\/wp\/v2\/media\/208859"}],"wp:attachment":[{"href":"https:\/\/europeancourt.org\/ca\/wp-json\/wp\/v2\/media?parent=40664"}],"wp:term":[{"taxonomy":"category","embeddable":true,"href":"https:\/\/europeancourt.org\/ca\/wp-json\/wp\/v2\/categories?post=40664"},{"taxonomy":"post_tag","embeddable":true,"href":"https:\/\/europeancourt.org\/ca\/wp-json\/wp\/v2\/tags?post=40664"}],"curies":[{"name":"wp","href":"https:\/\/api.w.org\/{rel}","templated":true}]}}