{"id":147355,"date":"2022-06-23T10:51:39","date_gmt":"2022-06-23T08:51:39","guid":{"rendered":"https:\/\/europeancourt.org\/dokumenty\/rada-evropy\/eslp\/"},"modified":"2024-06-25T16:14:46","modified_gmt":"2024-06-25T14:14:46","slug":"eslp","status":"publish","type":"page","link":"https:\/\/europeancourt.org\/cs\/dokumenty\/rada-evropy\/eslp\/","title":{"rendered":"ESLP"},"content":{"rendered":"<ul> \n<li><a href=\"https:\/\/europeancourt.org\/cs\/dokumenty\/rada-evropy\/eslp\/jednac%c3%ad-%c5%99%c3%a1d-%c4%8dl%c3%a1nek-47\/\" title=\"\u010cl\u00e1nek 47 Jednac\u00edho \u0159\u00e1du Evropsk\u00e9ho soudu pro lidsk\u00e1 pr\u00e1va\">Jednac\u00ed \u0159\u00e1d Soudu \u2013 \u010cl\u00e1nek 47<\/a><\/li>\n<li><a href=\"https:\/\/europeancourt.org\/en\/documents\/council-of-europe\/echr\/practice-directions-institution-of-proceedings\/\" title=\"Zah\u00e1jen\u00ed \u0159\u00edzen\u00ed \u2013 Praktick\u00e9 pokyny\">Zah\u00e1jen\u00ed \u0159\u00edzen\u00ed \u2013 Praktick\u00e9 pokyny<\/a><\/li>\n<li><a href=\"https:\/\/europeancourt.org\/cs\/dokumenty\/rada-evropy\/eslp\/formul%c3%a1%c5%99-na-st%c3%ad%c5%benost\/\" title=\"Formul\u00e1\u0159 na st\u00ed\u017enost k Evropsk\u00e9mu soudu pro lidsk\u00e1 pr\u00e1va\">Formul\u00e1\u0159 na st\u00ed\u017enost<\/a><\/li>\n<ul>\n<li><a href=\"https:\/\/europeancourt.org\/cs\/dokumenty\/rada-evropy\/eslp\/formul%c3%a1%c5%99-na-st%c3%ad%c5%benost\/pokyny-pro-vypln%c4%9bn%c3%ad\/\" title=\"Pokyny pro vypln\u011bn\u00ed formul\u00e1\u0159e na st\u00ed\u017enost\">Pokyny pro vypln\u011bn\u00ed formul\u00e1\u0159e na st\u00ed\u017enost<\/a><\/li>\n<\/ul>\n<li><a href=\"https:\/\/europeancourt.org\/cs\/dokumenty\/rada-evropy\/eslp\/formul%c3%a1%c5%99-pln%c3%a9-moci\/\" title=\"Formul\u00e1\u0159 pln\u00e9 moci pro Evropsk\u00fd soud pro lidsk\u00e1 pr\u00e1va\">Formul\u00e1\u0159 pln\u00e9 moci<\/a><\/li>\n<li><a href=\"https:\/\/europeancourt.org\/downloads\/cs\/Tabulka_obsahujici_osobni_a_kontaktni_udaje_vsech_stezovatelu_k_ESLP_CES.XLSX\" title=\"Tabulka obsahuj\u00edc\u00ed osobn\u00ed a kontaktn\u00ed \u00fadaje v\u0161ech st\u011b\u017eovatel\u016f k Evropsk\u00e9mu soudu pro lidsk\u00e1 pr\u00e1va\">P\u0159\u00edloha ke st\u00ed\u017enosti s mnoha st\u011b\u017eovateli<\/a><\/li>\n<\/ul>","protected":false},"excerpt":{"rendered":"Jednac\u00ed \u0159\u00e1d Soudu \u2013 \u010cl\u00e1nek 47 Zah\u00e1jen\u00ed \u0159\u00edzen\u00ed \u2013 Praktick\u00e9 pokyny Formul\u00e1\u0159 na st\u00ed\u017enost Pokyny pro vypln\u011bn\u00ed formul\u00e1\u0159e na st\u00ed\u017enost Formul\u00e1\u0159 pln\u00e9 moci P\u0159\u00edloha ke st\u00ed\u017enosti s mnoha st\u011b\u017eovateli","protected":false},"author":1,"featured_media":192047,"parent":116102,"menu_order":0,"comment_status":"closed","ping_status":"closed","template":"","meta":{"footnotes":""},"categories":[],"tags":[],"class_list":["post-147355","page","type-page","status-publish","has-post-thumbnail","hentry"],"_links":{"self":[{"href":"https:\/\/europeancourt.org\/cs\/wp-json\/wp\/v2\/pages\/147355","targetHints":{"allow":["GET"]}}],"collection":[{"href":"https:\/\/europeancourt.org\/cs\/wp-json\/wp\/v2\/pages"}],"about":[{"href":"https:\/\/europeancourt.org\/cs\/wp-json\/wp\/v2\/types\/page"}],"author":[{"embeddable":true,"href":"https:\/\/europeancourt.org\/cs\/wp-json\/wp\/v2\/users\/1"}],"replies":[{"embeddable":true,"href":"https:\/\/europeancourt.org\/cs\/wp-json\/wp\/v2\/comments?post=147355"}],"version-history":[{"count":0,"href":"https:\/\/europeancourt.org\/cs\/wp-json\/wp\/v2\/pages\/147355\/revisions"}],"up":[{"embeddable":true,"href":"https:\/\/europeancourt.org\/cs\/wp-json\/wp\/v2\/pages\/116102"}],"wp:featuredmedia":[{"embeddable":true,"href":"https:\/\/europeancourt.org\/cs\/wp-json\/wp\/v2\/media\/192047"}],"wp:attachment":[{"href":"https:\/\/europeancourt.org\/cs\/wp-json\/wp\/v2\/media?parent=147355"}],"wp:term":[{"taxonomy":"category","embeddable":true,"href":"https:\/\/europeancourt.org\/cs\/wp-json\/wp\/v2\/categories?post=147355"},{"taxonomy":"post_tag","embeddable":true,"href":"https:\/\/europeancourt.org\/cs\/wp-json\/wp\/v2\/tags?post=147355"}],"curies":[{"name":"wp","href":"https:\/\/api.w.org\/{rel}","templated":true}]}}