{"id":147450,"date":"2022-07-02T14:27:20","date_gmt":"2022-07-02T12:27:20","guid":{"rendered":"https:\/\/europeancourt.org\/dokumenty\/rada-evropy\/eslp\/jednac%c3%ad-%c5%99%c3%a1d-%c4%8dl%c3%a1nek-47\/"},"modified":"2025-10-05T12:00:15","modified_gmt":"2025-10-05T12:00:15","slug":"jednac%c3%ad-%c5%99%c3%a1d-%c4%8dl%c3%a1nek-47","status":"publish","type":"page","link":"https:\/\/europeancourt.org\/cs\/dokumenty\/rada-evropy\/eslp\/jednac%c3%ad-%c5%99%c3%a1d-%c4%8dl%c3%a1nek-47\/","title":{"rendered":"Jednac\u00ed \u0159\u00e1d Soudu \u2013 \u010cl\u00e1nek 47"},"content":{"rendered":"<h2 style=\"text-align: center;\">Jednac\u00ed \u0159\u00e1d Soudu<\/h2>\n<p><strong>\u010cl\u00e1nek 47<a class=\"paddingleft2px\" title=\"Ve zn\u011bn\u00ed novelizovan\u00e9m Soudem dne 17. \u010dervna a 8. \u010dervence 2002, 11. prosince 2007, 22. z\u00e1\u0159\u00ed 2008, 6. kv\u011btna 2013, 1. \u010dervna a 5. \u0159\u00edjna 2015 a 18. ledna 2024.\" href=\"#fn1\"><sup style=\"cursor:help\">1<\/sup><\/a> \u2013 Obsah individu\u00e1ln\u00ed st\u00ed\u017enosti<\/strong><\/p>\n<p>1. St\u00ed\u017enost podan\u00e1 podle <a title=\"\u010cl\u00e1nek 34 \u00damluvy o ochran\u011b lidsk\u00fdch pr\u00e1v a z\u00e1kladn\u00edch svobod\" href=\"https:\/\/europeancourt.org\/cs\/dokumenty\/rada-evropy\/evropsk%c3%a1-%c3%bamluva-o-ochran%c4%9b-lidsk%c3%bdch-pr%c3%a1v\/#%C4%8Dl%C3%A1nek-34\">\u010dl\u00e1nku 34 \u00damluvy<\/a> se p\u0159edkl\u00e1d\u00e1 na <a href=\"https:\/\/europeancourt.org\/cs\/dokumenty\/rada-evropy\/eslp\/formul%c3%a1%c5%99-na-st%c3%ad%c5%benost\/\" title=\"Formul\u00e1\u0159 na st\u00ed\u017enost k Evropsk\u00e9mu soudu pro lidsk\u00e1 pr\u00e1va\">formul\u00e1\u0159i<\/a> poskytnut\u00e9m kancel\u00e1\u0159\u00ed Soudu, nerozhodne-li Soud jinak. Mus\u00ed obsahovat v\u0161echny nezbytn\u00e9 informace podle jednotliv\u00fdch \u010d\u00e1st\u00ed formul\u00e1\u0159e a obsahovat:<\/p>\n<p style=\"padding-left: 40px;\">a) jm\u00e9no, datum narozen\u00ed, st\u00e1tn\u00ed ob\u010danstv\u00ed a adresu st\u011b\u017eovatele, a v p\u0159\u00edpad\u011b pr\u00e1vnick\u00e9 osoby \u00fapln\u00fd n\u00e1zev, datum zalo\u017een\u00ed nebo vzniku, identifika\u010dn\u00ed \u010d\u00edslo (je-li k dispozici) a adresu s\u00eddla;<\/p>\n<p style=\"padding-left: 40px;\">b) jm\u00e9no, adresu, telefonn\u00ed a faxov\u00e9 \u010d\u00edslo a emailovou adresu z\u00e1stupce, je-li st\u011b\u017eovatel zastoupen;<\/p>\n<p style=\"padding-left: 40px;\">c) je-li st\u011b\u017eovatel zastoupen, datum a origin\u00e1l podpisu st\u011b\u017eovatele v p\u0159\u00edslu\u0161n\u00e9m ok\u00e9nku formul\u00e1\u0159e na st\u00ed\u017enost v \u010d\u00e1sti vyhrazen\u00e9 pro plnou moc; tato \u010d\u00e1st formul\u00e1\u0159e mus\u00ed obsahovat rovn\u011b\u017e origin\u00e1l podpisu z\u00e1stupce na d\u016fkaz, \u017ee plnou moc p\u0159ij\u00edm\u00e1; Soud m\u016f\u017ee akceptovat kopii podpis\u016f nebo jin\u00e9 formul\u00e1\u0159e pro plnou moc platn\u00e9 podle vnitrost\u00e1tn\u00edho pr\u00e1va smluvn\u00edch stran, pouze pokud jsou z\u00e1rove\u0148 uvedeny z\u00e1va\u017en\u00e9 d\u016fvody pro nedodr\u017een\u00ed t\u011bchto po\u017eadavk\u016f a pokud je formul\u00e1\u0159 pro plnou moc poskytnut\u00fd Soudem, spolu s origin\u00e1ly podpis\u016f, Soudu zasl\u00e1n v p\u0159im\u011b\u0159en\u00e9 lh\u016ft\u011b;<\/p>\n<p style=\"padding-left: 40px;\">d) n\u00e1zev jedn\u00e9 nebo v\u00edce smluvn\u00edch stran, proti kter\u00fdm st\u00ed\u017enost sm\u011b\u0159uje;<\/p>\n<p style=\"padding-left: 40px;\">e) stru\u010dn\u00fd a \u010diteln\u00fd popis skute\u010dnost\u00ed;<\/p>\n<p style=\"padding-left: 40px;\">f) stru\u010dn\u00fd a \u010diteln\u00fd popis nam\u00edtan\u00fdch poru\u0161en\u00ed \u00damluvy a argumenty na podporu st\u00ed\u017enosti; a<\/p>\n<p style=\"padding-left: 40px;\">g) stru\u010dn\u00e9 a \u010diteln\u00e9 vyj\u00e1d\u0159en\u00ed o tom, \u017ee st\u011b\u017eovatel splnil podm\u00ednky p\u0159ijatelnosti ve smyslu <a title=\"\u010cl\u00e1nek 35 \u00damluvy o ochran\u011b lidsk\u00fdch pr\u00e1v a z\u00e1kladn\u00edch svobod\" href=\"https:\/\/europeancourt.org\/cs\/dokumenty\/rada-evropy\/evropsk%c3%a1-%c3%bamluva-o-ochran%c4%9b-lidsk%c3%bdch-pr%c3%a1v\/#%C4%8Dl%C3%A1nek-35\">\u010dl\u00e1nku 35 odst. 1 \u00damluvy<\/a>.<\/p>\n<p>2.<\/p>\n<p style=\"padding-left: 40px;\">a) V\u0161echny informace zm\u00edn\u011bn\u00e9 v\u00fd\u0161e v odstavci 1 p\u00edsm. e) a\u017e g) musej\u00ed b\u00fdt uvedeny v p\u0159\u00edslu\u0161n\u00fdch \u010d\u00e1stech formul\u00e1\u0159e na st\u00ed\u017enost tak, aby umo\u017enily Soudu ur\u010dit p\u0159edm\u011bt a rozsah st\u00ed\u017enosti bez pot\u0159eby zkoum\u00e1n\u00ed dal\u0161\u00edch dokument\u016f.<\/p>\n<p style=\"padding-left: 40px;\">b) St\u011b\u017eovatel v\u0161ak m\u016f\u017ee tyto informace doplnit v p\u0159\u00edloze k formul\u00e1\u0159i na st\u00ed\u017enost nep\u0159esahuj\u00edc\u00ed 20 stran, ve kter\u00e9 podrobn\u011b rozvede skute\u010dnosti, nam\u00edtan\u00e1 poru\u0161en\u00ed \u00damluvy a argumenty na podporu st\u00ed\u017enosti.<\/p>\n<p>3.1. Formul\u00e1\u0159 na st\u00ed\u017enost mus\u00ed b\u00fdt podeps\u00e1n st\u011b\u017eovatelem nebo jeho z\u00e1stupcem a musej\u00ed k n\u011bmu b\u00fdt p\u0159ilo\u017eeny: <\/p>\n<p style=\"padding-left: 40px;\">a) kopie dokument\u016f vztahuj\u00edc\u00edch se k nam\u00edtan\u00fdm rozhodnut\u00edm nebo opat\u0159en\u00edm soud\u016f \u010di jin\u00fdch org\u00e1n\u016f;<\/p>\n<p style=\"padding-left: 40px;\">b) kopie dokument\u016f nebo rozhodnut\u00ed dokl\u00e1daj\u00edc\u00edch, \u017ee st\u011b\u017eovatel splnil podm\u00ednku vy\u010derp\u00e1n\u00ed vnitrost\u00e1tn\u00edch pr\u00e1vn\u00edch prost\u0159edk\u016f n\u00e1pravy a dodr\u017eel \u0161estim\u011bs\u00ed\u010dn\u00ed lh\u016ftu k pod\u00e1n\u00ed st\u00ed\u017enosti v souladu s <a title=\"\u010cl\u00e1nek 35 \u00damluvy o ochran\u011b lidsk\u00fdch pr\u00e1v a z\u00e1kladn\u00edch svobod\" href=\"https:\/\/europeancourt.org\/cs\/dokumenty\/rada-evropy\/evropsk%c3%a1-%c3%bamluva-o-ochran%c4%9b-lidsk%c3%bdch-pr%c3%a1v\/#%C4%8Dl%C3%A1nek-35\">\u010dl\u00e1nkem 35 odst. 1 \u00damluvy<\/a>;<\/p>\n<p style=\"padding-left: 40px;\">c) pop\u0159\u00edpad\u011b kopie dokument\u016f t\u00fdkaj\u00edc\u00edch se \u0159\u00edzen\u00ed p\u0159ed jin\u00fdm mezin\u00e1rodn\u00edm vy\u0161et\u0159ovac\u00edm nebo sm\u00edr\u010d\u00edm org\u00e1nem;<\/p>\n<p style=\"padding-left: 40px;\">d) je-li st\u011b\u017eovatelkou pr\u00e1vnick\u00e1 osoba, jak uvedeno v odstavci 1 p\u00edsm. a) tohoto \u010dl\u00e1nku, dokument(y) dokl\u00e1daj\u00edc\u00ed, \u017ee osoba, kter\u00e1 st\u00ed\u017enost pod\u00e1v\u00e1, je v postaven\u00ed \u010di m\u00e1 opr\u00e1vn\u011bn\u00ed jednat jm\u00e9nem st\u011b\u017eovatelky;<\/p>\n<p>3.2. Dokumenty p\u0159edlo\u017een\u00e9 na podporu st\u00ed\u017enosti musej\u00ed b\u00fdt uvedeny chronologicky v seznamu p\u0159\u00edloh, vzestupn\u011b o\u010d\u00edslov\u00e1ny a jasn\u011b ozna\u010deny.<\/p>\n<p>4. St\u011b\u017eovatel, kter\u00fd si nep\u0159eje zve\u0159ejn\u011bn\u00ed sv\u00e9 toto\u017enosti, o to mus\u00ed v\u00fdslovn\u011b po\u017e\u00e1dat a uv\u00e9st d\u016fvody pro ud\u011blen\u00ed v\u00fdjimky z pravidla p\u0159\u00edstupu ve\u0159ejnosti k informac\u00edm o \u0159\u00edzen\u00ed. Soud m\u016f\u017ee zachov\u00e1n\u00ed anonymity st\u011b\u017eovatele povolit nebo o n\u011bm rozhodnout z vlastn\u00ed iniciativy.<\/p>\n<p>5.1. Nebudou-li po\u017eadavky uveden\u00e9 v odstavc\u00edch 1 a\u017e 3 tohoto \u010dl\u00e1nku spln\u011bny, nebude st\u00ed\u017enost Soudem projedn\u00e1na, s v\u00fdjimkou p\u0159\u00edpad\u016f, kdy<\/p>\n<p style=\"padding-left: 40px;\">a) st\u011b\u017eovatel nespln\u011bn\u00ed t\u011bchto po\u017eadavk\u016f n\u00e1le\u017eit\u011b od\u016fvodn\u00ed;<\/p>\n<p style=\"padding-left: 40px;\">b) st\u00ed\u017enost se t\u00fdk\u00e1 \u017e\u00e1dosti o p\u0159edb\u011b\u017en\u00e9 opat\u0159en\u00ed;<\/p>\n<p style=\"padding-left: 40px;\">c) Soud rozhodne jinak z vlastn\u00ed iniciativy nebo na \u017e\u00e1dost st\u011b\u017eovatele.<\/p>\n<p>5.2. Soud m\u016f\u017ee kdykoliv vyzvat st\u011b\u017eovatele, aby podal pot\u0159ebn\u00e9 informace nebo dokumenty ve stanoven\u00e9 lh\u016ft\u011b, vhodnou formou a zp\u016fsobem.<\/p>\n<p>6.<\/p>\n<p style=\"padding-left: 40px;\">a) Pro \u00fa\u010dely <a title=\"\u010cl\u00e1nek 35 \u00damluvy o ochran\u011b lidsk\u00fdch pr\u00e1v a z\u00e1kladn\u00edch svobod\" href=\"https:\/\/europeancourt.org\/cs\/dokumenty\/rada-evropy\/evropsk%c3%a1-%c3%bamluva-o-ochran%c4%9b-lidsk%c3%bdch-pr%c3%a1v\/#%C4%8Dl%C3%A1nek-35\">\u010dl\u00e1nku 35 odst. 1 \u00damluvy<\/a> se za datum pod\u00e1n\u00ed st\u00ed\u017enosti pova\u017euje den, kdy je Soudu odesl\u00e1n formul\u00e1\u0159 na st\u00ed\u017enost spl\u0148uj\u00edc\u00ed po\u017eadavky uveden\u00e9 v tomto \u010dl\u00e1nku. Za datum odesl\u00e1n\u00ed se pova\u017euje datum na po\u0161tovn\u00edm raz\u00edtku.<\/p>\n<p style=\"padding-left: 40px;\">b) Jsou-li k tomu d\u016fvody, m\u016f\u017ee Soud rozhodnout, \u017ee za datum pod\u00e1n\u00ed st\u00ed\u017enosti bude pova\u017eov\u00e1n jin\u00fd den.<\/p>\n<p>7. St\u011b\u017eovatel je povinen informovat Soud o zm\u011bn\u011b adresy a o v\u0161ech skute\u010dnostech, kter\u00e9 jsou pro projedn\u00e1n\u00ed st\u00ed\u017enosti podstatn\u00e9.<\/p>\n__________\n<p id=\"fn1\"><sup>1<\/sup> Ve zn\u011bn\u00ed novelizovan\u00e9m Soudem dne 17. \u010dervna a 8. \u010dervence 2002, 11. prosince 2007, 22. z\u00e1\u0159\u00ed 2008, 6. kv\u011btna 2013, 1. \u010dervna a 5. \u0159\u00edjna 2015 a 18. ledna 2024.<\/p>","protected":false},"excerpt":{"rendered":"Jednac\u00ed \u0159\u00e1d Soudu \u010cl\u00e1nek 471 \u2013 Obsah individu\u00e1ln\u00ed st\u00ed\u017enosti 1. St\u00ed\u017enost podan\u00e1 podle \u010dl\u00e1nku 34 \u00damluvy se p\u0159edkl\u00e1d\u00e1 na formul\u00e1\u0159i poskytnut\u00e9m kancel\u00e1\u0159\u00ed Soudu, nerozhodne-li Soud jinak. Mus\u00ed obsahovat v\u0161echny nezbytn\u00e9 informace podle jednotliv\u00fdch \u010d\u00e1st\u00ed&#46;&#46;&#46;","protected":false},"author":1,"featured_media":188903,"parent":147355,"menu_order":0,"comment_status":"closed","ping_status":"closed","template":"","meta":{"footnotes":""},"categories":[],"tags":[],"class_list":["post-147450","page","type-page","status-publish","has-post-thumbnail","hentry"],"_links":{"self":[{"href":"https:\/\/europeancourt.org\/cs\/wp-json\/wp\/v2\/pages\/147450","targetHints":{"allow":["GET"]}}],"collection":[{"href":"https:\/\/europeancourt.org\/cs\/wp-json\/wp\/v2\/pages"}],"about":[{"href":"https:\/\/europeancourt.org\/cs\/wp-json\/wp\/v2\/types\/page"}],"author":[{"embeddable":true,"href":"https:\/\/europeancourt.org\/cs\/wp-json\/wp\/v2\/users\/1"}],"replies":[{"embeddable":true,"href":"https:\/\/europeancourt.org\/cs\/wp-json\/wp\/v2\/comments?post=147450"}],"version-history":[{"count":0,"href":"https:\/\/europeancourt.org\/cs\/wp-json\/wp\/v2\/pages\/147450\/revisions"}],"up":[{"embeddable":true,"href":"https:\/\/europeancourt.org\/cs\/wp-json\/wp\/v2\/pages\/147355"}],"wp:featuredmedia":[{"embeddable":true,"href":"https:\/\/europeancourt.org\/cs\/wp-json\/wp\/v2\/media\/188903"}],"wp:attachment":[{"href":"https:\/\/europeancourt.org\/cs\/wp-json\/wp\/v2\/media?parent=147450"}],"wp:term":[{"taxonomy":"category","embeddable":true,"href":"https:\/\/europeancourt.org\/cs\/wp-json\/wp\/v2\/categories?post=147450"},{"taxonomy":"post_tag","embeddable":true,"href":"https:\/\/europeancourt.org\/cs\/wp-json\/wp\/v2\/tags?post=147450"}],"curies":[{"name":"wp","href":"https:\/\/api.w.org\/{rel}","templated":true}]}}