{"id":176221,"date":"2022-06-28T15:55:16","date_gmt":"2022-06-28T13:55:16","guid":{"rendered":"https:\/\/europeancourt.org\/dokumenty\/rada-evropy\/eslp\/formul%c3%a1%c5%99-na-st%c3%ad%c5%benost\/"},"modified":"2024-06-10T23:41:29","modified_gmt":"2024-06-10T21:41:29","slug":"formul%c3%a1%c5%99-na-st%c3%ad%c5%benost","status":"publish","type":"page","link":"https:\/\/europeancourt.org\/cs\/dokumenty\/rada-evropy\/eslp\/formul%c3%a1%c5%99-na-st%c3%ad%c5%benost\/","title":{"rendered":"Formul\u00e1\u0159 na st\u00ed\u017enost k Evropsk\u00e9mu soudu pro lidsk\u00e1 pr\u00e1va"},"content":{"rendered":"<p>Formul\u00e1\u0159 na st\u00ed\u017enost bude spr\u00e1vn\u011b fungovat pouze v aplikaci Adobe Reader 9 nebo jej\u00edch nov\u011bj\u0161\u00edch verz\u00edch a pouze v opera\u010dn\u00edch syst\u00e9mech Windows a Mac OS X. Nejprve si proto ov\u011b\u0159te, zda m\u00e1te Adobe Reader nainstalov\u00e1n na Va\u0161em po\u010d\u00edta\u010di (k dispozici ke <a href=\"https:\/\/get.adobe.com\/cz\/reader\/\" title=\"Adobe Reader\" target=\"_blank\" rel=\"noopener\">sta\u017een\u00ed na adrese www.adobe.com<\/a>).<\/p>\n<ul>\n<li>Ulo\u017ete formul\u00e1\u0159 lok\u00e1ln\u011b ve Va\u0161em po\u010d\u00edta\u010di.<\/li>\n<li>Kopii formul\u00e1\u0159e, kterou jste si ulo\u017eili, otev\u0159ete v programu Adobe Reader.<\/li>\n<li>Vypl\u0148te formul\u00e1\u0159 a ulo\u017ete ho.<\/li>\n<li>Po vypln\u011bn\u00ed formul\u00e1\u0159 vytiskn\u011bte a za\u0161lete Soudu po\u0161tou.<\/li>\n<\/ul>\n<p style=\"text-align:center\"><a title=\"Formul\u00e1\u0159 na st\u00ed\u017enost k Evropsk\u00e9mu soudu pro lidsk\u00e1 pr\u00e1va\" href=\"https:\/\/europeancourt.org\/downloads\/cs\/Formular_na_stiznost_k_Evropskemu_soudu_pro_lidska_prava_CES_2022-2.PDF\" class=\"extlinkoff mybrightbutton red\" download=\"\">Sta\u017een\u00ed <i class=\"fas fa-download\"><\/i><\/a><\/p>\n<iframe class=\"wonderplugin-pdf-iframe\" src=\"https:\/\/europeancourt.org\/wp-content\/plugins\/wonderplugin-pdf-embed\/pdfjs\/web\/viewer.html?v=2&disabledownload=1&disableprint=1&disabledoc=1&disableopenfile=1&externallinktarget=2&file=https:\/\/europeancourt.org\/noindex\/AppF_CES_2022-2.pdf\" title=\"Formul\u00e1\u0159 na st\u00ed\u017enost k Evropsk\u00e9mu soudu pro lidsk\u00e1 pr\u00e1va\" width=\"100%\" height=\"900px\" style=\"border:0\"><\/iframe>\n","protected":false},"excerpt":{"rendered":"Formul\u00e1\u0159 na st\u00ed\u017enost bude spr\u00e1vn\u011b fungovat pouze v aplikaci Adobe Reader 9 nebo jej\u00edch nov\u011bj\u0161\u00edch verz\u00edch a pouze v opera\u010dn\u00edch syst\u00e9mech Windows a Mac OS X. Nejprve si proto ov\u011b\u0159te, zda m\u00e1te Adobe Reader&#46;&#46;&#46;","protected":false},"author":1,"featured_media":191907,"parent":147355,"menu_order":0,"comment_status":"closed","ping_status":"closed","template":"","meta":{"footnotes":""},"categories":[],"tags":[],"class_list":["post-176221","page","type-page","status-publish","has-post-thumbnail","hentry"],"_links":{"self":[{"href":"https:\/\/europeancourt.org\/cs\/wp-json\/wp\/v2\/pages\/176221","targetHints":{"allow":["GET"]}}],"collection":[{"href":"https:\/\/europeancourt.org\/cs\/wp-json\/wp\/v2\/pages"}],"about":[{"href":"https:\/\/europeancourt.org\/cs\/wp-json\/wp\/v2\/types\/page"}],"author":[{"embeddable":true,"href":"https:\/\/europeancourt.org\/cs\/wp-json\/wp\/v2\/users\/1"}],"replies":[{"embeddable":true,"href":"https:\/\/europeancourt.org\/cs\/wp-json\/wp\/v2\/comments?post=176221"}],"version-history":[{"count":0,"href":"https:\/\/europeancourt.org\/cs\/wp-json\/wp\/v2\/pages\/176221\/revisions"}],"up":[{"embeddable":true,"href":"https:\/\/europeancourt.org\/cs\/wp-json\/wp\/v2\/pages\/147355"}],"wp:featuredmedia":[{"embeddable":true,"href":"https:\/\/europeancourt.org\/cs\/wp-json\/wp\/v2\/media\/191907"}],"wp:attachment":[{"href":"https:\/\/europeancourt.org\/cs\/wp-json\/wp\/v2\/media?parent=176221"}],"wp:term":[{"taxonomy":"category","embeddable":true,"href":"https:\/\/europeancourt.org\/cs\/wp-json\/wp\/v2\/categories?post=176221"},{"taxonomy":"post_tag","embeddable":true,"href":"https:\/\/europeancourt.org\/cs\/wp-json\/wp\/v2\/tags?post=176221"}],"curies":[{"name":"wp","href":"https:\/\/api.w.org\/{rel}","templated":true}]}}