{"id":222174,"date":"2024-01-08T15:08:10","date_gmt":"2024-01-08T14:08:10","guid":{"rendered":"https:\/\/europeancourt.org\/slu%c5%beby\/"},"modified":"2025-10-02T23:00:52","modified_gmt":"2025-10-02T23:00:52","slug":"slu%c5%beby","status":"publish","type":"page","link":"https:\/\/europeancourt.org\/cs\/slu%c5%beby\/","title":{"rendered":"Slu\u017eby"},"content":{"rendered":"<ul>\r\n\t<li><a href=\"https:\/\/europeancourt.org\/cs\/slu%c5%beby\/eslp\/\" title=\"ESLP\">ESLP<\/a><\/li>\r\n<ul>\r\n\t\t<li><a href=\"https:\/\/europeancourt.org\/en\/services\/echr\/preparing-applications\/\" title=\"P\u0159\u00edprava st\u00ed\u017enost\u00ed k ESLP\">P\u0159\u00edprava st\u00ed\u017enost\u00ed k ESLP<\/a><\/li>\r\n\r\n\t<li><a href=\"https:\/\/europeancourt.org\/en\/services\/echr\/checking-filled-in-applications\/\" title=\"Ov\u011b\u0159ov\u00e1n\u00ed vypln\u011bn\u00fdch formul\u00e1\u0159\u016f st\u00ed\u017enost\u00ed k ESLP\">Ov\u011b\u0159ov\u00e1n\u00ed vypln\u011bn\u00fdch formul\u00e1\u0159\u016f st\u00ed\u017enost\u00ed k ESLP<\/a><\/li>\r\n\r\n\t<li><a href=\"https:\/\/europeancourt.org\/en\/services\/echr\/representing-applicants\/\" title=\"Zastupov\u00e1n\u00ed st\u011b\u017eovatel\u016f p\u0159ed ESLP\">Zastupov\u00e1n\u00ed st\u011b\u017eovatel\u016f p\u0159ed ESLP<\/a><\/li>\r\n\r\n\t<li><a href=\"https:\/\/europeancourt.org\/en\/services\/echr\/translating-applications-into-english\/\" title=\"P\u0159eklad st\u00ed\u017enosti k ESLP do angli\u010dtiny\"> P\u0159eklad st\u00ed\u017enosti k ESLP do angli\u010dtiny<\/a><\/li>\r\n\r\n\t<li><a href=\"https:\/\/europeancourt.org\/cs\/slu%c5%bebyy\/eslp\/naj%c3%adt-%c4%8d%c3%adslo-st%c3%ad%c5%benosti-registraci-nebo-rozhodnut%c3%ad\/\" title=\"Naj\u00edt \u010d\u00edslo st\u00ed\u017enosti ESLP, registraci nebo rozhodnut\u00ed\"> Naj\u00edt \u010d\u00edslo st\u00ed\u017enosti ESLP, registraci nebo rozhodnut\u00ed<\/a><\/li>\r\n\r\n\t<li><a href=\"https:\/\/europeancourt.org\/en\/legal-advice-and-contacts\/\" title=\"Pr\u00e1vn\u00ed poradenstv\u00ed\">Pr\u00e1vn\u00ed poradenstv\u00ed<\/a><\/li>\r\n<\/ul>\r\n<\/ul>\r\n","protected":false},"excerpt":{"rendered":"ESLP P\u0159\u00edprava st\u00ed\u017enost\u00ed k ESLP Ov\u011b\u0159ov\u00e1n\u00ed vypln\u011bn\u00fdch formul\u00e1\u0159\u016f st\u00ed\u017enost\u00ed k ESLP Zastupov\u00e1n\u00ed st\u011b\u017eovatel\u016f p\u0159ed ESLP P\u0159eklad st\u00ed\u017enosti k ESLP do angli\u010dtiny Naj\u00edt \u010d\u00edslo st\u00ed\u017enosti ESLP, registraci nebo rozhodnut\u00ed Pr\u00e1vn\u00ed poradenstv\u00ed","protected":false},"author":1,"featured_media":222339,"parent":0,"menu_order":0,"comment_status":"closed","ping_status":"closed","template":"","meta":{"footnotes":""},"categories":[],"tags":[],"class_list":["post-222174","page","type-page","status-publish","has-post-thumbnail","hentry"],"_links":{"self":[{"href":"https:\/\/europeancourt.org\/cs\/wp-json\/wp\/v2\/pages\/222174","targetHints":{"allow":["GET"]}}],"collection":[{"href":"https:\/\/europeancourt.org\/cs\/wp-json\/wp\/v2\/pages"}],"about":[{"href":"https:\/\/europeancourt.org\/cs\/wp-json\/wp\/v2\/types\/page"}],"author":[{"embeddable":true,"href":"https:\/\/europeancourt.org\/cs\/wp-json\/wp\/v2\/users\/1"}],"replies":[{"embeddable":true,"href":"https:\/\/europeancourt.org\/cs\/wp-json\/wp\/v2\/comments?post=222174"}],"version-history":[{"count":2,"href":"https:\/\/europeancourt.org\/cs\/wp-json\/wp\/v2\/pages\/222174\/revisions"}],"predecessor-version":[{"id":222340,"href":"https:\/\/europeancourt.org\/cs\/wp-json\/wp\/v2\/pages\/222174\/revisions\/222340"}],"wp:featuredmedia":[{"embeddable":true,"href":"https:\/\/europeancourt.org\/cs\/wp-json\/wp\/v2\/media\/222339"}],"wp:attachment":[{"href":"https:\/\/europeancourt.org\/cs\/wp-json\/wp\/v2\/media?parent=222174"}],"wp:term":[{"taxonomy":"category","embeddable":true,"href":"https:\/\/europeancourt.org\/cs\/wp-json\/wp\/v2\/categories?post=222174"},{"taxonomy":"post_tag","embeddable":true,"href":"https:\/\/europeancourt.org\/cs\/wp-json\/wp\/v2\/tags?post=222174"}],"curies":[{"name":"wp","href":"https:\/\/api.w.org\/{rel}","templated":true}]}}