{"id":222225,"date":"2024-01-08T15:08:29","date_gmt":"2024-01-08T14:08:29","guid":{"rendered":"https:\/\/europeancourt.org\/slu%c5%beby\/eslp\/"},"modified":"2026-04-29T03:19:29","modified_gmt":"2026-04-29T01:19:29","slug":"eslp","status":"publish","type":"page","link":"https:\/\/europeancourt.org\/cs\/slu%c5%beby\/eslp\/","title":{"rendered":"ESLP"},"content":{"rendered":"<ul>\r\n\t\t<li><a href=\"https:\/\/europeancourt.org\/cs\/slu%c5%beby\/eslp\/p%c5%99%c3%adprava-st%c3%ad%c5%benost%c3%ad-k-eslp\/\" title=\"P\u0159\u00edprava st\u00ed\u017enost\u00ed k ESLP\">P\u0159\u00edprava st\u00ed\u017enost\u00ed k ESLP<\/a><\/li>\r\n\r\n\t<li><a href=\"https:\/\/europeancourt.org\/cs\/slu%c5%beby\/eslp\/ov%c4%9b%c5%99ov%c3%a1n%c3%ad-vypln%c4%9bn%c3%bdch-formul%c3%a1%c5%99%c5%af-st%c3%ad%c5%benost%c3%ad-k-eslp\/\" title=\"Ov\u011b\u0159ov\u00e1n\u00ed vypln\u011bn\u00fdch formul\u00e1\u0159\u016f st\u00ed\u017enost\u00ed k ESLP\">Ov\u011b\u0159ov\u00e1n\u00ed vypln\u011bn\u00fdch formul\u00e1\u0159\u016f st\u00ed\u017enost\u00ed k ESLP<\/a><\/li>\r\n\r\n\t<li><a href=\"https:\/\/europeancourt.org\/cs\/slu%c5%beby\/eslp\/zastupov%c3%a1n%c3%ad-st%c4%9b%c5%beovatel%c5%af-p%c5%99ed-eslp\/\" title=\"Zastupov\u00e1n\u00ed st\u011b\u017eovatel\u016f p\u0159ed ESLP\">Zastupov\u00e1n\u00ed st\u011b\u017eovatel\u016f p\u0159ed ESLP<\/a><\/li>\n<li><a href=\"https:\/\/europeancourt.org\/cs\/slu%c5%beby\/eslp\/naj%c3%adt-%c4%8d%c3%adslo-st%c3%ad%c5%benosti-registraci-nebo-rozhodnut%c3%ad\/\" title=\"Naj\u00edt \u010d\u00edslo st\u00ed\u017enosti ESLP, registraci nebo rozhodnut\u00ed\">Naj\u00edt \u010d\u00edslo st\u00ed\u017enosti ESLP, registraci nebo rozhodnut\u00ed<\/a><\/li>\r\n\r\n\t<li><a href=\"https:\/\/europeancourt.org\/cs\/pr%c3%a1vn%c3%ad-poradenstv%c3%ad\/\" title=\"Pr\u00e1vn\u00ed poradenstv\u00ed\">Pr\u00e1vn\u00ed poradenstv\u00ed<\/a><\/li>\r\n\r\n<\/ul>\r\n\r\n","protected":false},"excerpt":{"rendered":"P\u0159\u00edprava st\u00ed\u017enost\u00ed k ESLP Ov\u011b\u0159ov\u00e1n\u00ed vypln\u011bn\u00fdch formul\u00e1\u0159\u016f st\u00ed\u017enost\u00ed k ESLP Zastupov\u00e1n\u00ed st\u011b\u017eovatel\u016f p\u0159ed ESLP Naj\u00edt \u010d\u00edslo st\u00ed\u017enosti ESLP, registraci nebo rozhodnut\u00ed Pr\u00e1vn\u00ed poradenstv\u00ed","protected":false},"author":1,"featured_media":222466,"parent":222174,"menu_order":0,"comment_status":"closed","ping_status":"closed","template":"","meta":{"footnotes":""},"categories":[],"tags":[],"class_list":["post-222225","page","type-page","status-publish","has-post-thumbnail","hentry"],"_links":{"self":[{"href":"https:\/\/europeancourt.org\/cs\/wp-json\/wp\/v2\/pages\/222225","targetHints":{"allow":["GET"]}}],"collection":[{"href":"https:\/\/europeancourt.org\/cs\/wp-json\/wp\/v2\/pages"}],"about":[{"href":"https:\/\/europeancourt.org\/cs\/wp-json\/wp\/v2\/types\/page"}],"author":[{"embeddable":true,"href":"https:\/\/europeancourt.org\/cs\/wp-json\/wp\/v2\/users\/1"}],"replies":[{"embeddable":true,"href":"https:\/\/europeancourt.org\/cs\/wp-json\/wp\/v2\/comments?post=222225"}],"version-history":[{"count":4,"href":"https:\/\/europeancourt.org\/cs\/wp-json\/wp\/v2\/pages\/222225\/revisions"}],"predecessor-version":[{"id":226377,"href":"https:\/\/europeancourt.org\/cs\/wp-json\/wp\/v2\/pages\/222225\/revisions\/226377"}],"up":[{"embeddable":true,"href":"https:\/\/europeancourt.org\/cs\/wp-json\/wp\/v2\/pages\/222174"}],"wp:featuredmedia":[{"embeddable":true,"href":"https:\/\/europeancourt.org\/cs\/wp-json\/wp\/v2\/media\/222466"}],"wp:attachment":[{"href":"https:\/\/europeancourt.org\/cs\/wp-json\/wp\/v2\/media?parent=222225"}],"wp:term":[{"taxonomy":"category","embeddable":true,"href":"https:\/\/europeancourt.org\/cs\/wp-json\/wp\/v2\/categories?post=222225"},{"taxonomy":"post_tag","embeddable":true,"href":"https:\/\/europeancourt.org\/cs\/wp-json\/wp\/v2\/tags?post=222225"}],"curies":[{"name":"wp","href":"https:\/\/api.w.org\/{rel}","templated":true}]}}