{"id":223370,"date":"2021-10-07T00:26:31","date_gmt":"2021-10-06T22:26:31","guid":{"rendered":"https:\/\/europeancourt.org\/?page_id=223370"},"modified":"2025-11-29T10:55:20","modified_gmt":"2025-11-29T09:55:20","slug":"naj%c3%adt-%c4%8d%c3%adslo-st%c3%ad%c5%benosti-registraci-nebo-rozhodnut%c3%ad","status":"publish","type":"page","link":"https:\/\/europeancourt.org\/cs\/slu%c5%beby\/eslp\/naj%c3%adt-%c4%8d%c3%adslo-st%c3%ad%c5%benosti-registraci-nebo-rozhodnut%c3%ad\/","title":{"rendered":"Naj\u00edt \u010d\u00edslo st\u00ed\u017enosti ESLP, registraci nebo rozhodnut\u00ed"},"content":{"rendered":"<div class=\"mywpcf7cf myshow myhide\">Zn\u00e1te \u010d\u00edslo st\u00ed\u017enosti, o kter\u00e9 je \u0159e\u010d?<\/div>\r\n<div class=\"mywpcf7cf myshow myhide\">\r\n  <span class=\"mymultyradiobutton blue\">\r\n    <span class=\"wpcf7-list-item wpcf7\">\r\n      <label><input type=\"radio\"><span class=\"wpcf7-list-item-label\">Ano<\/span><\/label>\r\n    <\/span>\r\n  <\/span>\r\n  <span class=\"mymultyradiobutton blue\">\r\n    <span class=\"wpcf7-list-item wpcf7\">\r\n      <label><input type=\"radio\"><span class=\"wpcf7-list-item-label\">Ne<\/span><\/label>\r\n    <\/span>\r\n  <\/span>\r\n<\/div>\r\n<div class=\"mywpcf7cf-blueleft myshow myhide\">\r\n  <span class=\"mycustomsummary\">Co je \u010d\u00edslo st\u00ed\u017enosti?<\/span>\r\n  <span class=\"mycustomdetails\">\r\n    <span class=\"vlist\">\r\n      <span class=\"vitem\">\u010c\u00edslo st\u00ed\u017enosti je uvedeno v ka\u017ed\u00e9m dopise ESLP o st\u00ed\u017enosti, kter\u00e1 byla zaregistrov\u00e1na, hned za slovy \u201eSt\u00ed\u017enost \u010d.\u201c a p\u0159ed n\u00e1zvem st\u00ed\u017enosti. V anglick\u00e9 korespondenci se p\u00ed\u0161e \u201eApplication no.\u201c, ve francouzsk\u00e9 \u201eRequ\u00eate n\u00b0\u201c.<\/span>\r\n      <span class=\"vitem\">Form\u00e1t \u010d\u00edsla st\u00ed\u017enosti: \u010c\u00cdSLO\/ROK, nap\u0159. 123\/14. Mus\u00ed b\u00fdt pou\u017eity pouze \u010d\u00edslice a znak lom\u00edtka \u201e\/\u201c naklon\u011bn\u00fd doprava, bez mezer.<\/span>\r\n      <span class=\"vitem\">\u010c\u00edslo stejn\u00e9ho form\u00e1tu v dopise ESLP o nespln\u011bn\u00ed n\u00e1le\u017eitost\u00ed formul\u00e1\u0159e na st\u00ed\u017enost nen\u00ed \u010d\u00edslem st\u00ed\u017enosti. Takov\u00e9 \u010d\u00edslo se m\u016f\u017ee st\u00e1t \u010d\u00edslem st\u00ed\u017enosti a\u017e pot\u00e9, co ESLP obdr\u017e\u00ed nov\u00fd formul\u00e1\u0159 na st\u00ed\u017enost, kter\u00fd spl\u0148uje po\u017eadavky, a st\u00ed\u017enost zaregistruje. V takov\u00e9m dopise se neuv\u00e1d\u00ed n\u00e1zev st\u00ed\u017enosti, proto\u017ee st\u00ed\u017enost nen\u00ed zaregistrov\u00e1na, a obvykle se uv\u00e1d\u00ed k\u00f3d ECHR-Axxx6, kde \u201exxx\u201c ozna\u010duje jazyk dopisu.<\/span>\r\n    <\/span>\r\n  <\/span>\r\n<\/div>\r\n<div class=\"mywpcf7cf myshow myhide mywpcf7cf-utility\">\r\n  <div class=\"mybutton red not-in-text-button is-disabled\" aria-disabled=\"true\">Za\u010d\u00edt znovu<\/div>\r\n  <a class=\"mybutton red not-in-text-button\" href=\"mailto:oleg.anishchik@europeancourt.org?subject=Naj\u00edt \u010d\u00edslo st\u00ed\u017enosti ESLP, registraci nebo rozhodnut\u00ed: chyba&#038;body=Popis chyby: \">Nahl\u00e1sit chybu<\/a>\r\n<\/div>\r\n<div id=\"ajax_content\"><\/div>","protected":false},"excerpt":{"rendered":"Zn\u00e1te \u010d\u00edslo st\u00ed\u017enosti, o kter\u00e9 je \u0159e\u010d? Ano Ne Co je \u010d\u00edslo st\u00ed\u017enosti? \u010c\u00edslo st\u00ed\u017enosti je uvedeno v ka\u017ed\u00e9m dopise ESLP o st\u00ed\u017enosti, kter\u00e1 byla zaregistrov\u00e1na, hned za slovy \u201eSt\u00ed\u017enost \u010d.\u201c a p\u0159ed n\u00e1zvem&#46;&#46;&#46;","protected":false},"author":1,"featured_media":223373,"parent":222225,"menu_order":0,"comment_status":"closed","ping_status":"closed","template":"","meta":{"footnotes":""},"categories":[],"tags":[],"class_list":["post-223370","page","type-page","status-publish","has-post-thumbnail","hentry"],"_links":{"self":[{"href":"https:\/\/europeancourt.org\/cs\/wp-json\/wp\/v2\/pages\/223370","targetHints":{"allow":["GET"]}}],"collection":[{"href":"https:\/\/europeancourt.org\/cs\/wp-json\/wp\/v2\/pages"}],"about":[{"href":"https:\/\/europeancourt.org\/cs\/wp-json\/wp\/v2\/types\/page"}],"author":[{"embeddable":true,"href":"https:\/\/europeancourt.org\/cs\/wp-json\/wp\/v2\/users\/1"}],"replies":[{"embeddable":true,"href":"https:\/\/europeancourt.org\/cs\/wp-json\/wp\/v2\/comments?post=223370"}],"version-history":[{"count":1,"href":"https:\/\/europeancourt.org\/cs\/wp-json\/wp\/v2\/pages\/223370\/revisions"}],"predecessor-version":[{"id":223372,"href":"https:\/\/europeancourt.org\/cs\/wp-json\/wp\/v2\/pages\/223370\/revisions\/223372"}],"up":[{"embeddable":true,"href":"https:\/\/europeancourt.org\/cs\/wp-json\/wp\/v2\/pages\/222225"}],"wp:featuredmedia":[{"embeddable":true,"href":"https:\/\/europeancourt.org\/cs\/wp-json\/wp\/v2\/media\/223373"}],"wp:attachment":[{"href":"https:\/\/europeancourt.org\/cs\/wp-json\/wp\/v2\/media?parent=223370"}],"wp:term":[{"taxonomy":"category","embeddable":true,"href":"https:\/\/europeancourt.org\/cs\/wp-json\/wp\/v2\/categories?post=223370"},{"taxonomy":"post_tag","embeddable":true,"href":"https:\/\/europeancourt.org\/cs\/wp-json\/wp\/v2\/tags?post=223370"}],"curies":[{"name":"wp","href":"https:\/\/api.w.org\/{rel}","templated":true}]}}