{"id":225227,"date":"2026-04-26T14:48:59","date_gmt":"2026-04-26T12:48:59","guid":{"rendered":"https:\/\/europeancourt.org\/pr%c3%a1vn%c3%ad-poradenstv%c3%ad\/"},"modified":"2026-04-26T16:57:26","modified_gmt":"2026-04-26T14:57:26","slug":"pr%c3%a1vn%c3%ad-poradenstv%c3%ad","status":"publish","type":"page","link":"https:\/\/europeancourt.org\/cs\/pr%c3%a1vn%c3%ad-poradenstv%c3%ad\/","title":{"rendered":"Pr\u00e1vn\u00ed poradenstv\u00ed"},"content":{"rendered":"<div class=\"mywpcf7cf myshow myhide\">Pot\u0159ebuji:<\/div>\n\n<div class=\"myshow myhide\"><span class=\"wpcf7-radio\"><span class=\"wpcf7-list-item\"><label><span class=\"wpcf7-list-item-label\">p\u0159ipravit st\u00ed\u017enost k ESLP<\/span><\/label><\/span><\/span><\/div>\n\n<div class=\"myshow myhide\"><span class=\"wpcf7-radio\"><span class=\"wpcf7-list-item\"><label><span class=\"wpcf7-list-item-label\">zkontrolovat formul\u00e1\u0159 st\u00ed\u017enosti na chyby p\u0159ed odesl\u00e1n\u00edm k ESLP<\/span><\/label><\/span><\/span><\/div>\n\n<div class=\"myshow myhide\"><span class=\"wpcf7-radio\"><span class=\"wpcf7-list-item\"><label><span class=\"wpcf7-list-item-label\">zastupov\u00e1n\u00ed st\u011b\u017eovatele p\u0159ed ESLP po vyrozum\u011bn\u00ed p\u0159\u00edslu\u0161n\u00e9 vl\u00e1dy o st\u00ed\u017enosti<\/span><\/label><\/span><\/span><\/div>\n\n<div class=\"myshow myhide\"><span class=\"wpcf7-radio\"><span class=\"wpcf7-list-item\"><label><span class=\"wpcf7-list-item-label\">zjistit stav st\u00ed\u017enosti u ESLP<\/span><\/label><\/span><\/span><\/div>\n\n<div class=\"myshow myhide\"><span class=\"wpcf7-radio\"><span class=\"wpcf7-list-item\"><label><span class=\"wpcf7-list-item-label\">st\u00e1hnout formul\u00e1\u0159 st\u00ed\u017enosti k ESLP<\/span><\/label><\/span><\/span><\/div>\n\n<div class=\"myshow myhide\"><span class=\"wpcf7-radio\"><span class=\"wpcf7-list-item\"><label><span class=\"wpcf7-list-item-label\">po\u017e\u00e1dat o konzultaci<\/span><\/label><\/span><\/span><\/div>\n\n<div class=\"myshow myhide\"><span class=\"wpcf7-radio\"><span class=\"wpcf7-list-item\"><label><span class=\"wpcf7-list-item-label\">zobrazit kontaktn\u00ed \u00fadaje<\/span><\/label><\/span><\/span><\/div>\n<div id=\"ajax_content\"><\/div>","protected":false},"excerpt":{"rendered":"Pot\u0159ebuji: p\u0159ipravit st\u00ed\u017enost k ESLP zkontrolovat formul\u00e1\u0159 st\u00ed\u017enosti na chyby p\u0159ed odesl\u00e1n\u00edm k ESLP zastupov\u00e1n\u00ed st\u011b\u017eovatele p\u0159ed ESLP po vyrozum\u011bn\u00ed p\u0159\u00edslu\u0161n\u00e9 vl\u00e1dy o st\u00ed\u017enosti zjistit stav st\u00ed\u017enosti u ESLP st\u00e1hnout formul\u00e1\u0159 st\u00ed\u017enosti k ESLP&#46;&#46;&#46;","protected":false},"author":0,"featured_media":0,"parent":0,"menu_order":0,"comment_status":"closed","ping_status":"closed","template":"","meta":{"footnotes":""},"categories":[],"tags":[],"class_list":["post-225227","page","type-page","status-publish","hentry"],"_links":{"self":[{"href":"https:\/\/europeancourt.org\/cs\/wp-json\/wp\/v2\/pages\/225227","targetHints":{"allow":["GET"]}}],"collection":[{"href":"https:\/\/europeancourt.org\/cs\/wp-json\/wp\/v2\/pages"}],"about":[{"href":"https:\/\/europeancourt.org\/cs\/wp-json\/wp\/v2\/types\/page"}],"replies":[{"embeddable":true,"href":"https:\/\/europeancourt.org\/cs\/wp-json\/wp\/v2\/comments?post=225227"}],"version-history":[{"count":3,"href":"https:\/\/europeancourt.org\/cs\/wp-json\/wp\/v2\/pages\/225227\/revisions"}],"predecessor-version":[{"id":225569,"href":"https:\/\/europeancourt.org\/cs\/wp-json\/wp\/v2\/pages\/225227\/revisions\/225569"}],"wp:attachment":[{"href":"https:\/\/europeancourt.org\/cs\/wp-json\/wp\/v2\/media?parent=225227"}],"wp:term":[{"taxonomy":"category","embeddable":true,"href":"https:\/\/europeancourt.org\/cs\/wp-json\/wp\/v2\/categories?post=225227"},{"taxonomy":"post_tag","embeddable":true,"href":"https:\/\/europeancourt.org\/cs\/wp-json\/wp\/v2\/tags?post=225227"}],"curies":[{"name":"wp","href":"https:\/\/api.w.org\/{rel}","templated":true}]}}