{"id":116052,"date":"2022-06-13T12:26:38","date_gmt":"2022-06-13T10:26:38","guid":{"rendered":"https:\/\/europeancourt.org\/dokumenter\/"},"modified":"2024-06-05T23:16:02","modified_gmt":"2024-06-05T21:16:02","slug":"dokumenter","status":"publish","type":"page","link":"https:\/\/europeancourt.org\/da\/dokumenter\/","title":{"rendered":"Dokumenter"},"content":{"rendered":"<ul>\n<li><a href=\"https:\/\/europeancourt.org\/da\/dokumenter\/europar%c3%a5det\/\" title=\"Europar\u00e5det\">Europar\u00e5det<\/a><\/li>\n<ul>\n<li><a href=\"https:\/\/europeancourt.org\/da\/dokumenter\/europar%c3%a5det\/den-europ%c3%a6iske-menneskerettighedskonvention\/\" title=\"Konvention til beskyttelse af menneskerettigheder og grundl\u00e6ggende frihedsrettigheder\">Konvention til beskyttelse af menneskerettigheder og grundl\u00e6ggende frihedsrettigheder<\/a><\/li>\n<ul>\n<li><a href=\"https:\/\/europeancourt.org\/da\/dokumenter\/europar%c3%a5det\/den-europ%c3%a6iske-menneskerettighedskonvention\/protokol-nr1\/\" title=\"Till\u00e6gsprotokol til Konventionen til beskyttelse af menneskerettigheder og grundl\u00e6ggende frihedsrettigheder\">Till\u00e6gsprotokol til Konventionen til beskyttelse af menneskerettigheder og grundl\u00e6ggende frihedsrettigheder<\/a><\/li>\n<li><a href=\"https:\/\/europeancourt.org\/da\/dokumenter\/europar%c3%a5det\/den-europ%c3%a6iske-menneskerettighedskonvention\/protokol-nr4\/\" title=\"Protokol nr. 4 til Konventionen til beskyttelse af menneskerettigheder og grundl\u00e6ggende frihedsrettigheder\">Protokol nr. 4 til Konventionen til beskyttelse af menneskerettigheder og grundl\u00e6ggende frihedsrettigheder<\/a><\/li>\n<li><a href=\"https:\/\/europeancourt.org\/da\/dokumenter\/europar%c3%a5det\/den-europ%c3%a6iske-menneskerettighedskonvention\/protokol-nr6\/\" title=\"Protokol nr. 6 til Konventionen til beskyttelse af menneskerettigheder og grundl\u00e6ggende frihedsrettigheder\">Protokol nr. 6 til Konventionen til beskyttelse af menneskerettigheder og grundl\u00e6ggende frihedsrettigheder<\/a><\/li>\n<li><a href=\"https:\/\/europeancourt.org\/da\/dokumenter\/europar%c3%a5det\/den-europ%c3%a6iske-menneskerettighedskonvention\/protokol-nr7\/\" title=\"Protokol nr. 7 til Konventionen til beskyttelse af menneskerettigheder og grundl\u00e6ggende frihedsrettigheder\">Protokol nr. 7 til Konventionen til beskyttelse af menneskerettigheder og grundl\u00e6ggende frihedsrettigheder<\/a><\/li>\n<li><a href=\"https:\/\/europeancourt.org\/da\/dokumenter\/europar%c3%a5det\/den-europ%c3%a6iske-menneskerettighedskonvention\/protokol-nr12\/\" title=\"Protokol nr. 12 til Konventionen til beskyttelse af menneskerettigheder og grundl\u00e6ggende frihedsrettigheder\">Protokol nr. 12 til Konventionen til beskyttelse af menneskerettigheder og grundl\u00e6ggende frihedsrettigheder<\/a><\/li>\n<li><a href=\"https:\/\/europeancourt.org\/da\/dokumenter\/europar%c3%a5det\/den-europ%c3%a6iske-menneskerettighedskonvention\/protokol-nr13\/\" title=\"Protokol nr. 13 til Konventionen til beskyttelse af menneskerettigheder og grundl\u00e6ggende frihedsrettigheder\">Protokol nr. 13 til Konventionen til beskyttelse af menneskerettigheder og grundl\u00e6ggende frihedsrettigheder<\/a><\/li>\n<li><a href=\"https:\/\/europeancourt.org\/da\/dokumenter\/europar%c3%a5det\/den-europ%c3%a6iske-menneskerettighedskonvention\/protokol-nr16\/\" title=\"Protokol nr. 16 til Konventionen til beskyttelse af menneskerettigheder og grundl\u00e6ggende frihedsrettigheder\">Protokol nr. 16 til Konventionen til beskyttelse af menneskerettigheder og grundl\u00e6ggende frihedsrettigheder<\/a><\/li>\n<\/ul>\n<li><a href=\"https:\/\/europeancourt.org\/da\/dokumenter\/europar%c3%a5det\/emrd\/\" title=\"Den Europ\u00e6iske Menneskerettighedsdomstol\">Den Europ\u00e6iske Menneskerettighedsdomstol<\/a><\/li>\n<ul>\n<li><a href=\"https:\/\/europeancourt.org\/da\/dokumenter\/europar%c3%a5det\/emrd\/procesreglement-regel-47\/\" title=\"Regel 47 i procesreglementet for Den Europ\u00e6iske Menneskerettighedsdomstol\">Domstolens procesreglement \u2013 Regel 47<\/a><\/li>\n<li><a href=\"https:\/\/europeancourt.org\/en\/documents\/council-of-europe\/echr\/practice-directions-institution-of-proceedings\/\" title=\"Sagsbehandlingen \u2013 Praktiske Instruktioner\">Sagsbehandlingen \u2013 Praktiske Instruktioner<\/a><\/li>\n<li><a href=\"https:\/\/europeancourt.org\/da\/dokumenter\/europar%c3%a5det\/emrd\/klageformular\/\" title=\"Klageformular til Den Europ\u00e6iske Menneskerettighedsdomstol\">Klageformular<\/a><\/li>\n<ul>\n<li><a href=\"https:\/\/europeancourt.org\/da\/dokumenter\/europar%c3%a5det\/emrd\/klageformular\/vejledning-til-udfyldelse\/\" title=\"Vejledning til udfyldelse af klageformularen\">Vejledning til udfyldelse af klageformularen<\/a><\/li>\n<\/ul>\n<li><a href=\"https:\/\/europeancourt.org\/da\/dokumenter\/europar%c3%a5det\/emrd\/fuldmagtserkl%c3%a6ring\/\" title=\"Fuldmagtserkl\u00e6ring til Den Europ\u00e6iske Menneskerettighedsdomstol\">Fuldmagtserkl\u00e6ring<\/a><\/li>\n<li><a href=\"https:\/\/europeancourt.org\/downloads\/en\/Table_setting_out_the_required_identifying_details_for_each_applicant_to_the_ECtHR_ENG.XLSX\" title=\"Fortegnelse med de p\u00e5kr\u00e6vede identificeringsdetaljer for hver klager til Den Europ\u00e6iske Menneskerettighedsdomstol (p\u00e5 engelsk)\">Till\u00e6gsbilag, n\u00e5r der er flere klagere<\/a><\/li>\n<\/ul><\/ul><\/ul> ","protected":false},"excerpt":{"rendered":"Europar\u00e5det Konvention til beskyttelse af menneskerettigheder og grundl\u00e6ggende frihedsrettigheder Till\u00e6gsprotokol til Konventionen til beskyttelse af menneskerettigheder og grundl\u00e6ggende frihedsrettigheder Protokol nr. 4 til Konventionen til beskyttelse af menneskerettigheder og grundl\u00e6ggende frihedsrettigheder Protokol nr. 6&#46;&#46;&#46;","protected":false},"author":1,"featured_media":210033,"parent":0,"menu_order":0,"comment_status":"closed","ping_status":"closed","template":"","meta":{"footnotes":""},"categories":[],"tags":[],"class_list":["post-116052","page","type-page","status-publish","has-post-thumbnail","hentry"],"_links":{"self":[{"href":"https:\/\/europeancourt.org\/da\/wp-json\/wp\/v2\/pages\/116052","targetHints":{"allow":["GET"]}}],"collection":[{"href":"https:\/\/europeancourt.org\/da\/wp-json\/wp\/v2\/pages"}],"about":[{"href":"https:\/\/europeancourt.org\/da\/wp-json\/wp\/v2\/types\/page"}],"author":[{"embeddable":true,"href":"https:\/\/europeancourt.org\/da\/wp-json\/wp\/v2\/users\/1"}],"replies":[{"embeddable":true,"href":"https:\/\/europeancourt.org\/da\/wp-json\/wp\/v2\/comments?post=116052"}],"version-history":[{"count":0,"href":"https:\/\/europeancourt.org\/da\/wp-json\/wp\/v2\/pages\/116052\/revisions"}],"wp:featuredmedia":[{"embeddable":true,"href":"https:\/\/europeancourt.org\/da\/wp-json\/wp\/v2\/media\/210033"}],"wp:attachment":[{"href":"https:\/\/europeancourt.org\/da\/wp-json\/wp\/v2\/media?parent=116052"}],"wp:term":[{"taxonomy":"category","embeddable":true,"href":"https:\/\/europeancourt.org\/da\/wp-json\/wp\/v2\/categories?post=116052"},{"taxonomy":"post_tag","embeddable":true,"href":"https:\/\/europeancourt.org\/da\/wp-json\/wp\/v2\/tags?post=116052"}],"curies":[{"name":"wp","href":"https:\/\/api.w.org\/{rel}","templated":true}]}}