{"id":147357,"date":"2022-06-23T10:51:39","date_gmt":"2022-06-23T08:51:39","guid":{"rendered":"https:\/\/europeancourt.org\/dokumenter\/europar%c3%a5det\/emrd\/"},"modified":"2024-06-25T16:13:43","modified_gmt":"2024-06-25T14:13:43","slug":"emrd","status":"publish","type":"page","link":"https:\/\/europeancourt.org\/da\/dokumenter\/europar%c3%a5det\/emrd\/","title":{"rendered":"EMRD"},"content":{"rendered":"<ul> \n<li><a href=\"https:\/\/europeancourt.org\/da\/dokumenter\/europar%c3%a5det\/emrd\/procesreglement-regel-47\/\" title=\"Regel 47 i procesreglementet for Den Europ\u00e6iske Menneskerettighedsdomstol\">Domstolens procesreglement \u2013 Regel 47<\/a><\/li>\n<li><a href=\"https:\/\/europeancourt.org\/en\/documents\/council-of-europe\/echr\/practice-directions-institution-of-proceedings\/\" title=\"Sagsbehandlingen \u2013 Praktiske Instruktioner\">Sagsbehandlingen \u2013 Praktiske Instruktioner<\/a><\/li>\n<li><a href=\"https:\/\/europeancourt.org\/da\/dokumenter\/europar%c3%a5det\/emrd\/klageformular\/\" title=\"Klageformular til Den Europ\u00e6iske Menneskerettighedsdomstol\">Klageformular<\/a><\/li>\n<ul>\n<li><a href=\"https:\/\/europeancourt.org\/da\/dokumenter\/europar%c3%a5det\/emrd\/klageformular\/vejledning-til-udfyldelse\/\" title=\"Vejledning til udfyldelse af klageformularen\">Vejledning til udfyldelse af klageformularen<\/a><\/li>\n<\/ul>\n<li><a href=\"https:\/\/europeancourt.org\/da\/dokumenter\/europar%c3%a5det\/emrd\/fuldmagtserkl%c3%a6ring\/\" title=\"Fuldmagtserkl\u00e6ring til Den Europ\u00e6iske Menneskerettighedsdomstol\">Fuldmagtserkl\u00e6ring<\/a><\/li>\n<li><a href=\"https:\/\/europeancourt.org\/downloads\/en\/Table_setting_out_the_required_identifying_details_for_each_applicant_to_the_ECtHR_ENG.XLSX\" title=\"Fortegnelse med de p\u00e5kr\u00e6vede identificeringsdetaljer for hver klager til Den Europ\u00e6iske Menneskerettighedsdomstol (p\u00e5 engelsk)\">Till\u00e6gsbilag, n\u00e5r der er flere klagere<\/a><\/li>\n<\/ul>","protected":false},"excerpt":{"rendered":"Domstolens procesreglement \u2013 Regel 47 Sagsbehandlingen \u2013 Praktiske Instruktioner Klageformular Vejledning til udfyldelse af klageformularen Fuldmagtserkl\u00e6ring Till\u00e6gsbilag, n\u00e5r der er flere klagere","protected":false},"author":1,"featured_media":192018,"parent":116105,"menu_order":0,"comment_status":"closed","ping_status":"closed","template":"","meta":{"footnotes":""},"categories":[],"tags":[],"class_list":["post-147357","page","type-page","status-publish","has-post-thumbnail","hentry"],"_links":{"self":[{"href":"https:\/\/europeancourt.org\/da\/wp-json\/wp\/v2\/pages\/147357","targetHints":{"allow":["GET"]}}],"collection":[{"href":"https:\/\/europeancourt.org\/da\/wp-json\/wp\/v2\/pages"}],"about":[{"href":"https:\/\/europeancourt.org\/da\/wp-json\/wp\/v2\/types\/page"}],"author":[{"embeddable":true,"href":"https:\/\/europeancourt.org\/da\/wp-json\/wp\/v2\/users\/1"}],"replies":[{"embeddable":true,"href":"https:\/\/europeancourt.org\/da\/wp-json\/wp\/v2\/comments?post=147357"}],"version-history":[{"count":0,"href":"https:\/\/europeancourt.org\/da\/wp-json\/wp\/v2\/pages\/147357\/revisions"}],"up":[{"embeddable":true,"href":"https:\/\/europeancourt.org\/da\/wp-json\/wp\/v2\/pages\/116105"}],"wp:featuredmedia":[{"embeddable":true,"href":"https:\/\/europeancourt.org\/da\/wp-json\/wp\/v2\/media\/192018"}],"wp:attachment":[{"href":"https:\/\/europeancourt.org\/da\/wp-json\/wp\/v2\/media?parent=147357"}],"wp:term":[{"taxonomy":"category","embeddable":true,"href":"https:\/\/europeancourt.org\/da\/wp-json\/wp\/v2\/categories?post=147357"},{"taxonomy":"post_tag","embeddable":true,"href":"https:\/\/europeancourt.org\/da\/wp-json\/wp\/v2\/tags?post=147357"}],"curies":[{"name":"wp","href":"https:\/\/api.w.org\/{rel}","templated":true}]}}