{"id":147443,"date":"2022-07-02T14:27:20","date_gmt":"2022-07-02T12:27:20","guid":{"rendered":"https:\/\/europeancourt.org\/dokumenter\/europar%c3%a5det\/emrd\/procesreglement-regel-47\/"},"modified":"2025-10-05T12:00:15","modified_gmt":"2025-10-05T12:00:15","slug":"procesreglement-regel-47","status":"publish","type":"page","link":"https:\/\/europeancourt.org\/da\/dokumenter\/europar%c3%a5det\/emrd\/procesreglement-regel-47\/","title":{"rendered":"Domstolens procesreglement \u2013 Regel 47"},"content":{"rendered":"<h2 style=\"text-align: center;\">Domstolens procesreglement<\/h2>\n<p><strong>Regel 47<a class=\"paddingleft2px\" title=\"Som \u00e6ndret af Domstolen den 17. juni og den 8. juli 2002, den 11. december 2007, den 22. september 2008, den 6. maj 2013, den 1. juni og den 5. oktober 2015 og den 18. januar 2024.\" href=\"#fn1\"><sup style=\"cursor:help\">1<\/sup><\/a> \u2013 Indhold af en individuel klage<\/strong><\/p>\n<p>1. En klage, der indbringes i henhold til <a title=\"Artikel 34 i Konventionen til beskyttelse af menneskerettigheder og grundl\u00e6ggende frihedsrettigheder\" href=\"https:\/\/europeancourt.org\/da\/dokumenter\/europar%c3%a5det\/den-europ%c3%a6iske-menneskerettighedskonvention\/#artikel-34\">artikel 34 i Konventionen<\/a>, skal indgives p\u00e5 den af justitssekretariatet udleverede <a href=\"https:\/\/europeancourt.org\/da\/dokumenter\/europar%c3%a5det\/emrd\/klageformular\/\" title=\"Klageformular til Den Europ\u00e6iske Menneskerettighedsdomstol\">klageformular<\/a>, undtagen hvis Domstolen tr\u00e6ffer en anden beslutning. Formularen skal indeholde alle i de p\u00e5g\u00e6ldende felter p\u00e5kr\u00e6vede oplysninger og angive:<\/p>\n<p style=\"padding-left: 40px;\">(a) klagers navn, f\u00f8dselsdato, statsborgerskab og adresse og, hvis klager er en juridisk person, det fulde navn, stiftelses- eller registreringsdato, det officielle registreringsnummer (hvis det findes) og den officielle adresse;<\/p>\n<p style=\"padding-left: 40px;\">(b) repr\u00e6sentantens navn, adresse, telefon- og faxnummer og e-mail, hvis det findes;<\/p>\n<p style=\"padding-left: 40px;\">(c) hvis klager er repr\u00e6senteret: klagers daterede og originale underskrift i bemyndigelsesafsnittet i klageformularen tillige med repr\u00e6sentantens originale underskrift for at dokumentere, at han eller hun har accepteret at repr\u00e6sentere klageren; Domstolen kan i nogle tilf\u00e6lde acceptere kopier af underskrifterne, eller andre fuldmagtsformularer som er gyldige under Medlemsstaternes nationale lovgivning, hvis der gives tvingende grunde til manglende overholdelse af disse krav, og bemyndigelsesafsnittet i Domstolens klageformular med originale underskrifter eftersendes til Domstolen inden for en rimelig frist;<\/p>\n<p style=\"padding-left: 40px;\">(d) navnet p\u00e5 den eller de stater, klagen er rettet mod;<\/p>\n<p style=\"padding-left: 40px;\">(e) en n\u00f8jagtig og l\u00e6selig redeg\u00f8relse for sagens omst\u00e6ndigheder;<\/p>\n<p style=\"padding-left: 40px;\">(f) en n\u00f8jagtig og l\u00e6selig redeg\u00f8relse for den eller de p\u00e5st\u00e5ede kr\u00e6nkelser af Konventionen og de p\u00e5g\u00e6ldende argumenter; og<\/p>\n<p style=\"padding-left: 40px;\">(g) en n\u00f8jagtig og l\u00e6selig redeg\u00f8relse, der bekr\u00e6fter, at klager opfylder de i <a title=\"Artikel 35 i Konventionen til beskyttelse af menneskerettigheder og grundl\u00e6ggende frihedsrettigheder\" href=\"https:\/\/europeancourt.org\/da\/dokumenter\/europar%c3%a5det\/den-europ%c3%a6iske-menneskerettighedskonvention\/#artikel-35\">artikel 35 \u00a7 1 af Konventionen<\/a> beskrevne antagelighedsbetingelser.<\/p>\n<p>2.<\/p>\n<p style=\"padding-left: 40px;\">(a) Alle oplysninger n\u00e6vnt i paragraf 1 (e) til g) ovenfor, dvs. beskrevet i den p\u00e5g\u00e6ldende del af klageformularen, skal v\u00e6re tilstr\u00e6kkelige til at s\u00e6tte Domstolen i stand til at afg\u00f8re klagens karakter og form\u00e5l uden inddragelse af noget andet bilag.<\/p>\n<p style=\"padding-left: 40px;\">(b) Klager kan dog supplere oplysningerne ved at vedl\u00e6gge klageformularen yderligere detaljer om sagens omst\u00e6ndigheder, de p\u00e5st\u00e5ede kr\u00e6nkelser af Konventionen og de p\u00e5g\u00e6ldende argumenter. Den slags oplysninger m\u00e5 ikke overskride 20 sider.<\/p>\n<p>3.1. Klageformularen skal underskrives af klager eller klagers repr\u00e6sentant og ledsages af <\/p>\n<p style=\"padding-left: 40px;\">(a) kopier af bilag vedr\u00f8rende de juridiske eller \u00f8vrige beslutninger eller foranstaltninger, der klages ove;<\/p>\n<p style=\"padding-left: 40px;\">(b) kopier af bilag og beslutninger, der viser, at klager opfylder betingelsen om udt\u00f8mmelse af interne klagemuligheder og tidsfristen n\u00e6vnt i <a title=\"Artikel 35 i Konventionen til beskyttelse af menneskerettigheder og grundl\u00e6ggende frihedsrettigheder\" href=\"https:\/\/europeancourt.org\/da\/dokumenter\/europar%c3%a5det\/den-europ%c3%a6iske-menneskerettighedskonvention\/#artikel-35\">artikel 35 \u00a7 1 af Konventionen<\/a>;<\/p>\n<p style=\"padding-left: 40px;\">(c) hvis det er hensigtsm\u00e6ssigt, kopier af bilag vedr\u00f8rende ethvert andet sagsforl\u00f8b med international unders\u00f8gelse eller voldgift;<\/p>\n<p style=\"padding-left: 40px;\">(d) hvis klager er en juridisk person som n\u00e6vnt i regel 47 \u00a7 1 (a): et eller flere dokumenter som beviser at at den person som har anlagt klagen har bemyndigelse til at handle p\u00e5 klagers egne.<\/p>\n<p>3.2. Bilag indbragt for at underst\u00f8tte klagen skal optegnes i r\u00e6kkef\u00f8lge efter dato, nummereres fortl\u00f8bende og navngives tydeligt.<\/p>\n<p>4. Klagere, der ikke \u00f8nsker at f\u00e5 deres identitet r\u00f8bet for offentligheden, skal meddele det og freml\u00e6gge en redeg\u00f8relse for de \u00e5rsager, der berettiger en afvigelse fra den almindelige regel om offentlig adgang til oplysninger om sagsforl\u00f8bet foran Domstolen. Domstolen kan tillade anonymitet eller bevilge det p\u00e5 eget initiativ.<\/p>\n<p>5.1. Manglende opfyldelse af de i paragraf 1 til 3 af denne Regel beskrevne krav, vil f\u00f8re til, at klagen ikke unders\u00f8ges af Domstolen, medmindre<\/p>\n<p style=\"padding-left: 40px;\">(a) klager har fremlagt en passende forklaring p\u00e5 den manglende opfyldelse af kravene;<\/p>\n<p style=\"padding-left: 40px;\">(b) klagen vedr\u00f8rer en anmodning om en midlertidig foranstaltning;<\/p>\n<p style=\"padding-left: 40px;\">(c) Domstolen p\u00e5 eget initiativ eller p\u00e5 en klagers anmodning p\u00e5byder noget andet.<\/p>\n<p>5.2. Domstolen kan i ethvert tilf\u00e6lde anmode en klager om at freml\u00e6gge oplysninger eller bilag i enhver form eller p\u00e5 enhver m\u00e5de, der kan v\u00e6re hensigtsm\u00e6ssig inden for en fastsat tidsfrist.<\/p>\n<p>6.<\/p>\n<p style=\"padding-left: 40px;\">(a) Datoen for klagens indbringelse i henhold til <a title=\"Artikel 35 i Konventionen til beskyttelse af menneskerettigheder og grundl\u00e6ggende frihedsrettigheder\" href=\"https:\/\/europeancourt.org\/da\/dokumenter\/europar%c3%a5det\/den-europ%c3%a6iske-menneskerettighedskonvention\/#artikel-35\">artikel 35 \u00a7 1 af Konventionen<\/a> skal v\u00e6re den dato, p\u00e5 hvilken en klageformular, der opfylder denne Regels krav, indsendes til Domstolen. Afsendelsesdatoen skal v\u00e6re frankeringsdatoen.<\/p>\n<p style=\"padding-left: 40px;\">(b) Hvis den finder det berettiget, kan Domstolen dog beslutte, at en anden dato skal betragtes som indbringelsesdato.<\/p>\n<p>7. Klagere skal meddele Domstolen enhver \u00e6ndring af adresse og omst\u00e6ndigheder, der vedr\u00f8rer deres klage.<\/p>\n__________\n<p id=\"fn1\"><sup>1<\/sup> Som \u00e6ndret af Domstolen den 17. juni og den 8. juli 2002, den 11. december 2007, den 22. september 2008, den 6. maj 2013, den 1. juni og den 5. oktober 2015 og den 18. januar 2024.<\/p>","protected":false},"excerpt":{"rendered":"Domstolens procesreglement Regel 471 \u2013 Indhold af en individuel klage 1. En klage, der indbringes i henhold til artikel 34 i Konventionen, skal indgives p\u00e5 den af justitssekretariatet udleverede klageformular, undtagen hvis Domstolen tr\u00e6ffer&#46;&#46;&#46;","protected":false},"author":1,"featured_media":188904,"parent":147357,"menu_order":0,"comment_status":"closed","ping_status":"closed","template":"","meta":{"footnotes":""},"categories":[],"tags":[],"class_list":["post-147443","page","type-page","status-publish","has-post-thumbnail","hentry"],"_links":{"self":[{"href":"https:\/\/europeancourt.org\/da\/wp-json\/wp\/v2\/pages\/147443","targetHints":{"allow":["GET"]}}],"collection":[{"href":"https:\/\/europeancourt.org\/da\/wp-json\/wp\/v2\/pages"}],"about":[{"href":"https:\/\/europeancourt.org\/da\/wp-json\/wp\/v2\/types\/page"}],"author":[{"embeddable":true,"href":"https:\/\/europeancourt.org\/da\/wp-json\/wp\/v2\/users\/1"}],"replies":[{"embeddable":true,"href":"https:\/\/europeancourt.org\/da\/wp-json\/wp\/v2\/comments?post=147443"}],"version-history":[{"count":0,"href":"https:\/\/europeancourt.org\/da\/wp-json\/wp\/v2\/pages\/147443\/revisions"}],"up":[{"embeddable":true,"href":"https:\/\/europeancourt.org\/da\/wp-json\/wp\/v2\/pages\/147357"}],"wp:featuredmedia":[{"embeddable":true,"href":"https:\/\/europeancourt.org\/da\/wp-json\/wp\/v2\/media\/188904"}],"wp:attachment":[{"href":"https:\/\/europeancourt.org\/da\/wp-json\/wp\/v2\/media?parent=147443"}],"wp:term":[{"taxonomy":"category","embeddable":true,"href":"https:\/\/europeancourt.org\/da\/wp-json\/wp\/v2\/categories?post=147443"},{"taxonomy":"post_tag","embeddable":true,"href":"https:\/\/europeancourt.org\/da\/wp-json\/wp\/v2\/tags?post=147443"}],"curies":[{"name":"wp","href":"https:\/\/api.w.org\/{rel}","templated":true}]}}