{"id":176222,"date":"2022-06-28T15:55:16","date_gmt":"2022-06-28T13:55:16","guid":{"rendered":"https:\/\/europeancourt.org\/dokumenter\/europar%c3%a5det\/emrd\/klageformular\/"},"modified":"2026-04-29T13:57:36","modified_gmt":"2026-04-29T11:57:36","slug":"klageformular","status":"publish","type":"page","link":"https:\/\/europeancourt.org\/da\/dokumenter\/europar%c3%a5det\/emrd\/klageformular\/","title":{"rendered":"Klageformular til Den Europ\u00e6iske Menneskerettighedsdomstol"},"content":{"rendered":"<p>Formularen fungerer kun med Adobe Reader 9, og senere udgaver, og kun med Windows og Mac OS X. S\u00f8rg derfor for at Adobe Reader er installeret p\u00e5 din computer (kan <a href=\"https:\/\/get.adobe.com\/dk\/reader\/\" title=\"Adobe Reader\" target=\"_blank\" rel=\"noopener\">hentes hos www.adobe.com<\/a>).<\/p>\n<ul>\n<li>Gem formularen p\u00e5 din computer.<\/li>\n<li>\u00c5bn den gemte kopi af formularen i Adobe Reader p\u00e5 din computer.<\/li>\n<li>Udfyld formularen og gem den.<\/li>\n<li>N\u00e5r du har udfyldt formularen, skal du printe den, underskrive den, og sende den med post til Domstolen.<\/li>\n<\/ul>\n<p>Denne formular kan hj\u00e6lpe dig med at undg\u00e5 en af de typiske fejl, som kan f\u00f8re til, at EMD ikke antager din klage. <a title=\"Verificering af udfyldte EMD-klageformularer\" href=\"https:\/\/europeancourt.org\/da\/ydelser\/emrd\/verificering-af-udfyldte-emd-klageformularer\/\" target=\"_blank\" rel=\"noopener\">Du kan bede mig om at kontrollere formularen for de \u00f8vrige fejl, f\u00f8r du sender den til EMD.<\/a><\/p>\n<p style=\"text-align:center\"><a title=\"Klageformular til Den Europ\u00e6iske Menneskerettighedsdomstol\" href=\"https:\/\/europeancourt.org\/downloads\/da\/Klageformular_til_Den_Europaeiske_Menneskerettighedsdomstol_DAN_2022-2.PDF\" class=\"extlinkoff mybrightbutton red\" download=\"\">Hent <i class=\"fas fa-download\"><\/i><\/a><\/p>\n<iframe class=\"wonderplugin-pdf-iframe\" src=\"https:\/\/europeancourt.org\/wp-content\/plugins\/wonderplugin-pdf-embed\/pdfjs\/web\/viewer.html?v=2&disabledownload=1&disableprint=1&disabledoc=1&disableopenfile=1&externallinktarget=2&file=https:\/\/europeancourt.org\/noindex\/AppF_DAN_2022-2.pdf\" title=\"Klageformular til Den Europ\u00e6iske Menneskerettighedsdomstol\" width=\"100%\" height=\"900px\" style=\"border:0\"><\/iframe>\n","protected":false},"excerpt":{"rendered":"Formularen fungerer kun med Adobe Reader 9, og senere udgaver, og kun med Windows og Mac OS X. S\u00f8rg derfor for at Adobe Reader er installeret p\u00e5 din computer (kan hentes hos www.adobe.com). Gem&#46;&#46;&#46;","protected":false},"author":1,"featured_media":191919,"parent":147357,"menu_order":0,"comment_status":"closed","ping_status":"closed","template":"","meta":{"footnotes":""},"categories":[],"tags":[],"class_list":["post-176222","page","type-page","status-publish","has-post-thumbnail","hentry"],"_links":{"self":[{"href":"https:\/\/europeancourt.org\/da\/wp-json\/wp\/v2\/pages\/176222","targetHints":{"allow":["GET"]}}],"collection":[{"href":"https:\/\/europeancourt.org\/da\/wp-json\/wp\/v2\/pages"}],"about":[{"href":"https:\/\/europeancourt.org\/da\/wp-json\/wp\/v2\/types\/page"}],"author":[{"embeddable":true,"href":"https:\/\/europeancourt.org\/da\/wp-json\/wp\/v2\/users\/1"}],"replies":[{"embeddable":true,"href":"https:\/\/europeancourt.org\/da\/wp-json\/wp\/v2\/comments?post=176222"}],"version-history":[{"count":1,"href":"https:\/\/europeancourt.org\/da\/wp-json\/wp\/v2\/pages\/176222\/revisions"}],"predecessor-version":[{"id":225530,"href":"https:\/\/europeancourt.org\/da\/wp-json\/wp\/v2\/pages\/176222\/revisions\/225530"}],"up":[{"embeddable":true,"href":"https:\/\/europeancourt.org\/da\/wp-json\/wp\/v2\/pages\/147357"}],"wp:featuredmedia":[{"embeddable":true,"href":"https:\/\/europeancourt.org\/da\/wp-json\/wp\/v2\/media\/191919"}],"wp:attachment":[{"href":"https:\/\/europeancourt.org\/da\/wp-json\/wp\/v2\/media?parent=176222"}],"wp:term":[{"taxonomy":"category","embeddable":true,"href":"https:\/\/europeancourt.org\/da\/wp-json\/wp\/v2\/categories?post=176222"},{"taxonomy":"post_tag","embeddable":true,"href":"https:\/\/europeancourt.org\/da\/wp-json\/wp\/v2\/tags?post=176222"}],"curies":[{"name":"wp","href":"https:\/\/api.w.org\/{rel}","templated":true}]}}