{"id":222226,"date":"2024-01-08T15:08:29","date_gmt":"2024-01-08T14:08:29","guid":{"rendered":"https:\/\/europeancourt.org\/serviceydelser\/emrd\/"},"modified":"2025-11-23T02:00:59","modified_gmt":"2025-11-23T01:00:59","slug":"emrd","status":"publish","type":"page","link":"https:\/\/europeancourt.org\/da\/ydelser\/emrd\/","title":{"rendered":"EMRD"},"content":{"rendered":"<ul>\r\n\t\t<li><a href=\"https:\/\/europeancourt.org\/en\/services\/echr\/preparing-applications\/\" title=\"Forberedelse af klager til EMRD\">Forberedelse af klager til EMRD<\/a><\/li>\r\n\r\n\t<li><a href=\"https:\/\/europeancourt.org\/en\/services\/echr\/checking-filled-in-applications\/\" title=\"Verificering af udfyldte EMD-klageformularer\">Verificering af udfyldte EMD-klageformularer<\/a><\/li>\r\n\r\n\t<li><a href=\"https:\/\/europeancourt.org\/en\/services\/echr\/representing-applicants\/\" title=\"Repr\u00e6sentation af klagere ved EMRD\">Repr\u00e6sentation af klagere ved EMRD<\/a><\/li>\r\n\r\n\t<li><a href=\"https:\/\/europeancourt.org\/en\/services\/echr\/translating-applications-into-english\/\" title=\"Overs\u00e6ttelse af klager til EMRD til engelsk\">Overs\u00e6ttelse af klager til EMRD til engelsk<\/a><\/li>\r\n\r\n\t<li><a href=\"https:\/\/europeancourt.org\/da\/ydelser\/emrd\/find-sagsnummer-registrering-eller-afg%c3%b8relse\/\" title=\"Find EMD-sagsnummer, registrering eller afg\u00f8relse\">Find EMD-sagsnummer, registrering eller afg\u00f8relse<\/a><\/li>\r\n\r\n\t<li><a href=\"https:\/\/europeancourt.org\/en\/legal-advice-and-contacts\/\" title=\"Juridisk r\u00e5dgivning\">Juridisk r\u00e5dgivning<\/a><\/li>\r\n\r\n<\/ul>\r\n\r\n","protected":false},"excerpt":{"rendered":"Forberedelse af klager til EMRD Verificering af udfyldte EMD-klageformularer Repr\u00e6sentation af klagere ved EMRD Overs\u00e6ttelse af klager til EMRD til engelsk Find EMD-sagsnummer, registrering eller afg\u00f8relse Juridisk r\u00e5dgivning","protected":false},"author":1,"featured_media":223330,"parent":222173,"menu_order":0,"comment_status":"closed","ping_status":"closed","template":"","meta":{"footnotes":""},"categories":[],"tags":[],"class_list":["post-222226","page","type-page","status-publish","has-post-thumbnail","hentry"],"_links":{"self":[{"href":"https:\/\/europeancourt.org\/da\/wp-json\/wp\/v2\/pages\/222226","targetHints":{"allow":["GET"]}}],"collection":[{"href":"https:\/\/europeancourt.org\/da\/wp-json\/wp\/v2\/pages"}],"about":[{"href":"https:\/\/europeancourt.org\/da\/wp-json\/wp\/v2\/types\/page"}],"author":[{"embeddable":true,"href":"https:\/\/europeancourt.org\/da\/wp-json\/wp\/v2\/users\/1"}],"replies":[{"embeddable":true,"href":"https:\/\/europeancourt.org\/da\/wp-json\/wp\/v2\/comments?post=222226"}],"version-history":[{"count":2,"href":"https:\/\/europeancourt.org\/da\/wp-json\/wp\/v2\/pages\/222226\/revisions"}],"predecessor-version":[{"id":223222,"href":"https:\/\/europeancourt.org\/da\/wp-json\/wp\/v2\/pages\/222226\/revisions\/223222"}],"up":[{"embeddable":true,"href":"https:\/\/europeancourt.org\/da\/wp-json\/wp\/v2\/pages\/222173"}],"wp:featuredmedia":[{"embeddable":true,"href":"https:\/\/europeancourt.org\/da\/wp-json\/wp\/v2\/media\/223330"}],"wp:attachment":[{"href":"https:\/\/europeancourt.org\/da\/wp-json\/wp\/v2\/media?parent=222226"}],"wp:term":[{"taxonomy":"category","embeddable":true,"href":"https:\/\/europeancourt.org\/da\/wp-json\/wp\/v2\/categories?post=222226"},{"taxonomy":"post_tag","embeddable":true,"href":"https:\/\/europeancourt.org\/da\/wp-json\/wp\/v2\/tags?post=222226"}],"curies":[{"name":"wp","href":"https:\/\/api.w.org\/{rel}","templated":true}]}}