{"id":223377,"date":"2021-10-07T00:26:31","date_gmt":"2021-10-06T22:26:31","guid":{"rendered":"https:\/\/europeancourt.org\/?page_id=223377"},"modified":"2025-11-29T11:01:04","modified_gmt":"2025-11-29T10:01:04","slug":"find-sagsnummer-registrering-eller-afg%c3%b8relse","status":"publish","type":"page","link":"https:\/\/europeancourt.org\/da\/ydelser\/emrd\/find-sagsnummer-registrering-eller-afg%c3%b8relse\/","title":{"rendered":"Find EMD-sagsnummer, registrering eller afg\u00f8relse"},"content":{"rendered":"<div class=\"mywpcf7cf myshow myhide\">Kender du sagsnummeret?<\/div>\r\n<div class=\"mywpcf7cf myshow myhide\">\r\n  <span class=\"mymultyradiobutton blue\">\r\n    <span class=\"wpcf7-list-item wpcf7\">\r\n      <label><input type=\"radio\"><span class=\"wpcf7-list-item-label\">Ja<\/span><\/label>\r\n    <\/span>\r\n  <\/span>\r\n  <span class=\"mymultyradiobutton blue\">\r\n    <span class=\"wpcf7-list-item wpcf7\">\r\n      <label><input type=\"radio\"><span class=\"wpcf7-list-item-label\">Nej<\/span><\/label>\r\n    <\/span>\r\n  <\/span>\r\n<\/div>\r\n<div class=\"mywpcf7cf-blueleft myshow myhide\">\r\n  <span class=\"mycustomsummary\">Hvad er et sagsnummer?<\/span>\r\n  <span class=\"mycustomdetails\">\r\n    <span class=\"vlist\">\r\n      <span class=\"vitem\">Et sagsnummer fremg\u00e5r af hvert brev fra EMD om en klage, der er blevet registreret, lige efter ordene \u00bbSag nr.\u00ab og f\u00f8r sagens navn. I korrespondance p\u00e5 engelsk st\u00e5r der \u00bbApplication no.\u00ab, p\u00e5 fransk \u00bbRequ\u00eate n\u00b0\u00ab.<\/span>\r\n      <span class=\"vitem\">Et sagsnummer har formatet NUMMER\/\u00c5R, f.eks. 123\/14. Kun tal og en skr\u00e5streg (tegnet \u00bb\/\u00ab), der h\u00e6lder mod h\u00f8jre, uden mellemrum.<\/span>\r\n      <span class=\"vitem\">Et nummer i samme format i et brev fra EMD om, at klageformularen ikke opfylder kravene, er ikke et sagsnummer. Dette nummer kan f\u00f8rst blive et sagsnummer, n\u00e5r EMD har modtaget en ny klageformular, som opfylder kravene, og har registreret klagen. I et s\u00e5dant brev angives sagens navn ikke, fordi klagen ikke er registreret, og som regel angives koden ECHR-Axxx6, hvor \u00bbxxx\u00ab angiver brevets sprog. Under denne kode st\u00e5r der nogle gange \u00bbSag nr.\u00ab<\/span>\r\n    <\/span>\r\n  <\/span>\r\n<\/div>\r\n<div class=\"mywpcf7cf myshow myhide mywpcf7cf-utility\">\r\n  <div class=\"mybutton red not-in-text-button is-disabled\" aria-disabled=\"true\">Start forfra<\/div>\r\n  <a class=\"mybutton red not-in-text-button\" href=\"mailto:oleg.anishchik@europeancourt.org?subject=Find EMD-sagsnummer, registrering eller afg\u00f8relse: Fejl&#038;body=Fejlbeskrivelse: \">Rapporter en fejl<\/a>\r\n<\/div>\r\n<div id=\"ajax_content\"><\/div>","protected":false},"excerpt":{"rendered":"Kender du sagsnummeret? Ja Nej Hvad er et sagsnummer? Et sagsnummer fremg\u00e5r af hvert brev fra EMD om en klage, der er blevet registreret, lige efter ordene \u00bbSag nr.\u00ab og f\u00f8r sagens navn. I&#46;&#46;&#46;","protected":false},"author":1,"featured_media":223378,"parent":222226,"menu_order":0,"comment_status":"closed","ping_status":"closed","template":"","meta":{"footnotes":""},"categories":[],"tags":[],"class_list":["post-223377","page","type-page","status-publish","has-post-thumbnail","hentry"],"_links":{"self":[{"href":"https:\/\/europeancourt.org\/da\/wp-json\/wp\/v2\/pages\/223377","targetHints":{"allow":["GET"]}}],"collection":[{"href":"https:\/\/europeancourt.org\/da\/wp-json\/wp\/v2\/pages"}],"about":[{"href":"https:\/\/europeancourt.org\/da\/wp-json\/wp\/v2\/types\/page"}],"author":[{"embeddable":true,"href":"https:\/\/europeancourt.org\/da\/wp-json\/wp\/v2\/users\/1"}],"replies":[{"embeddable":true,"href":"https:\/\/europeancourt.org\/da\/wp-json\/wp\/v2\/comments?post=223377"}],"version-history":[{"count":1,"href":"https:\/\/europeancourt.org\/da\/wp-json\/wp\/v2\/pages\/223377\/revisions"}],"predecessor-version":[{"id":223379,"href":"https:\/\/europeancourt.org\/da\/wp-json\/wp\/v2\/pages\/223377\/revisions\/223379"}],"up":[{"embeddable":true,"href":"https:\/\/europeancourt.org\/da\/wp-json\/wp\/v2\/pages\/222226"}],"wp:featuredmedia":[{"embeddable":true,"href":"https:\/\/europeancourt.org\/da\/wp-json\/wp\/v2\/media\/223378"}],"wp:attachment":[{"href":"https:\/\/europeancourt.org\/da\/wp-json\/wp\/v2\/media?parent=223377"}],"wp:term":[{"taxonomy":"category","embeddable":true,"href":"https:\/\/europeancourt.org\/da\/wp-json\/wp\/v2\/categories?post=223377"},{"taxonomy":"post_tag","embeddable":true,"href":"https:\/\/europeancourt.org\/da\/wp-json\/wp\/v2\/tags?post=223377"}],"curies":[{"name":"wp","href":"https:\/\/api.w.org\/{rel}","templated":true}]}}