{"id":225235,"date":"2026-04-26T14:48:59","date_gmt":"2026-04-26T12:48:59","guid":{"rendered":"https:\/\/europeancourt.org\/juridisk-r%c3%a5dgivning\/"},"modified":"2026-05-01T03:29:53","modified_gmt":"2026-05-01T01:29:53","slug":"juridisk-r%c3%a5dgivning","status":"publish","type":"page","link":"https:\/\/europeancourt.org\/da\/juridisk-r%c3%a5dgivning\/","title":{"rendered":"Juridisk r\u00e5dgivning"},"content":{"rendered":"<div id=\"ec-contact-shell\" class=\"ec-service-page ec-service-contacts\" data-service=\"contacts\">\n<div class=\"ec-service-screen-1\">\n<div class=\"wpcf7\">\n<div data-id=\"group-firstpage\">\n<div class=\"mywpcf7cf\">Jeg har brug for:<\/div>\n\n<span class=\"wpcf7-form-control-wrap\" data-name=\"radio-firstpage1\"><span class=\"wpcf7-form-control wpcf7-acceptance optional\"><span class=\"wpcf7-list-item\"><label><input type=\"checkbox\" name=\"radio-firstpage1\" value=\"1\" aria-invalid=\"false\" \/><span class=\"ec-shell-choice-marker\" aria-hidden=\"true\"><\/span><span class=\"wpcf7-list-item-label\"><a title=\"Forberedelse af klager til EMRD\" href=\"https:\/\/europeancourt.org\/da\/ydelser\/emrd\/forberedelse-af-klager-til-emrd\/\">f\u00e5 udarbejdet en klage til EMD<\/a><\/span><\/label><\/span><\/span><\/span>\n\n<span class=\"wpcf7-form-control-wrap\" data-name=\"radio-firstpage2\"><span class=\"wpcf7-form-control wpcf7-acceptance optional\"><span class=\"wpcf7-list-item\"><label><input type=\"checkbox\" name=\"radio-firstpage2\" value=\"1\" aria-invalid=\"false\" \/><span class=\"ec-shell-choice-marker\" aria-hidden=\"true\"><\/span><span class=\"wpcf7-list-item-label\"><a title=\"Verificering af udfyldte EMD-klageformularer\" href=\"https:\/\/europeancourt.org\/da\/ydelser\/emrd\/verificering-af-udfyldte-emd-klageformularer\/\">f\u00e5 klageformularen kontrolleret for fejl, f\u00f8r den sendes til EMD<\/a><\/span><\/label><\/span><\/span><\/span>\n\n<span class=\"wpcf7-form-control-wrap\" data-name=\"radio-firstpage3\"><span class=\"wpcf7-form-control wpcf7-acceptance optional\"><span class=\"wpcf7-list-item\"><label><input type=\"checkbox\" name=\"radio-firstpage3\" value=\"1\" aria-invalid=\"false\" \/><span class=\"ec-shell-choice-marker\" aria-hidden=\"true\"><\/span><span class=\"wpcf7-list-item-label\"><a title=\"Repr\u00e6sentation af klagere ved EMRD\" href=\"https:\/\/europeancourt.org\/da\/ydelser\/emrd\/repr%c3%a6sentation-af-klagere-ved-emrd\/\">f\u00e5 repr\u00e6sentation ved EMD, n\u00e5r klagen er kommunikeret til den indklagede regering, og der skal indgives skriftlige bem\u00e6rkninger<\/a><\/span><\/label><\/span><\/span><\/span>\n\n<span class=\"wpcf7-form-control-wrap\" data-name=\"radio-firstpage7\"><span class=\"wpcf7-form-control wpcf7-acceptance optional\"><span class=\"wpcf7-list-item\"><label><input type=\"checkbox\" name=\"radio-firstpage7\" value=\"1\" aria-invalid=\"false\" \/><span class=\"ec-shell-choice-marker\" aria-hidden=\"true\"><\/span><span class=\"wpcf7-list-item-label\"><a title=\"Find EMD-sagsnummer, registrering eller afg\u00f8relse\" href=\"https:\/\/europeancourt.org\/da\/ydelser\/emrd\/find-sagsnummer-registrering-eller-afg%c3%b8relse\/\">f\u00e5 oplyst status for min klage til EMD<\/a><\/span><\/label><\/span><\/span><\/span>\n\n<span class=\"wpcf7-form-control-wrap\" data-name=\"radio-firstpage8\"><span class=\"wpcf7-form-control wpcf7-acceptance optional\"><span class=\"wpcf7-list-item\"><label><input type=\"checkbox\" name=\"radio-firstpage8\" value=\"1\" aria-invalid=\"false\" \/><span class=\"ec-shell-choice-marker\" aria-hidden=\"true\"><\/span><span class=\"wpcf7-list-item-label\"><a title=\"Klageformular til Den Europ\u00e6iske Menneskerettighedsdomstol\" href=\"https:\/\/europeancourt.org\/da\/dokumenter\/europar%c3%a5det\/emrd\/klageformular\/\">hente klageformularen til EMD<\/a><\/span><\/label><\/span><\/span><\/span>\n\n<span class=\"wpcf7-form-control-wrap\" data-name=\"radio-firstpage22\"><span class=\"wpcf7-form-control wpcf7-acceptance optional\"><span class=\"wpcf7-list-item\"><label><input type=\"checkbox\" name=\"radio-firstpage22\" value=\"1\" aria-invalid=\"false\" \/><span class=\"ec-shell-choice-marker\" aria-hidden=\"true\"><\/span><span class=\"wpcf7-list-item-label\">anmode om en konsultation<\/span><\/label><\/span><\/span><\/span>\n\n<span class=\"wpcf7-form-control-wrap\" data-name=\"radio-firstpage23\"><span class=\"wpcf7-form-control wpcf7-acceptance optional\"><span class=\"wpcf7-list-item\"><label><input type=\"checkbox\" name=\"radio-firstpage23\" value=\"1\" aria-invalid=\"false\" \/><span class=\"ec-shell-choice-marker\" aria-hidden=\"true\"><\/span><span class=\"wpcf7-list-item-label\">vis kontaktoplysninger<\/span><\/label><\/span><\/span><\/span>\n\n<\/div>\n<\/div>\n<\/div>\n<div class=\"ec-service-form-shell\"><div id=\"ajax_content\" data-loaded=\"0\"><\/div><\/div>\n<\/div>\n","protected":false},"excerpt":{"rendered":"Jeg har brug for: f\u00e5 udarbejdet en klage til EMD f\u00e5 klageformularen kontrolleret for fejl, f\u00f8r den sendes til EMD f\u00e5 repr\u00e6sentation ved EMD, n\u00e5r klagen er kommunikeret til den indklagede regering, og der&#46;&#46;&#46;","protected":false},"author":0,"featured_media":0,"parent":0,"menu_order":0,"comment_status":"closed","ping_status":"closed","template":"","meta":{"footnotes":""},"categories":[],"tags":[],"class_list":["post-225235","page","type-page","status-publish","hentry"],"_links":{"self":[{"href":"https:\/\/europeancourt.org\/da\/wp-json\/wp\/v2\/pages\/225235","targetHints":{"allow":["GET"]}}],"collection":[{"href":"https:\/\/europeancourt.org\/da\/wp-json\/wp\/v2\/pages"}],"about":[{"href":"https:\/\/europeancourt.org\/da\/wp-json\/wp\/v2\/types\/page"}],"replies":[{"embeddable":true,"href":"https:\/\/europeancourt.org\/da\/wp-json\/wp\/v2\/comments?post=225235"}],"version-history":[{"count":5,"href":"https:\/\/europeancourt.org\/da\/wp-json\/wp\/v2\/pages\/225235\/revisions"}],"predecessor-version":[{"id":226704,"href":"https:\/\/europeancourt.org\/da\/wp-json\/wp\/v2\/pages\/225235\/revisions\/226704"}],"wp:attachment":[{"href":"https:\/\/europeancourt.org\/da\/wp-json\/wp\/v2\/media?parent=225235"}],"wp:term":[{"taxonomy":"category","embeddable":true,"href":"https:\/\/europeancourt.org\/da\/wp-json\/wp\/v2\/categories?post=225235"},{"taxonomy":"post_tag","embeddable":true,"href":"https:\/\/europeancourt.org\/da\/wp-json\/wp\/v2\/tags?post=225235"}],"curies":[{"name":"wp","href":"https:\/\/api.w.org\/{rel}","templated":true}]}}