{"id":40694,"date":"2022-04-29T20:07:30","date_gmt":"2022-04-29T18:07:30","guid":{"rendered":"https:\/\/europeancourt.org\/den-europ%c3%a6iske-menneskerettighedskonvention\/"},"modified":"2025-10-05T12:00:15","modified_gmt":"2025-10-05T12:00:15","slug":"den-europ%c3%a6iske-menneskerettighedsdomstol","status":"publish","type":"page","link":"https:\/\/europeancourt.org\/da\/","title":{"rendered":"Oleg Anishjik, repr\u00e6sentant ved EMRD, FN\u2019s MRK, Interpol-CCF"},"content":{"rendered":"<p>Den Europ\u00e6iske Menneskerettighedsdomstol er en international juridiktion med s\u00e6de i Strasbourg, der kan behandle klager fra personer, organisationer og selskaber, som h\u00e6vder, at deres rettigheder i henhold til Den Europ\u00e6iske Menneskerettighedskonvention er blevet kr\u00e6nket.<\/p> \n<p><a title=\"Konvention til beskyttelse af menneskerettigheder og grundl\u00e6ggende frihedsrettigheder\" href=\"https:\/\/europeancourt.org\/da\/dokumenter\/europar%c3%a5det\/den-europ%c3%a6iske-menneskerettighedskonvention\/\">Den Europ\u00e6iske Menneskerettighedskonvention<\/a> er en international traktat, i kraft af hvilken et stort antal europ\u00e6iske stater har indvilliget i at sikre visse grundl\u00e6ggende rettigheder. De sikrede rettigheder er beskrevet i selve Konventionen og ligeledes i Protokollerne nr. <a title=\"Till\u00e6gsprotokol til Konventionen til beskyttelse af menneskerettigheder og grundl\u00e6ggende frihedsrettigheder\" href=\"https:\/\/europeancourt.org\/da\/dokumenter\/europar%c3%a5det\/den-europ%c3%a6iske-menneskerettighedskonvention\/protokol-nr1\/\">1<\/a>, <a title=\"Protokol nr. 4 til Konventionen til beskyttelse af menneskerettigheder og grundl\u00e6ggende frihedsrettigheder\" href=\"https:\/\/europeancourt.org\/da\/dokumenter\/europar%c3%a5det\/den-europ%c3%a6iske-menneskerettighedskonvention\/protokol-nr4\/\">4<\/a>, <a title=\"Protokol nr. 6 til Konventionen til beskyttelse af menneskerettigheder og grundl\u00e6ggende frihedsrettigheder\" href=\"https:\/\/europeancourt.org\/da\/dokumenter\/europar%c3%a5det\/den-europ%c3%a6iske-menneskerettighedskonvention\/protokol-nr6\/\">6<\/a>, <a title=\"Protokol nr. 7 til Konventionen til beskyttelse af menneskerettigheder og grundl\u00e6ggende frihedsrettigheder\" href=\"https:\/\/europeancourt.org\/da\/dokumenter\/europar%c3%a5det\/den-europ%c3%a6iske-menneskerettighedskonvention\/protokol-nr7\/\">7<\/a>, <a title=\"Protokol nr. 12 til Konventionen til beskyttelse af menneskerettigheder og grundl\u00e6ggende frihedsrettigheder\" href=\"https:\/\/europeancourt.org\/da\/dokumenter\/europar%c3%a5det\/den-europ%c3%a6iske-menneskerettighedskonvention\/protokol-nr12\/\">12<\/a> og <a title=\"Protokol nr. 13 til Konventionen til beskyttelse af menneskerettigheder og grundl\u00e6ggende frihedsrettigheder\" href=\"https:\/\/europeancourt.org\/da\/dokumenter\/europar%c3%a5det\/den-europ%c3%a6iske-menneskerettighedskonvention\/protokol-nr13\/\">13<\/a>, som kun nogle af staterne har godkendt.<\/p>\n<p>Den Europ\u00e6iske Menneskerettighedsdomstol tager Den Europ\u00e6iske Menneskerettighedskonvention i anvendelse. Dens opgave best\u00e5r i at kontrollere, om de rettigheder og sikkerheder, der fasts\u00e6ttes af Konventionen, bliver overholdt af staterne. Det sker, n\u00e5r der indbringes en klage (ogs\u00e5 kaldet \u00bbbeg\u00e6ring\u00ab) af enkeltpersoner eller nogle gange af stater. N\u00e5r Domstolen konstaterer, at en medlemsstat kr\u00e6nker en eller flere af disse rettigheder og sikkerheder, afsiger Domstolen en dom. Denne dom er bindende: det p\u00e5g\u00e6ldende land er forpligtet til at fuldbyrde dommen.<\/p>\n<p>Du beh\u00f8ver ikke v\u00e6re statsborger i en af <a title=\"Medlemsstater i Europar\u00e5det\" href=\"https:\/\/europeancourt.org\/da\/dokumenter\/europar%c3%a5det\/den-europ%c3%a6iske-menneskerettighedskonvention\/#ratifikation\">medlemsstaterne i Europar\u00e5det<\/a>. Den kr\u00e6nkelse, du klager over, skal blot v\u00e6re beg\u00e5et af en af disse stater inden for dens juridiktion, der almindeligvis svarer til dens territorium. Den eller de anf\u00e6gtede handlinger skal udg\u00e5 fra en offentlig myndighed i denne eller disse stater (for eksempel en domstol eller en offentlig administration). Domstolen kan ikke tage sig af klager mod enkeltpersoner eller institutioner, s\u00e5som handelsselskaber.  Du skal v\u00e6re direkte og personligt offer for den kr\u00e6nkelse, som du anmelder. Du kan ikke klage over en lov eller en handling generelt, for eksempel fordi du finder den urimelig; du kan heller ikke klage p\u00e5 vegne af andre end dig selv (medmindre de p\u00e5g\u00e6ldende personer er klart identificerede og du er deres officielle repr\u00e6sentant).   Du kan ikke klage over kr\u00e6nkelse af et andet juridisk instrument end Den Europ\u00e6iske Menneskerettighedskonvention, s\u00e5som Den Universelle Menneskerettighedserkl\u00e6ring eller Chartret om Grundl\u00e6ggende Rettigheder.<\/p>\n<p>I den p\u00e5g\u00e6ldende stat skal du have udt\u00f8mt alle klagemuligheder, der kunne have afhjulpet den situation, du klager over (s\u00e6dvanligvis drejer det sig om en sag ved den bemyndigede domstol, efterfulgt, n\u00e5r det er muligt, af en appel og endda af en yderligere appel ved en h\u00f8jere juridiktion, s\u00e5som h\u00f8jesteretten og forfatningsdomstolen, n\u00e5r en s\u00e5dan findes). Det er ikke tilstr\u00e6kkeligt at udnytte disse klagemuligheder: du skal ogs\u00e5 reelt p\u00e5 denne m\u00e5de have indbragt dine klagem\u00e5l (det vil sige de kr\u00e6nkelser af Konventionen, du klager over). Efter datoen for den endelige interne afg\u00f8relse (almindeligvis en dom fra den \u00f8verste justitsmyndighed) har du kun en frist p\u00e5 fire m\u00e5neder til at indbringe din klage.    <a title=\"Klageformular til Den Europ\u00e6iske Menneskerettighedsdomstol\" href=\"https:\/\/europeancourt.org\/da\/dokumenter\/europar%c3%a5det\/emrd\/klageformular\/\">Klageformularen<\/a> skal sammen med alle p\u00e5kr\u00e6vede oplysninger og bilag afsendes til Domstolen p\u00e5 eller f\u00f8r den sidste dag af fire m\u00e5neders perioden. <a title=\"Verifikation af en klage \u2013 Den Europ\u00e6iske Menneskerettighedsdomstol\" href=\"https:\/\/europeancourt.org\/en\/services\/echr\/checking-filled-in-applications\/\">Unders\u00f8g<\/a>, om klageformularen indeholder alle p\u00e5kr\u00e6vede oplysninger og bilag.<\/p>\n<p>Domstolen kan ikke behandle alle slags klager. Formelle kriterier beskrevet i Konventionen begr\u00e6nser, hvem der kan klage, hvorn\u00e5r og over hvad. Mere end 90 % af de af klager som indbringes for Domstolen bliver afvist. Du b\u00f8r derfor unders\u00f8ge, om din klage opfylder de krav. For yderligere oplysning om disse betingelser kan du s\u00f8ge <a title=\"Konsultationer af en advokat \u2013 Den Europ\u00e6iske Menneskerettighedsdomstol\" href=\"https:\/\/europeancourt.org\/en\/legal-advice-and-contacts\/\">advokatr\u00e5dgivning<\/a>.<\/p>\n<p>Behandlingen af din sag er gratis. Du skal kun oppeb\u00e6re dine egne udgifter (s\u00e5som advokathonorarer eller omkostninger til efterforskning og korrespondance). Domstolen hj\u00e6lper dig ikke betale en <a title=\"Forberedelse af klager til Den Europ\u00e6iske Menneskerettighedsdomstol\" href=\"https:\/\/europeancourt.org\/en\/services\/echr\/preparing-applications\/\">advokat til at udf\u00e6rdige din klage<\/a>. Selv om du ikke er forpligtet til at v\u00e6re repr\u00e6senteret af en advokat i procedurens startfase, vil du f\u00e5 brug for en <a title=\"Repr\u00e6sentation af en advokat \u2013 Den Europ\u00e6iske Menneskerettighedsdomstol\" href=\"https:\/\/europeancourt.org\/en\/services\/echr\/representing-applicants\/\">advokat, s\u00e5 snart din klage er forkyndt til Regeringen<\/a>.<\/p>\n<p>Hvis Domstolen konstaterer en kr\u00e6nkelse, kan den tilkende dig en \u00bbpassende erstatning\u00ab, der best\u00e5r i en finansiel kompensation for visse ulemper. Domstolen kan ogs\u00e5 forlange, at den p\u00e5g\u00e6ldende stat refunderer dig de udgifter, som du har oppeb\u00e5ret for at g\u00f8re dine rettigheder g\u00e6ldende.<\/p>","protected":false},"excerpt":{"rendered":"Den Europ\u00e6iske Menneskerettighedsdomstol er en international juridiktion med s\u00e6de i Strasbourg, der kan behandle klager fra personer, organisationer og selskaber, som h\u00e6vder, at deres rettigheder i henhold til Den Europ\u00e6iske Menneskerettighedskonvention er blevet kr\u00e6nket.&#46;&#46;&#46;","protected":false},"author":1,"featured_media":208863,"parent":0,"menu_order":0,"comment_status":"closed","ping_status":"closed","template":"","meta":{"footnotes":""},"categories":[],"tags":[],"class_list":["post-40694","page","type-page","status-publish","has-post-thumbnail","hentry"],"_links":{"self":[{"href":"https:\/\/europeancourt.org\/da\/wp-json\/wp\/v2\/pages\/40694","targetHints":{"allow":["GET"]}}],"collection":[{"href":"https:\/\/europeancourt.org\/da\/wp-json\/wp\/v2\/pages"}],"about":[{"href":"https:\/\/europeancourt.org\/da\/wp-json\/wp\/v2\/types\/page"}],"author":[{"embeddable":true,"href":"https:\/\/europeancourt.org\/da\/wp-json\/wp\/v2\/users\/1"}],"replies":[{"embeddable":true,"href":"https:\/\/europeancourt.org\/da\/wp-json\/wp\/v2\/comments?post=40694"}],"version-history":[{"count":0,"href":"https:\/\/europeancourt.org\/da\/wp-json\/wp\/v2\/pages\/40694\/revisions"}],"wp:featuredmedia":[{"embeddable":true,"href":"https:\/\/europeancourt.org\/da\/wp-json\/wp\/v2\/media\/208863"}],"wp:attachment":[{"href":"https:\/\/europeancourt.org\/da\/wp-json\/wp\/v2\/media?parent=40694"}],"wp:term":[{"taxonomy":"category","embeddable":true,"href":"https:\/\/europeancourt.org\/da\/wp-json\/wp\/v2\/categories?post=40694"},{"taxonomy":"post_tag","embeddable":true,"href":"https:\/\/europeancourt.org\/da\/wp-json\/wp\/v2\/tags?post=40694"}],"curies":[{"name":"wp","href":"https:\/\/api.w.org\/{rel}","templated":true}]}}