{"id":116058,"date":"2022-06-13T12:26:38","date_gmt":"2022-06-13T10:26:38","guid":{"rendered":"https:\/\/europeancourt.org\/dokumente\/"},"modified":"2024-06-25T16:43:25","modified_gmt":"2024-06-25T14:43:25","slug":"dokumente","status":"publish","type":"page","link":"https:\/\/europeancourt.org\/de\/dokumente\/","title":{"rendered":"Dokumente"},"content":{"rendered":"<ul>\n<li><a href=\"https:\/\/europeancourt.org\/de\/dokumente\/europarat\/\" title=\"Europarat\">Europarat<\/a><\/li>\n<ul>\n<li><a href=\"https:\/\/europeancourt.org\/de\/dokumente\/europarat\/europ%c3%a4ische-menschenrechtskonvention\/\" title=\"Konvention zum Schutz der Menschenrechte und Grundfreiheiten\">Konvention zum Schutz der Menschenrechte und Grundfreiheiten<\/a><\/li>\n<ul>\n<li><a href=\"https:\/\/europeancourt.org\/de\/dokumente\/europarat\/europ%c3%a4ische-menschenrechtskonvention\/protokoll-nr1\/\" title=\"Zusatzprotokoll zur Konvention zum Schutz der Menschenrechte und Grundfreiheiten\">Zusatzprotokoll zur Konvention zum Schutz der Menschenrechte und Grundfreiheiten<\/a><\/li>\n<li><a href=\"https:\/\/europeancourt.org\/de\/dokumente\/europarat\/europ%c3%a4ische-menschenrechtskonvention\/protokoll-nr4\/\" title=\"Protokoll Nr. 4 zur Konvention zum Schutz der Menschenrechte und Grundfreiheiten\">Protokoll Nr. 4 zur Konvention zum Schutz der Menschenrechte und Grundfreiheiten<\/a><\/li>\n<li><a href=\"https:\/\/europeancourt.org\/de\/dokumente\/europarat\/europ%c3%a4ische-menschenrechtskonvention\/protokoll-nr6\/\" title=\"Protokoll Nr. 6 zur Konvention zum Schutz der Menschenrechte und Grundfreiheiten\">Protokoll Nr. 6 zur Konvention zum Schutz der Menschenrechte und Grundfreiheiten<\/a><\/li>\n<li><a href=\"https:\/\/europeancourt.org\/de\/dokumente\/europarat\/europ%c3%a4ische-menschenrechtskonvention\/protokoll-nr7\/\" title=\"Protokoll Nr. 7 zur Konvention zum Schutz der Menschenrechte und Grundfreiheiten\">Protokoll Nr. 7 zur Konvention zum Schutz der Menschenrechte und Grundfreiheiten<\/a><\/li>\n<li><a href=\"https:\/\/europeancourt.org\/de\/dokumente\/europarat\/europ%c3%a4ische-menschenrechtskonvention\/protokoll-nr12\/\" title=\"Protokoll Nr. 12 zur Konvention zum Schutz der Menschenrechte und Grundfreiheiten\">Protokoll Nr. 12 zur Konvention zum Schutz der Menschenrechte und Grundfreiheiten<\/a><\/li>\n<li><a href=\"https:\/\/europeancourt.org\/de\/dokumente\/europarat\/europ%c3%a4ische-menschenrechtskonvention\/protokoll-nr13\/\" title=\"Protokoll Nr. 13 zur Konvention zum Schutz der Menschenrechte und Grundfreiheiten\">Protokoll Nr. 13 zur Konvention zum Schutz der Menschenrechte und Grundfreiheiten<\/a><\/li>\n<li><a href=\"https:\/\/europeancourt.org\/de\/dokumente\/europarat\/europ%c3%a4ische-menschenrechtskonvention\/protokoll-nr16\/\" title=\"Protokoll Nr. 16 zur Konvention zum Schutz der Menschenrechte und Grundfreiheiten\">Protokoll Nr. 16 zur Konvention zum Schutz der Menschenrechte und Grundfreiheiten<\/a><\/li>\n<\/ul>\n<li><a href=\"https:\/\/europeancourt.org\/de\/dokumente\/europarat\/egmr\/\" title=\"Europ\u00e4ischer Gerichtshof f\u00fcr Menschenrechte\">Europ\u00e4ischer Gerichtshof f\u00fcr Menschenrechte<\/a><\/li>\n<ul>\n<li><a href=\"https:\/\/europeancourt.org\/de\/dokumente\/europarat\/egmr\/verfahrensordnung-artikel-47\/\" title=\"Artikel 47 der Verfahrensordnung des Europa\u00efschen Gerichtshofs f\u00fcr Menschenrechte\">Verfahrensordnung des EGMR \u2013 Artikel 47<\/a><\/li>\n<li><a href=\"https:\/\/europeancourt.org\/en\/documents\/council-of-europe\/echr\/practice-directions-institution-of-proceedings\/\" title=\"Einleitung des Verfahrens \u2013 Praktische Anweisungen (nur auf Englisch, Franz\u00f6sisch, Russisch, Spanisch, Italienisch, Armenisch, Rum\u00e4nisch und T\u00fcrkisch)\">Einleitung des Verfahrens \u2013 Praktische Anweisungen (nur auf Englisch, Franz\u00f6sisch, Russisch, Spanisch, Italienisch, Armenisch, Rum\u00e4nisch und T\u00fcrkisch)<\/a><\/li>\n<li><a href=\"https:\/\/europeancourt.org\/de\/dokumente\/europarat\/egmr\/beschwerdeformular\/\" title=\"Beschwerdeformular beim Europ\u00e4ischen Gerichtshof f\u00fcr Menschenrechte\">Beschwerdeformular<\/a><\/li>\n<ul>\n<li><a href=\"https:\/\/europeancourt.org\/de\/dokumente\/europarat\/egmr\/beschwerdeformular\/merkblatt-zum-ausf%c3%bcllen\/\" title=\"Merkblatt zum Ausf\u00fcllen des Beschwerdeformulars\">Merkblatt zum Ausf\u00fcllen des Beschwerdeformulars<\/a><\/li>\n<\/ul>\n<li><a href=\"https:\/\/europeancourt.org\/de\/dokumente\/europarat\/egmr\/vollmachtsvordruck\/\" title=\"Vollmachtsvordruck f\u00fcr den Europa\u00efschen Gerichtshof f\u00fcr Menschenrechte\">Vollmachtsvordruck<\/a><\/li>\n<li><a href=\"https:\/\/europeancourt.org\/downloads\/de\/Tabelle_in_welcher_die_Angaben_zur_Identifizierung_jedes_einzelnen_Beschwerdefuhrers_vor_dem_EGMR_enthalten_sind_DEU.XLSX\" title=\"Tabelle, in welcher die Angaben zur Identifizierung jedes einzelnen Beschwerdef\u00fchrers vor dem Europ\u00e4ischen Gerichtshof f\u00fcr Menschenrechte enthalten sind\">Zusatzinformation f\u00fcr Beschwerden mit mehreren Beschwerdef\u00fchrern<\/a><\/li>\n<\/ul><\/ul><\/ul> ","protected":false},"excerpt":{"rendered":"Europarat Konvention zum Schutz der Menschenrechte und Grundfreiheiten Zusatzprotokoll zur Konvention zum Schutz der Menschenrechte und Grundfreiheiten Protokoll Nr. 4 zur Konvention zum Schutz der Menschenrechte und Grundfreiheiten Protokoll Nr. 6 zur Konvention zum&#46;&#46;&#46;","protected":false},"author":1,"featured_media":210024,"parent":0,"menu_order":0,"comment_status":"closed","ping_status":"closed","template":"","meta":{"footnotes":""},"categories":[],"tags":[],"class_list":["post-116058","page","type-page","status-publish","has-post-thumbnail","hentry"],"_links":{"self":[{"href":"https:\/\/europeancourt.org\/de\/wp-json\/wp\/v2\/pages\/116058","targetHints":{"allow":["GET"]}}],"collection":[{"href":"https:\/\/europeancourt.org\/de\/wp-json\/wp\/v2\/pages"}],"about":[{"href":"https:\/\/europeancourt.org\/de\/wp-json\/wp\/v2\/types\/page"}],"author":[{"embeddable":true,"href":"https:\/\/europeancourt.org\/de\/wp-json\/wp\/v2\/users\/1"}],"replies":[{"embeddable":true,"href":"https:\/\/europeancourt.org\/de\/wp-json\/wp\/v2\/comments?post=116058"}],"version-history":[{"count":0,"href":"https:\/\/europeancourt.org\/de\/wp-json\/wp\/v2\/pages\/116058\/revisions"}],"wp:featuredmedia":[{"embeddable":true,"href":"https:\/\/europeancourt.org\/de\/wp-json\/wp\/v2\/media\/210024"}],"wp:attachment":[{"href":"https:\/\/europeancourt.org\/de\/wp-json\/wp\/v2\/media?parent=116058"}],"wp:term":[{"taxonomy":"category","embeddable":true,"href":"https:\/\/europeancourt.org\/de\/wp-json\/wp\/v2\/categories?post=116058"},{"taxonomy":"post_tag","embeddable":true,"href":"https:\/\/europeancourt.org\/de\/wp-json\/wp\/v2\/tags?post=116058"}],"curies":[{"name":"wp","href":"https:\/\/api.w.org\/{rel}","templated":true}]}}