{"id":176227,"date":"2022-06-28T15:55:16","date_gmt":"2022-06-28T13:55:16","guid":{"rendered":"https:\/\/europeancourt.org\/dokumente\/europarat\/egmr\/beschwerdeformular\/"},"modified":"2024-06-10T23:40:56","modified_gmt":"2024-06-10T21:40:56","slug":"beschwerdeformular","status":"publish","type":"page","link":"https:\/\/europeancourt.org\/de\/dokumente\/europarat\/egmr\/beschwerdeformular\/","title":{"rendered":"Beschwerdeformular beim Europ\u00e4ischen Gerichtshof f\u00fcr Menschenrechte"},"content":{"rendered":"<p>Das Beschwerdeformular arbeitet nur mit Adobe Reader 9 oder h\u00f6her fehlerfrei und wird nur von den Betriebssystemen Windows und Mac OS X unterst\u00fctzt. Achten Sie darauf, dass Adobe Reader auf Ihrem Computer installiert ist (<a href=\"https:\/\/get.adobe.com\/de\/reader\/\" title=\"Adobe Reader\" target=\"_blank\" rel=\"noopener\">Download unter www.adobe.com<\/a>).<\/p>\n<ul>\n<li>Speichern Sie das Formular am gew\u00fcnschten Ort auf Ihrem Computer.<\/li>\n<li>Gehen Sie zum Ordner, in dem Sie die Kopie des Formulars gespeichert haben, und \u00f6ffnen Sie diese mit Adobe Reader.<\/li>\n<li>F\u00fcllen Sie das Formular aus und speichern es.<\/li>\n<li>Sobald Sie das Beschwerdeformular ausgef\u00fcllt haben drucken Sie es aus, unterschreiben es und senden es an den Gerichtshof.<\/li>\n<\/ul>\n<p style=\"text-align:center\"><a title=\"Beschwerdeformular beim Europ\u00e4ischen Gerichtshof f\u00fcr Menschenrechte\" href=\"https:\/\/europeancourt.org\/downloads\/de\/Beschwerdeformular_beim_Europaischen_Gerichtshof_fur_Menschenrechte_DEU_2022-2.PDF\" class=\"extlinkoff mybrightbutton red\" download=\"\">Herunterladen <i class=\"fas fa-download\"><\/i><\/a><\/p>\n<iframe class=\"wonderplugin-pdf-iframe\" src=\"https:\/\/europeancourt.org\/wp-content\/plugins\/wonderplugin-pdf-embed\/pdfjs\/web\/viewer.html?v=2&disabledownload=1&disableprint=1&disabledoc=1&disableopenfile=1&externallinktarget=2&file=https:\/\/europeancourt.org\/noindex\/AppF_DEU_2022-2.pdf\" title=\"Beschwerdeformular beim Europ\u00e4ischen Gerichtshof f\u00fcr Menschenrechte\" width=\"100%\" height=\"900px\" style=\"border:0\"><\/iframe>\n","protected":false},"excerpt":{"rendered":"Das Beschwerdeformular arbeitet nur mit Adobe Reader 9 oder h\u00f6her fehlerfrei und wird nur von den Betriebssystemen Windows und Mac OS X unterst\u00fctzt. Achten Sie darauf, dass Adobe Reader auf Ihrem Computer installiert ist&#46;&#46;&#46;","protected":false},"author":1,"featured_media":191925,"parent":147369,"menu_order":0,"comment_status":"closed","ping_status":"closed","template":"","meta":{"footnotes":""},"categories":[],"tags":[],"class_list":["post-176227","page","type-page","status-publish","has-post-thumbnail","hentry"],"_links":{"self":[{"href":"https:\/\/europeancourt.org\/de\/wp-json\/wp\/v2\/pages\/176227","targetHints":{"allow":["GET"]}}],"collection":[{"href":"https:\/\/europeancourt.org\/de\/wp-json\/wp\/v2\/pages"}],"about":[{"href":"https:\/\/europeancourt.org\/de\/wp-json\/wp\/v2\/types\/page"}],"author":[{"embeddable":true,"href":"https:\/\/europeancourt.org\/de\/wp-json\/wp\/v2\/users\/1"}],"replies":[{"embeddable":true,"href":"https:\/\/europeancourt.org\/de\/wp-json\/wp\/v2\/comments?post=176227"}],"version-history":[{"count":0,"href":"https:\/\/europeancourt.org\/de\/wp-json\/wp\/v2\/pages\/176227\/revisions"}],"up":[{"embeddable":true,"href":"https:\/\/europeancourt.org\/de\/wp-json\/wp\/v2\/pages\/147369"}],"wp:featuredmedia":[{"embeddable":true,"href":"https:\/\/europeancourt.org\/de\/wp-json\/wp\/v2\/media\/191925"}],"wp:attachment":[{"href":"https:\/\/europeancourt.org\/de\/wp-json\/wp\/v2\/media?parent=176227"}],"wp:term":[{"taxonomy":"category","embeddable":true,"href":"https:\/\/europeancourt.org\/de\/wp-json\/wp\/v2\/categories?post=176227"},{"taxonomy":"post_tag","embeddable":true,"href":"https:\/\/europeancourt.org\/de\/wp-json\/wp\/v2\/tags?post=176227"}],"curies":[{"name":"wp","href":"https:\/\/api.w.org\/{rel}","templated":true}]}}