{"id":225237,"date":"2026-04-26T14:47:47","date_gmt":"2026-04-26T12:47:47","guid":{"rendered":"https:\/\/europeancourt.org\/leistungen\/egmr\/vorbereitung-von-beschwerden-beim-egmr\/"},"modified":"2026-04-26T16:57:47","modified_gmt":"2026-04-26T14:57:47","slug":"vorbereitung-von-beschwerden-beim-egmr","status":"publish","type":"page","link":"https:\/\/europeancourt.org\/de\/leistungen\/egmr\/vorbereitung-von-beschwerden-beim-egmr\/","title":{"rendered":"Vorbereitung von Beschwerden beim EGMR"},"content":{"rendered":"<div id=\"ec-preparation-page\" class=\"ec-service-page ec-service-preparation\" data-service=\"preparation\">\n<div class=\"ec-service-screen ec-service-screen-1\">\n<div class=\"mywpcf7cf myshow myhide\">Die Kosten f\u00fcr die Vorbereitung einer Beschwerde beim EGMR h\u00e4ngen davon ab, wie viel Zeit diese Arbeit in Anspruch nimmt. Die Spanne ist sehr gro\u00df: von einigen hundert Euro, wenn sich die Arbeit in zwei bis drei Stunden erledigen l\u00e4sst, bis zu 10.000 Euro und mehr, wenn mehrere Dutzend Stunden erforderlich sind. Dieser Zeitaufwand entsteht durch die Pr\u00fcfung der Unterlagen, das Herausarbeiten der wesentlichen Tatsachen, die Ermittlung und Auswertung der einschl\u00e4gigen aktuellen Rechtsprechung des EGMR zur Begr\u00fcndetheit und Zul\u00e4ssigkeit jedes m\u00f6glichen Beschwerdepunkts, die Formulierung der Beschwerdepunkte, die Begr\u00fcndung jeder geltend gemachten Verletzung und der Einhaltung der jeweiligen Zul\u00e4ssigkeitsvoraussetzungen sowie die anschlie\u00dfende kurze, verst\u00e4ndliche und widerspruchsfreie Darstellung im Beschwerdeformular.<\/div>\n<div class=\"mywpcf7cf myshow myhide\">Wie viel Zeit in Ihrem konkreten Fall erforderlich ist und wie viel die Vorbereitung der Beschwerde dementsprechend kosten wird, kann ich nur anhand der Unterlagen beurteilen. Legen Sie alle Entscheidungen vor, gegen die Sie sich wenden m\u00f6chten, sowie andere Unterlagen, aus denen die von Ihnen beanstandeten Ma\u00dfnahmen hervorgehen. Legen Sie au\u00dferdem alle Eingaben an innerstaatliche Beh\u00f6rden einschlie\u00dflich der Gerichte vor, in denen diese Beschwerdepunkte der Sache nach vorgebracht wurden, und alle Entscheidungen \u00fcber solche Eingaben. Wenn Ihnen die gesamte Verfahrensakte bereits elektronisch vorliegt, legen Sie sie am besten gleich vollst\u00e4ndig vor. Machen Sie sich keine Sorgen, wenn Sie zu viele Unterlagen einreichen oder etwas nicht beif\u00fcgen: Wenn ich nach Sichtung der \u00fcbersandten Unterlagen weitere Dokumente ben\u00f6tige, fordere ich sie bei Ihnen an.<\/div>\n<div class=\"mywpcf7cf myshow myhide\">In der Regel beantworte ich eine Anfrage zu den Kosten der Vorbereitung einer Beschwerde innerhalb einer Woche, nachdem ich alle erforderlichen Unterlagen und Informationen erhalten habe. Wenn die Frist f\u00fcr die Anrufung des EGMR in den n\u00e4chsten Tagen abl\u00e4uft, schreiben Sie mir und fragen Sie, ob ich Ihre Anfrage kurzfristig pr\u00fcfen kann. Auf eine solche Nachricht antworte ich innerhalb von 24 Stunden. Wenn ich das best\u00e4tige und Sie die erforderlichen Unterlagen und Informationen sofort vorlegen, teile ich Ihnen meine Einsch\u00e4tzung zu Ihrer Anfrage innerhalb der folgenden 48 Stunden mit.<\/div>\n<div class=\"mywpcf7cf myshow myhide\">Wenn ich zu dem Ergebnis komme, dass eine Beschwerde beim EGMR rechtlich tragf\u00e4hig begr\u00fcndet werden kann, teile ich Ihnen die genauen Kosten der Vorbereitung der Beschwerde f\u00fcr die Beschwerdepunkte mit, deren Geltendmachung sinnvoll ist, und nenne Ihnen in sehr knapper Form die Punkte, die nicht sinnvoll geltend gemacht werden k\u00f6nnen. Zugleich schicke ich Ihnen den Vertrag \u00fcber die Vorbereitung der Beschwerde. Die Zahlung ist per Bank\u00fcberweisung auf mein Konto in der Schweiz oder je nach Zahlungsland auf andere Weise m\u00f6glich. Die Bearbeitungsfrist wird immer so festgelegt, dass die Beschwerde fristgerecht beim EGMR eingereicht werden kann. Nach Abschluss der Arbeit erhalten Sie per E-Mail das ausgef\u00fcllte Beschwerdeformular, die geordneten Anlagen dazu und Erl\u00e4uterungen, wie Sie alles richtig ausdrucken, unterschreiben und an den EGMR senden. Die Vertretung vor dem EGMR und alle weiteren Arbeiten an der Sache sind nicht in den Kosten der Vorbereitung der Beschwerde enthalten. Wenn ich zu dem Ergebnis komme, dass eine Beschwerde beim EGMR nicht rechtlich tragf\u00e4hig begr\u00fcndet werden kann, teile ich Ihnen nur das mit.<\/div>\n<div class=\"mywpcf7cf myshow myhide\">Diese Dienstleistung ist eindeutig nicht die richtige f\u00fcr Sie, wenn Sie einer der folgenden Aussagen mit Sicherheit zustimmen k\u00f6nnen:<\/div>\n<ul class=\"myshow myhide ec-service-blocker-list\"><li><label><input type=\"checkbox\" class=\"ec-service-blocker\" \/><span>Ich habe bereits ein ausgef\u00fclltes Beschwerdeformular und brauche nur eine Pr\u00fcfung auf Fehler.<\/span><\/label><\/li>\n<li><label><input type=\"checkbox\" class=\"ec-service-blocker\" \/><span>Ich bin nicht bereit, alle erforderlichen Unterlagen zur Sache vorzulegen.<\/span><\/label><\/li>\n<li><label><input type=\"checkbox\" class=\"ec-service-blocker\" \/><span>Ich erwarte ausf\u00fchrliche Erl\u00e4uterungen zu jedem meiner Beschwerdepunkte, auch wenn damit keine Beschwerde beim EGMR rechtlich tragf\u00e4hig begr\u00fcndet werden kann.<\/span><\/label><\/li>\n<li><label><input type=\"checkbox\" class=\"ec-service-blocker\" \/><span>Ich erwarte, dass die Beschwerde vorbereitet wird, auch wenn sie beim EGMR nicht rechtlich tragf\u00e4hig begr\u00fcndet werden kann.<\/span><\/label><\/li>\n<li><label><input type=\"checkbox\" class=\"ec-service-blocker\" \/><span>Angesichts der Zahl meiner Beschwerdepunkte und des Umfangs der Unterlagen, die ich bereits zur Sache habe, ist mir klar, dass f\u00fcr die Vorbereitung der Beschwerde deutlich mehr Zeit erforderlich w\u00e4re, als ich zu bezahlen bereit bin.<\/span><\/label><\/li>\n<li><label><input type=\"checkbox\" class=\"ec-service-blocker\" \/><span>Ich kann das Beschwerdeformular selbst nach allen Anforderungen des EGMR ausf\u00fcllen und darin alle wesentlichen Tatsachen, die geltend gemachten Verletzungen und die Angaben zur Einhaltung der Zul\u00e4ssigkeitsvoraussetzungen f\u00fcr jede geltend gemachte Verletzung in genauer \u00dcbereinstimmung mit den Unterlagen und der auf meinen Fall anwendbaren aktuellen Rechtsprechung des EGMR darstellen.<\/span><\/label><\/li><\/ul>\n<div class=\"mywpcf7cf myshow myhide\"><button type=\"button\" class=\"mybutton blue\" id=\"load_ajax_form\" data-ec-service-load=\"preparation\" data-blocked-message=\"Solange eine der Aussagen ausgew\u00e4hlt ist, k\u00f6nnen Sie nicht fortfahren. Wenn Sie eine Aussage versehentlich ausgew\u00e4hlt haben, heben Sie die Auswahl wieder auf.\">Unterlagen vorlegen<\/button><\/div>\n<div class=\"mywpcf7cf myshow myhide\"><a class=\"mybutton blue not-in-text-button\" href=\"mailto:oleg.anishchik@europeancourt.org?subject=Ich m\u00f6chte die Bedingungen kl\u00e4ren\">Ich m\u00f6chte die Bedingungen kl\u00e4ren<\/a><\/div>\n<div id=\"ec-service-load-status\" class=\"ec-service-load-status\" aria-live=\"polite\"><\/div>\n<\/div>\n<div id=\"ajax_content\"><\/div>\n<\/div>\n<script>\n(function(){\n  if (window.ecServiceBlockerGuardReady) return;\n  window.ecServiceBlockerGuardReady = true;\n  document.addEventListener('click', function(event) {\n    var button = event.target && event.target.closest ? event.target.closest('[data-ec-service-load]') : null;\n    if (!button) return;\n    var root = button.closest('.ec-service-page');\n    if (!root || !root.querySelector('.ec-service-blocker:checked')) return;\n    event.preventDefault();\n    event.stopPropagation();\n    if (event.stopImmediatePropagation) event.stopImmediatePropagation();\n    var status = root.querySelector('.ec-service-load-status');\n    if (status) status.textContent = button.getAttribute('data-blocked-message') || '';\n  }, true);\n})();\n<\/script>","protected":false},"excerpt":{"rendered":"Die Kosten f\u00fcr die Vorbereitung einer Beschwerde beim EGMR h\u00e4ngen davon ab, wie viel Zeit diese Arbeit in Anspruch nimmt. Die Spanne ist sehr gro\u00df: von einigen hundert Euro, wenn sich die Arbeit in&#46;&#46;&#46;","protected":false},"author":0,"featured_media":0,"parent":177154,"menu_order":0,"comment_status":"closed","ping_status":"closed","template":"","meta":{"footnotes":""},"categories":[],"tags":[],"class_list":["post-225237","page","type-page","status-publish","hentry"],"_links":{"self":[{"href":"https:\/\/europeancourt.org\/de\/wp-json\/wp\/v2\/pages\/225237","targetHints":{"allow":["GET"]}}],"collection":[{"href":"https:\/\/europeancourt.org\/de\/wp-json\/wp\/v2\/pages"}],"about":[{"href":"https:\/\/europeancourt.org\/de\/wp-json\/wp\/v2\/types\/page"}],"replies":[{"embeddable":true,"href":"https:\/\/europeancourt.org\/de\/wp-json\/wp\/v2\/comments?post=225237"}],"version-history":[{"count":1,"href":"https:\/\/europeancourt.org\/de\/wp-json\/wp\/v2\/pages\/225237\/revisions"}],"predecessor-version":[{"id":225573,"href":"https:\/\/europeancourt.org\/de\/wp-json\/wp\/v2\/pages\/225237\/revisions\/225573"}],"up":[{"embeddable":true,"href":"https:\/\/europeancourt.org\/de\/wp-json\/wp\/v2\/pages\/177154"}],"wp:attachment":[{"href":"https:\/\/europeancourt.org\/de\/wp-json\/wp\/v2\/media?parent=225237"}],"wp:term":[{"taxonomy":"category","embeddable":true,"href":"https:\/\/europeancourt.org\/de\/wp-json\/wp\/v2\/categories?post=225237"},{"taxonomy":"post_tag","embeddable":true,"href":"https:\/\/europeancourt.org\/de\/wp-json\/wp\/v2\/tags?post=225237"}],"curies":[{"name":"wp","href":"https:\/\/api.w.org\/{rel}","templated":true}]}}