{"id":225240,"date":"2026-04-26T14:48:47","date_gmt":"2026-04-26T12:48:47","guid":{"rendered":"https:\/\/europeancourt.org\/leistungen\/egmr\/vertretung-von-beschwerdef%c3%bchrern-vor-dem-egmr\/"},"modified":"2026-04-26T16:57:48","modified_gmt":"2026-04-26T14:57:48","slug":"vertretung-von-beschwerdef%c3%bchrern-vor-dem-egmr","status":"publish","type":"page","link":"https:\/\/europeancourt.org\/de\/leistungen\/egmr\/vertretung-von-beschwerdef%c3%bchrern-vor-dem-egmr\/","title":{"rendered":"Vertretung von Beschwerdef\u00fchrern vor dem EGMR"},"content":{"rendered":"<div id=\"ec-representation-page\" class=\"ec-service-page ec-service-representation\" data-service=\"representation\">\n<div class=\"ec-service-screen ec-service-screen-1\">\n<div class=\"mywpcf7cf myshow myhide\">Diese Dienstleistung biete ich nur f\u00fcr Beschwerden an, die der Regierung des beklagten Staates bereits zugestellt wurden und bei denen der EGMR den Beschwerdef\u00fchrer aufgefordert hat, schriftliche Stellungnahmen einzureichen.<\/div>\n<div class=\"mywpcf7cf myshow myhide\">Die Kosten der Vertretung vor dem EGMR richten sich danach, wie viel Zeit erforderlich ist, um Antworten auf Fragen des EGMR, Erwiderungen auf das Vorbringen der Regierung des beklagten Staates und gegebenenfalls Klarstellungen zum Sachverhalt sowie Anspr\u00fcche auf gerechte Entsch\u00e4digung vorzubereiten. Die Spanne ist sehr gro\u00df: von einigen hundert Euro, wenn sich die Arbeit in zwei bis drei Stunden erledigen l\u00e4sst, bis zu 10.000 Euro und mehr, wenn mehrere Dutzend Stunden erforderlich sind.<\/div>\n<div class=\"mywpcf7cf myshow myhide\">Wie viel Zeit in Ihrem konkreten Fall erforderlich ist und wie viel die Vertretung dementsprechend kosten wird, kann ich nur anhand der Unterlagen beurteilen. Legen Sie die Beschwerde mit allen Anlagen vor, au\u00dferdem alles, was zu dieser Beschwerde zus\u00e4tzlich an den EGMR gesandt wurde, und alles, was Sie vom EGMR erhalten haben. Wenn ich zus\u00e4tzliche Unterlagen ben\u00f6tige, fordere ich sie bei Ihnen an.<\/div>\n<div class=\"mywpcf7cf myshow myhide\">In der Regel beantworte ich eine Anfrage zu den Kosten der Vertretung vor dem EGMR innerhalb einer Woche, nachdem ich alle erforderlichen Unterlagen und Informationen erhalten habe. Wenn die vom EGMR gesetzte Frist f\u00fcr die Einreichung von Stellungnahmen oder anderen Unterlagen in den n\u00e4chsten Tagen abl\u00e4uft, schreiben Sie mir und fragen Sie, ob ich Ihre Anfrage kurzfristig pr\u00fcfen kann. Auf eine solche Nachricht antworte ich innerhalb von 24 Stunden. Wenn ich das best\u00e4tige und Sie die erforderlichen Unterlagen und Informationen sofort vorlegen, teile ich Ihnen meine Einsch\u00e4tzung zu Ihrer Anfrage innerhalb der folgenden 48 Stunden mit.<\/div>\n<div class=\"mywpcf7cf myshow myhide\">Zusammen mit der Mitteilung der Kosten schicke ich Ihnen, damit keine Zeit verloren geht, den Vertrag und ein ausgef\u00fclltes Vollmachtsformular f\u00fcr die Vertretung vor dem EGMR. Die Vollmacht m\u00fcssen Sie ausdrucken, unterschreiben und per Post an meine Adresse in Frankreich senden. Die Zahlung kann nach der Vorbereitung der Unterlagen f\u00fcr den EGMR per Bank\u00fcberweisung auf mein Konto in der Schweiz oder, je nach Zahlungsland, auf andere Weise erfolgen. Besser ist jedoch eine Zahlung vor der \u00dcbermittlung der Unterlagen an den EGMR: Dann kann den Anspr\u00fcchen auf gerechte Entsch\u00e4digung ein Zahlungsnachweis beigef\u00fcgt werden, und der Antrag auf Erstattung der bereits entstandenen Kosten der Vertretung des Beschwerdef\u00fchrers vor dem Gerichtshof l\u00e4sst sich deutlich einfacher begr\u00fcnden.<\/div>\n<div class=\"mywpcf7cf myshow myhide\">Diese Dienstleistung ist eindeutig nicht die richtige f\u00fcr Sie, wenn Sie einer der folgenden Aussagen mit Sicherheit zustimmen k\u00f6nnen:<\/div>\n<ul class=\"myshow myhide ec-service-blocker-list\"><li><label><input type=\"checkbox\" class=\"ec-service-blocker\" \/><span>Meine Beschwerde ist der Regierung des beklagten Staates noch nicht zugestellt worden, oder sie wurde ohne Aufforderung zur Einreichung schriftlicher Stellungnahmen zugestellt.<\/span><\/label><\/li>\n<li><label><input type=\"checkbox\" class=\"ec-service-blocker\" \/><span>Ich bin nicht bereit, alle erforderlichen Unterlagen vorzulegen.<\/span><\/label><\/li>\n<li><label><input type=\"checkbox\" class=\"ec-service-blocker\" \/><span>Ich bin nicht bereit, mich um die Vollmacht zu k\u00fcmmern und sie per Post zu senden.<\/span><\/label><\/li>\n<li><label><input type=\"checkbox\" class=\"ec-service-blocker\" \/><span>Ich bin nicht bereit, w\u00e4hrend der Arbeit R\u00fcckfragen zu beantworten und zus\u00e4tzliche Unterlagen vorzulegen, falls sie erforderlich werden.<\/span><\/label><\/li><\/ul>\n<div class=\"mywpcf7cf myshow myhide\"><button type=\"button\" class=\"mybutton blue\" id=\"load_ajax_form\" data-ec-service-load=\"representation\" data-blocked-message=\"Solange eine der Aussagen ausgew\u00e4hlt ist, k\u00f6nnen Sie nicht fortfahren. Wenn Sie eine Aussage versehentlich ausgew\u00e4hlt haben, heben Sie die Auswahl wieder auf.\">Unterlagen vorlegen<\/button><\/div>\n<div class=\"mywpcf7cf myshow myhide\"><a class=\"mybutton blue not-in-text-button\" href=\"mailto:oleg.anishchik@europeancourt.org?subject=Ich m\u00f6chte die Bedingungen kl\u00e4ren\">Ich m\u00f6chte die Bedingungen kl\u00e4ren<\/a><\/div>\n<div id=\"ec-service-load-status\" class=\"ec-service-load-status\" aria-live=\"polite\"><\/div>\n<\/div>\n<div id=\"ajax_content\"><\/div>\n<\/div>\n<script>\n(function(){\n  if (window.ecServiceBlockerGuardReady) return;\n  window.ecServiceBlockerGuardReady = true;\n  document.addEventListener('click', function(event) {\n    var button = event.target && event.target.closest ? event.target.closest('[data-ec-service-load]') : null;\n    if (!button) return;\n    var root = button.closest('.ec-service-page');\n    if (!root || !root.querySelector('.ec-service-blocker:checked')) return;\n    event.preventDefault();\n    event.stopPropagation();\n    if (event.stopImmediatePropagation) event.stopImmediatePropagation();\n    var status = root.querySelector('.ec-service-load-status');\n    if (status) status.textContent = button.getAttribute('data-blocked-message') || '';\n  }, true);\n})();\n<\/script>","protected":false},"excerpt":{"rendered":"Diese Dienstleistung biete ich nur f\u00fcr Beschwerden an, die der Regierung des beklagten Staates bereits zugestellt wurden und bei denen der EGMR den Beschwerdef\u00fchrer aufgefordert hat, schriftliche Stellungnahmen einzureichen. Die Kosten der Vertretung vor&#46;&#46;&#46;","protected":false},"author":0,"featured_media":0,"parent":177154,"menu_order":0,"comment_status":"closed","ping_status":"closed","template":"","meta":{"footnotes":""},"categories":[],"tags":[],"class_list":["post-225240","page","type-page","status-publish","hentry"],"_links":{"self":[{"href":"https:\/\/europeancourt.org\/de\/wp-json\/wp\/v2\/pages\/225240","targetHints":{"allow":["GET"]}}],"collection":[{"href":"https:\/\/europeancourt.org\/de\/wp-json\/wp\/v2\/pages"}],"about":[{"href":"https:\/\/europeancourt.org\/de\/wp-json\/wp\/v2\/types\/page"}],"replies":[{"embeddable":true,"href":"https:\/\/europeancourt.org\/de\/wp-json\/wp\/v2\/comments?post=225240"}],"version-history":[{"count":1,"href":"https:\/\/europeancourt.org\/de\/wp-json\/wp\/v2\/pages\/225240\/revisions"}],"predecessor-version":[{"id":225574,"href":"https:\/\/europeancourt.org\/de\/wp-json\/wp\/v2\/pages\/225240\/revisions\/225574"}],"up":[{"embeddable":true,"href":"https:\/\/europeancourt.org\/de\/wp-json\/wp\/v2\/pages\/177154"}],"wp:attachment":[{"href":"https:\/\/europeancourt.org\/de\/wp-json\/wp\/v2\/media?parent=225240"}],"wp:term":[{"taxonomy":"category","embeddable":true,"href":"https:\/\/europeancourt.org\/de\/wp-json\/wp\/v2\/categories?post=225240"},{"taxonomy":"post_tag","embeddable":true,"href":"https:\/\/europeancourt.org\/de\/wp-json\/wp\/v2\/tags?post=225240"}],"curies":[{"name":"wp","href":"https:\/\/api.w.org\/{rel}","templated":true}]}}