{"id":225242,"date":"2026-04-26T14:48:59","date_gmt":"2026-04-26T12:48:59","guid":{"rendered":"https:\/\/europeancourt.org\/rechtsberatung-und-kontakte\/"},"modified":"2026-05-01T03:30:04","modified_gmt":"2026-05-01T01:30:04","slug":"rechtsberatung-und-kontakte","status":"publish","type":"page","link":"https:\/\/europeancourt.org\/de\/rechtsberatung-und-kontakte\/","title":{"rendered":"Rechtsberatung und Kontakte"},"content":{"rendered":"<div id=\"ec-contact-shell\" class=\"ec-service-page ec-service-contacts\" data-service=\"contacts\">\n<div class=\"ec-service-screen-1\">\n<div class=\"wpcf7\">\n<div data-id=\"group-firstpage\">\n<div class=\"mywpcf7cf\">Ich m\u00f6chte:<\/div>\n\n<span class=\"wpcf7-form-control-wrap\" data-name=\"radio-firstpage1\"><span class=\"wpcf7-form-control wpcf7-acceptance optional\"><span class=\"wpcf7-list-item\"><label><input type=\"checkbox\" name=\"radio-firstpage1\" value=\"1\" aria-invalid=\"false\" \/><span class=\"ec-shell-choice-marker\" aria-hidden=\"true\"><\/span><span class=\"wpcf7-list-item-label\"><a title=\"Vorbereitung von Beschwerden beim EGMR\" href=\"https:\/\/europeancourt.org\/de\/leistungen\/egmr\/vorbereitung-von-beschwerden-beim-egmr\/\">eine Beschwerde beim EGMR vorbereiten lassen<\/a><\/span><\/label><\/span><\/span><\/span>\n\n<span class=\"wpcf7-form-control-wrap\" data-name=\"radio-firstpage2\"><span class=\"wpcf7-form-control wpcf7-acceptance optional\"><span class=\"wpcf7-list-item\"><label><input type=\"checkbox\" name=\"radio-firstpage2\" value=\"1\" aria-invalid=\"false\" \/><span class=\"ec-shell-choice-marker\" aria-hidden=\"true\"><\/span><span class=\"wpcf7-list-item-label\"><a title=\"\u00dcberpr\u00fcfung des Beschwerdeformulars f\u00fcr den EGMR\" href=\"https:\/\/europeancourt.org\/de\/leistungen\/egmr\/%c3%bcberpr%c3%bcfung-des-beschwerdeformulars-f%c3%bcr-den-egmr\/\">das Beschwerdeformular vor dem Einreichen beim EGMR auf Fehler pr\u00fcfen lassen<\/a><\/span><\/label><\/span><\/span><\/span>\n\n<span class=\"wpcf7-form-control-wrap\" data-name=\"radio-firstpage3\"><span class=\"wpcf7-form-control wpcf7-acceptance optional\"><span class=\"wpcf7-list-item\"><label><input type=\"checkbox\" name=\"radio-firstpage3\" value=\"1\" aria-invalid=\"false\" \/><span class=\"ec-shell-choice-marker\" aria-hidden=\"true\"><\/span><span class=\"wpcf7-list-item-label\"><a title=\"Vertretung von Beschwerdef\u00fchrern vor dem EGMR\" href=\"https:\/\/europeancourt.org\/de\/leistungen\/egmr\/vertretung-von-beschwerdef%c3%bchrern-vor-dem-egmr\/\">Vertretung vor dem EGMR nach Zustellung der Beschwerde an die Regierung des beklagten Staates<\/a><\/span><\/label><\/span><\/span><\/span>\n\n<span class=\"wpcf7-form-control-wrap\" data-name=\"radio-firstpage7\"><span class=\"wpcf7-form-control wpcf7-acceptance optional\"><span class=\"wpcf7-list-item\"><label><input type=\"checkbox\" name=\"radio-firstpage7\" value=\"1\" aria-invalid=\"false\" \/><span class=\"ec-shell-choice-marker\" aria-hidden=\"true\"><\/span><span class=\"wpcf7-list-item-label\"><a title=\"Beschwerde-Nr., Registrierung oder EGMR-Urteil finden\" href=\"https:\/\/europeancourt.org\/de\/leistungen\/egmr\/beschwerde-nr-registrierung-oder-urteil-finden\/\">den Stand einer Beschwerde beim EGMR erfahren<\/a><\/span><\/label><\/span><\/span><\/span>\n\n<span class=\"wpcf7-form-control-wrap\" data-name=\"radio-firstpage8\"><span class=\"wpcf7-form-control wpcf7-acceptance optional\"><span class=\"wpcf7-list-item\"><label><input type=\"checkbox\" name=\"radio-firstpage8\" value=\"1\" aria-invalid=\"false\" \/><span class=\"ec-shell-choice-marker\" aria-hidden=\"true\"><\/span><span class=\"wpcf7-list-item-label\"><a title=\"Beschwerdeformular beim Europ\u00e4ischen Gerichtshof f\u00fcr Menschenrechte\" href=\"https:\/\/europeancourt.org\/de\/dokumente\/europarat\/egmr\/beschwerdeformular\/\">das Beschwerdeformular des EGMR herunterladen<\/a><\/span><\/label><\/span><\/span><\/span>\n\n<span class=\"wpcf7-form-control-wrap\" data-name=\"radio-firstpage22\"><span class=\"wpcf7-form-control wpcf7-acceptance optional\"><span class=\"wpcf7-list-item\"><label><input type=\"checkbox\" name=\"radio-firstpage22\" value=\"1\" aria-invalid=\"false\" \/><span class=\"ec-shell-choice-marker\" aria-hidden=\"true\"><\/span><span class=\"wpcf7-list-item-label\">eine Beratung anfragen<\/span><\/label><\/span><\/span><\/span>\n\n<span class=\"wpcf7-form-control-wrap\" data-name=\"radio-firstpage23\"><span class=\"wpcf7-form-control wpcf7-acceptance optional\"><span class=\"wpcf7-list-item\"><label><input type=\"checkbox\" name=\"radio-firstpage23\" value=\"1\" aria-invalid=\"false\" \/><span class=\"ec-shell-choice-marker\" aria-hidden=\"true\"><\/span><span class=\"wpcf7-list-item-label\">Kontaktdaten anzeigen<\/span><\/label><\/span><\/span><\/span>\n\n<\/div>\n<\/div>\n<\/div>\n<div class=\"ec-service-form-shell\"><div id=\"ajax_content\" data-loaded=\"0\"><\/div><\/div>\n<\/div>\n","protected":false},"excerpt":{"rendered":"Ich m\u00f6chte: eine Beschwerde beim EGMR vorbereiten lassen das Beschwerdeformular vor dem Einreichen beim EGMR auf Fehler pr\u00fcfen lassen Vertretung vor dem EGMR nach Zustellung der Beschwerde an die Regierung des beklagten Staates den&#46;&#46;&#46;","protected":false},"author":0,"featured_media":0,"parent":0,"menu_order":0,"comment_status":"closed","ping_status":"closed","template":"","meta":{"footnotes":""},"categories":[],"tags":[],"class_list":["post-225242","page","type-page","status-publish","hentry"],"_links":{"self":[{"href":"https:\/\/europeancourt.org\/de\/wp-json\/wp\/v2\/pages\/225242","targetHints":{"allow":["GET"]}}],"collection":[{"href":"https:\/\/europeancourt.org\/de\/wp-json\/wp\/v2\/pages"}],"about":[{"href":"https:\/\/europeancourt.org\/de\/wp-json\/wp\/v2\/types\/page"}],"replies":[{"embeddable":true,"href":"https:\/\/europeancourt.org\/de\/wp-json\/wp\/v2\/comments?post=225242"}],"version-history":[{"count":4,"href":"https:\/\/europeancourt.org\/de\/wp-json\/wp\/v2\/pages\/225242\/revisions"}],"predecessor-version":[{"id":226705,"href":"https:\/\/europeancourt.org\/de\/wp-json\/wp\/v2\/pages\/225242\/revisions\/226705"}],"wp:attachment":[{"href":"https:\/\/europeancourt.org\/de\/wp-json\/wp\/v2\/media?parent=225242"}],"wp:term":[{"taxonomy":"category","embeddable":true,"href":"https:\/\/europeancourt.org\/de\/wp-json\/wp\/v2\/categories?post=225242"},{"taxonomy":"post_tag","embeddable":true,"href":"https:\/\/europeancourt.org\/de\/wp-json\/wp\/v2\/tags?post=225242"}],"curies":[{"name":"wp","href":"https:\/\/api.w.org\/{rel}","templated":true}]}}