{"id":147403,"date":"2022-06-23T10:51:39","date_gmt":"2022-06-23T08:51:39","guid":{"rendered":"https:\/\/europeancourt.org\/documentos\/consejo-de-europa\/tedh\/"},"modified":"2024-06-05T23:27:02","modified_gmt":"2024-06-05T21:27:02","slug":"tedh","status":"publish","type":"page","link":"https:\/\/europeancourt.org\/es\/documentos\/consejo-de-europa\/tedh\/","title":{"rendered":"TEDH"},"content":{"rendered":"<ul> \n<li><a href=\"https:\/\/europeancourt.org\/es\/documentos\/consejo-de-europa\/tedh\/reglamento-art%c3%adculo-47\/\" title=\"Art\u00edculo 47 del Reglamento del Tribunal Europeo de Derechos Humanos\">Reglamento del Tribunal \u2013 Art\u00edculo 47<\/a><\/li>\n<li><a href=\"https:\/\/europeancourt.org\/es\/documentos\/consejo-de-europa\/tedh\/instrucci%c3%b3n-la-interposici%c3%b3n-de-la-demanda\/\" title=\"La interposici\u00f3n de la demanda \u2013 Instrucci\u00f3n pr\u00e1ctica\">La interposici\u00f3n de la demanda \u2013 Instrucci\u00f3n pr\u00e1ctica<\/a><\/li>\n<li><a href=\"https:\/\/europeancourt.org\/es\/documentos\/consejo-de-europa\/tedh\/formulario-de-demanda\/\" title=\"Formulario de demanda al Tribunal Europeo de Derechos Humanos\">Formulario de demanda<\/a><\/li>\n<ul>\n<li><a href=\"https:\/\/europeancourt.org\/es\/documentos\/consejo-de-europa\/tedh\/formulario-de-demanda\/c%c3%b3mo-rellenar\/\" title=\"C\u00f3mo rellenar el formulario de demanda\">C\u00f3mo rellenar el formulario de demanda<\/a><\/li>\n<\/ul>\n<li><a href=\"https:\/\/europeancourt.org\/es\/documentos\/consejo-de-europa\/tedh\/formulario-de-poder\/\" title=\"Formulario de poder para el Tribunal Europeo de Derechos Humanos\">Formulario de poder<\/a><\/li>\n<li><a href=\"https:\/\/europeancourt.org\/downloads\/es\/Cuadro_resumen_con_la_informacion_personal_requerida_de_cada_demandante_para_el_TEDH_SPA.XLSX\" title=\"\u0421uadro resumen con la informaci\u00f3n personal requerida de cada demandante para el Tribunal Europeo de Derechos Humanos\">Anexo para varios codemandantes<\/a><\/li>\n<\/ul>","protected":false},"excerpt":{"rendered":"Reglamento del Tribunal \u2013 Art\u00edculo 47 La interposici\u00f3n de la demanda \u2013 Instrucci\u00f3n pr\u00e1ctica Formulario de demanda C\u00f3mo rellenar el formulario de demanda Formulario de poder Anexo para varios codemandantes","protected":false},"author":1,"featured_media":192039,"parent":116086,"menu_order":0,"comment_status":"closed","ping_status":"closed","template":"","meta":{"footnotes":""},"categories":[],"tags":[],"class_list":["post-147403","page","type-page","status-publish","has-post-thumbnail","hentry"],"_links":{"self":[{"href":"https:\/\/europeancourt.org\/es\/wp-json\/wp\/v2\/pages\/147403","targetHints":{"allow":["GET"]}}],"collection":[{"href":"https:\/\/europeancourt.org\/es\/wp-json\/wp\/v2\/pages"}],"about":[{"href":"https:\/\/europeancourt.org\/es\/wp-json\/wp\/v2\/types\/page"}],"author":[{"embeddable":true,"href":"https:\/\/europeancourt.org\/es\/wp-json\/wp\/v2\/users\/1"}],"replies":[{"embeddable":true,"href":"https:\/\/europeancourt.org\/es\/wp-json\/wp\/v2\/comments?post=147403"}],"version-history":[{"count":0,"href":"https:\/\/europeancourt.org\/es\/wp-json\/wp\/v2\/pages\/147403\/revisions"}],"up":[{"embeddable":true,"href":"https:\/\/europeancourt.org\/es\/wp-json\/wp\/v2\/pages\/116086"}],"wp:featuredmedia":[{"embeddable":true,"href":"https:\/\/europeancourt.org\/es\/wp-json\/wp\/v2\/media\/192039"}],"wp:attachment":[{"href":"https:\/\/europeancourt.org\/es\/wp-json\/wp\/v2\/media?parent=147403"}],"wp:term":[{"taxonomy":"category","embeddable":true,"href":"https:\/\/europeancourt.org\/es\/wp-json\/wp\/v2\/categories?post=147403"},{"taxonomy":"post_tag","embeddable":true,"href":"https:\/\/europeancourt.org\/es\/wp-json\/wp\/v2\/tags?post=147403"}],"curies":[{"name":"wp","href":"https:\/\/api.w.org\/{rel}","templated":true}]}}