{"id":147458,"date":"2022-07-02T14:27:20","date_gmt":"2022-07-02T12:27:20","guid":{"rendered":"https:\/\/europeancourt.org\/documentos\/consejo-de-europa\/tedh\/reglamento-art%c3%adculo-47\/"},"modified":"2025-10-05T12:00:15","modified_gmt":"2025-10-05T12:00:15","slug":"reglamento-art%c3%adculo-47","status":"publish","type":"page","link":"https:\/\/europeancourt.org\/es\/documentos\/consejo-de-europa\/tedh\/reglamento-art%c3%adculo-47\/","title":{"rendered":"Reglamento del Tribunal \u2013 Art\u00edculo 47"},"content":{"rendered":"<h2 style=\"text-align: center;\">Reglamento del Tribunal<\/h2>\n<p><strong>Art\u00edculo 47.<a class=\"paddingleft2px\" title=\"Modificado por el Tribunal los d\u00edas 17 de junio y 8 de julio de 2002, 11 de diciembre de 2007, 22 de septiembre de 2008, 6 de mayo de 2013, 1 de junio y 5 de octubre de 2015 y 18 de enero de 2024.\" href=\"#fn1\"><sup style=\"cursor:help\">1<\/sup><\/a> \u2013 Contenido de una demanda individual<\/strong><\/p>\n<p>1. Toda demanda formulada en virtud del <a title=\"Art\u00edculo 34 del Convenio para la Protecci\u00f3n de los Derechos Humanos y de las Libertades Fundamentales\" href=\"https:\/\/europeancourt.org\/es\/documentos\/consejo-de-europa\/convenio-europeo-de-derechos-humanos\/#art%C3%ADculo-34\">art\u00edculo 34 del Convenio<\/a> se presentar\u00e1 en el <a href=\"https:\/\/europeancourt.org\/es\/documentos\/consejo-de-europa\/tedh\/formulario-de-demanda\/\" title=\"Formulario de demanda al Tribunal Europeo de Derechos Humanos\">formulario<\/a> facilitado por la Secretar\u00eda, salvo si el Tribunal decide otra cosa. Deber\u00e1 contener todas las informaciones solicitadas en los apartados pertinentes del formulario de demanda, e indicar\u00e1:<\/p>\n<p style=\"padding-left: 40px;\">a) el nombre, fecha de nacimiento, nacionalidad, y direcci\u00f3n del demandante y, cuando el demandante sea una persona jur\u00eddica, la fecha de constituci\u00f3n o de registro, n\u00famero oficial de registro (en su caso) y direcci\u00f3n oficial;<\/p>\n<p style=\"padding-left: 40px;\">b) el nombre, direcci\u00f3n, n\u00fameros de tel\u00e9fono y fax y direcci\u00f3n de correo electr\u00f3nico de su representante, si procede;<\/p>\n<p style=\"padding-left: 40px;\">c) en los casos en los que el demandante est\u00e9 representado, debe figurar en la casilla de \u00abPoder\u00bb del formulario la fecha y la firma original del demandante; la firma original del representante acreditativa de que \u00e9l o ella ha aceptado actuar en nombre del demandante tambi\u00e9n debe figurar en la referida casilla; el Tribunal podr\u00e1 aceptar copias de las firmas u otras formas de poder v\u00e1lidas en el derecho interno de las Partes Contratantes, si se aportan razones fundadas que impidan el cumplimiento de estos requisitos y se remite al Tribunal el formulario de poder con las firmas originales en un plazo razonable;<\/p>\n<p style=\"padding-left: 40px;\">d) la o las Partes contratantes contra las que se dirige la demanda;<\/p>\n<p style=\"padding-left: 40px;\">e) una exposici\u00f3n concisa y legible de los hechos;<\/p>\n<p style=\"padding-left: 40px;\">f) una exposici\u00f3n concisa y legible de la o de las vulneraciones del Convenio alegadas y de los argumentos pertinentes;<\/p>\n<p style=\"padding-left: 40px;\">g) una exposici\u00f3n concisa y legible confirmando el cumplimiento por el demandante de los requisitos de admisibilidad previstos en el <a title=\"Art\u00edculo 35 del Convenio para la Protecci\u00f3n de los Derechos Humanos y de las Libertades Fundamentales\" href=\"https:\/\/europeancourt.org\/es\/documentos\/consejo-de-europa\/convenio-europeo-de-derechos-humanos\/#art%C3%ADculo-35\">art\u00edculo 35 \u00a7 1 del Convenio<\/a>;<\/p>\n<p>2.<\/p>\n<p style=\"padding-left: 40px;\">a) Toda la informaci\u00f3n recogida en las letras e) a g) del apartado 1 del presente art\u00edculo deber\u00e1 exponerse en el apartado pertinente del formulario de demanda, y deber\u00e1 ser suficiente para que el Tribunal pueda determinar, sin necesidad de consultar otros documentos, la naturaleza y el objeto de la demanda.<\/p>\n<p style=\"padding-left: 40px;\">b) El demandante puede no obstante completar estas informaciones adjuntando al formulario de demanda un documento de una extensi\u00f3n m\u00e1xima de 20 p\u00e1ginas que exponga en detalle los hechos, las vulneraciones alegadas del Convenio y los argumentos pertinentes.<\/p>\n<p>3.1. El formulario de demanda deber\u00e1 estar firmado por el demandante o su representante e ir acompa\u00f1ado de: <\/p>\n<p style=\"padding-left: 40px;\">a) copias de los documentos relativos a las decisiones o a las medidas denunciadas, ya sean de naturaleza judicial o de otra naturaleza;<\/p>\n<p style=\"padding-left: 40px;\">b) copias de los documentos y decisiones que demuestren que el demandante ha agotado las v\u00edas de recurso internas y observado el plazo exigido por el <a title=\"Art\u00edculo 35 del Convenio para la Protecci\u00f3n de los Derechos Humanos y de las Libertades Fundamentales\" href=\"https:\/\/europeancourt.org\/es\/documentos\/consejo-de-europa\/convenio-europeo-de-derechos-humanos\/#art%C3%ADculo-35\">art\u00edculo 35 \u00a7 1 del Convenio<\/a>;<\/p>\n<p style=\"padding-left: 40px;\">c) en su caso, copias de los documentos relativos a cualquier otro procedimiento internacional de investigaci\u00f3n o de acuerdo;<\/p>\n<p style=\"padding-left: 40px;\">d) en los casos en los que el demandante sea una persona jur\u00eddica en los t\u00e9rminos del art\u00edculo 47 \u00a7 1 (a), el documento o documentos que acredite que la persona que interpone la demanda est\u00e1 legitimada para actuar en representaci\u00f3n de la persona jur\u00eddica o un poder de representaci\u00f3n de \u00e9sta.<\/p>\n<p>3.2. Los documentos presentados en apoyo de la demanda deber\u00e1n incluirse en una lista ordenada cronol\u00f3gicamente, ir numerados correlativamente y estar claramente identificados.<\/p>\n<p>4. El demandante que no desee que su identidad sea divulgada deber\u00e1 precisarlo y exponer las razones que justifiquen la derogaci\u00f3n a la regla general de publicidad del procedimiento ante el Tribunal. Este \u00faltimo podr\u00e1 autorizar el anonimato o decidir acordarlo de oficio.<\/p>\n<p>5.1. En caso de incumplimiento de las obligaciones enumeradas en los p\u00e1rrafos 1 a 3 del presente art\u00edculo, la demanda no ser\u00e1 examinada por el Tribunal, salvo si:<\/p>\n<p style=\"padding-left: 40px;\">a) el demandante ha explicado satisfactoriamente las razones de tal incumplimiento;<\/p>\n<p style=\"padding-left: 40px;\">b) la demanda se refiere a una solicitud de medida cautelar;<\/p>\n<p style=\"padding-left: 40px;\">c) el Tribunal decide otra cosa, de oficio o a solicitud del demandante.<\/p>\n<p>5.2. El Tribunal podr\u00e1 en todo caso solicitar a un demandante que presente, en un plazo determinado, toda informaci\u00f3n o todo documento que precise, en la forma o de la manera que estime apropiadas.<\/p>\n<p>6.<\/p>\n<p style=\"padding-left: 40px;\">a) A los fines del <a title=\"Art\u00edculo 35 del Convenio para la Protecci\u00f3n de los Derechos Humanos y de las Libertades Fundamentales\" href=\"https:\/\/europeancourt.org\/es\/documentos\/consejo-de-europa\/convenio-europeo-de-derechos-humanos\/#art%C3%ADculo-35\">art\u00edculo 35 \u00a7 1 del Convenio<\/a>, la demanda se reputar\u00e1 presentada en la fecha en la que se remita al Tribuna un formulario de demanda que re\u00fana los requisitos fijados en el presente art\u00edculo. El timbre-fecha de correos da fe.<\/p>\n<p style=\"padding-left: 40px;\">b) Si lo estima justificado, el Tribunal podr\u00e1 sin embargo decidir considerar otra fecha.<\/p>\n<p>7. El demandante deber\u00e1 informar al Tribunal de cualquier cambio de direcci\u00f3n y de todo hecho relevante para el examen de su demanda.<\/p>\n__________\n<p id=\"fn1\"><sup>1<\/sup> Modificado por el Tribunal los d\u00edas 17 de junio y 8 de julio de 2002, 11 de diciembre de 2007, 22 de septiembre de 2008, 6 de mayo de 2013, 1 de junio y 5 de octubre de 2015 y 18 de enero de 2024.<\/p>","protected":false},"excerpt":{"rendered":"Reglamento del Tribunal Art\u00edculo 47.1 \u2013 Contenido de una demanda individual 1. Toda demanda formulada en virtud del art\u00edculo 34 del Convenio se presentar\u00e1 en el formulario facilitado por la Secretar\u00eda, salvo si el&#46;&#46;&#46;","protected":false},"author":1,"featured_media":188926,"parent":147403,"menu_order":0,"comment_status":"closed","ping_status":"closed","template":"","meta":{"footnotes":""},"categories":[],"tags":[],"class_list":["post-147458","page","type-page","status-publish","has-post-thumbnail","hentry"],"_links":{"self":[{"href":"https:\/\/europeancourt.org\/es\/wp-json\/wp\/v2\/pages\/147458","targetHints":{"allow":["GET"]}}],"collection":[{"href":"https:\/\/europeancourt.org\/es\/wp-json\/wp\/v2\/pages"}],"about":[{"href":"https:\/\/europeancourt.org\/es\/wp-json\/wp\/v2\/types\/page"}],"author":[{"embeddable":true,"href":"https:\/\/europeancourt.org\/es\/wp-json\/wp\/v2\/users\/1"}],"replies":[{"embeddable":true,"href":"https:\/\/europeancourt.org\/es\/wp-json\/wp\/v2\/comments?post=147458"}],"version-history":[{"count":0,"href":"https:\/\/europeancourt.org\/es\/wp-json\/wp\/v2\/pages\/147458\/revisions"}],"up":[{"embeddable":true,"href":"https:\/\/europeancourt.org\/es\/wp-json\/wp\/v2\/pages\/147403"}],"wp:featuredmedia":[{"embeddable":true,"href":"https:\/\/europeancourt.org\/es\/wp-json\/wp\/v2\/media\/188926"}],"wp:attachment":[{"href":"https:\/\/europeancourt.org\/es\/wp-json\/wp\/v2\/media?parent=147458"}],"wp:term":[{"taxonomy":"category","embeddable":true,"href":"https:\/\/europeancourt.org\/es\/wp-json\/wp\/v2\/categories?post=147458"},{"taxonomy":"post_tag","embeddable":true,"href":"https:\/\/europeancourt.org\/es\/wp-json\/wp\/v2\/tags?post=147458"}],"curies":[{"name":"wp","href":"https:\/\/api.w.org\/{rel}","templated":true}]}}