{"id":147552,"date":"2022-07-02T23:18:17","date_gmt":"2022-07-02T21:18:17","guid":{"rendered":"https:\/\/europeancourt.org\/documentos\/consejo-de-europa\/tedh\/instrucci%c3%b3n-la-interposici%c3%b3n-de-la-demanda\/"},"modified":"2025-10-05T12:00:15","modified_gmt":"2025-10-05T12:00:15","slug":"instrucci%c3%b3n-la-interposici%c3%b3n-de-la-demanda","status":"publish","type":"page","link":"https:\/\/europeancourt.org\/es\/documentos\/consejo-de-europa\/tedh\/instrucci%c3%b3n-la-interposici%c3%b3n-de-la-demanda\/","title":{"rendered":"La interposici\u00f3n de la demanda \u2013 Instrucci\u00f3n pr\u00e1ctica"},"content":{"rendered":"<h2 style=\"text-align: center;\">La interposici\u00f3n de la demanda<a class=\"paddingleft2px\" title=\"Instrucci\u00f3n pr\u00e1ctica promulgada por el Presidente del TEDH a tenor del art\u00edculo 32 del Reglamento, el d\u00eda 1 de noviembre de 2003 y enmendada los d\u00edas 22 de septiembre de 2008, 24 de junio de 2009, 6 de noviembre de 2013, 5 de octubre de 2015, 27 de noviembre de 2019, 25 de enero de 2021 y 1 de febrero de 2022. Esta instrucci\u00f3n pr\u00e1ctica completa los art\u00edculos 45 y 47 del Reglamento.\" href=\"#fn1\"><sup style=\"cursor:help\">1<\/sup><\/a><\/h2> \n<p style=\"text-align: center;\">(demandas individuales a tenor del <a title=\"Art\u00edculo 34 del Convenio para la Protecci\u00f3n de los Derechos Humanos y de las Libertades Fundamentales\" href=\"https:\/\/europeancourt.org\/es\/documentos\/consejo-de-europa\/convenio-europeo-de-derechos-humanos\/#art%C3%ADculo-34\">art\u00edculo 34 del Convenio<\/a>)<\/p>\n<div class=\"betweendivs\"><a href=\"#\" class=\"mybutton blue\" onclick=\"openall();event.preventDefault();\">Expandir todo<\/a> <a href=\"#\" class=\"mybutton blue\" onclick=\"closeall();event.preventDefault();\">Colapsar todo<\/a><\/div>\n<div class=\"su-accordion su-u-trim\">\r\n<div class=\"su-spoiler su-spoiler-style-default su-spoiler-icon-plus h-toaccordion includetocloseall\" data-anchor=\"i\" data-scroll-offset=\"50\" data-anchor-in-url=\"yes\"><div class=\"su-spoiler-title\" tabindex=\"0\" role=\"button\"><span class=\"su-spoiler-icon\"><\/span><h2>I. Generalidades<\/h2><\/div><div class=\"su-spoiler-content su-u-clearfix su-u-trim\">\r\n<p>1. Toda demanda interpuesta en virtud del <a title=\"Art\u00edculo 34 del Convenio para la Protecci\u00f3n de los Derechos Humanos y de las Libertades Fundamentales\" href=\"https:\/\/europeancourt.org\/es\/documentos\/consejo-de-europa\/convenio-europeo-de-derechos-humanos\/#art%C3%ADculo-34\">art\u00edculo 34 del Convenio<\/a> deber\u00e1 ser presentada por escrito. Ninguna demanda se podr\u00e1 formular telef\u00f3nicamente. Salvo en los casos previstos en el <a title=\"Reglamento del Tribunal \u2013 Art\u00edculo 47\" href=\"https:\/\/europeancourt.org\/es\/documentos\/consejo-de-europa\/tedh\/reglamento-art%c3%adculo-47\/\">art\u00edculo 47 del Reglamento de Procedimiento del TEDH<\/a>, s\u00f3lo un <a title=\"Formulario de demanda al Tribunal Europeo de Derechos Humanos\" href=\"https:\/\/europeancourt.org\/es\/documentos\/consejo-de-europa\/tedh\/formulario-de-demanda\/\">formulario de demanda<\/a> completo interrumpe el plazo de cuatro meses establecido en el <a title=\"Art\u00edculo 35 del Convenio para la Protecci\u00f3n de los Derechos Humanos y de las Libertades Fundamentales\" href=\"https:\/\/europeancourt.org\/es\/documentos\/consejo-de-europa\/convenio-europeo-de-derechos-humanos\/#art%C3%ADculo-35\">art\u00edculo 35 \u00a7 1 del Convenio<\/a>. <a title=\"Formulario de demanda al Tribunal Europeo de Derechos Humanos\" href=\"https:\/\/europeancourt.org\/es\/documentos\/consejo-de-europa\/tedh\/formulario-de-demanda\/\">El formulario de demanda est\u00e1 disponible en l\u00ednea en el sitio web del TEDH<\/a><a class=\"paddingleft2px\" title=\"www.echr.coe.int\" href=\"#fn2\"><sup style=\"cursor:help\">2<\/sup><\/a>. Se encarece a los demandantes que se lo <a title=\"Formulario de demanda al Tribunal Europeo de Derechos Humanos\" href=\"https:\/\/europeancourt.org\/es\/documentos\/consejo-de-europa\/tedh\/formulario-de-demanda\/\">descarguen e impriman<\/a> en vez de solicitar al TEDH que les env\u00ede el formulario en papel por correo. De esta manera ganar\u00e1n tiempo y estar\u00e1n en mejor disposici\u00f3n de interponer una demanda completa en el plazo de cuatro meses. Tambi\u00e9n se encuentra en el sitio web del TEDH la <a title=\"Ayuda para rellenar los distintos campos del formulario\" href=\"https:\/\/europeancourt.org\/es\/documentos\/\">ayuda para rellenar los distintos campos del formulario<\/a>.<\/p>\n<p>2. Toda demanda deber\u00e1 ser remitida a la direcci\u00f3n siguiente:<\/p>\n<p style=\"padding-left: 40px;\">The Registrar<br>\nEuropean Court of Human Rights<br>\nCouncil of Europe<br>\n67075 Strasbourg Cedex<br>\nFRANCE<\/p>\n<p>3. El env\u00edo de una demanda por fax no interrumpe el plazo de cuatro meses establecido en el <a title=\"Art\u00edculo 35 del Convenio para la Protecci\u00f3n de los Derechos Humanos y de las Libertades Fundamentales\" href=\"https:\/\/europeancourt.org\/es\/documentos\/consejo-de-europa\/convenio-europeo-de-derechos-humanos\/#art%C3%ADculo-35\">art\u00edculo 35 \u00a7 1<\/a>. Los demandantes deber\u00e1n, antes de la expiraci\u00f3n del plazo de cuatro meses, enviar el original del fax, debidamente firmado, por correo.<\/p>\n<p>4. Los demandantes deber\u00e1n ser diligentes en su correspondencia con la Secretar\u00eda del TEDH. Una respuesta tard\u00eda o una falta de respuesta podr\u00e1n ser consideradas como una se\u00f1al indicativa de que el demandante no pretende mantener su demanda.<\/p><\/div><\/div>\r\n<div class=\"su-spoiler su-spoiler-style-default su-spoiler-icon-plus h-toaccordion includetocloseall su-spoiler-closed\" data-anchor=\"ii\" data-scroll-offset=\"50\" data-anchor-in-url=\"yes\"><div class=\"su-spoiler-title\" tabindex=\"0\" role=\"button\"><span class=\"su-spoiler-icon\"><\/span><h2>II. Forma y contenido <\/h2><\/div><div class=\"su-spoiler-content su-u-clearfix su-u-trim\">\n<p>5. Las declaraciones realizadas en el <a title=\"Formulario de demanda al Tribunal Europeo de Derechos Humanos\" href=\"https:\/\/europeancourt.org\/es\/documentos\/consejo-de-europa\/tedh\/formulario-de-demanda\/\">formulario de demanda<\/a> en relaci\u00f3n con los hechos, la exposici\u00f3n de las quejas y el cumplimiento de los requisitos correspondientes al agotamiento de los recursos internos y el plazo de interposici\u00f3n de la demanda establecido en el <a title=\"Art\u00edculo 35 del Convenio para la Protecci\u00f3n de los Derechos Humanos y de las Libertades Fundamentales\" href=\"https:\/\/europeancourt.org\/es\/documentos\/consejo-de-europa\/convenio-europeo-de-derechos-humanos\/#art%C3%ADculo-35\">art\u00edculo 35 \u00a7 1 del Convenio<\/a>, deber\u00e1n ser conformes con las normas enunciadas en el <a title=\"Reglamento del Tribunal \u2013 Art\u00edculo 47\" href=\"https:\/\/europeancourt.org\/es\/documentos\/consejo-de-europa\/tedh\/reglamento-art%c3%adculo-47\/\">art\u00edculo 47 del Reglamento<\/a>. Las declaraciones adicionales, presentadas en su caso en hojas separadas, no deber\u00e1n superar 20 p\u00e1ginas (<a title=\"Reglamento del Tribunal \u2013 Art\u00edculo 47\" href=\"https:\/\/europeancourt.org\/es\/documentos\/consejo-de-europa\/tedh\/reglamento-art%c3%adculo-47\/\">art\u00edculo 47 \u00a7 2 del Reglamento de Procedimiento<\/a>) y deber\u00e1n:<\/p>\n<p style=\"padding-left: 40px;\">a) presentarse en formato A4 y tener un margen de al menos 3,5 cm de ancho;<\/p>\n<p style=\"padding-left: 40px;\">b) ser perfectamente legibles y, en caso de estar mecanografiadas, estar redactadas en un cuerpo tipogr\u00e1fico de al menos 12 puntos en el texto principal y de 10 puntos en las notas al pie de p\u00e1gina, con un interlineado de 1,5;<\/p>\n<p style=\"padding-left: 40px;\">c) expresarse los n\u00fameros solamente en cifras y no en letras;<\/p>\n<p style=\"padding-left: 40px;\">d) estar foliadas (p\u00e1ginas numeradas correlativamente);<\/p>\n<p style=\"padding-left: 40px;\">e) estar divididas en p\u00e1rrafos numerados;<\/p>\n<p style=\"padding-left: 40px;\">f) estar divididas por cap\u00edtulos de la siguiente manera: \u00abHechos\u00bb, \u00abQuejas o formulaci\u00f3n de las vulneraciones\u00bb, \u00abDatos relativos al agotamiento de las v\u00edas de recurso internos y al cumplimiento del plazo establecido en el <a title=\"Art\u00edculo 35 del Convenio para la Protecci\u00f3n de los Derechos Humanos y de las Libertades Fundamentales\" href=\"https:\/\/europeancourt.org\/es\/documentos\/consejo-de-europa\/convenio-europeo-de-derechos-humanos\/#art%C3%ADculo-35\">art\u00edculo 35 \u00a7 1<\/a>\u00bb.<\/p>\n<p>6. Todos los campos relevantes del <a title=\"Formulario de demanda al Tribunal Europeo de Derechos Humanos\" href=\"https:\/\/europeancourt.org\/es\/documentos\/consejo-de-europa\/tedh\/formulario-de-demanda\/\">formulario de la demanda<\/a> deber\u00e1n rellenarse con palabras. La utilizaci\u00f3n de s\u00edmbolos, signos o abreviaturas debe ser evitada. Cada respuesta debe ser formulada con palabras, incluso si \u00e9sta es negativa o si la pregunta no parece procedente.<\/p>\n<p>7. El demandante deber\u00e1 exponer los hechos, sus quejas y las explicaciones relativas al cumplimiento de los criterios de admisibilidad en el recuadro del <a title=\"Formulario de demanda al Tribunal Europeo de Derechos Humanos\" href=\"https:\/\/europeancourt.org\/es\/documentos\/consejo-de-europa\/tedh\/formulario-de-demanda\/\">formulario de la demanda<\/a> previsto a este fin. Esta informaci\u00f3n debe ser suficiente para permitir al TEDH determinar la naturaleza y el objeto de la demanda. El formulario relleno debe ser suficiente por s\u00ed mismo. No basta con anexar una exposici\u00f3n de los hechos, de las quejas y de la informaci\u00f3n relativa al cumplimiento de los criterios, incluso a\u00f1adiendo la menci\u00f3n \u00abver anexo\u00bb. El que esta informaci\u00f3n conste en el formulario de la demanda tiene como objetivo ayudar al TEDH a examinar y turnar r\u00e1pidamente las nuevas demandas. Si fuera necesario, se podr\u00e1 aportar informaci\u00f3n complementaria en un documento aparte que no exceda de 20 p\u00e1ginas. Tal complemento no podr\u00e1 en ning\u00fan caso sustituir la exposici\u00f3n de hechos, de las quejas y de las explicaciones relativas al cumplimiento de los criterios de admisibilidad que deber\u00e1 obligatoriamente constar en el propio formulario de demanda.     Un formulario de demanda que no contenga esta informaci\u00f3n no ser\u00e1 considerado conforme al <a title=\"Reglamento del Tribunal \u2013 Art\u00edculo 47\" href=\"https:\/\/europeancourt.org\/es\/documentos\/consejo-de-europa\/tedh\/reglamento-art%c3%adculo-47\/\">art\u00edculo 47 del Reglamento<\/a>.<\/p>\n<p>8. Una persona jur\u00eddica (es decir una sociedad, una organizaci\u00f3n no gubernamental o una asociaci\u00f3n) que quiera recurrir al TEDH debe hacerlo a trav\u00e9s de un representante cuya identidad debe constar en el correspondiente recuadro del <a title=\"Formulario de demanda al Tribunal Europeo de Derechos Humanos\" href=\"https:\/\/europeancourt.org\/es\/documentos\/consejo-de-europa\/tedh\/formulario-de-demanda\/\">formulario de demanda<\/a>, deber\u00e1 adem\u00e1s facilitar sus datos y explicar en qu\u00e9 calidad act\u00faa en nombre de la persona jur\u00eddica o cu\u00e1l es su v\u00ednculo con la misma. Se debe aportar, junto con el formulario de demanda, la evidencia de que el representante est\u00e1 legitimado para actuar en nombre de la persona jur\u00eddica, por ejemplo un certificado del registro mercantil o un acta del \u00f3rgano directivo. El representante de la persona jur\u00eddica y el abogado autorizado a representarla ante el TEDH no ser\u00e1 la misma persona. Es posible que el representante de la persona jur\u00eddica sea asimismo abogado o jurista y que sea competente para encargarse adem\u00e1s de la funci\u00f3n de representante legal. Es preciso en cualquier caso rellenar las dos partes del formulario de demanda relativas a la representaci\u00f3n y adjuntar los documentos requeridos que acrediten la existencia de un poder para representar a la persona jur\u00eddica.<\/p>\n<p>9. El demandante no est\u00e1 obligado a que un defensor le represente en el momento de interponer su demanda. Si apodera a un abogado, deber\u00e1 rellenar el recuadro del <a title=\"Formulario de demanda al Tribunal Europeo de Derechos Humanos\" href=\"https:\/\/europeancourt.org\/es\/documentos\/consejo-de-europa\/tedh\/formulario-de-demanda\/\">formulario de demanda<\/a> reservado al apoderamiento. En este caso, tanto el demandante como su representante deber\u00e1n estampar su firma en este recuadro. En esta fase del procedimiento no se admite aportar un <a title=\"Formulario de poder para el Tribunal Europeo de Derechos Humanos\" href=\"https:\/\/europeancourt.org\/es\/documentos\/consejo-de-europa\/tedh\/formulario-de-poder\/\">poder en un formulario aparte<\/a> ya que el TEDH pide que toda la informaci\u00f3n esencial figure en el formulario de demanda. Si se alega que al demandante no le es posible firmar en el recuadro del formulario de demanda reservado al apoderamiento por dificultades pr\u00e1cticas insuperables, se deber\u00e1 explicar al TEDH en qu\u00e9 consisten estas dificultades sustent\u00e1ndolas con las pruebas oportunas. No se puede alegar falta de tiempo por la necesidad de rellenar el formulario r\u00e1pidamente con el fin de respetar el plazo de cuatro meses.<\/p>\n<p>10. Se acompa\u00f1ar\u00e1 el <a title=\"Formulario de demanda al Tribunal Europeo de Derechos Humanos\" href=\"https:\/\/europeancourt.org\/es\/documentos\/consejo-de-europa\/tedh\/formulario-de-demanda\/\">formulario de demanda<\/a> con los documentos relevantes:<\/p>\n<p style=\"padding-left: 40px;\">a) relativos a las decisiones o medidas denunciadas;<\/p>\n<p style=\"padding-left: 40px;\">b) que demuestren que el demandante ha cumplido la regla del agotamiento de los recursos internos y el plazo referidos en <a title=\"Art\u00edculo 35 del Convenio para la Protecci\u00f3n de los Derechos Humanos y de las Libertades Fundamentales\" href=\"https:\/\/europeancourt.org\/es\/documentos\/consejo-de-europa\/convenio-europeo-de-derechos-humanos\/#art%C3%ADculo-35\">art\u00edculo 35 \u00a7 1 del Convenio<\/a>.<\/p>\n<p style=\"padding-left: 40px;\">c) que contengan, en su caso, informaci\u00f3n sobre otros procedimientos internacionales.<\/p>\n<p>Si el demandante es incapaz de aportar una copia de alguno de estos documentos, deber\u00e1 en todo caso aportar una explicaci\u00f3n satisfactoria, no le bastar\u00e1 con hacer simplemente referencia a estas dificultades cuando lo razonable ser\u00eda que la explicaci\u00f3n se sustentar\u00e1 en documentos, tales como una prueba de indigencia, un rechazo de las Autoridades a proporcionar una resoluci\u00f3n u otro elemento que demostrara la imposibilidad que tiene el demandante para conseguir el documento en cuesti\u00f3n. Si no se aportara ninguna explicaci\u00f3n, o si la explicaci\u00f3n aportada fuera insuficiente, la demanda no ser\u00e1 turnada a una formaci\u00f3n judicial.<\/p>\n<p>Si se aportan los documentos por v\u00eda electr\u00f3nica, estos deber\u00e1n respetar el formato requerido en la presente instrucci\u00f3n y deber\u00e1n ser clasificados y foliados siguiendo el orden de la relaci\u00f3n que figure en el formulario de demanda.<\/p>\n<p>11. Si un demandante ha presentado con anterioridad una o varias demandas sobre las cuales el TEDH haya resuelto o si tiene una o m\u00e1s demandas pendientes ante el TEDH, deber\u00e1 informar de ello a la secretar\u00eda y especificar el n\u00famero de las mismas.<\/p>\n<p>12.<\/p>\n<p style=\"padding-left: 40px;\">a) Si un demandante solicita que su identidad no sea divulgada, deber\u00e1 exponer por escrito las razones del porqu\u00e9 de su solicitud, de acuerdo con el <a title=\"Reglamento del Tribunal \u2013 Art\u00edculo 47\" href=\"https:\/\/europeancourt.org\/es\/documentos\/consejo-de-europa\/tedh\/reglamento-art%c3%adculo-47\/\">art\u00edculo 47 \u00a7 4 del Reglamento<\/a>.<\/p>\n<p style=\"padding-left: 40px;\">b) El demandante deber\u00e1 precisar igualmente, para el caso de que su solicitud de anonimato sea estimada por el Presidente de la Sala, si desea ser nombrado por sus iniciales o por una mera letra (por ejemplo \u00abX\u00bb, \u00abY\u00bb o \u00abZ\u00bb, etc.).<\/p>\n<p>13. El <a title=\"Formulario de demanda al Tribunal Europeo de Derechos Humanos\" href=\"https:\/\/europeancourt.org\/es\/documentos\/consejo-de-europa\/tedh\/formulario-de-demanda\/\">formulario de demanda<\/a> deber\u00e1 ser firmado por el demandante o por su representante. Si est\u00e1 representado, el demandante as\u00ed como su representante deber\u00e1n estampar su firma en el recuadro del formulario de demanda destinado al poder. Ni el formulario de demanda ni el recuadro destinado al poder podr\u00e1n ser firmados \u00ab<em>por poder<\/em>\u00bb (\u00abp.p.\u00bb).<\/p><\/div><\/div>\r\n<div class=\"su-spoiler su-spoiler-style-default su-spoiler-icon-plus h-toaccordion includetocloseall su-spoiler-closed\" data-anchor=\"iii\" data-scroll-offset=\"50\" data-anchor-in-url=\"yes\"><div class=\"su-spoiler-title\" tabindex=\"0\" role=\"button\"><span class=\"su-spoiler-icon\"><\/span><h2>III. Demandas agrupadas y m\u00faltiples demandantes <\/h2><\/div><div class=\"su-spoiler-content su-u-clearfix su-u-trim\">\r\n<p>14. Si un demandante o un representante interpone unas demandas de varios demandantes que ata\u00f1en a hechos diferentes, se deber\u00e1 utilizar un formulario de demanda para cada uno, indicando toda la informaci\u00f3n requerida y anexando los documentos relativos a cada demandante en el formulario correspondiente.<\/p>\n<p>15. Si hubiera m\u00e1s de diez demandantes, el representante deber\u00e1 aportar, adem\u00e1s de los <a title=\"Formulario de demanda al Tribunal Europeo de Derechos Humanos\" href=\"https:\/\/europeancourt.org\/es\/documentos\/consejo-de-europa\/tedh\/formulario-de-demanda\/\">formularios de demanda<\/a> y los documentos, un <a title=\"\u0421uadro resumen con la informaci\u00f3n personal requerida de cada demandante para el Tribunal Europeo de Derechos Humanos\" href=\"https:\/\/europeancourt.org\/downloads\/es\/Cuadro_resumen_con_la_informacion_personal_requerida_de_cada_demandante_para_el_TEDH_SPA.XLSX\">cuadro resumen con la informaci\u00f3n personal requerida de cada demandante<\/a>. Este cuadro se puede descargar desde el sitio web del TEDH<a class=\"paddingleft2px\" title=\"www.echr.coe.int\" href=\"#fn2\"><sup style=\"cursor:help\">2<\/sup><\/a>. Si el representante es abogado, deber\u00e1 aportar este cuadro tambi\u00e9n en formato electr\u00f3nico.<\/p>\n<p>16. Si el asunto se refiere a un gran n\u00famero de demandantes o de demandas, el TEDH podr\u00e1 solicitar a los demandantes o a sus representantes que aporten el texto de sus alegaciones y declaraciones o sus documentos por v\u00eda electr\u00f3nica o por cualquier otro medio. Tambi\u00e9n puede pedirles que adopten otras medidas tendentes a facilitar la tramitaci\u00f3n r\u00e1pida y eficaz de las demandas.<\/p><\/div><\/div>\r\n<div class=\"su-spoiler su-spoiler-style-default su-spoiler-icon-plus h-toaccordion includetocloseall su-spoiler-closed\" data-anchor=\"iv\" data-scroll-offset=\"50\" data-anchor-in-url=\"yes\"><div class=\"su-spoiler-title\" tabindex=\"0\" role=\"button\"><span class=\"su-spoiler-icon\"><\/span><h2>IV. Falta de respuesta a las peticiones de informaci\u00f3n o incumplimiento de las instrucciones dadas <\/h2><\/div><div class=\"su-spoiler-content su-u-clearfix su-u-trim\">\r\n<p>17. El incumplimiento en aportar, en los plazos fijados, la informaci\u00f3n o los elementos adicionales solicitados por el TEDH o en respetar las instrucciones dadas en cuanto a la forma y manera en que la demanda debe ser interpuesta, incluidos los supuestos de demandas agrupadas o de m\u00faltiples demandantes, podr\u00eda, seg\u00fan la fase del procedimiento, inducir al TEDH a no examinar la o las demanda(s), declarar su inadmisibilidad o acordar su archivo.<\/p><\/div><\/div>\r\n<\/div> \n__________  \n<p class=\"marginbottomzero\" id=\"fn1\"><sup>1<\/sup> Instrucci\u00f3n pr\u00e1ctica promulgada por el Presidente del TEDH a tenor del art\u00edculo 32 del Reglamento, el d\u00eda 1 de noviembre de 2003 y enmendada los d\u00edas 22 de septiembre de 2008, 24 de junio de 2009, 6 de noviembre de 2013, 5 de octubre de 2015, 27 de noviembre de 2019, 25 de enero de 2021 y 1 de febrero de 2022. Esta instrucci\u00f3n pr\u00e1ctica completa los art\u00edculos 45 y <a title=\"Reglamento del Tribunal \u2013 Art\u00edculo 47\" href=\"https:\/\/europeancourt.org\/es\/documentos\/consejo-de-europa\/tedh\/reglamento-art%c3%adculo-47\/\">47<\/a> del Reglamento.<\/p>\n<p class=\"marginbottomzero\" id=\"fn2\"><sup>2<\/sup> www.echr.coe.int<\/p>","protected":false},"excerpt":{"rendered":"La interposici\u00f3n de la demanda1 (demandas individuales a tenor del art\u00edculo 34 del Convenio) Expandir todo Colapsar todo __________ 1 Instrucci\u00f3n pr\u00e1ctica promulgada por el Presidente del TEDH a tenor del art\u00edculo 32 del&#46;&#46;&#46;","protected":false},"author":1,"featured_media":191694,"parent":147403,"menu_order":0,"comment_status":"closed","ping_status":"closed","template":"","meta":{"footnotes":""},"categories":[],"tags":[],"class_list":["post-147552","page","type-page","status-publish","has-post-thumbnail","hentry"],"_links":{"self":[{"href":"https:\/\/europeancourt.org\/es\/wp-json\/wp\/v2\/pages\/147552","targetHints":{"allow":["GET"]}}],"collection":[{"href":"https:\/\/europeancourt.org\/es\/wp-json\/wp\/v2\/pages"}],"about":[{"href":"https:\/\/europeancourt.org\/es\/wp-json\/wp\/v2\/types\/page"}],"author":[{"embeddable":true,"href":"https:\/\/europeancourt.org\/es\/wp-json\/wp\/v2\/users\/1"}],"replies":[{"embeddable":true,"href":"https:\/\/europeancourt.org\/es\/wp-json\/wp\/v2\/comments?post=147552"}],"version-history":[{"count":0,"href":"https:\/\/europeancourt.org\/es\/wp-json\/wp\/v2\/pages\/147552\/revisions"}],"up":[{"embeddable":true,"href":"https:\/\/europeancourt.org\/es\/wp-json\/wp\/v2\/pages\/147403"}],"wp:featuredmedia":[{"embeddable":true,"href":"https:\/\/europeancourt.org\/es\/wp-json\/wp\/v2\/media\/191694"}],"wp:attachment":[{"href":"https:\/\/europeancourt.org\/es\/wp-json\/wp\/v2\/media?parent=147552"}],"wp:term":[{"taxonomy":"category","embeddable":true,"href":"https:\/\/europeancourt.org\/es\/wp-json\/wp\/v2\/categories?post=147552"},{"taxonomy":"post_tag","embeddable":true,"href":"https:\/\/europeancourt.org\/es\/wp-json\/wp\/v2\/tags?post=147552"}],"curies":[{"name":"wp","href":"https:\/\/api.w.org\/{rel}","templated":true}]}}