{"id":177056,"date":"2022-07-03T16:50:48","date_gmt":"2022-07-03T14:50:48","guid":{"rendered":"https:\/\/europeancourt.org\/documentos\/consejo-de-europa\/tedh\/formulario-de-poder\/"},"modified":"2024-06-10T23:56:00","modified_gmt":"2024-06-10T21:56:00","slug":"formulario-de-poder","status":"publish","type":"page","link":"https:\/\/europeancourt.org\/es\/documentos\/consejo-de-europa\/tedh\/formulario-de-poder\/","title":{"rendered":"Formulario de poder para el Tribunal Europeo de Derechos Humanos"},"content":{"rendered":"<p>Este formulario s\u00f3lo funcionar\u00e1 correctamente con la versi\u00f3n Adobe Reader 9 o con versiones posteriores y a trav\u00e9s de los sistemas operativos Windows y Mac OS X. Aseg\u00farese que tiene Adobe Reader instalado en su ordenador (descarga <a href=\"https:\/\/get.adobe.com\/es\/reader\/\" title=\"Adobe Reader\" target=\"_blank\" rel=\"noopener\">disponible en www.adobe.com<\/a>).<\/p>\n<ul>\n<li>Guarde una copia local del formulario en su ordenador.<\/li>\n<li>Abra la copia del formulario que ha guardado localmente con Adobe Reader.<\/li>\n<li>Rellene el formulario y gu\u00e1rdelo.<\/li>\n<li>Una vez haya rellenado el formulario, impr\u00edmalo, f\u00edrmelo y env\u00edelo al Tribunal por correo postal.<\/li>\n<\/ul>\n<p style=\"text-align: center;\"><a title=\"Formulario de poder para el Tribunal Europeo de Derechos Humanos\" href=\"https:\/\/europeancourt.org\/downloads\/es\/Formulario_de_poder_para_el_Tribunal_Europeo_de_Derechos_Humanos_SPA_2021-1.PDF\" class=\"extlinkoff mybrightbutton red\" download=\"\">Descargar <i class=\"fas fa-download\"><\/i><\/a><\/p>\n<iframe class=\"wonderplugin-pdf-iframe\" src=\"https:\/\/europeancourt.org\/wp-content\/plugins\/wonderplugin-pdf-embed\/pdfjs\/web\/viewer.html?v=2&disabledownload=1&disableprint=1&disabledoc=1&disableopenfile=1&externallinktarget=2&file=https:\/\/europeancourt.org\/noindex\/AuthF_SPA_2021-1.pdf\" title=\"Formulario de poder para el Tribunal Europeo de Derechos Humanos\" width=\"100%\" height=\"900px\" style=\"border:0;\"><\/iframe>","protected":false},"excerpt":{"rendered":"Este formulario s\u00f3lo funcionar\u00e1 correctamente con la versi\u00f3n Adobe Reader 9 o con versiones posteriores y a trav\u00e9s de los sistemas operativos Windows y Mac OS X. Aseg\u00farese que tiene Adobe Reader instalado en&#46;&#46;&#46;","protected":false},"author":1,"featured_media":191826,"parent":147403,"menu_order":0,"comment_status":"closed","ping_status":"closed","template":"","meta":{"footnotes":""},"categories":[],"tags":[],"class_list":["post-177056","page","type-page","status-publish","has-post-thumbnail","hentry"],"_links":{"self":[{"href":"https:\/\/europeancourt.org\/es\/wp-json\/wp\/v2\/pages\/177056","targetHints":{"allow":["GET"]}}],"collection":[{"href":"https:\/\/europeancourt.org\/es\/wp-json\/wp\/v2\/pages"}],"about":[{"href":"https:\/\/europeancourt.org\/es\/wp-json\/wp\/v2\/types\/page"}],"author":[{"embeddable":true,"href":"https:\/\/europeancourt.org\/es\/wp-json\/wp\/v2\/users\/1"}],"replies":[{"embeddable":true,"href":"https:\/\/europeancourt.org\/es\/wp-json\/wp\/v2\/comments?post=177056"}],"version-history":[{"count":0,"href":"https:\/\/europeancourt.org\/es\/wp-json\/wp\/v2\/pages\/177056\/revisions"}],"up":[{"embeddable":true,"href":"https:\/\/europeancourt.org\/es\/wp-json\/wp\/v2\/pages\/147403"}],"wp:featuredmedia":[{"embeddable":true,"href":"https:\/\/europeancourt.org\/es\/wp-json\/wp\/v2\/media\/191826"}],"wp:attachment":[{"href":"https:\/\/europeancourt.org\/es\/wp-json\/wp\/v2\/media?parent=177056"}],"wp:term":[{"taxonomy":"category","embeddable":true,"href":"https:\/\/europeancourt.org\/es\/wp-json\/wp\/v2\/categories?post=177056"},{"taxonomy":"post_tag","embeddable":true,"href":"https:\/\/europeancourt.org\/es\/wp-json\/wp\/v2\/tags?post=177056"}],"curies":[{"name":"wp","href":"https:\/\/api.w.org\/{rel}","templated":true}]}}