{"id":177131,"date":"2021-11-04T19:39:01","date_gmt":"2021-11-04T18:39:01","guid":{"rendered":"https:\/\/europeancourt.org\/comprobaci%c3%b3n-de-las-demandas-rellenadas\/"},"modified":"2025-11-23T00:50:26","modified_gmt":"2025-11-22T23:50:26","slug":"revisi%c3%b3n-formulario-demanda","status":"publish","type":"page","link":"https:\/\/europeancourt.org\/es\/servicios\/tedh\/revisi%c3%b3n-formulario-demanda\/","title":{"rendered":"Revisi\u00f3n del formulario de demanda al TEDH"},"content":{"rendered":"<div class=\"mywpcf7cf myshow myhide\">Puedo comprobar una demanda al TEDH preparada por usted o por otra persona si hay alguna duda sobre si cumple los requisitos. Para la comprobaci\u00f3n, puede presentar un <a title=\"Formulario de demanda al Tribunal Europeo de Derechos Humanos\" href=\"https:\/\/europeancourt.org\/es\/documentos\/consejo-de-europa\/tedh\/formulario-de-demanda\/\" target=\"_blank\" rel=\"noopener\">formulario de demanda<\/a> contra cualquier Estado miembro del Consejo de Europa o Rusia en cualquiera de los 37 idiomas oficiales de estos pa\u00edses. Obtendr\u00e1 los resultados en ingl\u00e9s con <span class=\"mycustomsummary\">una traducci\u00f3n a otro idioma de su elecci\u00f3n.<\/span> <span class=\"mycustomdetails\"> Esta traducci\u00f3n se realizar\u00e1 mediante DeepL, un servicio de traducci\u00f3n basado en redes neuronales convolucionales ampliamente utilizado en mi trabajo multiling\u00fce (la traducci\u00f3n que est\u00e1 leyendo tambi\u00e9n est\u00e1 preparada mediante este servicio).<\/span> <span class=\"mycustomsummary\">\u00bfY si no tengo el formulario de demanda cumplimentado?<\/span> <span class=\"mycustomdetails\">En ese caso, puedo <a title=\"Evaluaci\u00f3n de las perspectivas de \u00e9xito de la demanda ante el TEDH\" href=\"https:\/\/europeancourt.org\/en\/services\/echr\/preparing-applications\/\">evaluar las perspectivas de \u00e9xito de la demanda ante el TEDH<\/a> y preparar un formulario de demanda adecuado si esas perspectivas le parecen buenas.<\/span> <span class=\"mycustomsummary\">\u00bfTiene alg\u00fan sentido comprobar si un formulario de demanda ya enviado al TEDH cumple los requisitos?<\/span> <span class=\"mycustomdetails\">S\u00ed, tiene cierto sentido. A veces, el demandante puede \u00abcorregir\u00bb el formulario de demanda problem\u00e1tico enviado al TEDH presentando un complemento al mismo antes de que comience el examen del caso. El plazo para presentar una demanda ante el TEDH puede no haber expirado. En tal caso, puede ser posible enviar otro formulario de demanda al TEDH, aunque el formulario de demanda problem\u00e1tico contenga las mismas quejas y posiblemente aunque el TEDH ya haya declarado inadmisible la demanda respectiva. Puedo explicar por qu\u00e9 el TEDH tom\u00f3 esta decisi\u00f3n si necesita alguna aclaraci\u00f3n.<\/span><\/div>\r\n\r\n<div class=\"mywpcf7cf myshow myhide\">La comprobaci\u00f3n permite saber si el autor del formulario de demanda ha cometido errores que puedan dar lugar a la denegaci\u00f3n del registro de la demanda o influir negativamente en el resultado del examen de la misma. Despu\u00e9s de comprobar un formulario de demanda, marcar\u00e9 si he descubierto alg\u00fan error de este tipo en <span class=\"mycustomsummary\">esta lista de comprobaci\u00f3n<\/span>. <span class=\"mycustomdetails\">\r\n<div class=\"mywpcf7cf myshow myhide\" style=\"text-align:center\"><b>Lista de comprobaci\u00f3n de un formulario de demanda<\/b><\/div>\r\n<div class=\"mywpcf7cf myshow myhide\"><table>\r\n<thead>\r\n<tr>\r\n<th>\u00bfQu\u00e9 se comprueba?<\/th>\r\n<th>Los resultados<br><span style=\"font-weight:normal\">(\u00abNo\u00bb es correcto;<br>\u00abS\u00ed\u00bb significa que he encontrado al menos un problema significativo del tipo)<\/span><\/th>\r\n<\/tr>\r\n<\/thead>\r\n<tbody>\r\n<tr>\r\n<td>(1) \u00bfUtiliz\u00f3 el autor un formulario de demanda que no era v\u00e1lido en el momento de enviarlo al TEDH o cuando yo lo estaba comprobando si no se hab\u00eda enviado?<\/td>\r\n<td><\/td>\r\n<\/tr>\r\n<tr>\r\n<td>(2) \u00bfHe detectado alguna desviaci\u00f3n significativa de los requisitos para rellenar el formulario de demanda (y cualquier adenda)?<\/td>\r\n<td><\/td>\r\n<\/tr>\r\n<tr>\r\n<td>(3) \u00bfHe descubierto que no hay copias de alg\u00fan documento que deba adjuntarse al formulario de demanda o explicaciones razonables de la imposibilidad de obtenerlas?<\/td>\r\n<td><\/td>\r\n<\/tr>\r\n<tr>\r\n<td>(4) \u00bfHe encontrado en el formulario de demanda quejas que incumplen indiscutiblemente los criterios de admisibilidad relativos al objeto (actos u omisiones denunciados), al Estado (persona) denunciado y al momento o lugar de comisi\u00f3n de las violaciones alegadas? En particular, \u00bfha denunciado el autor violaciones de derechos y libertades<\/td>\r\n<td><\/td>\r\n<\/tr>\r\n<tr>\r\n<td style=\"padding-left:20px\">(4.1) no garantizados por el <a title=\"Convenio para la Protecci\u00f3n de los Derechos Humanos y de las Libertades Fundamentales\" href=\"https:\/\/europeancourt.org\/es\/documentos\/consejo-de-europa\/convenio-europeo-de-derechos-humanos\/\" target=\"_blank\" rel=\"noopener\">Convenio Europeo para la Protecci\u00f3n de los Derechos Humanos y de las Libertades Fundamentales<\/a> y <a title=\"Protocolos del Convenio Europeo para la Protecci\u00f3n de los Derechos Humanos y de las Libertades Fundamentales\" href=\"https:\/\/europeancourt.org\/es\/documentos\/consejo-de-europa\/\" target=\"_blank\" rel=\"noopener\">sus Protocolos<\/a> ratificados por el Estado demandado o cometidas<\/td>\r\n<td><\/td>\r\n<\/tr>\r\n<tr>\r\n<td style=\"padding-left:20px\">(4.2) por un Estado que no es parte en el Convenio o<\/td>\r\n<td><\/td>\r\n<\/tr>\r\n<tr>\r\n<td style=\"padding-left:20px\">(4.3) por una persona de la que no se puede responsabilizar al Estado demandado o<\/td>\r\n<td><\/td>\r\n<\/tr>\r\n<tr>\r\n<td style=\"padding-left:20px\">(4.4) cuando el Convenio o el Protocolo no estaban en vigor para el Estado demandado o<\/td>\r\n<td><\/td>\r\n<\/tr>\r\n<tr>\r\n<td style=\"padding-left:20px\">(4.5) cuando el territorio en cuesti\u00f3n estaba fuera de la jurisdicci\u00f3n del Estado demandado?<\/td>\r\n<td><\/td>\r\n<\/tr>\r\n<tr>\r\n<td>(5) \u00bfHe encontrado violaciones significativas de las normas de l\u00f3gica formal en<\/td>\r\n<td><\/td>\r\n<\/tr>\r\n<tr>\r\n<td style=\"padding-left:20px\">(5.1) la exposici\u00f3n de los hechos,<\/td>\r\n<td><\/td>\r\n<\/tr>\r\n<tr>\r\n<td style=\"padding-left:20px\">(5.2) la fundamentaci\u00f3n de las violaciones alegadas y<\/td>\r\n<td><\/td>\r\n<\/tr>\r\n<tr>\r\n<td style=\"padding-left:20px\">(5.3) la acreditaci\u00f3n del cumplimiento de los criterios de admisibilidad?<\/td>\r\n<td><\/td>\r\n<\/tr>\r\n<tr>\r\n<td>(6) \u00bfHe encontrado incoherencias significativas entre<\/td>\r\n<td><\/td>\r\n<\/tr>\r\n<tr>\r\n<td style=\"padding-left:20px\">(6.1) el contenido de los documentos adjuntos y la exposici\u00f3n de los hechos (en cualquier secci\u00f3n del formulario de demanda),<\/td>\r\n<td><\/td>\r\n<\/tr>\r\n<tr>\r\n<td style=\"padding-left:20px\">(6.2) la fundamentaci\u00f3n de las violaciones alegadas y la exposici\u00f3n de los hechos,<\/td>\r\n<td><\/td>\r\n<\/tr>\r\n<tr>\r\n<td style=\"padding-left:20px\">(6.3) la fundamentaci\u00f3n anterior y la jurisprudencia reiterada aplicable del TEDH?<\/td>\r\n<td><\/td>\r\n<\/tr>\r\n<tr>\r\n<td style=\"padding-left:20px\">(6.4) la prueba del agotamiento, o falta de agotamiento, de los recursos internos y la exposici\u00f3n de los hechos,<\/td>\r\n<td><\/td>\r\n<\/tr>\r\n<tr>\r\n<td style=\"padding-left:20px\">(6.5) la prueba anterior y la jurisprudencia reiterada aplicable del TEDH,<\/td>\r\n<td><\/td>\r\n<\/tr>\r\n<tr>\r\n<td style=\"padding-left:20px\">(6.6) la prueba del cumplimiento del plazo para presentar una demanda ante el TEDH y la exposici\u00f3n de los hechos, o<\/td>\r\n<td><\/td>\r\n<\/tr>\r\n<tr>\r\n<td style=\"padding-left:20px\">(6.7) la prueba anterior y la jurisprudencia reiterada aplicable del TEDH?<\/td>\r\n<td><\/td>\r\n<\/tr>\r\n<tr>\r\n<td>(7) Si el demandante no es v\u00edctima de la violaci\u00f3n alegada o el representante de los demandantes no act\u00faa bas\u00e1ndose en el formulario de poder que deber\u00eda formar parte del formulario de demanda y que deber\u00eda estar firmado por dicho demandante, \u00bfhe establecido que el formulario de demanda carece de una justificaci\u00f3n del derecho a acudir a la CEDH que sea coherente con la exposici\u00f3n de los hechos, la jurisprudencia reiterada aplicable del TEDH y la l\u00f3gica?<\/td>\r\n<td><\/td>\r\n<\/tr>\r\n<tr>\r\n<td>(8) \u00bfHe comprobado que el formulario de demanda carece de justificaci\u00f3n para reivindicar o seguir reivindicando la condici\u00f3n de v\u00edctima de forma coherente con la exposici\u00f3n de los hechos, la jurisprudencia reiterada aplicable del TEDH y la l\u00f3gica, cuando dicha condici\u00f3n parece estar en disputa?<\/td>\r\n<td><\/td>\r\n<\/tr>\r\n<tr>\r\n<td>(9) \u00bfHe identificado otros errores significativos? (En caso afirmativo, \u00bfcu\u00e1les son?)<\/td>\r\n<td><\/td>\r\n<\/tr>\r\n<\/tbody>\r\n<\/table>\r\nEn el punto 2, me refiero a desviaciones significativas de los requisitos para cumplimentar el formulario de demanda que probablemente dar\u00e1n lugar a la denegaci\u00f3n del registro de la demanda, por ejemplo, dejar en blanco recuadros del formulario de demanda que deben rellenarse obligatoriamente. En los puntos 5, 6 y 9, me refiero a errores significativos, incoherencias, problemas y violaciones de las reglas de la l\u00f3gica, que pueden comprometer la acreditaci\u00f3n de las violaciones alegadas y la prueba del cumplimiento de los criterios de admisibilidad y, por tanto, afectar negativamente al resultado del examen de la demanda. En los puntos 4, 5.2, 5.3 y 6.2\u20146.7, respondo a las preguntas por separado para cada queja identificable (violaci\u00f3n alegada). En el punto 7, respondo a la pregunta por separado para cada demandante, cada representante y cada violaci\u00f3n alegada. En el punto 8, respondo a la pregunta por separado para cada demandante y cada violaci\u00f3n alegada. En el punto 9, suelo se\u00f1alar problemas con el resto de los criterios de admisibilidad. Por ejemplo, la ausencia de perjuicio importante sufrido o el abuso del derecho a recurrir al TEDH.<\/div><\/span><\/div>\r\n\r\n<div class=\"mywpcf7cf myshow myhide\">El coste de una comprobaci\u00f3n b\u00e1sica para verificar que el formulario de demanda cumple los requisitos es de 500 \u20ac. Este precio no depende de los Estados demandados, del idioma en que se rellene el formulario de demanda, del n\u00famero de violaciones alegadas, del n\u00famero de demandantes, del volumen de los documentos adjuntos o del n\u00famero de errores que finalmente descubra. No me comprometo a mencionar y explicar todos los problemas que encuentre ni a contar el n\u00famero total de errores, incluso por tipo, en una comprobaci\u00f3n b\u00e1sica de si un formulario de demanda cumple los requisitos. A veces es posible encontrar tiempo para proporcionar todas las aclaraciones necesarias en las dos horas y media que concedo para verificar un formulario de demanda. Si esto ocurre, se las ofrecer\u00e9 como bonificaci\u00f3n. Cuando necesite mucho m\u00e1s tiempo para preparar las explicaciones completas de todos los problemas que encuentre, le enviar\u00e9 la lista de comprobaci\u00f3n completa y le comunicar\u00e9 cu\u00e1nto costar\u00e1 preparar las explicaciones restantes (se trata siempre de mi estimaci\u00f3n del tiempo necesario, multiplicada por una tarifa de 200 \u20ac por hora). Si lo desea, puede encargar las explicaciones restantes por separado.<\/div>\r\n\r\n<div class=\"mywpcf7cf myshow myhide\">A veces, la comprobaci\u00f3n del formulario de demanda podr\u00eda revelar tantos problemas significativos que llevar\u00eda un tiempo considerable explicarlos. As\u00ed que, en lugar de una explicaci\u00f3n, siempre puede <a title=\"Evaluaci\u00f3n de las perspectivas de \u00e9xito de la demanda ante el TEDH\" href=\"https:\/\/europeancourt.org\/en\/services\/echr\/preparing-applications\/\">pedir una evaluaci\u00f3n de las perspectivas de \u00e9xito de la demanda ante el TEDH<\/a>. Puedo preparar un nuevo formulario de demanda si est\u00e1 satisfecho con las perspectivas.<\/div>\r\n\r\n<div class=\"mywpcf7cf myshow myhide\">Si est\u00e1 absolutamente seguro de que el contenido de su formulario de demanda es tan sencillo y conciso que se necesitar\u00edan menos de dos horas y media para comprobarlo, o si se da cuenta de que la situaci\u00f3n es tan compleja y problem\u00e1tica que dos horas y media ser\u00edan claramente insuficientes, puede pedirme que realice la comprobaci\u00f3n por horas en lugar de por honorarios fijos. Solo tiene que indic\u00e1rmelo en el campo de comentarios cuando solicite este servicio.<\/div>\r\n\r\n<div class=\"mywpcf7cf myshow myhide\">Comprobar el cumplimiento de los requisitos no incluye corregir un formulario de demanda problem\u00e1tico ni decidir si es posible. <span class=\"mycustomsummary\">\u00bfPor qu\u00e9?<\/span> <span class=\"mycustomdetails\">La cumplimentaci\u00f3n incorrecta de un formulario de demanda suele deberse a problemas con el contenido del mismo. Por ejemplo, los errores en el formulario de poder, que forma parte del formulario de demanda, pueden ocultar problemas con los criterios de admisibilidad relativos a la condici\u00f3n de v\u00edctima o al derecho de una persona a presentar una demanda ante el TEDH en nombre de otra. Al no adjuntar copias de los documentos requeridos, el autor del formulario de demanda tambi\u00e9n puede haber pasado por alto el contenido crucial de estos documentos en la preparaci\u00f3n de la exposici\u00f3n de los hechos, la acreditaci\u00f3n de las violaciones alegadas y la prueba del cumplimiento de los criterios de admisibilidad. Por otra parte, la inclusi\u00f3n en el formulario de demanda de violaciones alegadas de los derechos de la persona que no figura como demandante puede requerir que el formulario de demanda se cumplimente en nombre de esa otra persona como demandante adicional. A veces, el formulario de demanda presentado para su comprobaci\u00f3n contiene una descripci\u00f3n de circunstancias que podr\u00edan utilizarse para probar violaciones alegadas ante el TEDH. En algunos casos, puede argumentarse que las posibles quejas relacionadas con estas violaciones alegadas cumplen los criterios de admisibilidad. Sin embargo, las secciones de un formulario de demanda est\u00e1n interrelacionadas. Casi todos los errores significativos requieren, para corregirlos, una nueva redacci\u00f3n de la exposici\u00f3n de los hechos, una nueva fundamentaci\u00f3n de las violaciones alegadas y una revisi\u00f3n de la acreditaci\u00f3n del cumplimiento de los criterios de admisibilidad. Por lo tanto, ya no se trata de \u00abcorregir\u00bb el formulario de demanda. Se trata de preparar un nuevo formulario de demanda, cuya cumplimentaci\u00f3n cumpla todos los requisitos y cuyo contenido sea coherente con todos los documentos requeridos y otros documentos cruciales y con la jurisprudencia reiterada aplicable del TEDH. Adem\u00e1s, es posible que el formulario de demanda no identifique algunas de las violaciones de los derechos que puedo deducir de los documentos y respecto de las cuales podr\u00edan cumplirse todos los criterios de admisibilidad. A menudo necesito remitirme a documentos adicionales no adjuntos al formulario de demanda para establecerlo. En algunos casos, esto tambi\u00e9n debe hacerse con las violaciones alegadas en el formulario de demanda. En consecuencia, se requiere una evaluaci\u00f3n de las perspectivas de \u00e9xito de la demanda ante el TEDH, cuyos resultados sirven de base para preparar un nuevo formulario de demanda. Por supuesto, puede ocurrir ocasionalmente que todos los problemas significativos de un formulario de demanda sean errores puramente \u00abt\u00e9cnicos\u00bb que pueden corregirse r\u00e1pida y f\u00e1cilmente. Puede hacerlo usted mismo con la ayuda de mis explicaciones.<\/span><\/div>\r\n\r\n<div class=\"mywpcf7cf myshow myhide\">Lo mejor es que presente el formulario de demanda para su comprobaci\u00f3n exactamente de la misma forma que pretende enviar o ya ha enviado al TEDH, incluidos todos los documentos adjuntos. Pero a\u00fan as\u00ed, supongamos que recibo un <a title=\"Formulario de demanda al Tribunal Europeo de Derechos Humanos\" href=\"https:\/\/europeancourt.org\/es\/documentos\/consejo-de-europa\/tedh\/formulario-de-demanda\/\" target=\"_blank\" rel=\"noopener\">formulario de demanda<\/a> sin firmas en los recuadros 33, 35, 53, 55 y 73 o sin fechas en los recuadros 34, 36, 54, 56 y 72. En este caso, siempre supondr\u00e9 que las firmas y las fechas (cuando sean necesarias) se colocar\u00e1n en estos recuadros y no anotar\u00e9 su ausencia. Supongamos que el formulario de demanda o los documentos adjuntos se facilitan como fotocopias o escaneados (es decir, archivos que contienen \u00abim\u00e1genes\u00bb de p\u00e1ginas de documentos). En ese caso, deber\u00e1n ser legibles para que, en caso necesario, el software de reconocimiento \u00f3ptico de caracteres pueda convertirlos en texto legible por m\u00e1quina para su traducci\u00f3n a otro idioma y para la b\u00fasqueda r\u00e1pida y eficaz de informaci\u00f3n importante (en realidad, se trata de uno de los requisitos de los documentos adjuntos al formulario de demanda, que figura en la nota explicativa sobre <a title=\"C\u00f3mo rellenar el formulario de demanda\" href=\"https:\/\/europeancourt.org\/es\/documentos\/consejo-de-europa\/tedh\/formulario-de-demanda\/c%c3%b3mo-rellenar\/#secci%C3%B3n-i-lista-de-documentos-adjuntos\" target=\"_blank\" rel=\"noopener\">\u00abC\u00f3mo rellenar el formulario de demanda\u00bb<\/a>). <span class=\"mycustomsummary\">\u00bfPuedo presentar un formulario de demanda parcialmente rellenado para su comprobaci\u00f3n? <\/span> <span class=\"mycustomdetails\">Puede presentar un formulario de demanda para su comprobaci\u00f3n con s\u00f3lo algunos documentos adjuntos o sin ninguno de ellos, dejando deliberadamente en blanco recuadros que deber\u00edan rellenarse, o incluso con algunos cambios en el contenido (por ejemplo, omitiendo los datos personales) siempre que confirme que es consciente de c\u00f3mo esto puede afectar negativamente a la comprobaci\u00f3n del formulario de demanda. S\u00f3lo ser\u00eda posible comprobar la exhaustividad y coherencia de la exposici\u00f3n de los hechos y de la acreditaci\u00f3n del cumplimiento de los criterios de admisibilidad con todos los documentos adjuntos si se aportaran estos \u00faltimos. Adem\u00e1s, si presenta un formulario de demanda para su comprobaci\u00f3n con algunos recuadros en blanco, no le explicar\u00e9 c\u00f3mo rellenarlos, s\u00f3lo que debe hacerlo.<\/span><\/div>\r\n\r\n<div class=\"mywpcf7cf myshow myhide\">Puede pedir que se compruebe el formulario de demanda cumplimentando y enviando el formulario de pedido directamente desde esta p\u00e1gina. En un plazo de 24 horas, le enviar\u00e9 un contrato firmado en ingl\u00e9s (a veces con una traducci\u00f3n a otro idioma para su comodidad). Una vez que haya recibido el contrato, deber\u00e1 firmarlo en l\u00ednea, directamente en su navegador o dispositivo m\u00f3vil, utilizando el servicio Acrobat Sign de Adobe, donde se almacenan copias aut\u00e9nticas de todos los contratos firmados y siempre est\u00e1n disponibles para las partes (no es necesario instalar ning\u00fan software adicional). A continuaci\u00f3n, comprobar\u00e9 el formulario de demanda y le enviar\u00e9 los resultados por correo electr\u00f3nico, <span class=\"mycustomsummary\">normalmente en el plazo de una semana.<\/span> <span class=\"mycustomdetails\">Supongamos que necesito m\u00e1s tiempo en un plazo determinado. En ese caso, siempre le dar\u00e9 por adelantado una fecha de finalizaci\u00f3n razonable y concreta. Por favor, h\u00e1gamelo saber en el campo de comentarios si necesita los resultados antes. Entonces le responder\u00e9 si puedo atender su petici\u00f3n.<\/span> Puede pagar mis servicios transfiriendo fondos a mi cuenta en un banco suizo utilizando los datos que figuran en el contrato. <span class=\"mycustomsummary\">\u00bfExisten otras formas de pago?<\/span> <span class=\"mycustomdetails\">Si lo desea, puede pagar mediante una transferencia interna en rublos rusos, que puede ser conveniente para los residentes en Rusia que no pueden pagar en euros, as\u00ed como mediante una transferencia en varias divisas a mis cuentas en un banco kazajo, que puede ser conveniente para los que viven fuera de Europa y Rusia. Por favor, escriba sus deseos sobre la forma de pago en el campo de comentarios del formulario de pedido en esta p\u00e1gina.<\/span><\/div>\r\n\r\n<div class=\"mywpcf7cf myshow myhide\"><button class=\"mybutton blue\" id=\"load_ajax_form\">Acepto todos estos t\u00e9rminos<\/button><\/div>\r\n<div id=\"ajax_content\"><\/div>\r\n<div class=\"mywpcf7cf myshow myhide\"><a title=\"Asesoramiento jur\u00eddico y contactos\" href=\"https:\/\/europeancourt.org\/en\/legal-advice-and-contacts\/\" class=\"mybutton blue\" style=\"text-decoration: none\">Me gustar\u00eda aclarar los t\u00e9rminos<\/a><\/div>","protected":false},"excerpt":{"rendered":"Puedo comprobar una demanda al TEDH preparada por usted o por otra persona si hay alguna duda sobre si cumple los requisitos. Para la comprobaci\u00f3n, puede presentar un formulario de demanda contra cualquier Estado&#46;&#46;&#46;","protected":false},"author":1,"featured_media":223304,"parent":177159,"menu_order":0,"comment_status":"closed","ping_status":"closed","template":"","meta":{"footnotes":""},"categories":[],"tags":[],"class_list":["post-177131","page","type-page","status-publish","has-post-thumbnail","hentry"],"_links":{"self":[{"href":"https:\/\/europeancourt.org\/es\/wp-json\/wp\/v2\/pages\/177131","targetHints":{"allow":["GET"]}}],"collection":[{"href":"https:\/\/europeancourt.org\/es\/wp-json\/wp\/v2\/pages"}],"about":[{"href":"https:\/\/europeancourt.org\/es\/wp-json\/wp\/v2\/types\/page"}],"author":[{"embeddable":true,"href":"https:\/\/europeancourt.org\/es\/wp-json\/wp\/v2\/users\/1"}],"replies":[{"embeddable":true,"href":"https:\/\/europeancourt.org\/es\/wp-json\/wp\/v2\/comments?post=177131"}],"version-history":[{"count":6,"href":"https:\/\/europeancourt.org\/es\/wp-json\/wp\/v2\/pages\/177131\/revisions"}],"predecessor-version":[{"id":223218,"href":"https:\/\/europeancourt.org\/es\/wp-json\/wp\/v2\/pages\/177131\/revisions\/223218"}],"up":[{"embeddable":true,"href":"https:\/\/europeancourt.org\/es\/wp-json\/wp\/v2\/pages\/177159"}],"wp:featuredmedia":[{"embeddable":true,"href":"https:\/\/europeancourt.org\/es\/wp-json\/wp\/v2\/media\/223304"}],"wp:attachment":[{"href":"https:\/\/europeancourt.org\/es\/wp-json\/wp\/v2\/media?parent=177131"}],"wp:term":[{"taxonomy":"category","embeddable":true,"href":"https:\/\/europeancourt.org\/es\/wp-json\/wp\/v2\/categories?post=177131"},{"taxonomy":"post_tag","embeddable":true,"href":"https:\/\/europeancourt.org\/es\/wp-json\/wp\/v2\/tags?post=177131"}],"curies":[{"name":"wp","href":"https:\/\/api.w.org\/{rel}","templated":true}]}}