{"id":177159,"date":"2024-01-08T15:08:29","date_gmt":"2024-01-08T14:08:29","guid":{"rendered":"https:\/\/europeancourt.org\/servicios\/tedh\/"},"modified":"2026-04-30T13:43:05","modified_gmt":"2026-04-30T11:43:05","slug":"tedh","status":"publish","type":"page","link":"https:\/\/europeancourt.org\/es\/servicios\/tedh\/","title":{"rendered":"TEDH"},"content":{"rendered":"<ul>\n\t\t<li><a href=\"https:\/\/europeancourt.org\/es\/servicios\/tedh\/preparaci%c3%b3n-de-demandas-al-tedh\/\" title=\"Preparaci\u00f3n de demandas al TEDH\">Preparaci\u00f3n de demandas al TEDH<\/a><\/li>\n\n\t<li><a href=\"https:\/\/europeancourt.org\/es\/servicios\/tedh\/revisi%c3%b3n-del-formulario-de-demanda-al-tedh\/\" title=\"Revisi\u00f3n del formulario de demanda al TEDH\">Revisi\u00f3n del formulario de demanda al TEDH<\/a><\/li>\n\n\t<li><a href=\"https:\/\/europeancourt.org\/es\/servicios\/tedh\/representaci%c3%b3n-de-demandantes-ante-el-tedh\/\" title=\"Representaci\u00f3n de demandantes ante el TEDH\">Representaci\u00f3n de demandantes ante el TEDH<\/a><\/li>\n<li><a href=\"https:\/\/europeancourt.org\/es\/servicios\/tedh\/encontrar-n%c3%bamero-de-demanda-admisi%c3%b3n-o-decisi%c3%b3n\/\" title=\"Encontrar n\u00famero de demanda, admisi\u00f3n o decisi\u00f3n del TEDH\">Encontrar n\u00famero de demanda, admisi\u00f3n o decisi\u00f3n del TEDH<\/a><\/li>\n\n\t<li><a href=\"https:\/\/europeancourt.org\/es\/asesoramiento-jur%c3%addico-y-contactos\/\" title=\"Asesoramiento jur\u00eddico y contactos\">Asesoramiento jur\u00eddico y contactos<\/a><\/li>\n\n<\/ul>\n","protected":false},"excerpt":{"rendered":"Preparaci\u00f3n de demandas al TEDH Revisi\u00f3n del formulario de demanda al TEDH Representaci\u00f3n de demandantes ante el TEDH Encontrar n\u00famero de demanda, admisi\u00f3n o decisi\u00f3n del TEDH Asesoramiento jur\u00eddico y contactos","protected":false},"author":1,"featured_media":210064,"parent":177151,"menu_order":0,"comment_status":"closed","ping_status":"closed","template":"","meta":{"footnotes":""},"categories":[],"tags":[],"class_list":["post-177159","page","type-page","status-publish","has-post-thumbnail","hentry"],"_links":{"self":[{"href":"https:\/\/europeancourt.org\/es\/wp-json\/wp\/v2\/pages\/177159","targetHints":{"allow":["GET"]}}],"collection":[{"href":"https:\/\/europeancourt.org\/es\/wp-json\/wp\/v2\/pages"}],"about":[{"href":"https:\/\/europeancourt.org\/es\/wp-json\/wp\/v2\/types\/page"}],"author":[{"embeddable":true,"href":"https:\/\/europeancourt.org\/es\/wp-json\/wp\/v2\/users\/1"}],"replies":[{"embeddable":true,"href":"https:\/\/europeancourt.org\/es\/wp-json\/wp\/v2\/comments?post=177159"}],"version-history":[{"count":7,"href":"https:\/\/europeancourt.org\/es\/wp-json\/wp\/v2\/pages\/177159\/revisions"}],"predecessor-version":[{"id":226658,"href":"https:\/\/europeancourt.org\/es\/wp-json\/wp\/v2\/pages\/177159\/revisions\/226658"}],"up":[{"embeddable":true,"href":"https:\/\/europeancourt.org\/es\/wp-json\/wp\/v2\/pages\/177151"}],"wp:featuredmedia":[{"embeddable":true,"href":"https:\/\/europeancourt.org\/es\/wp-json\/wp\/v2\/media\/210064"}],"wp:attachment":[{"href":"https:\/\/europeancourt.org\/es\/wp-json\/wp\/v2\/media?parent=177159"}],"wp:term":[{"taxonomy":"category","embeddable":true,"href":"https:\/\/europeancourt.org\/es\/wp-json\/wp\/v2\/categories?post=177159"},{"taxonomy":"post_tag","embeddable":true,"href":"https:\/\/europeancourt.org\/es\/wp-json\/wp\/v2\/tags?post=177159"}],"curies":[{"name":"wp","href":"https:\/\/api.w.org\/{rel}","templated":true}]}}